{"id":69848,"date":"2012-07-12T22:36:05","date_gmt":"2012-07-13T03:36:05","guid":{"rendered":"https:\/\/www.bjultrasonic.com\/shop\/square-rectangular-piezoelectric-ceramics\/"},"modified":"2026-03-28T20:16:37","modified_gmt":"2026-03-29T01:16:37","slug":"square-rectangular-piezoelectric-ceramics","status":"publish","type":"product","link":"https:\/\/www.bjultrasonic.com\/cs\/shop\/square-rectangular-piezoelectric-ceramics\/","title":{"rendered":"Piezokeramick\u00e9 \u010dtvercov\u00e9\/ obd\u00e9ln\u00edkov\u00e9"},"content":{"rendered":"<p><iframe loading=\"lazy\" title=\"Piezoelectric Ceramics | Piezoceramics\" width=\"500\" height=\"281\" src=\"https:\/\/www.youtube.com\/embed\/1Z8-9WdJKhQ?feature=oembed\" frameborder=\"0\" allow=\"accelerometer; autoplay; clipboard-write; encrypted-media; gyroscope; picture-in-picture; web-share\" referrerpolicy=\"strict-origin-when-cross-origin\" allowfullscreen><\/iframe><\/p>\n<h3>M\u016f\u017eeme p\u0159izp\u016fsobit r\u016fzn\u00e9 piezoelektrick\u00e9 keramiky podle po\u017eadavk\u016f.<\/h3>\n<p>Materi\u00e1l \u010dtvercov\u00e9\/obd\u00e9ln\u00edkov\u00e9 piezoelektrick\u00e9 keramiky: PZT4, PZT5, PZT8 nebo jin\u00fd po\u017eadovan\u00fd piezoelektrick\u00fd materi\u00e1l.<\/p>\n<div id=\"attachment_5014\" style=\"width: 610px\" class=\"wp-caption alignnone\"><img loading=\"lazy\" decoding=\"async\" aria-describedby=\"caption-attachment-5014\" class=\" wp-image-5014 \" title=\"Piezoelectric Ceramic Rectangular\" src=\"\/\/www.bjultrasonic.com\/wp-content\/uploads\/2012\/07\/Piezoelectric-Ceramic-Square-Rectangular-1.jpg\" alt=\"Piezoelectric Ceramic Rectangular\" width=\"600\" height=\"359\" \/><p id=\"caption-attachment-5014\" class=\"wp-caption-text\">Piezoelektrick\u00e1 keramika obd\u00e9ln\u00edkov\u00e1<\/p><\/div>\n<h2>Pou\u017eit\u00ed \u010dtvercov\u00e9\/obd\u00e9ln\u00edkov\u00e9 piezoelektrick\u00e9 keramiky<\/h2>\n<table id=\"wp-table-reloaded-id-113-no-1\" class=\"table table-striped table-bordered\">\n<tbody>\n<tr>\n<td>zdravotnick\u00e9 za\u0159\u00edzen\u00ed B ultrazvuk<\/td>\n<td>Ultrazvukov\u00fd senzor<\/td>\n<td>Kompresn\u00ed senzor<\/td>\n<\/tr>\n<tr>\n<td>Senzor nap\u011bt\u00ed materi\u00e1lu<\/td>\n<td>Vibra\u010dn\u00ed senzor<\/td>\n<td>Sb\u011br energie\/elekt\u0159iny<\/td>\n<\/tr>\n<tr>\n<td>\u0160roubem upnut\u00fd ultrazvukov\u00fd m\u011bni\u010d<\/td>\n<td>Tlakov\u00fd senzor<\/td>\n<td>Ultrazvukov\u00e9 m\u00edch\u00e1n\u00ed<\/td>\n<\/tr>\n<tr>\n<td>Ultrazvukov\u00fd tlakov\u00fd senzor<\/td>\n<td>V\u00fdkonov\u00e9 ak\u010dn\u00ed \u010dleny<\/td>\n<td>dal\u0161\u00ed aplikace<\/td>\n<\/tr>\n<\/tbody>\n<\/table>\n<h2>Standardn\u00ed specifikace \u010dtvercov\u00e9\/obd\u00e9ln\u00edkov\u00e9 piezoelektrick\u00e9 keramiky<\/h2>\n<table id=\"wp-table-reloaded-id-114-no-1\" class=\"table table-striped table-bordered\">\n<tbody>\n<tr>\n<td>Rozm\u011bry D\u00e9lka*\u0161\u00ed\u0159ka*v\u00fd\u0161ka (mm)<\/td>\n<td>Fr (MHZ)<\/td>\n<td>K31<\/td>\n<td>E T 3(r)<\/td>\n<\/tr>\n<tr>\n<td>(80&#8211;130)\u00d7(13&#8211;16)\u00d70.4<\/td>\n<td>3.5<\/td>\n<td>\u22650.37<\/td>\n<td>2200-3000<\/td>\n<\/tr>\n<tr>\n<td>(60-110)\u00d7(12-15)\u00d70.3<\/td>\n<td>5.0<\/td>\n<td>\u22650.36<\/td>\n<td>2200-3000<\/td>\n<\/tr>\n<tr>\n<td>(50-100)\u00d7(10-14)\u00d70.2<\/td>\n<td>7.5<\/td>\n<td>\u22650.35<\/td>\n<td>2200-3000<\/td>\n<\/tr>\n<tr>\n<td>Rozsah d\u00e9lky: 5mm&#8212;140mm<br \/>\nRozsah \u0161\u00ed\u0159ky: 1.5mm&#8212;80mm<br \/>\nRozsah v\u00fd\u0161ky: 0.2mm&#8212;20mm<br \/>\nPozn\u00e1mka:<br \/>\nM\u016f\u017eeme navrhnout a p\u0159izp\u016fsobit r\u016fzn\u00e9 velikosti \u010dtvercov\u00e9\/obd\u00e9ln\u00edkov\u00e9 piezoelektrick\u00e9 keramiky podle po\u017eadavk\u016f<\/td>\n<td><\/td>\n<td><\/td>\n<td><\/td>\n<\/tr>\n<\/tbody>\n<\/table>\n<p><iframe loading=\"lazy\" title=\"Piezoceramic Square\/ Rectangular  - Beijing Ultrasonic\" width=\"500\" height=\"281\" src=\"https:\/\/www.youtube.com\/embed\/mZQfCd5CFV8?feature=oembed\" frameborder=\"0\" allow=\"accelerometer; autoplay; clipboard-write; encrypted-media; gyroscope; picture-in-picture; web-share\" referrerpolicy=\"strict-origin-when-cross-origin\" allowfullscreen><\/iframe><\/p>\n<h3>Platba<\/h3>\n<p>P\u0159ij\u00edm\u00e1me PayPal, T\/T a Western Union.<\/p>\n<h3 class=\"shipping-methods\">Doprava<\/h3>\n<p>Zbo\u017e\u00ed bude odesl\u00e1no do 48 hodin po obdr\u017een\u00ed pln\u00e9 platby.<\/p>\n<ul>\n<li>Zbo\u017e\u00ed zas\u00edl\u00e1me na adresu uvedenou v platb\u011b PayPal. Ujist\u011bte se pros\u00edm, \u017ee adresa v PayPal je spr\u00e1vn\u00e1.<\/li>\n<li>Po odesl\u00e1n\u00ed zbo\u017e\u00ed v\u00e1m poskytneme sledovac\u00ed \u010d\u00edslo, obecn\u011b zbo\u017e\u00ed obdr\u017e\u00edte do p\u011bti dn\u016f.<\/li>\n<li>Pokud m\u00e1te jak\u00e9koli dotazy, pros\u00edm kontaktujte n\u00e1s e-mailem (na\u0161e e-mailov\u00e1 adresa je <a href=\"mailto:support@bjultrasonic.com\">support@bjultrasonic.com<\/a>)<\/li>\n<\/ul>\n<h3>Z\u00e1ruka na produkt<\/h3>\n<p>Z\u00e1ru\u010dn\u00ed doba produktu je jeden rok. B\u011bhem z\u00e1ru\u010dn\u00ed doby maj\u00ed zakoupen\u00e9 produkty n\u00e1rok na bezplatnou \u00fadr\u017ebu nebo v\u00fdm\u011bnu.<\/p>\n","protected":false},"excerpt":{"rendered":"<p>M\u016f\u017eeme p\u0159izp\u016fsobit r\u016fzn\u00e9 piezoelektrick\u00e9 keramiky podle po\u017eadavk\u016f. Materi\u00e1l \u010dtvercov\u00e9\/obd\u00e9ln\u00edkov\u00e9 piezoelektrick\u00e9 keramiky: PZT4, PZT5, PZT8 nebo jin\u00fd po\u017eadovan\u00fd piezoelektrick\u00fd materi\u00e1l. Pou\u017eit\u00ed \u010dtvercov\u00e9\/obd\u00e9ln\u00edkov\u00e9 piezoelektrick\u00e9 keramiky zdravotnick\u00e9 za\u0159\u00edzen\u00ed B ultrazvuk Ultrazvukov\u00fd senzor Kompresn\u00ed senzor Senzor nap\u011bt\u00ed materi\u00e1lu Vibra\u010dn\u00ed senzor Sb\u011br energie\/elekt\u0159iny \u0160roubem upnut\u00fd ultrazvukov\u00fd m\u011bni\u010d Tlakov\u00fd senzor Ultrazvukov\u00e9 m\u00edch\u00e1n\u00ed Ultrazvukov\u00fd tlakov\u00fd senzor V\u00fdkonov\u00e9 ak\u010dn\u00ed \u010dleny dal\u0161\u00ed aplikace Standardn\u00ed<\/p>\n","protected":false},"featured_media":23762,"comment_status":"open","ping_status":"closed","template":"","meta":[],"product_brand":[],"product_cat":[5769,5640],"product_tag":[],"class_list":{"0":"post-69848","1":"product","2":"type-product","3":"status-publish","4":"has-post-thumbnail","6":"product_cat-square-rectangular-piezoelectric-ceramics-cs","7":"product_cat-piezoelectric-ceramic-cs","9":"first","10":"instock","11":"shipping-taxable","12":"product-type-external","13":"prodpage-classic"},"aioseo_notices":[],"_links":{"self":[{"href":"https:\/\/www.bjultrasonic.com\/cs\/wp-json\/wp\/v2\/product\/69848","targetHints":{"allow":["GET"]}}],"collection":[{"href":"https:\/\/www.bjultrasonic.com\/cs\/wp-json\/wp\/v2\/product"}],"about":[{"href":"https:\/\/www.bjultrasonic.com\/cs\/wp-json\/wp\/v2\/types\/product"}],"replies":[{"embeddable":true,"href":"https:\/\/www.bjultrasonic.com\/cs\/wp-json\/wp\/v2\/comments?post=69848"}],"wp:featuredmedia":[{"embeddable":true,"href":"https:\/\/www.bjultrasonic.com\/cs\/wp-json\/wp\/v2\/media\/23762"}],"wp:attachment":[{"href":"https:\/\/www.bjultrasonic.com\/cs\/wp-json\/wp\/v2\/media?parent=69848"}],"wp:term":[{"taxonomy":"product_brand","embeddable":true,"href":"https:\/\/www.bjultrasonic.com\/cs\/wp-json\/wp\/v2\/product_brand?post=69848"},{"taxonomy":"product_cat","embeddable":true,"href":"https:\/\/www.bjultrasonic.com\/cs\/wp-json\/wp\/v2\/product_cat?post=69848"},{"taxonomy":"product_tag","embeddable":true,"href":"https:\/\/www.bjultrasonic.com\/cs\/wp-json\/wp\/v2\/product_tag?post=69848"}],"curies":[{"name":"wp","href":"https:\/\/api.w.org\/{rel}","templated":true}]}}