{"id":69868,"date":"2012-07-12T22:20:52","date_gmt":"2012-07-13T03:20:52","guid":{"rendered":"https:\/\/www.bjultrasonic.com\/shop\/tube-piezoelectric-ceramics\/"},"modified":"2026-03-28T20:16:11","modified_gmt":"2026-03-29T01:16:11","slug":"tube-piezoelectric-ceramics","status":"publish","type":"product","link":"https:\/\/www.bjultrasonic.com\/cs\/shop\/tube-piezoelectric-ceramics\/","title":{"rendered":"Piezokeramick\u00e1 trubice"},"content":{"rendered":"<p><iframe loading=\"lazy\" title=\"Piezoceramic Tube\" width=\"500\" height=\"281\" src=\"https:\/\/www.youtube.com\/embed\/m1kSZ7ICcOQ?feature=oembed\" frameborder=\"0\" allow=\"accelerometer; autoplay; clipboard-write; encrypted-media; gyroscope; picture-in-picture; web-share\" referrerpolicy=\"strict-origin-when-cross-origin\" allowfullscreen><\/iframe><\/p>\n<h3>M\u016f\u017eeme p\u0159izp\u016fsobit r\u016fzn\u00e9 piezoelektrick\u00e9 keramiky podle po\u017eadavk\u016f.<\/h3>\n<p>Materi\u00e1l piezoelektrick\u00e9 keramick\u00e9 trubice (piezokeramick\u00e1 trubice): PZT4, PZT5, PZT8 nebo jin\u00fd po\u017eadovan\u00fd piezoelektrick\u00fd materi\u00e1l<\/p>\n<p><img loading=\"lazy\" decoding=\"async\" class=\" wp-image-1238 alignnone\" title=\"Tube Piezoelectric Ceramics\" src=\"\/\/www.bjultrasonic.com\/wp-content\/uploads\/2012\/07\/tube-piezoelectric-ceramics.jpg\" alt=\"Tube Piezoelectric Ceramics\" width=\"601\" height=\"459\" \/><\/p>\n<h2>Aplikace piezoelektrick\u00e9 keramick\u00e9 trubice<\/h2>\n<table id=\"wp-table-reloaded-id-111-no-1\" class=\"table table-striped table-bordered\">\n<tbody>\n<tr>\n<td>Vibrace piezoelektrick\u00e9ho m\u011bni\u010de<\/td>\n<td>akustika<\/td>\n<td>disperze hmoty<\/td>\n<\/tr>\n<tr>\n<td>tekut\u00fd p\u0159enosov\u00fd prost\u0159edek<\/td>\n<td>plynn\u00fd p\u0159enosov\u00fd prost\u0159edek<\/td>\n<td>senzor tlou\u0161\u0165ky st\u011bny<\/td>\n<\/tr>\n<tr>\n<td>senzor nap\u011bt\u00ed materi\u00e1lu<\/td>\n<td>bagrov\u00e1n\u00ed ropn\u00fdch vrt\u016f<\/td>\n<td>biomedic\u00ednsk\u00e1 sonda<\/td>\n<\/tr>\n<tr>\n<td>z\u00edsk\u00e1v\u00e1n\u00ed piezoelektrick\u00e9 energie<\/td>\n<td>m\u011bni\u010d pro hleda\u010d ryb<\/td>\n<td>kompresn\u00ed senzor<\/td>\n<\/tr>\n<tr>\n<td>podvodn\u00ed reproduktor<\/td>\n<td>sonobuoy<\/td>\n<td>pasivn\u00ed sonarov\u00e9 pole<\/td>\n<\/tr>\n<tr>\n<td>torp\u00e9do<\/td>\n<td>detektor ropn\u00fdch vrt\u016f<\/td>\n<td>Dal\u0161\u00ed dal\u0161\u00ed aplikace<\/td>\n<\/tr>\n<\/tbody>\n<\/table>\n<h3>Video piezokeramick\u00e9 trubice<\/h3>\n<p><iframe loading=\"lazy\" title=\"Piezoelectric Ceramic Tube | Piezoceramic Tube\" width=\"500\" height=\"281\" src=\"https:\/\/www.youtube.com\/embed\/ETIEN0YGcL8?feature=oembed\" frameborder=\"0\" allow=\"accelerometer; autoplay; clipboard-write; encrypted-media; gyroscope; picture-in-picture; web-share\" referrerpolicy=\"strict-origin-when-cross-origin\" allowfullscreen><\/iframe><\/p>\n<h2>Standardn\u00ed specifikace piezoelektrick\u00e9 keramick\u00e9 trubice<\/h2>\n<table id=\"wp-table-reloaded-id-112-no-1\" class=\"table table-striped table-bordered\">\n<tbody>\n<tr>\n<td>Rozm\u011bry (mm) OD x ID x H<\/td>\n<td>fm (kHz)<\/td>\n<td>fn (kHz)<\/td>\n<td>kapacita (pF)<\/td>\n<td>tg\u03b4 (%)<\/td>\n<\/tr>\n<tr>\n<td>12*9*6<\/td>\n<td>70<\/td>\n<td>72<\/td>\n<td>5860<\/td>\n<td>0,3<\/td>\n<\/tr>\n<tr>\n<td>15*13*3,2<\/td>\n<td>64<\/td>\n<td>68<\/td>\n<td>3700<\/td>\n<td>1,7<\/td>\n<\/tr>\n<tr>\n<td>18*15*15<\/td>\n<td>63<\/td>\n<td>64<\/td>\n<td>5940<\/td>\n<td>0,2<\/td>\n<\/tr>\n<tr>\n<td>18*15*20<\/td>\n<td>63<\/td>\n<td>64<\/td>\n<td>5836<\/td>\n<td>0,2<\/td>\n<\/tr>\n<tr>\n<td>20*17*15<\/td>\n<td>46,9<\/td>\n<td>50<\/td>\n<td>14109<\/td>\n<td>1,5<\/td>\n<\/tr>\n<tr>\n<td>24*20*20<\/td>\n<td>47<\/td>\n<td>49<\/td>\n<td>12830<\/td>\n<td>2,0<\/td>\n<\/tr>\n<tr>\n<td>34*30*20<\/td>\n<td>30<\/td>\n<td>32<\/td>\n<td>1510<\/td>\n<td>0,2<\/td>\n<\/tr>\n<tr>\n<td>40*32*37<\/td>\n<td>25<\/td>\n<td>25,3<\/td>\n<td>21200<\/td>\n<td>1,5<\/td>\n<\/tr>\n<tr>\n<td>44*38*29<\/td>\n<td>22,1<\/td>\n<td>24<\/td>\n<td>23120<\/td>\n<td>1,5<\/td>\n<\/tr>\n<tr>\n<td>51*45*36<\/td>\n<td>20<\/td>\n<td>20,5<\/td>\n<td>18010<\/td>\n<td>1,5<\/td>\n<\/tr>\n<tr>\n<td>53*45*41<\/td>\n<td>18<\/td>\n<td>22<\/td>\n<td>3060<\/td>\n<td>0,2<\/td>\n<\/tr>\n<tr>\n<td>69*63*25<\/td>\n<td>16<\/td>\n<td>18<\/td>\n<td>16040<\/td>\n<td>0,5<\/td>\n<\/tr>\n<tr>\n<td>76*68*40<\/td>\n<td>15<\/td>\n<td>15<\/td>\n<td>19730<\/td>\n<td>0,5<\/td>\n<\/tr>\n<tr>\n<td>80*60*150<\/td>\n<td>17<\/td>\n<td>18,5<\/td>\n<td>34420<\/td>\n<td>0,25<\/td>\n<\/tr>\n<tr>\n<td>142*132*80<\/td>\n<td>8<\/td>\n<td>8<\/td>\n<td>8636<\/td>\n<td>0,35<\/td>\n<\/tr>\n<tr>\n<td>Rozsah vn\u011bj\u0161\u00edho pr\u016fm\u011bru: 6 mm \u2013 150 mm<br \/>\nRozsah vnit\u0159n\u00edho pr\u016fm\u011bru: 5 mm \u2013 130 mm<br \/>\nRozsah d\u00e9lky: 5 mm \u2013 100 mm<br \/>\nPozn\u00e1mka:<br \/>\nM\u016f\u017eeme navrhnout a p\u0159izp\u016fsobit piezoelektrickou keramickou trubici r\u016fzn\u00fdch rozm\u011br\u016f podle po\u017eadavk\u016f.<\/td>\n<td><\/td>\n<td><\/td>\n<td><\/td>\n<td><\/td>\n<\/tr>\n<\/tbody>\n<\/table>\n<h3>Platba<\/h3>\n<p>Nyn\u00ed p\u0159ij\u00edm\u00e1me PayPal, T\/T a Western Union.<\/p>\n<h3 class=\"shipping-methods\">Doprava<\/h3>\n<p>Zbo\u017e\u00ed bude odesl\u00e1no do 48 hodin po p\u0159ijet\u00ed pln\u00e9 platby.<\/p>\n<ul>\n<li>Zbo\u017e\u00ed zas\u00edl\u00e1me na adresu uvedenou v platb\u011b PayPal. Ujist\u011bte se pros\u00edm, \u017ee adresa v PayPal je spr\u00e1vn\u00e1.<\/li>\n<li>Po odesl\u00e1n\u00ed zbo\u017e\u00ed v\u00e1m poskytneme sledovac\u00ed \u010d\u00edslo, zpravidla zbo\u017e\u00ed obdr\u017e\u00edte do p\u011bti dn\u016f.<\/li>\n<li>Pokud m\u00e1te jak\u00e9koli dotazy, kontaktujte n\u00e1s pros\u00edm e-mailem (na\u0161e e-mailov\u00e1 adresa je <a href=\"mailto:support@bjultrasonic.com\">support@bjultrasonic.com<\/a>)<\/li>\n<\/ul>\n<h3>Z\u00e1ruka na produkt<\/h3>\n<p>Z\u00e1ru\u010dn\u00ed doba produktu je jeden rok. B\u011bhem z\u00e1ru\u010dn\u00ed doby lze zakoupen\u00e9 produkty bezplatn\u011b opravit nebo vym\u011bnit.<\/p>\n","protected":false},"excerpt":{"rendered":"<p>M\u016f\u017eeme p\u0159izp\u016fsobit r\u016fzn\u00e9 piezoelektrick\u00e9 keramiky podle po\u017eadavk\u016f. Materi\u00e1l piezoelektrick\u00e9 keramick\u00e9 trubice (piezokeramick\u00e1 trubice): PZT4, PZT5, PZT8 nebo jin\u00fd po\u017eadovan\u00fd piezoelektrick\u00fd materi\u00e1l Aplikace piezoelektrick\u00e9 keramick\u00e9 trubice Vibrace piezoelektrick\u00e9ho m\u011bni\u010de akustika disperze hmoty tekut\u00fd p\u0159enosov\u00fd prost\u0159edek plynn\u00fd p\u0159enosov\u00fd prost\u0159edek senzor tlou\u0161\u0165ky st\u011bny senzor nap\u011bt\u00ed materi\u00e1lu bagrov\u00e1n\u00ed ropn\u00fdch vrt\u016f biomedic\u00ednsk\u00e1 sonda z\u00edsk\u00e1v\u00e1n\u00ed piezoelektrick\u00e9 energie m\u011bni\u010d pro hleda\u010d ryb<\/p>\n","protected":false},"featured_media":23756,"comment_status":"open","ping_status":"closed","template":"","meta":[],"product_brand":[],"product_cat":[5802,5640],"product_tag":[],"class_list":{"0":"post-69868","1":"product","2":"type-product","3":"status-publish","4":"has-post-thumbnail","6":"product_cat-tube-piezoelectric-ceramics-cs","7":"product_cat-piezoelectric-ceramic-cs","9":"first","10":"instock","11":"shipping-taxable","12":"product-type-external","13":"prodpage-classic"},"aioseo_notices":[],"_links":{"self":[{"href":"https:\/\/www.bjultrasonic.com\/cs\/wp-json\/wp\/v2\/product\/69868","targetHints":{"allow":["GET"]}}],"collection":[{"href":"https:\/\/www.bjultrasonic.com\/cs\/wp-json\/wp\/v2\/product"}],"about":[{"href":"https:\/\/www.bjultrasonic.com\/cs\/wp-json\/wp\/v2\/types\/product"}],"replies":[{"embeddable":true,"href":"https:\/\/www.bjultrasonic.com\/cs\/wp-json\/wp\/v2\/comments?post=69868"}],"wp:featuredmedia":[{"embeddable":true,"href":"https:\/\/www.bjultrasonic.com\/cs\/wp-json\/wp\/v2\/media\/23756"}],"wp:attachment":[{"href":"https:\/\/www.bjultrasonic.com\/cs\/wp-json\/wp\/v2\/media?parent=69868"}],"wp:term":[{"taxonomy":"product_brand","embeddable":true,"href":"https:\/\/www.bjultrasonic.com\/cs\/wp-json\/wp\/v2\/product_brand?post=69868"},{"taxonomy":"product_cat","embeddable":true,"href":"https:\/\/www.bjultrasonic.com\/cs\/wp-json\/wp\/v2\/product_cat?post=69868"},{"taxonomy":"product_tag","embeddable":true,"href":"https:\/\/www.bjultrasonic.com\/cs\/wp-json\/wp\/v2\/product_tag?post=69868"}],"curies":[{"name":"wp","href":"https:\/\/api.w.org\/{rel}","templated":true}]}}