{"id":69888,"date":"2012-07-12T16:42:35","date_gmt":"2012-07-12T21:42:35","guid":{"rendered":"https:\/\/www.bjultrasonic.com\/shop\/ultrasonic-vibrating-screen-transducer\/"},"modified":"2026-03-28T20:16:10","modified_gmt":"2026-03-29T01:16:10","slug":"ultrasonic-vibrating-screen-transducer","status":"publish","type":"product","link":"https:\/\/www.bjultrasonic.com\/cs\/shop\/ultrasonic-vibrating-screen-transducer\/","title":{"rendered":"Ultrazvukov\u00fd Vibra\u010dn\u00ed M\u011bni\u010d"},"content":{"rendered":"<p>Ultrazvukov\u00fd vibra\u010dn\u00ed m\u011bni\u010d se skl\u00e1d\u00e1 z t\u011bsn\u011bn\u00ed, <a href=\"https:\/\/www.bjultrasonic.com\/cs\/category\/piezoelectric-ceramic-cs\/\">piezoelektrick\u00e9 keramiky<\/a>, elektrodov\u00e9ho d\u00edlu, vyza\u0159ovac\u00ed hlavy, p\u0159edp\u00ednac\u00edch \u0161roub\u016f a izola\u010dn\u00edho pouzdra.<\/p>\n<h3>Vlastnosti ultrazvukov\u00e9ho vibra\u010dn\u00edho m\u011bni\u010de pro jemn\u00e9 pros\u00e9v\u00e1n\u00ed pr\u00e1\u0161k\u016f<\/h3>\n<ul>\n<li>Dosahuje vysok\u00e9 p\u0159esnosti a pros\u00e9v\u00e1n\u00ed s jemn\u00fdmi oky sou\u010dasn\u011b, umo\u017e\u0148uje kontrolu \u00fazk\u00e9ho rozsahu velikosti \u010d\u00e1stic.<\/li>\n<li>M\u016f\u017ee b\u00fdt jednovrstv\u00fd nebo v\u00edcevrstv\u00fd.<\/li>\n<li>Funkce samo\u010di\u0161t\u011bn\u00ed s\u00edta: pro s\u00edta s oky v\u011bt\u0161\u00edmi ne\u017e 500 mesh, \u017e\u00e1dn\u00e9 ucp\u00e1v\u00e1n\u00ed ok, \u017e\u00e1dn\u00fd pokles \u00fa\u010dinnosti pros\u00e9v\u00e1n\u00ed.<\/li>\n<li>\u0158e\u0161\u00ed probl\u00e9my s pros\u00e9v\u00e1n\u00edm jako siln\u00e1 adheze, tendence k shlukov\u00e1n\u00ed, elektrostatika, vysok\u00e1 p\u0159esnost, vysok\u00e1 hustota, vysok\u00e1 m\u011brn\u00e1 hmotnost a dal\u0161\u00ed.<\/li>\n<li>P\u0159esnost pros\u00e9v\u00e1n\u00ed m\u016f\u017ee b\u00fdt zv\u00fd\u0161ena o 1-70%, v\u00fdt\u011b\u017enost m\u016f\u017ee vzr\u016fst 0,5 a\u017e 10kr\u00e1t.<\/li>\n<\/ul>\n<h3>Aplikace<\/h3>\n<ul>\n<li>Chemick\u00fd pr\u016fmysl: prysky\u0159ice, n\u00e1t\u011brov\u00e9 hmoty, pr\u016fmysl, l\u00e9\u010diva, kosmetika, barvy, pr\u00e1\u0161ky atd.<\/li>\n<li>Potravin\u00e1\u0159sk\u00fd pr\u016fmysl: cukrov\u00fd pr\u00e1\u0161ek, \u0161krob, s\u016fl, r\u00fd\u017eov\u00e1 mouka, su\u0161en\u00e9 ml\u00e9ko, s\u00f3jov\u00e1 mouka, vaje\u010dn\u00fd pr\u00e1\u0161ek, s\u00f3jov\u00e1 om\u00e1\u010dka, d\u017eusy atd.<\/li>\n<li>Kovy, metalurgie, t\u011b\u017eba: hlin\u00edkov\u00fd pr\u00e1\u0161ek, olov\u011bn\u00fd pr\u00e1\u0161ek, m\u011bd\u011bn\u00fd pr\u00e1\u0161ek, ruda, pr\u00e1\u0161ek elektrod, pr\u00e1\u0161ek slitin, oxid mangani\u010dit\u00fd, elektrolytick\u00fd m\u011bd\u011bn\u00fd pr\u00e1\u0161ek, elektromagnetick\u00e9 materi\u00e1ly, le\u0161t\u00edc\u00ed pr\u00e1\u0161ky, \u017e\u00e1ruvzdorn\u00e9 materi\u00e1ly, kaolin, v\u00e1pno, oxid hlinit\u00fd, t\u011b\u017ek\u00fd uhli\u010ditan v\u00e1penat\u00fd, k\u0159emenn\u00fd p\u00edsek atd.<\/li>\n<li>Zpracov\u00e1n\u00ed zne\u010di\u0161t\u011bn\u00ed, odpadn\u00ed oleje, odpadn\u00ed voda, barvic\u00ed odpadn\u00ed voda, aditiva, aktivn\u00ed uhl\u00ed atd.<\/li>\n<\/ul>\n<h3>Ultrazvukov\u00e9 vibra\u010dn\u00ed s\u00edto<\/h3>\n<p><iframe loading=\"lazy\" title=\"Ultrasonic Vibrating Sieve Machine - Beijing Ultrasonic\" width=\"500\" height=\"281\" src=\"https:\/\/www.youtube.com\/embed\/PEkryRhyJXY?feature=oembed\" frameborder=\"0\" allow=\"accelerometer; autoplay; clipboard-write; encrypted-media; gyroscope; picture-in-picture; web-share\" referrerpolicy=\"strict-origin-when-cross-origin\" allowfullscreen><\/iframe><\/p>\n<h3>Platba<\/h3>\n<p>P\u0159ij\u00edm\u00e1me PayPal, bankovn\u00ed p\u0159evod (T\/T) a Western Union.<\/p>\n<h3>Doprava<\/h3>\n<p>Zbo\u017e\u00ed bude odesl\u00e1no do 48 hodin po obdr\u017een\u00ed pln\u00e9 platby.<\/p>\n<ul>\n<li>Zbo\u017e\u00ed zas\u00edl\u00e1me na adresu uvedenou v platb\u011b PayPal. Ujist\u011bte se pros\u00edm, \u017ee adresa v PayPal je spr\u00e1vn\u00e1.<\/li>\n<li>Po odesl\u00e1n\u00ed zbo\u017e\u00ed v\u00e1m poskytneme sledovac\u00ed \u010d\u00edslo, zpravidla zbo\u017e\u00ed obdr\u017e\u00edte do p\u011bti dn\u016f.<\/li>\n<li>Pokud m\u00e1te jak\u00e9koli dotazy, kontaktujte n\u00e1s pros\u00edm e-mailem (na\u0161e e-mailov\u00e1 adresa je <a href=\"mailto:support@bjultrasonic.com\">support@bjultrasonic.com<\/a>).<\/li>\n<\/ul>\n<h3>Z\u00e1ruka na produkt<\/h3>\n<p>Z\u00e1ru\u010dn\u00ed doba produktu je jeden rok. B\u011bhem z\u00e1ru\u010dn\u00ed doby zakoupen\u00e9 produkty po\u017e\u00edvaj\u00ed bezplatn\u00e9 opravy nebo v\u00fdm\u011bny.<\/p>\n","protected":false},"excerpt":{"rendered":"<p>Ultrazvukov\u00fd vibra\u010dn\u00ed m\u011bni\u010d se skl\u00e1d\u00e1 z t\u011bsn\u011bn\u00ed, piezoelektrick\u00e9 keramiky, elektrodov\u00e9ho prvku, z\u00e1\u0159i\u010de, p\u0159edp\u00ednac\u00edch \u0161roub\u016f a izola\u010dn\u00edho pouzdra.<\/p>\n","protected":false},"featured_media":4845,"comment_status":"open","ping_status":"closed","template":"","meta":[],"product_brand":[],"product_cat":[6321],"product_tag":[],"class_list":{"0":"post-69888","1":"product","2":"type-product","3":"status-publish","4":"has-post-thumbnail","6":"product_cat-ultrasonic-transducer-cs","8":"first","9":"instock","10":"shipping-taxable","11":"product-type-external","12":"prodpage-classic"},"aioseo_notices":[],"_links":{"self":[{"href":"https:\/\/www.bjultrasonic.com\/cs\/wp-json\/wp\/v2\/product\/69888","targetHints":{"allow":["GET"]}}],"collection":[{"href":"https:\/\/www.bjultrasonic.com\/cs\/wp-json\/wp\/v2\/product"}],"about":[{"href":"https:\/\/www.bjultrasonic.com\/cs\/wp-json\/wp\/v2\/types\/product"}],"replies":[{"embeddable":true,"href":"https:\/\/www.bjultrasonic.com\/cs\/wp-json\/wp\/v2\/comments?post=69888"}],"wp:featuredmedia":[{"embeddable":true,"href":"https:\/\/www.bjultrasonic.com\/cs\/wp-json\/wp\/v2\/media\/4845"}],"wp:attachment":[{"href":"https:\/\/www.bjultrasonic.com\/cs\/wp-json\/wp\/v2\/media?parent=69888"}],"wp:term":[{"taxonomy":"product_brand","embeddable":true,"href":"https:\/\/www.bjultrasonic.com\/cs\/wp-json\/wp\/v2\/product_brand?post=69888"},{"taxonomy":"product_cat","embeddable":true,"href":"https:\/\/www.bjultrasonic.com\/cs\/wp-json\/wp\/v2\/product_cat?post=69888"},{"taxonomy":"product_tag","embeddable":true,"href":"https:\/\/www.bjultrasonic.com\/cs\/wp-json\/wp\/v2\/product_tag?post=69888"}],"curies":[{"name":"wp","href":"https:\/\/api.w.org\/{rel}","templated":true}]}}