{"id":69908,"date":"2012-07-12T03:24:31","date_gmt":"2012-07-12T08:24:31","guid":{"rendered":"https:\/\/www.bjultrasonic.com\/shop\/ultrasonic-atomizing-transducer\/"},"modified":"2026-03-28T20:16:08","modified_gmt":"2026-03-29T01:16:08","slug":"ultrasonic-atomizing-transducer","status":"publish","type":"product","link":"https:\/\/www.bjultrasonic.com\/cs\/shop\/ultrasonic-atomizing-transducer\/","title":{"rendered":"Vlastn\u00ed ultrazvukov\u00fd atomiza\u010dn\u00ed piezoelektrick\u00fd m\u011bni\u010d"},"content":{"rendered":"<h3>Um\u00edme p\u0159izp\u016fsobit ultrazvukov\u00fd zvlh\u010dova\u010d s mlhov\u00fdm rozpra\u0161ova\u010dem<\/h3>\n<table class=\"table table-striped table-bordered\">\n<tbody>\n<tr>\n<td>Typ<\/td>\n<td>Mno\u017estv\u00ed rozpra\u0161ov\u00e1n\u00ed<\/td>\n<td>Pracovn\u00ed nap\u011bt\u00ed<\/td>\n<td>V\u00fdkon<\/td>\n<td>Rozm\u011bry<\/td>\n<\/tr>\n<tr>\n<td>BJA-350<\/td>\n<td>\u2265350ML\/H<\/td>\n<td>24V<\/td>\n<td>18W<\/td>\n<td>pr\u016fm\u011br 45mm; v\u00fd\u0161ka 27mm.<\/td>\n<\/tr>\n<tr>\n<td>BJA-900<\/td>\n<td>\u2265900ML\/H<\/td>\n<td>36V<\/td>\n<td>1.5A<\/td>\n<td>pr\u016fm\u011br 68mm; v\u00fd\u0161ka 27mm.<\/td>\n<\/tr>\n<tr>\n<td>BJA-1500<\/td>\n<td>\u22651500ML\/H<\/td>\n<td>36V<\/td>\n<td>140w,4A<\/td>\n<td>pr\u016fm\u011br 100mm; v\u00fd\u0161ka 27mm<\/td>\n<\/tr>\n<tr>\n<td>BJA-2000<\/td>\n<td>\u22652000ML\/H<\/td>\n<td>36V<\/td>\n<td>150W<\/td>\n<td>d\u00e9lka 154mm; \u0161\u00ed\u0159ka 88mm; v\u00fd\u0161ka 30mm.<\/td>\n<\/tr>\n<tr>\n<td>BJA-3000<\/td>\n<td>\u22653000ML\/H<\/td>\n<td>36V<\/td>\n<td>300W<\/td>\n<td>d\u00e9lka 254mm; \u0161\u00ed\u0159ka 88mm; v\u00fd\u0161ka 28mm.<\/td>\n<\/tr>\n<tr>\n<td>BJA-5000<\/td>\n<td>\u22655000ML\/H<\/td>\n<td>48V<\/td>\n<td>250W<\/td>\n<td>d\u00e9lka 254mm;\u0161\u00ed\u0159ka 88mm; v\u00fd\u0161ka 56mm<\/td>\n<\/tr>\n<\/tbody>\n<\/table>\n<p>Obvod ultrazvukov\u00e9ho zvlh\u010dova\u010de pro ultrazvukov\u00fd nebuliz\u00e1tor, ultrazvukov\u00fd rozpra\u0161ova\u010d a ultrazvukov\u00fd gener\u00e1tor mlhy. Obvod ultrazvukov\u00e9ho zvlh\u010dova\u010de p\u0159em\u011b\u0148uje kapaliny na \u010d\u00e1stice podobn\u00e9 oblaku. Kovov\u00e1 membr\u00e1na vibruj\u00edc\u00ed na ultrazvukov\u00e9 frekvenci vytv\u00e1\u0159\u00ed vodn\u00ed kapi\u010dky, kter\u00e9 ti\u0161e opou\u0161t\u011bj\u00ed ultrazvukov\u00fd atomiza\u010dn\u00ed m\u011bni\u010d ve form\u011b chladn\u00e9 mlhy.<\/p>\n<p><img loading=\"lazy\" decoding=\"async\" class=\"alignnone size-full wp-image-5003\" src=\"\/\/www.bjultrasonic.com\/wp-content\/uploads\/2012\/07\/Ultrasonic-Humidifier-Transducer.jpg\" alt=\"Ultrazvukov\u00fd m\u011bni\u010d pro zvlh\u010dova\u010d\" width=\"600\" height=\"359\" \/><\/p>\n<h3>Hlavn\u00ed vlastnosti ultrazvukov\u00e9ho atomiza\u010dn\u00edho m\u011bni\u010de<\/h3>\n<ul>\n<li>N\u00edzk\u00e1 impedance.<\/li>\n<li>Vlastnosti s n\u00edzk\u00fdmi ztr\u00e1tami.<\/li>\n<li>M\u011bd\u011bn\u00fd kryt s niklov\u00e1n\u00edm.<\/li>\n<li>Spolehliv\u00fd a odoln\u00fd.<\/li>\n<li>Vysok\u00fd mechanick\u00fd kvalitativn\u00ed faktor.<\/li>\n<li>Se speci\u00e1ln\u00edm designem, snadn\u00e1 v\u00fdm\u011bna piezoelektrick\u00e9 keramiky.<\/li>\n<\/ul>\n<h3>Videa k ultrazvukov\u00e9mu rozpra\u0161ova\u010di<\/h3>\n<p><iframe loading=\"lazy\" title=\"Ultrasonic Humidifier\" width=\"500\" height=\"281\" src=\"https:\/\/www.youtube.com\/embed\/videoseries?list=PLLrjMYkO0_NEpofnqW3MnsGQ-KMwpBJul\" frameborder=\"0\" allow=\"accelerometer; autoplay; clipboard-write; encrypted-media; gyroscope; picture-in-picture; web-share\" referrerpolicy=\"strict-origin-when-cross-origin\" allowfullscreen><\/iframe><\/p>\n<h3>Platba<\/h3>\n<p>P\u0159ij\u00edm\u00e1me PayPal, T\/T a Western Union.<\/p>\n<h3 class=\"shipping-methods\">Doprava<\/h3>\n<p>Zbo\u017e\u00ed bude odesl\u00e1no do 48 hodin po obdr\u017een\u00ed pln\u00e9 platby.<\/p>\n<ul>\n<li>Zbo\u017e\u00ed zas\u00edl\u00e1me na adresu uvedenou v platb\u011b PayPal. Ujist\u011bte se pros\u00edm, \u017ee adresa v PayPal je spr\u00e1vn\u00e1.<\/li>\n<li>Po odesl\u00e1n\u00ed zbo\u017e\u00ed v\u00e1m poskytneme sledovac\u00ed \u010d\u00edslo, obecn\u011b zbo\u017e\u00ed obdr\u017e\u00edte do p\u011bti dn\u016f.<\/li>\n<li>Pokud m\u00e1te jak\u00e9koli dotazy, kontaktujte n\u00e1s pros\u00edm e-mailem (na\u0161e e-mailov\u00e1 adresa je <a href=\"mailto:support@bjultrasonic.com\">support@bjultrasonic.com<\/a>)<\/li>\n<\/ul>\n<h3>Z\u00e1ruka na produkt<\/h3>\n<p>Z\u00e1ru\u010dn\u00ed doba produktu je jeden rok. V r\u00e1mci z\u00e1ru\u010dn\u00ed doby maj\u00ed zakoupen\u00e9 produkty n\u00e1rok na bezplatnou opravu nebo v\u00fdm\u011bnu.<\/p>\n","protected":false},"excerpt":{"rendered":"<p><a href=\"https:\/\/www.bjultrasonic.com\/cs\/category\/ultrasonic-atomizer-cs\/\">Ultrazvukov\u00fd zvlh\u010dova\u010d<\/a> vyu\u017e\u00edv\u00e1 ultrazvukovou energii k p\u0159em\u011bn\u011b kapalin na \u010d\u00e1stice podobn\u00e9 oblaku. Ultrazvukov\u00fd zvlh\u010dova\u010d je tak\u00e9 zn\u00e1m\u00fd jako <a href=\"https:\/\/www.bjultrasonic.com\/cs\/shop\/ultrasonic-atomizing-transducer\/\">ultrazvukov\u00fd rozpra\u0161ova\u010d<\/a>, ultrazvukov\u00fd gener\u00e1tor mlhy, ultrazvukov\u00fd ml\u017en\u00fd p\u0159\u00edstroj.<\/p>\n","protected":false},"featured_media":19517,"comment_status":"open","ping_status":"closed","template":"","meta":[],"product_brand":[],"product_cat":[6194],"product_tag":[],"class_list":{"0":"post-69908","1":"product","2":"type-product","3":"status-publish","4":"has-post-thumbnail","6":"product_cat-ultrasonic-atomizer-cs","8":"first","9":"instock","10":"featured","11":"shipping-taxable","12":"product-type-external","13":"prodpage-classic"},"aioseo_notices":[],"_links":{"self":[{"href":"https:\/\/www.bjultrasonic.com\/cs\/wp-json\/wp\/v2\/product\/69908","targetHints":{"allow":["GET"]}}],"collection":[{"href":"https:\/\/www.bjultrasonic.com\/cs\/wp-json\/wp\/v2\/product"}],"about":[{"href":"https:\/\/www.bjultrasonic.com\/cs\/wp-json\/wp\/v2\/types\/product"}],"replies":[{"embeddable":true,"href":"https:\/\/www.bjultrasonic.com\/cs\/wp-json\/wp\/v2\/comments?post=69908"}],"wp:featuredmedia":[{"embeddable":true,"href":"https:\/\/www.bjultrasonic.com\/cs\/wp-json\/wp\/v2\/media\/19517"}],"wp:attachment":[{"href":"https:\/\/www.bjultrasonic.com\/cs\/wp-json\/wp\/v2\/media?parent=69908"}],"wp:term":[{"taxonomy":"product_brand","embeddable":true,"href":"https:\/\/www.bjultrasonic.com\/cs\/wp-json\/wp\/v2\/product_brand?post=69908"},{"taxonomy":"product_cat","embeddable":true,"href":"https:\/\/www.bjultrasonic.com\/cs\/wp-json\/wp\/v2\/product_cat?post=69908"},{"taxonomy":"product_tag","embeddable":true,"href":"https:\/\/www.bjultrasonic.com\/cs\/wp-json\/wp\/v2\/product_tag?post=69908"}],"curies":[{"name":"wp","href":"https:\/\/api.w.org\/{rel}","templated":true}]}}