{"id":70268,"date":"2012-04-30T02:47:05","date_gmt":"2012-04-30T07:47:05","guid":{"rendered":"https:\/\/www.bjultrasonic.com\/shop\/6l-digital-ultrasonic-cleaner-with-timer-and-heating\/"},"modified":"2026-03-28T20:12:20","modified_gmt":"2026-03-29T01:12:20","slug":"6l-digital-ultrasonic-cleaner-with-timer-and-heating","status":"publish","type":"product","link":"https:\/\/www.bjultrasonic.com\/cs\/shop\/6l-digital-ultrasonic-cleaner-with-timer-and-heating\/","title":{"rendered":"6L Digit\u00e1ln\u00ed Ultrazvukov\u00fd \u010cisti\u010d s \u010casova\u010dem a Oh\u0159\u00edva\u010dem"},"content":{"rendered":"<h2>Specifikace digit\u00e1ln\u00edho ultrazvukov\u00e9ho \u010disti\u010de 6L s \u010dasova\u010dem a oh\u0159evem<\/h2>\n<table class=\"table table-striped table-bordered\"   id=\"wp-table-reloaded-id-91-no-1\">\n<tbody>\n<tr>\n<td>Typ<\/td>\n<td>BJUCDTH6<\/td>\n<\/tr>\n<tr>\n<td>Objem n\u00e1dr\u017ee<\/td>\n<td>6L<\/td>\n<\/tr>\n<tr>\n<td>V\u00fdkon<\/td>\n<td>180W<\/td>\n<\/tr>\n<tr>\n<td>Frekvence<\/td>\n<td>40khz<\/td>\n<\/tr>\n<tr>\n<td>Rozm\u011bry n\u00e1dr\u017ee(mm)<\/td>\n<td>300*155*150(D*\u0160*V)<\/td>\n<\/tr>\n<tr>\n<td>Rozm\u011bry stroje(mm)<\/td>\n<td>330*180*310(D*\u0160*V)<\/td>\n<\/tr>\n<tr>\n<td>Nap\u011bt\u00ed<\/td>\n<td>110VAC\u2014240VAC<\/td>\n<\/tr>\n<tr>\n<td>Funkce<\/td>\n<td>\u010casova\u010d(1-99 min), Oh\u0159ev(0-80\u2103)<\/td>\n<\/tr>\n<tr>\n<td>Ko\u0161\u00edk<\/td>\n<td>Nerezov\u00fd ko\u0161\u00edk<\/td>\n<\/tr>\n<tr>\n<td>Hmotnost jednotky<\/td>\n<td>7.6kg<\/td>\n<\/tr>\n<\/tbody>\n<\/table>\n<h3>Popis digit\u00e1ln\u00edho ultrazvukov\u00e9ho \u010disti\u010de<\/h3>\n<ul>\n<li>Cel\u00fd ultrazvukov\u00fd \u010disti\u010d m\u00e1 pln\u011b nerezovou konstrukci, estetickou a praktickou.<\/li>\n<li>Pou\u017e\u00edv\u00e1 vysoce kvalitn\u00ed ultrazvukov\u00fd m\u011bni\u010d. Siln\u00fd v\u00fdkon.<\/li>\n<li>Vysok\u00e1 kvalita procesu lepen\u00ed. Ultrazvukov\u00fd m\u011bni\u010d je p\u0159ilepen pomoc\u00ed epoxidov\u00e9ho lepidla.<\/li>\n<li>V\u00fdkonn\u00fd oh\u0159\u00edva\u010d. Ka\u017ed\u00e1 vana m\u00e1 vlastn\u00ed nez\u00e1visl\u00fd digit\u00e1ln\u00ed zobrazovac\u00ed a teplotn\u00ed \u0159\u00eddic\u00ed syst\u00e9m a automatick\u00e9 za\u0159\u00edzen\u00ed pro regulaci teploty oh\u0159evu.<\/li>\n<li>\u010cas a teplotu oh\u0159evu lze podle pot\u0159eby upravit.<\/li>\n<\/ul>\n<h3>Video digit\u00e1ln\u00edho ultrazvukov\u00e9ho \u010disti\u010de s \u010dasova\u010dem a oh\u0159evem<\/h3>\n<p><iframe loading=\"lazy\" title=\"Digital Ultrasonic Cleaner with Timer and Heater\" width=\"500\" height=\"281\" src=\"https:\/\/www.youtube.com\/embed\/SdW_EZ2X140?feature=oembed\" frameborder=\"0\" allow=\"accelerometer; autoplay; clipboard-write; encrypted-media; gyroscope; picture-in-picture; web-share\" referrerpolicy=\"strict-origin-when-cross-origin\" allowfullscreen><\/iframe><\/p>\n<h3>Aplikace ultrazvukov\u00e9ho \u010disti\u010de<\/h3>\n<ul>\n<li><strong>Stroj\u00edrensk\u00fd pr\u016fmysl<\/strong>: odstran\u011bn\u00ed protikorozn\u00edho oleje; \u010di\u0161t\u011bn\u00ed m\u011b\u0159idel; \u010di\u0161t\u011bn\u00ed mechanick\u00fdch sou\u010d\u00e1st\u00ed, motor\u016f, karbur\u00e1tor\u016f a automobilov\u00fdch d\u00edl\u016f;<\/li>\n<li><strong>Pr\u016fmysl povrchov\u00fdch \u00faprav<\/strong>: p\u0159ed pokoven\u00edm odstran\u011bn\u00ed oleje a koroze; \u010di\u0161t\u011bn\u00ed p\u0159ed iontov\u00fdm pokoven\u00edm; fosf\u00e1tov\u00e1n\u00ed; odstran\u011bn\u00ed karbonu; odstran\u011bn\u00ed okuj\u00ed; odstran\u011bn\u00ed le\u0161t\u00edc\u00edch past; aktiva\u010dn\u00ed \u00faprava povrchu kovov\u00fdch sou\u010d\u00e1st\u00ed atd.<\/li>\n<li><strong>P\u0159\u00edstrojov\u00fd pr\u016fmysl<\/strong>: \u010di\u0161t\u011bn\u00ed p\u0159esn\u00fdch sou\u010d\u00e1st\u00ed na vysok\u00fd stupe\u0148 \u010distoty p\u0159ed mont\u00e1\u017e\u00ed.<\/li>\n<li><strong>Elektronick\u00fd pr\u016fmysl<\/strong>: odstran\u011bn\u00ed kalafuny z desek plo\u0161n\u00fdch spoj\u016f, p\u00e1jec\u00edch bod\u016f; \u010di\u0161t\u011bn\u00ed vysokonap\u011b\u0165ov\u00fdch kontakt\u016f a dal\u0161\u00edch mechanick\u00fdch a elektronick\u00fdch sou\u010d\u00e1stek atd.<\/li>\n<li><strong>Zdravotnick\u00fd pr\u016fmysl<\/strong>: \u010di\u0161t\u011bn\u00ed a dezinfekce, sterilizace zdravotnick\u00fdch p\u0159\u00edstroj\u016f, \u010di\u0161t\u011bn\u00ed laboratorn\u00edch n\u00e1dob atd.<\/li>\n<li><strong>Polovodi\u010dov\u00fd pr\u016fmysl<\/strong>: \u010di\u0161t\u011bn\u00ed polovodi\u010dov\u00fdch desti\u010dek na vysok\u00fd stupe\u0148 \u010distoty.<\/li>\n<li><strong>Pr\u016fmysl hodinek a \u0161perk\u016f<\/strong>: odstran\u011bn\u00ed oleje, ne\u010distot, oxida\u010dn\u00ed vrstvy, le\u0161t\u00edc\u00edch past atd.<\/li>\n<li><strong>Chemick\u00fd, biologick\u00fd pr\u016fmysl<\/strong>: \u010di\u0161t\u011bn\u00ed laboratorn\u00edch n\u00e1dob.<\/li>\n<li> <strong>Optick\u00fd pr\u016fmysl<\/strong>: odstran\u011bn\u00ed oleje z optick\u00fdch za\u0159\u00edzen\u00ed, potu, prachu atd.<\/li>\n<li> <strong>Textiln\u00ed a tiska\u0159sk\u00fd pr\u016fmysl<\/strong>: \u010di\u0161t\u011bn\u00ed textiln\u00edch v\u0159eten, trysek atd.<\/li>\n<li> <strong>Ropn\u00fd a chemick\u00fd pr\u016fmysl<\/strong>: \u010di\u0161t\u011bn\u00ed a uvol\u0148ov\u00e1n\u00ed kovov\u00fdch s\u00edt, chemick\u00fdch n\u00e1dob, \u010distic\u00edch ventil\u016f atd.<\/li>\n<\/ul>\n<h3>Platba<\/h3>\n<p>P\u0159ij\u00edm\u00e1me platby p\u0159es PayPal, T\/T &amp; Western Union.<\/p>\n<h3 class=\"shipping-methods\">Doprava<\/h3>\n<p>Zbo\u017e\u00ed bude odesl\u00e1no do 48 hodin po obdr\u017een\u00ed pln\u00e9 platby.<\/p>\n<ul>\n<li>Zbo\u017e\u00ed zas\u00edl\u00e1me na adresu uvedenou v platb\u011b PayPal. Ujist\u011bte se pros\u00edm, \u017ee adresa v PayPal je spr\u00e1vn\u00e1.<\/li>\n<li>Po odesl\u00e1n\u00ed zbo\u017e\u00ed v\u00e1m poskytneme \u010d\u00edslo pro sledov\u00e1n\u00ed z\u00e1silky, obecn\u011b byste m\u011bli zbo\u017e\u00ed obdr\u017eet do p\u011bti dn\u016f.<\/li>\n<li>Pokud m\u00e1te jak\u00e9koli dotazy, kontaktujte n\u00e1s pros\u00edm e-mailem (na\u0161e e-mailov\u00e1 adresa je <a href=\"mailto:support@bjultrasonic.com\">support@bjultrasonic.com<\/a>)<\/li>\n<\/ul>\n<h3>Z\u00e1ruka na produkt<\/h3>\n<p>Z\u00e1ru\u010dn\u00ed doba produktu je jeden rok. B\u011bhem z\u00e1ru\u010dn\u00ed doby maj\u00ed zakoupen\u00e9 produkty n\u00e1rok na bezplatnou opravu nebo v\u00fdm\u011bnu.<\/p>\n","protected":false},"excerpt":{"rendered":"<p><a href=\"https:\/\/www.bjultrasonic.com\/cs\/category\/ultrasonic-cleaning-system-cs\/digital-ultrasonic-cleaner-cs\/\">Digit\u00e1ln\u00ed ultrazvukov\u00e9 \u010disti\u010de<\/a> jsou \u0161iroce pou\u017e\u00edv\u00e1ny k \u010di\u0161t\u011bn\u00ed \u0161perk\u016f, hodinek, n\u00e1hrdeln\u00edk\u016f, n\u00e1u\u0161nic, prsten\u016f, n\u00e1ramk\u016f, minc\u00ed, \u0159em\u00ednk\u016f hodinek, br\u00fdl\u00ed, slune\u010dn\u00edch br\u00fdl\u00ed, p\u0159\u00edslu\u0161enstv\u00ed kontaktn\u00edch \u010do\u010dek, zubn\u00edch n\u00e1hrad, h\u0159eben\u016f, zubn\u00edch kart\u00e1\u010dk\u016f, n\u00e1dob\u00ed a podobn\u011b.<\/p>\n","protected":false},"featured_media":1111,"comment_status":"open","ping_status":"closed","template":"","meta":[],"product_brand":[],"product_cat":[5830],"product_tag":[],"class_list":{"0":"post-70268","1":"product","2":"type-product","3":"status-publish","4":"has-post-thumbnail","6":"product_cat-digital-ultrasonic-cleaner-cs","8":"first","9":"outofstock","10":"shipping-taxable","11":"purchasable","12":"product-type-simple","13":"prodpage-classic"},"aioseo_notices":[],"_links":{"self":[{"href":"https:\/\/www.bjultrasonic.com\/cs\/wp-json\/wp\/v2\/product\/70268","targetHints":{"allow":["GET"]}}],"collection":[{"href":"https:\/\/www.bjultrasonic.com\/cs\/wp-json\/wp\/v2\/product"}],"about":[{"href":"https:\/\/www.bjultrasonic.com\/cs\/wp-json\/wp\/v2\/types\/product"}],"replies":[{"embeddable":true,"href":"https:\/\/www.bjultrasonic.com\/cs\/wp-json\/wp\/v2\/comments?post=70268"}],"wp:featuredmedia":[{"embeddable":true,"href":"https:\/\/www.bjultrasonic.com\/cs\/wp-json\/wp\/v2\/media\/1111"}],"wp:attachment":[{"href":"https:\/\/www.bjultrasonic.com\/cs\/wp-json\/wp\/v2\/media?parent=70268"}],"wp:term":[{"taxonomy":"product_brand","embeddable":true,"href":"https:\/\/www.bjultrasonic.com\/cs\/wp-json\/wp\/v2\/product_brand?post=70268"},{"taxonomy":"product_cat","embeddable":true,"href":"https:\/\/www.bjultrasonic.com\/cs\/wp-json\/wp\/v2\/product_cat?post=70268"},{"taxonomy":"product_tag","embeddable":true,"href":"https:\/\/www.bjultrasonic.com\/cs\/wp-json\/wp\/v2\/product_tag?post=70268"}],"curies":[{"name":"wp","href":"https:\/\/api.w.org\/{rel}","templated":true}]}}