{"id":70408,"date":"2012-04-30T02:19:42","date_gmt":"2012-04-30T07:19:42","guid":{"rendered":"https:\/\/www.bjultrasonic.com\/shop\/3l-digital-ultrasonic-cleaner-with-timer\/"},"modified":"2026-03-28T20:11:22","modified_gmt":"2026-03-29T01:11:22","slug":"3l-digital-ultrasonic-cleaner-with-timer","status":"publish","type":"product","link":"https:\/\/www.bjultrasonic.com\/cs\/shop\/3l-digital-ultrasonic-cleaner-with-timer\/","title":{"rendered":"3L Digit\u00e1ln\u00ed Ultrazvukov\u00fd \u010cisti\u010d s \u010casova\u010dem"},"content":{"rendered":"<h2>Specifikace digit\u00e1ln\u00edho ultrazvukov\u00e9ho \u010disti\u010de s \u010dasova\u010dem 3L<\/h2>\n<table class=\"table table-striped table-bordered\"   id=\"wp-table-reloaded-id-84-no-1\">\n<tbody>\n<tr>\n<td>Typ<\/td>\n<td>BJUCDT3<\/td>\n<\/tr>\n<tr>\n<td>Kapacita n\u00e1dr\u017ee<\/td>\n<td>3L<\/td>\n<\/tr>\n<tr>\n<td>V\u00fdkon<\/td>\n<td>120W<\/td>\n<\/tr>\n<tr>\n<td>Frekvence<\/td>\n<td>40kHz<\/td>\n<\/tr>\n<tr>\n<td>Rozm\u011bry n\u00e1dr\u017ee (mm)<\/td>\n<td>240*140*100 (D*\u0160*V)<\/td>\n<\/tr>\n<tr>\n<td>Rozm\u011bry p\u0159\u00edstroje (mm)<\/td>\n<td>270*170*240 (D*\u0160*V)<\/td>\n<\/tr>\n<tr>\n<td>Nap\u011bt\u00ed<\/td>\n<td>110VAC\u2014240VAC<\/td>\n<\/tr>\n<tr>\n<td>Funkce<\/td>\n<td>\u010casova\u010d (1-99 minut),<\/td>\n<\/tr>\n<tr>\n<td>Ko\u0161\u00edk<\/td>\n<td>Nerezov\u00fd ko\u0161\u00edk<\/td>\n<\/tr>\n<tr>\n<td>Hmotnost jednotky<\/td>\n<td>3.8kg<\/td>\n<\/tr>\n<\/tbody>\n<\/table>\n<h3>Popis digit\u00e1ln\u00edho ultrazvukov\u00e9ho \u010disti\u010de<\/h3>\n<ul>\n<li>Cel\u00fd ultrazvukov\u00fd \u010disti\u010d je vyroben z nerezov\u00e9 oceli, estetick\u00fd a praktick\u00fd.<\/li>\n<li>Pou\u017e\u00edv\u00e1 ultrazvukov\u00fd m\u011bni\u010d High Q s vysok\u00fdm v\u00fdkonem.<\/li>\n<li>Vysok\u00e1 kvalita procesu lepen\u00ed. Ultrazvukov\u00fd m\u011bni\u010d je p\u0159ilepen epoxidov\u00fdm lepidlem.<\/li>\n<li>\u010cas lze podle pot\u0159eby upravit.<\/li>\n<\/ul>\n<h3>Pou\u017eit\u00ed ultrazvukov\u00e9ho \u010disti\u010de<\/h3>\n<ul>\n<li><strong>Stroj\u00edrensk\u00fd pr\u016fmysl<\/strong>: Odstran\u011bn\u00ed antikorozn\u00edho oleje; \u010ci\u0161t\u011bn\u00ed m\u011b\u0159idel; \u010ci\u0161t\u011bn\u00ed strojn\u00edch d\u00edl\u016f, motor\u016f, karbur\u00e1tor\u016f a automobilov\u00fdch sou\u010d\u00e1st\u00ed;<\/li>\n<li><strong>Pr\u016fmysl povrchov\u00fdch \u00faprav<\/strong>: Odstran\u011bn\u00ed oleje nebo rzi p\u0159ed pokovov\u00e1n\u00edm; \u010ci\u0161t\u011bn\u00ed p\u0159ed iontov\u00fdm pokoven\u00edm; Fosf\u00e1tov\u00e1n\u00ed; Odstran\u011bn\u00ed karbonu; Odstran\u011bn\u00ed okuj\u00ed; Odstran\u011bn\u00ed le\u0161t\u00edc\u00edch prost\u0159edk\u016f; Aktivace povrchu kovov\u00fdch sou\u010d\u00e1st\u00ed atd.<\/li>\n<li><strong>P\u0159\u00edstrojov\u00fd pr\u016fmysl<\/strong>: \u010ci\u0161t\u011bn\u00ed p\u0159esn\u00fdch sou\u010d\u00e1st\u00ed na vysok\u00fd stupe\u0148 \u010distoty p\u0159ed mont\u00e1\u017e\u00ed.<\/li>\n<li><strong>Elektronick\u00fd pr\u016fmysl<\/strong>: Odstran\u011bn\u00ed kalafuny z desek plo\u0161n\u00fdch spoj\u016f, z p\u00e1jec\u00edch bod\u016f; \u010ci\u0161t\u011bn\u00ed vysokonap\u011b\u0165ov\u00fdch kontakt\u016f a dal\u0161\u00edch mechanick\u00fdch a elektronick\u00fdch sou\u010d\u00e1stek atd.<\/li>\n<li><strong>Zdravotnick\u00fd pr\u016fmysl<\/strong>: \u010ci\u0161t\u011bn\u00ed, dezinfekce a sterilizace zdravotnick\u00fdch za\u0159\u00edzen\u00ed, \u010di\u0161t\u011bn\u00ed laboratorn\u00edch n\u00e1dob atd.<\/li>\n<li><strong>Polovodi\u010dov\u00fd pr\u016fmysl<\/strong>: \u010ci\u0161t\u011bn\u00ed polovodi\u010dov\u00fdch desti\u010dek na vysok\u00fd stupe\u0148 \u010distoty.<\/li>\n<li><strong>Pr\u016fmysl hodinek a \u0161perk\u016f<\/strong>: Odstran\u011bn\u00ed oleje, ne\u010distot, oxida\u010dn\u00ed vrstvy, le\u0161t\u00edc\u00edch prost\u0159edk\u016f atd.<\/li>\n<li><strong>Chemick\u00fd, biologick\u00fd pr\u016fmysl<\/strong>: \u010ci\u0161t\u011bn\u00ed laboratorn\u00edch n\u00e1dob.<\/li>\n<li> <strong>Optick\u00fd pr\u016fmysl<\/strong>: Odstran\u011bn\u00ed oleje, potu, prachu z optick\u00fdch za\u0159\u00edzen\u00ed atd.<\/li>\n<li> <strong>Textiln\u00ed a potiskovac\u00ed pr\u016fmysl<\/strong>: \u010ci\u0161t\u011bn\u00ed textiln\u00edch v\u0159eten, trysek atd.<\/li>\n<li> <strong>Ropn\u00fd a chemick\u00fd pr\u016fmysl<\/strong>: \u010ci\u0161t\u011bn\u00ed a uvol\u0148ov\u00e1n\u00ed kovov\u00fdch s\u00edt, chemick\u00fdch n\u00e1dob, kohout\u016f atd.<\/li>\n<\/ul>\n<h3>Video digit\u00e1ln\u00edho ultrazvukov\u00e9ho \u010disti\u010de s \u010dasova\u010dem a oh\u0159evem<\/h3>\n<p><iframe loading=\"lazy\" title=\"Digital Ultrasonic Cleaner with Timer and Heater\" width=\"500\" height=\"281\" src=\"https:\/\/www.youtube.com\/embed\/SdW_EZ2X140?feature=oembed\" frameborder=\"0\" allow=\"accelerometer; autoplay; clipboard-write; encrypted-media; gyroscope; picture-in-picture; web-share\" referrerpolicy=\"strict-origin-when-cross-origin\" allowfullscreen><\/iframe><\/p>\n<h3>Platba<\/h3>\n<p>P\u0159ij\u00edm\u00e1me platby p\u0159es PayPal, T\/T a Western Union.<\/p>\n<h3 class=\"shipping-methods\">Doprava<\/h3>\n<p>Zbo\u017e\u00ed bude odesl\u00e1no do 48 hodin po p\u0159ijet\u00ed cel\u00e9 platby.<\/p>\n<ul>\n<li>Zbo\u017e\u00ed zas\u00edl\u00e1me na adresu uvedenou v platb\u011b PayPal. Ujist\u011bte se pros\u00edm, \u017ee adresa v PayPal je spr\u00e1vn\u00e1.<\/li>\n<li>Po odesl\u00e1n\u00ed zbo\u017e\u00ed v\u00e1m poskytneme sledovac\u00ed \u010d\u00edslo, obvykle zbo\u017e\u00ed obdr\u017e\u00edte do p\u011bti dn\u016f.<\/li>\n<li>M\u00e1te-li jak\u00e9koli dotazy, kontaktujte n\u00e1s pros\u00edm e-mailem (na\u0161e e-mailov\u00e1 adresa je <a href=\"mailto:support@bjultrasonic.com\">support@bjultrasonic.com<\/a>)<\/li>\n<\/ul>\n<h3>Z\u00e1ruka na v\u00fdrobek<\/h3>\n<p>Z\u00e1ru\u010dn\u00ed doba v\u00fdrobku je jeden rok. B\u011bhem z\u00e1ru\u010dn\u00ed doby lze zakoupen\u00e9 v\u00fdrobky bezplatn\u011b opravit nebo vym\u011bnit.<\/p>\n","protected":false},"excerpt":{"rendered":"<p><a href=\"https:\/\/www.bjultrasonic.com\/cs\/category\/ultrasonic-cleaning-system-cs\/digital-ultrasonic-cleaner-cs\/\">Digit\u00e1ln\u00ed ultrazvukov\u00e9 \u010disti\u010de<\/a> se \u0161iroce pou\u017e\u00edvaj\u00ed k \u010di\u0161t\u011bn\u00ed \u0161perk\u016f, hodinek, n\u00e1hrdeln\u00edk\u016f, n\u00e1u\u0161nic, prsten\u016f, n\u00e1ramk\u016f, minc\u00ed, \u0159em\u00ednk\u016f hodinek, br\u00fdl\u00ed, slune\u010dn\u00edch br\u00fdl\u00ed, p\u0159\u00edslu\u0161enstv\u00ed kontaktn\u00edch \u010do\u010dek, zubn\u00edch prot\u00e9z, h\u0159eben\u016f, zubn\u00edch kart\u00e1\u010dk\u016f, stoln\u00edho n\u00e1dob\u00ed a dal\u0161\u00edch p\u0159edm\u011bt\u016f.<\/p>\n","protected":false},"featured_media":1075,"comment_status":"open","ping_status":"closed","template":"","meta":[],"product_brand":[],"product_cat":[5830],"product_tag":[],"class_list":{"0":"post-70408","1":"product","2":"type-product","3":"status-publish","4":"has-post-thumbnail","6":"product_cat-digital-ultrasonic-cleaner-cs","8":"first","9":"outofstock","10":"shipping-taxable","11":"purchasable","12":"product-type-simple","13":"prodpage-classic"},"aioseo_notices":[],"_links":{"self":[{"href":"https:\/\/www.bjultrasonic.com\/cs\/wp-json\/wp\/v2\/product\/70408","targetHints":{"allow":["GET"]}}],"collection":[{"href":"https:\/\/www.bjultrasonic.com\/cs\/wp-json\/wp\/v2\/product"}],"about":[{"href":"https:\/\/www.bjultrasonic.com\/cs\/wp-json\/wp\/v2\/types\/product"}],"replies":[{"embeddable":true,"href":"https:\/\/www.bjultrasonic.com\/cs\/wp-json\/wp\/v2\/comments?post=70408"}],"wp:featuredmedia":[{"embeddable":true,"href":"https:\/\/www.bjultrasonic.com\/cs\/wp-json\/wp\/v2\/media\/1075"}],"wp:attachment":[{"href":"https:\/\/www.bjultrasonic.com\/cs\/wp-json\/wp\/v2\/media?parent=70408"}],"wp:term":[{"taxonomy":"product_brand","embeddable":true,"href":"https:\/\/www.bjultrasonic.com\/cs\/wp-json\/wp\/v2\/product_brand?post=70408"},{"taxonomy":"product_cat","embeddable":true,"href":"https:\/\/www.bjultrasonic.com\/cs\/wp-json\/wp\/v2\/product_cat?post=70408"},{"taxonomy":"product_tag","embeddable":true,"href":"https:\/\/www.bjultrasonic.com\/cs\/wp-json\/wp\/v2\/product_tag?post=70408"}],"curies":[{"name":"wp","href":"https:\/\/api.w.org\/{rel}","templated":true}]}}