{"id":70568,"date":"2012-04-29T00:33:33","date_gmt":"2012-04-29T05:33:33","guid":{"rendered":"https:\/\/www.bjultrasonic.com\/shop\/1800w-ultrasonic-cleaner\/"},"modified":"2026-03-28T20:09:34","modified_gmt":"2026-03-29T01:09:34","slug":"1800w-ultrasonic-cleaner","status":"publish","type":"product","link":"https:\/\/www.bjultrasonic.com\/cs\/shop\/1800w-ultrasonic-cleaner\/","title":{"rendered":"1800W pr\u016fmyslov\u00fd ultrazvukov\u00fd \u010distic\u00ed stroj"},"content":{"rendered":"<h2>Specifikace 1800W ultrazvukov\u00e9ho \u010disti\u010de<\/h2>\n<table class=\"table table-striped table-bordered\"   id=\"wp-table-reloaded-id-76-no-1\">\n<tbody>\n<tr>\n<td>Typ<\/td>\n<td>BJUC1800<\/td>\n<\/tr>\n<tr>\n<td>Ultrazvukov\u00fd v\u00fdkon<\/td>\n<td>1800W<\/td>\n<\/tr>\n<tr>\n<td>V\u00fdkon oh\u0159evu<\/td>\n<td>5000W<\/td>\n<\/tr>\n<tr>\n<td>Frekvence<\/td>\n<td>40kHz\/28kHz<\/td>\n<\/tr>\n<tr>\n<td>Rozm\u011bry n\u00e1dr\u017ee (mm)<\/td>\n<td>700 \u00d7 380 \u00d7 400 (D*\u0160*V)<\/td>\n<\/tr>\n<tr>\n<td>Rozm\u011bry stroje<\/td>\n<td>800 \u00d7 650 \u00d7 675 (D*\u0160*V)<\/td>\n<\/tr>\n<tr>\n<td>Nap\u011bt\u00ed<\/td>\n<td>220V\/380V<\/td>\n<\/tr>\n<tr>\n<td>Funkce<\/td>\n<td>\u010casova\u010d, Oh\u0159ev<\/td>\n<\/tr>\n<tr>\n<td>Ko\u0161\u00edk<\/td>\n<td>Nerezov\u00fd ko\u0161\u00edk<\/td>\n<\/tr>\n<\/tbody>\n<\/table>\n<h3>Pozn\u00e1mky<\/h3>\n<ul>\n<li>1800W ultrazvukov\u00e9 \u010distic\u00ed stroje jsou produkty na zak\u00e1zku. Pro cenovou nab\u00eddku se pros\u00edm obra\u0165te na na\u0161eho obchodn\u00edho z\u00e1stupce (<a href=\"https:\/\/www.bjultrasonic.com\/contact\/\" target=\"_blank\" rel=\"noopener\">Kontaktn\u00ed formul\u00e1\u0159<\/a>). Brzy v\u00e1m odpov\u00edme.<\/li>\n<li>M\u016f\u017eeme navrhnout a vyrobit r\u016fzn\u00e9 ultrazvukov\u00e9 \u010disti\u010de podle po\u017eadavk\u016f.<\/li>\n<\/ul>\n<h3>Ultrazvukov\u00e1 \u010distic\u00ed n\u00e1dr\u017e &amp; Ultrazvukov\u00fd gener\u00e1tor pro \u010distic\u00ed n\u00e1dr\u017e<\/h3>\n<p><iframe loading=\"lazy\" title=\"Ultrasonic Cleaning Tank for Sale\" width=\"500\" height=\"281\" src=\"https:\/\/www.youtube.com\/embed\/tMUV4LCcNvA?feature=oembed\" frameborder=\"0\" allow=\"accelerometer; autoplay; clipboard-write; encrypted-media; gyroscope; picture-in-picture; web-share\" referrerpolicy=\"strict-origin-when-cross-origin\" allowfullscreen><\/iframe><\/p>\n<h3>Typick\u00e9 vlastnosti tohoto typu ultrazvukov\u00e9ho \u010disti\u010de<\/h3>\n<ul>\n<li>Pou\u017eit\u00ed vysoce kvalitn\u00ed nerezov\u00e9 oceli a komponent\u016f: pln\u00e1 nerezov\u00e1 ocel, vzhled estetick\u00fd a odoln\u00fd.<\/li>\n<li>Za\u0159\u00edzen\u00ed pro oh\u0159ev a regulaci teploty, rozsah teplot 10 ~ 100 \u00b0C.<\/li>\n<li>Pou\u017e\u00edv\u00e1 vysoce kvalitn\u00ed m\u011bni\u010de, siln\u00fd ultrazvukov\u00fd v\u00fdstupn\u00ed v\u00fdkon.<\/li>\n<li>\u010cistic\u00ed n\u00e1dr\u017e a gener\u00e1tor maj\u00ed \u0161t\u011bpn\u00fd (odd\u011blen\u00fd) design, snadn\u00e9 pou\u017eit\u00ed.<\/li>\n<li>Pou\u017eit\u00ed nov\u00e9ho obvodu, v\u00fdkon a \u010dasova\u010d gener\u00e1toru lze nastavit.<\/li>\n<li>Re\u017eimy ultrazvukov\u00e9ho chv\u011bn\u00ed: dnov\u00e9 a bo\u010dn\u00ed, vhodn\u00e9 pro r\u016fzn\u00e9 pot\u0159eby.<\/li>\n<\/ul>\n<h3>Aplikace ultrazvukov\u00e9ho \u010distic\u00edho stroje<\/h3>\n<ul>\n<li><strong>Stroj\u00edrensk\u00fd pr\u016fmysl<\/strong>: odstran\u011bn\u00ed konzerva\u010dn\u00edch olej\u016f; \u010di\u0161t\u011bn\u00ed m\u011b\u0159idel; \u010di\u0161t\u011bn\u00ed strojn\u00edch d\u00edl\u016f, motor\u016f, karbur\u00e1tor\u016f a automobilov\u00fdch d\u00edl\u016f;<\/li>\n<li><strong>Pr\u016fmysl povrchov\u00fdch \u00faprav<\/strong>: odstran\u011bn\u00ed oleje nebo rzi p\u0159ed pokovov\u00e1n\u00edm; \u010di\u0161t\u011bn\u00ed p\u0159ed iontov\u00fdm napa\u0159ov\u00e1n\u00edm; fosf\u00e1tov\u00e1n\u00ed; odstra\u0148ov\u00e1n\u00ed karbonu; odstra\u0148ov\u00e1n\u00ed okuj\u00ed; odstra\u0148ov\u00e1n\u00ed le\u0161t\u00edc\u00edch past; aktiva\u010dn\u00ed \u00faprava povrchu kovov\u00fdch sou\u010d\u00e1st\u00ed, atd.<\/li>\n<li><strong>P\u0159\u00edstrojov\u00fd pr\u016fmysl<\/strong>: \u010di\u0161t\u011bn\u00ed p\u0159esn\u00fdch d\u00edl\u016f na vysok\u00fd stupe\u0148 \u010distoty p\u0159ed mont\u00e1\u017e\u00ed.<\/li>\n<li><strong>Elektronick\u00fd pr\u016fmysl<\/strong>: odstran\u011bn\u00ed kalafuny z desek plo\u0161n\u00fdch spoj\u016f, z p\u00e1jec\u00edch m\u00edst; \u010di\u0161t\u011bn\u00ed vysokonap\u011b\u0165ov\u00fdch kontakt\u016f a dal\u0161\u00edch mechanick\u00fdch a elektronick\u00fdch sou\u010d\u00e1stek, atd.<\/li>\n<li><strong>Zdravotnick\u00fd pr\u016fmysl<\/strong>: \u010di\u0161t\u011bn\u00ed a dezinfekce, sterilizace zdravotnick\u00fdch p\u0159\u00edstroj\u016f, \u010di\u0161t\u011bn\u00ed laboratorn\u00edho n\u00e1dob\u00ed, atd.<\/li>\n<li><strong>Polovodi\u010dov\u00fd pr\u016fmysl<\/strong>: \u010di\u0161t\u011bn\u00ed polovodi\u010dov\u00fdch desti\u010dek na vysok\u00fd stupe\u0148 \u010distoty.<\/li>\n<li><strong>Pr\u016fmysl hodin a \u0161perk\u016f<\/strong>: odstran\u011bn\u00ed oleje, ne\u010distot, oxida\u010dn\u00ed vrstvy, le\u0161t\u00edc\u00edch past, atd.<\/li>\n<li><strong>Chemick\u00fd, biologick\u00fd pr\u016fmysl<\/strong>: \u010di\u0161t\u011bn\u00ed laboratorn\u00edho n\u00e1dob\u00ed.<\/li>\n<li><strong>Optick\u00fd pr\u016fmysl<\/strong>: odstran\u011bn\u00ed oleje, potu, prachu z optick\u00fdch za\u0159\u00edzen\u00ed, atd.<\/li>\n<li><strong>Textiln\u00ed a potiskov\u00fd pr\u016fmysl<\/strong>: \u010di\u0161t\u011bn\u00ed textiln\u00edch v\u0159eten, trysek, atd.<\/li>\n<li><strong>Ropn\u00fd a chemick\u00fd pr\u016fmysl<\/strong>: \u010di\u0161t\u011bn\u00ed a uvol\u0148ov\u00e1n\u00ed kovov\u00fdch s\u00edt, \u010di\u0161t\u011bn\u00ed chemick\u00fdch n\u00e1dob, armatur, atd.<\/li>\n<\/ul>\n<p><img loading=\"lazy\" decoding=\"async\" class=\"alignnone size-full wp-image-1011\" title=\"300W Ultrasonic Cleaner\" alt=\"300W Ultrasonic Cleaner\" src=\"\/\/www.bjultrasonic.com\/wp-content\/uploads\/2012\/04\/201242911111.jpg\" width=\"456\" height=\"269\" \/><\/p>\n<h3>Platba<\/h3>\n<p>V sou\u010dasn\u00e9 dob\u011b p\u0159ij\u00edm\u00e1me pouze platby <strong>PayPal<\/strong>, <strong>T\/T<\/strong> a <strong>Western Union<\/strong>.<\/p>\n<h3 class=\"shipping-methods\">Doprava<\/h3>\n<p>Zbo\u017e\u00ed bude odesl\u00e1no do 48 hodin po p\u0159ijet\u00ed cel\u00e9 platby.<\/p>\n<ul>\n<li>Zbo\u017e\u00ed zas\u00edl\u00e1me na adresu uvedenou v platb\u011b PayPal. Ujist\u011bte se pros\u00edm, \u017ee adresa v PayPal je spr\u00e1vn\u00e1.<\/li>\n<li>Po odesl\u00e1n\u00ed zbo\u017e\u00ed v\u00e1m poskytneme \u010d\u00edslo pro sledov\u00e1n\u00ed z\u00e1silky, zpravidla zbo\u017e\u00ed obdr\u017e\u00edte do p\u011bti dn\u016f.<\/li>\n<li>Pokud m\u00e1te jak\u00e9koli dotazy, kontaktujte n\u00e1s pros\u00edm e-mailem (na\u0161e e-mailov\u00e1 adresa je <a href=\"mailto:support@bjultrasonic.com\">support@bjultrasonic.com<\/a>).<\/li>\n<\/ul>\n<h3 align=\"left\">Z\u00e1ruka na produkt<\/h3>\n<p>Z\u00e1ru\u010dn\u00ed doba produktu je jeden rok. B\u011bhem z\u00e1ru\u010dn\u00ed doby zakoupen\u00e9 produkty po\u017e\u00edvaj\u00ed pr\u00e1va na bezplatnou opravu nebo v\u00fdm\u011bnu.<\/p>\n","protected":false},"excerpt":{"rendered":"<p><a href=\"https:\/\/www.bjultrasonic.com\/cs\/category\/ultrasonic-cleaning-system-cs\/big-ultrasonic-cleaning-machine-cs\/\">Pr\u016fmyslov\u00fd ultrazvukov\u00fd \u010disti\u010d<\/a> vyr\u00e1b\u011bn\u00fd spole\u010dnost\u00ed Beijing Ultrasonic. M\u016f\u017eeme navrhnout a p\u0159izp\u016fsobit r\u016fzn\u00e9 <a href=\"https:\/\/www.bjultrasonic.com\/cs\/category\/ultrasonic-cleaning-system-cs\/big-ultrasonic-cleaning-machine-cs\/\">pr\u016fmyslov\u00e9 ultrazvukov\u00e9 \u010distic\u00ed stroje<\/a> podle po\u017eadavk\u016f.<\/p>\n","protected":false},"featured_media":23719,"comment_status":"open","ping_status":"closed","template":"","meta":[],"product_brand":[],"product_cat":[5964],"product_tag":[],"class_list":{"0":"post-70568","1":"product","2":"type-product","3":"status-publish","4":"has-post-thumbnail","6":"product_cat-big-ultrasonic-cleaning-machine-cs","8":"first","9":"instock","10":"shipping-taxable","11":"product-type-external","12":"prodpage-classic"},"aioseo_notices":[],"_links":{"self":[{"href":"https:\/\/www.bjultrasonic.com\/cs\/wp-json\/wp\/v2\/product\/70568","targetHints":{"allow":["GET"]}}],"collection":[{"href":"https:\/\/www.bjultrasonic.com\/cs\/wp-json\/wp\/v2\/product"}],"about":[{"href":"https:\/\/www.bjultrasonic.com\/cs\/wp-json\/wp\/v2\/types\/product"}],"replies":[{"embeddable":true,"href":"https:\/\/www.bjultrasonic.com\/cs\/wp-json\/wp\/v2\/comments?post=70568"}],"wp:featuredmedia":[{"embeddable":true,"href":"https:\/\/www.bjultrasonic.com\/cs\/wp-json\/wp\/v2\/media\/23719"}],"wp:attachment":[{"href":"https:\/\/www.bjultrasonic.com\/cs\/wp-json\/wp\/v2\/media?parent=70568"}],"wp:term":[{"taxonomy":"product_brand","embeddable":true,"href":"https:\/\/www.bjultrasonic.com\/cs\/wp-json\/wp\/v2\/product_brand?post=70568"},{"taxonomy":"product_cat","embeddable":true,"href":"https:\/\/www.bjultrasonic.com\/cs\/wp-json\/wp\/v2\/product_cat?post=70568"},{"taxonomy":"product_tag","embeddable":true,"href":"https:\/\/www.bjultrasonic.com\/cs\/wp-json\/wp\/v2\/product_tag?post=70568"}],"curies":[{"name":"wp","href":"https:\/\/api.w.org\/{rel}","templated":true}]}}