{"id":70668,"date":"2012-04-29T00:05:05","date_gmt":"2012-04-29T05:05:05","guid":{"rendered":"https:\/\/www.bjultrasonic.com\/shop\/300w-ultrasonic-cleaner\/"},"modified":"2026-03-28T20:08:39","modified_gmt":"2026-03-29T01:08:39","slug":"300w-ultrasonic-cleaner","status":"publish","type":"product","link":"https:\/\/www.bjultrasonic.com\/cs\/shop\/300w-ultrasonic-cleaner\/","title":{"rendered":"300W pr\u016fmyslov\u00fd ultrazvukov\u00fd \u010distic\u00ed stroj"},"content":{"rendered":"<h2>Specifikace ultrazvukov\u00e9ho \u010disti\u010de 300W<\/h2>\n<table class=\"table table-striped table-bordered\"   id=\"wp-table-reloaded-id-71-no-1\">\n<tbody>\n<tr>\n<td>Typ<\/td>\n<td>BJUC300<\/td>\n<\/tr>\n<tr>\n<td>Ultrazvukov\u00fd v\u00fdkon<\/td>\n<td>300W<\/td>\n<\/tr>\n<tr>\n<td>V\u00fdkon oh\u0159evu<\/td>\n<td>1000W<\/td>\n<\/tr>\n<tr>\n<td>Frekvence<\/td>\n<td>40 kHz \/ 28 kHz<\/td>\n<\/tr>\n<tr>\n<td>Rozm\u011bry n\u00e1dr\u017ee (mm)<\/td>\n<td>300*200*200 (D*\u0160*V)<\/td>\n<\/tr>\n<tr>\n<td>Rozm\u011bry stroje<\/td>\n<td>520*330*400 (D*\u0160*V)<\/td>\n<\/tr>\n<tr>\n<td>Nap\u011bt\u00ed<\/td>\n<td>220V<\/td>\n<\/tr>\n<tr>\n<td>Funkce<\/td>\n<td>\u010casova\u010d, Oh\u0159ev<\/td>\n<\/tr>\n<tr>\n<td>Ko\u0161\u00edk<\/td>\n<td>Nerezov\u00fd ko\u0161\u00edk<\/td>\n<\/tr>\n<\/tbody>\n<\/table>\n<h3>Pozn\u00e1mky<\/h3>\n<ul>\n<li>Ultrazvukov\u00e9 \u010distic\u00ed stroje 300W jsou p\u0159izp\u016fsoben\u00e9 produkty. Pro cenovou nab\u00eddku pros\u00edm kontaktujte na\u0161eho obchodn\u00edho z\u00e1stupce (<a href=\"https:\/\/www.bjultrasonic.com\/contact\/\" target=\"_blank\" rel=\"noopener\">Kontaktn\u00ed formul\u00e1\u0159<\/a>). Brzy v\u00e1m odpov\u00edme.<\/li>\n<li>M\u016f\u017eeme navrhnout a p\u0159izp\u016fsobit r\u016fzn\u00e9 ultrazvukov\u00e9 \u010distic\u00ed stroje na z\u00e1klad\u011b po\u017eadavk\u016f.<\/li>\n<\/ul>\n<h3>Typick\u00e9 vlastnosti tohoto typu ultrazvukov\u00e9ho \u010distic\u00edho stroje<\/h3>\n<ul>\n<li>Pou\u017eit\u00ed vysoce kvalitn\u00ed nerezov\u00e9 oceli a komponent\u016f: pln\u011b nerezov\u00e1 konstrukce, vzhled estetick\u00fd a odoln\u00fd.<\/li>\n<li>Za\u0159\u00edzen\u00ed pro oh\u0159ev a regulaci teploty, rozsah teplot 10 ~ 100 \u00b0C.<\/li>\n<li>Pou\u017e\u00edv\u00e1 vysoce kvalitn\u00ed m\u011bni\u010de, siln\u00fd v\u00fdstup ultrazvukov\u00e9ho v\u00fdkonu.<\/li>\n<li>\u010cistic\u00ed n\u00e1dr\u017e a gener\u00e1tor vyu\u017e\u00edvaj\u00ed rozd\u011blen\u00fd design, snadn\u00e9 pou\u017eit\u00ed.<\/li>\n<li>Pou\u017eit\u00ed nov\u00e9ho obvodu, v\u00fdkon a \u010dasova\u010d gener\u00e1toru lze nastavit.<\/li>\n<li>Re\u017eimy ultrazvukov\u00e9 vibrace zahrnuj\u00ed vibrace dna a okraj\u016f, vhodn\u00e9 pro r\u016fzn\u00e9 pot\u0159eby.<\/li>\n<\/ul>\n<h3>Ultrazvukov\u00e1 \u010distic\u00ed n\u00e1dr\u017e &amp; Ultrazvukov\u00fd gener\u00e1tor pro \u010distic\u00ed n\u00e1dr\u017e<\/h3>\n<p><iframe loading=\"lazy\" title=\"Ultrasonic Cleaning Tank for Sale\" width=\"500\" height=\"281\" src=\"https:\/\/www.youtube.com\/embed\/tMUV4LCcNvA?feature=oembed\" frameborder=\"0\" allow=\"accelerometer; autoplay; clipboard-write; encrypted-media; gyroscope; picture-in-picture; web-share\" referrerpolicy=\"strict-origin-when-cross-origin\" allowfullscreen><\/iframe><\/p>\n<h3>Aplikace ultrazvukov\u00e9ho \u010distic\u00edho stroje<\/h3>\n<ul>\n<li><strong>Stroj\u00edrensk\u00fd pr\u016fmysl<\/strong>: odstran\u011bn\u00ed konzerva\u010dn\u00edho oleje; \u010di\u0161t\u011bn\u00ed m\u011b\u0159idel; \u010di\u0161t\u011bn\u00ed mechanick\u00fdch d\u00edl\u016f, motor\u016f, karbur\u00e1tor\u016f a automobilov\u00fdch d\u00edl\u016f;<\/li>\n<li><strong>Pr\u016fmysl povrchov\u00fdch \u00faprav<\/strong>: odstran\u011bn\u00ed oleje nebo rzi p\u0159ed pokovov\u00e1n\u00edm; \u010di\u0161t\u011bn\u00ed p\u0159ed iontov\u00fdm napa\u0159ov\u00e1n\u00edm; fosf\u00e1tov\u00e1n\u00ed; odstra\u0148ov\u00e1n\u00ed karbonu; odstra\u0148ov\u00e1n\u00ed okuj\u00ed; odstra\u0148ov\u00e1n\u00ed le\u0161t\u00edc\u00edch prost\u0159edk\u016f; aktiva\u010dn\u00ed \u00faprava povrchu kovov\u00fdch sou\u010d\u00e1st\u00ed atd.<\/li>\n<li><strong>P\u0159\u00edstrojov\u00fd pr\u016fmysl<\/strong>: vysoce \u010dist\u00e9 \u010di\u0161t\u011bn\u00ed p\u0159esn\u00fdch sou\u010d\u00e1st\u00ed p\u0159ed mont\u00e1\u017e\u00ed.<\/li>\n<li><strong>Elektronick\u00fd pr\u016fmysl<\/strong>: odstran\u011bn\u00ed kalafuny z desek plo\u0161n\u00fdch spoj\u016f, p\u00e1jec\u00edch bod\u016f; \u010di\u0161t\u011bn\u00ed vysokonap\u011b\u0165ov\u00fdch kontakt\u016f a dal\u0161\u00edch mechanick\u00fdch a elektronick\u00fdch sou\u010d\u00e1stek atd.<\/li>\n<li><strong>Zdravotnick\u00fd pr\u016fmysl<\/strong>: \u010di\u0161t\u011bn\u00ed a dezinfekce, sterilizace zdravotnick\u00fdch za\u0159\u00edzen\u00ed, \u010di\u0161t\u011bn\u00ed laboratorn\u00edch n\u00e1dob atd.<\/li>\n<li><strong>Polovodi\u010dov\u00fd pr\u016fmysl<\/strong>: vysoce \u010dist\u00e9 \u010di\u0161t\u011bn\u00ed polovodi\u010dov\u00fdch desti\u010dek.<\/li>\n<li><strong>Pr\u016fmysl hodinek a \u0161perk\u016f<\/strong>: odstran\u011bn\u00ed oleje, ne\u010distot, oxida\u010dn\u00ed vrstvy, le\u0161t\u00edc\u00edch prost\u0159edk\u016f atd.<\/li>\n<li><strong>Chemick\u00fd, biologick\u00fd pr\u016fmysl<\/strong>: \u010di\u0161t\u011bn\u00ed laboratorn\u00edch n\u00e1dob.<\/li>\n<li><strong>Optick\u00fd pr\u016fmysl<\/strong>: odstran\u011bn\u00ed oleje, potu, prachu z optick\u00fdch za\u0159\u00edzen\u00ed atd.<\/li>\n<li><strong>Textiln\u00ed a potiskov\u00fd pr\u016fmysl<\/strong>: \u010di\u0161t\u011bn\u00ed textiln\u00edch v\u0159eten, trysek atd.<\/li>\n<li><strong>Ropn\u00fd a chemick\u00fd pr\u016fmysl<\/strong>: \u010di\u0161t\u011bn\u00ed a uvol\u0148ov\u00e1n\u00ed kovov\u00fdch s\u00edt, \u010di\u0161t\u011bn\u00ed chemick\u00fdch n\u00e1dob, ventil\u016f atd.<\/li>\n<\/ul>\n<p><img loading=\"lazy\" decoding=\"async\" class=\"alignnone size-full wp-image-1011\" title=\"300W Ultrazvukov\u00fd \u010disti\u010d\" alt=\"300W Ultrazvukov\u00fd \u010disti\u010d\" src=\"\/\/www.bjultrasonic.com\/wp-content\/uploads\/2012\/04\/201242911111.jpg\" width=\"456\" height=\"269\" \/><\/p>\n<h3>Platba<\/h3>\n<p>V sou\u010dasn\u00e9 dob\u011b p\u0159ij\u00edm\u00e1me pouze platby prost\u0159ednictv\u00edm <strong>PayPal<\/strong>, <strong>T\/T<\/strong> a <strong>Western Union<\/strong>.<\/p>\n<h3 class=\"shipping-methods\">Doprava<\/h3>\n<p>Zbo\u017e\u00ed bude odesl\u00e1no do 48 hodin po obdr\u017een\u00ed pln\u00e9 platby.<\/p>\n<ul>\n<li>Zbo\u017e\u00ed zas\u00edl\u00e1me na adresu uvedenou v platb\u011b PayPal. Ujist\u011bte se pros\u00edm, \u017ee adresa v PayPal je spr\u00e1vn\u00e1.<\/li>\n<li>Po odesl\u00e1n\u00ed zbo\u017e\u00ed v\u00e1m poskytneme \u010d\u00edslo pro sledov\u00e1n\u00ed z\u00e1silky, obecn\u011b zbo\u017e\u00ed obdr\u017e\u00edte do p\u011bti dn\u016f.<\/li>\n<li>Pokud m\u00e1te jak\u00e9koli dotazy, pros\u00edm kontaktujte n\u00e1s e-mailem (na\u0161e e-mailov\u00e1 adresa je <a href=\"mailto:support@bjultrasonic.com\">support@bjultrasonic.com<\/a>)<\/li>\n<\/ul>\n<h3 align=\"left\">Z\u00e1ruka na produkt<\/h3>\n<p>Z\u00e1ru\u010dn\u00ed doba produktu je jeden rok. V pr\u016fb\u011bhu z\u00e1ru\u010dn\u00ed doby zakoupen\u00e9 produkty po\u017e\u00edvaj\u00ed bezplatn\u00e9 opravy nebo v\u00fdm\u011bny.<\/p>\n","protected":false},"excerpt":{"rendered":"<p><a href=\"https:\/\/www.bjultrasonic.com\/cs\/category\/ultrasonic-cleaning-system-cs\/big-ultrasonic-cleaning-machine-cs\/\">Pr\u016fmyslov\u00fd ultrazvukov\u00fd \u010disti\u010d<\/a> vyr\u00e1b\u011bn\u00fd spole\u010dnost\u00ed Beijing Ultrasonic. M\u016f\u017eeme navrhnout a p\u0159izp\u016fsobit r\u016fzn\u00e9 <a href=\"https:\/\/www.bjultrasonic.com\/cs\/category\/ultrasonic-cleaning-system-cs\/big-ultrasonic-cleaning-machine-cs\/\">pr\u016fmyslov\u00e9 ultrazvukov\u00e9 \u010distic\u00ed stroje<\/a> podle po\u017eadavk\u016f.<\/p>\n","protected":false},"featured_media":23718,"comment_status":"open","ping_status":"closed","template":"","meta":[],"product_brand":[],"product_cat":[5964],"product_tag":[],"class_list":{"0":"post-70668","1":"product","2":"type-product","3":"status-publish","4":"has-post-thumbnail","6":"product_cat-big-ultrasonic-cleaning-machine-cs","8":"first","9":"instock","10":"shipping-taxable","11":"product-type-external","12":"prodpage-classic"},"aioseo_notices":[],"_links":{"self":[{"href":"https:\/\/www.bjultrasonic.com\/cs\/wp-json\/wp\/v2\/product\/70668","targetHints":{"allow":["GET"]}}],"collection":[{"href":"https:\/\/www.bjultrasonic.com\/cs\/wp-json\/wp\/v2\/product"}],"about":[{"href":"https:\/\/www.bjultrasonic.com\/cs\/wp-json\/wp\/v2\/types\/product"}],"replies":[{"embeddable":true,"href":"https:\/\/www.bjultrasonic.com\/cs\/wp-json\/wp\/v2\/comments?post=70668"}],"wp:featuredmedia":[{"embeddable":true,"href":"https:\/\/www.bjultrasonic.com\/cs\/wp-json\/wp\/v2\/media\/23718"}],"wp:attachment":[{"href":"https:\/\/www.bjultrasonic.com\/cs\/wp-json\/wp\/v2\/media?parent=70668"}],"wp:term":[{"taxonomy":"product_brand","embeddable":true,"href":"https:\/\/www.bjultrasonic.com\/cs\/wp-json\/wp\/v2\/product_brand?post=70668"},{"taxonomy":"product_cat","embeddable":true,"href":"https:\/\/www.bjultrasonic.com\/cs\/wp-json\/wp\/v2\/product_cat?post=70668"},{"taxonomy":"product_tag","embeddable":true,"href":"https:\/\/www.bjultrasonic.com\/cs\/wp-json\/wp\/v2\/product_tag?post=70668"}],"curies":[{"name":"wp","href":"https:\/\/api.w.org\/{rel}","templated":true}]}}