{"id":70728,"date":"2012-04-28T10:54:20","date_gmt":"2012-04-28T15:54:20","guid":{"rendered":"https:\/\/www.bjultrasonic.com\/shop\/20l-480w-mechanical-ultrasonic-cleaner-with-timer-and-heating\/"},"modified":"2026-03-28T20:08:13","modified_gmt":"2026-03-29T01:08:13","slug":"20l-480w-mechanical-ultrasonic-cleaner-with-timer-and-heating","status":"publish","type":"product","link":"https:\/\/www.bjultrasonic.com\/cs\/shop\/20l-480w-mechanical-ultrasonic-cleaner-with-timer-and-heating\/","title":{"rendered":"20L 480W Ultrazvukov\u00fd \u010disti\u010d s mechanick\u00fdm \u010dasova\u010dem a topn\u00fdm t\u011blesem"},"content":{"rendered":"<h2>Specifikace 20L 480W ultrazvukov\u00e9ho \u010disti\u010de s mechanick\u00fdm \u010dasova\u010dem a oh\u0159\u00edva\u010dem<\/h2>\n<table class=\"table table-striped table-bordered\"   id=\"wp-table-reloaded-id-68-no-1\">\n<tbody>\n<tr>\n<td>Typ<\/td>\n<td>BJUCMTH20<\/td>\n<\/tr>\n<tr>\n<td>Kapacita n\u00e1dr\u017ee<\/td>\n<td>20L<\/td>\n<\/tr>\n<tr>\n<td>V\u00fdkon<\/td>\n<td>480W<\/td>\n<\/tr>\n<tr>\n<td>Frekvence<\/td>\n<td>40KHz<\/td>\n<\/tr>\n<tr>\n<td>Rozm\u011bry n\u00e1dr\u017ee(mm)<\/td>\n<td>530*325*150(D*\u0160*V)<\/td>\n<\/tr>\n<tr>\n<td>Rozm\u011bry p\u0159\u00edstroje(mm)<\/td>\n<td>550*330*310(D*\u0160*V)<\/td>\n<\/tr>\n<tr>\n<td>Nap\u011bt\u00ed<\/td>\n<td>110VAC\u2014240VAC<\/td>\n<\/tr>\n<tr>\n<td>Funkce<\/td>\n<td>\u010casova\u010d, Oh\u0159ev<\/td>\n<\/tr>\n<tr>\n<td>Ko\u0161\u00edk<\/td>\n<td>Nerezov\u00fd ko\u0161\u00edk<\/td>\n<\/tr>\n<tr>\n<td>Hmotnost jednotky<\/td>\n<td>14kg<\/td>\n<\/tr>\n<\/tbody>\n<\/table>\n<h3>Pozn\u00e1mky<\/h3>\n<p>P\u0159i zad\u00e1n\u00ed objedn\u00e1vky n\u00e1m pros\u00edm sd\u011blte, jak\u00e9 nap\u011bt\u00ed pot\u0159ebujete.<\/p>\n<h3>Video ultrazvukov\u00e9ho \u010disti\u010de s mechanick\u00fdm \u010dasova\u010dem<\/h3>\n<p><iframe loading=\"lazy\" title=\"Ultrasonic Cleaner with Mechanical Timer - Beijing Ultrasonic\" width=\"500\" height=\"281\" src=\"https:\/\/www.youtube.com\/embed\/UJRL1Qg9sgo?feature=oembed\" frameborder=\"0\" allow=\"accelerometer; autoplay; clipboard-write; encrypted-media; gyroscope; picture-in-picture; web-share\" referrerpolicy=\"strict-origin-when-cross-origin\" allowfullscreen><\/iframe><\/p>\n<h3>Popis mechanick\u00e9ho ultrazvukov\u00e9ho \u010disti\u010de<\/h3>\n<ul>\n<li>Cel\u00fd ultrazvukov\u00fd \u010disti\u010d m\u00e1 pln\u011b nerezovou konstrukci, je estetick\u00fd a praktick\u00fd.<\/li>\n<li>Pou\u017e\u00edv\u00e1 vysoce kvalitn\u00ed <a href=\"https:\/\/www.bjultrasonic.com\/cs\/category\/ultrasonic-transducer-cs\/\">ultrazvukov\u00fd m\u011bni\u010d<\/a>. Siln\u00fd v\u00fdkon.<\/li>\n<li>Vysok\u00e1 kvalita procesu lepen\u00ed. Ultrazvukov\u00fd m\u011bni\u010d je p\u0159ilepen pomoc\u00ed epoxidov\u00e9ho lepidla.<\/li>\n<li>\u010cas a oh\u0159ev lze podle pot\u0159eby upravit.<\/li>\n<\/ul>\n<h3>\u00a0Aplikace ultrazvukov\u00e9ho \u010disti\u010de<\/h3>\n<ul>\n<li><strong>Stroj\u00edrensk\u00fd pr\u016fmysl<\/strong>: odstra\u0148ov\u00e1n\u00ed antikorozn\u00edho oleje; \u010di\u0161t\u011bn\u00ed m\u011b\u0159ic\u00edch n\u00e1stroj\u016f; \u010di\u0161t\u011bn\u00ed strojn\u00edch sou\u010d\u00e1st\u00ed, motor\u016f, karbur\u00e1tor\u016f a automobilov\u00fdch d\u00edl\u016f;<\/li>\n<li><strong>Pr\u016fmysl povrchov\u00fdch \u00faprav<\/strong>: p\u0159ed pokovov\u00e1n\u00edm odstra\u0148ov\u00e1n\u00ed oleje nebo rzi; \u010di\u0161t\u011bn\u00ed p\u0159ed iontov\u00fdm pokoven\u00edm; fosf\u00e1tov\u00e1n\u00ed; odstra\u0148ov\u00e1n\u00ed karbonu; odstra\u0148ov\u00e1n\u00ed okuj\u00ed; odstra\u0148ov\u00e1n\u00ed le\u0161t\u00edc\u00edch past; aktivace povrchu kovov\u00fdch sou\u010d\u00e1st\u00ed atd.<\/li>\n<li><strong>P\u0159\u00edstrojov\u00fd pr\u016fmysl<\/strong>: \u010di\u0161t\u011bn\u00ed p\u0159esn\u00fdch sou\u010d\u00e1st\u00ed na vysok\u00fd stupe\u0148 \u010distoty p\u0159ed mont\u00e1\u017e\u00ed.<\/li>\n<li><strong>Elektronick\u00fd pr\u016fmysl<\/strong>: odstran\u011bn\u00ed kalafuny z desek plo\u0161n\u00fdch spoj\u016f, z p\u00e1jec\u00edch bod\u016f; \u010di\u0161t\u011bn\u00ed vysokonap\u011b\u0165ov\u00fdch kontakt\u016f a dal\u0161\u00edch mechanick\u00fdch a elektronick\u00fdch sou\u010d\u00e1stek atd.<\/li>\n<li><strong>L\u00e9ka\u0159sk\u00fd pr\u016fmysl<\/strong>: \u010di\u0161t\u011bn\u00ed a dezinfekce, sterilizace zdravotnick\u00fdch prost\u0159edk\u016f, \u010di\u0161t\u011bn\u00ed laboratorn\u00edch n\u00e1dob atd.<\/li>\n<li><strong>Polovodi\u010dov\u00fd pr\u016fmysl<\/strong>: \u010di\u0161t\u011bn\u00ed polovodi\u010dov\u00fdch desti\u010dek na vysok\u00fd stupe\u0148 \u010distoty.<\/li>\n<li><strong>Pr\u016fmysl hodin a \u0161perk\u016f<\/strong>: odstra\u0148ov\u00e1n\u00ed oleje, ne\u010distot, oxida\u010dn\u00ed vrstvy, le\u0161t\u00edc\u00edch past atd.<\/li>\n<li><strong>Chemick\u00fd, biologick\u00fd pr\u016fmysl<\/strong>: \u010ci\u0161t\u011bn\u00ed laboratorn\u00edch n\u00e1dob.<\/li>\n<li>\u00a0<strong>Optick\u00fd pr\u016fmysl<\/strong>: odstra\u0148ov\u00e1n\u00ed oleje z optick\u00fdch sou\u010d\u00e1st\u00ed, potu, prachu atd.<\/li>\n<li>\u00a0<strong>Textiln\u00ed a potiskov\u00fd pr\u016fmysl<\/strong>: \u010di\u0161t\u011bn\u00ed textiln\u00edch v\u0159eten, trysek atd.<\/li>\n<li>\u00a0<strong>Ropn\u00fd a chemick\u00fd pr\u016fmysl<\/strong>: \u010di\u0161t\u011bn\u00ed a odstra\u0148ov\u00e1n\u00ed ucp\u00e1n\u00ed kovov\u00fdch s\u00edt, chemick\u00fdch n\u00e1dob, \u010disti\u010dek atd.<\/li>\n<\/ul>\n<h3>Platba<\/h3>\n<p>P\u0159ij\u00edm\u00e1me platby p\u0159es PayPal, bankovn\u00edm p\u0159evodem (T\/T) a Western Union.<\/p>\n<h3 class=\"shipping-methods\">Doprava<\/h3>\n<p>Zbo\u017e\u00ed bude odesl\u00e1no do 48 hodin po p\u0159ijet\u00ed pln\u00e9 platby.<\/p>\n<ul>\n<li>Zbo\u017e\u00ed zas\u00edl\u00e1me na adresu uvedenou v platb\u011b PayPal. Ujist\u011bte se pros\u00edm, \u017ee adresa v PayPal je spr\u00e1vn\u00e1.<\/li>\n<li>Po odesl\u00e1n\u00ed zbo\u017e\u00ed v\u00e1m poskytneme sledovac\u00ed \u010d\u00edslo, obvykle zbo\u017e\u00ed obdr\u017e\u00edte do p\u011bti dn\u016f.<\/li>\n<li>Pokud m\u00e1te jak\u00e9koli dotazy, kontaktujte n\u00e1s pros\u00edm e-mailem (na\u0161e e-mailov\u00e1 adresa je <a href=\"mailto:support@bjultrasonic.com\">support@bjultrasonic.com<\/a>).<\/li>\n<\/ul>\n<h3 align=\"left\">Z\u00e1ruka na produkt<\/h3>\n<p>Z\u00e1ru\u010dn\u00ed doba produktu je jeden rok. B\u011bhem z\u00e1ru\u010dn\u00ed doby lze zakoupen\u00e9 produkty opravit nebo vym\u011bnit zdarma.<\/p>\n","protected":false},"excerpt":{"rendered":"<p><a href=\"https:\/\/www.bjultrasonic.com\/cs\/category\/ultrasonic-cleaning-system-cs\/mechanical-ultrasonic-cleaner-cs\/\">Ultrazvukov\u00fd \u010disti\u010d s mechanick\u00fdm \u010dasova\u010dem<\/a> vyroben\u00fd spole\u010dnost\u00ed Beijing Ultrasonic. Vysokokvalitn\u00ed nerezov\u00e9 t\u011blo, \u010dasova\u010d a topn\u00e9 t\u011bleso jsou nastaviteln\u00e9.<\/p>\n","protected":false},"featured_media":5002,"comment_status":"open","ping_status":"closed","template":"","meta":[],"product_brand":[],"product_cat":[5983],"product_tag":[],"class_list":{"0":"post-70728","1":"product","2":"type-product","3":"status-publish","4":"has-post-thumbnail","6":"product_cat-mechanical-ultrasonic-cleaner-cs","8":"first","9":"outofstock","10":"shipping-taxable","11":"purchasable","12":"product-type-simple","13":"prodpage-classic"},"aioseo_notices":[],"_links":{"self":[{"href":"https:\/\/www.bjultrasonic.com\/cs\/wp-json\/wp\/v2\/product\/70728","targetHints":{"allow":["GET"]}}],"collection":[{"href":"https:\/\/www.bjultrasonic.com\/cs\/wp-json\/wp\/v2\/product"}],"about":[{"href":"https:\/\/www.bjultrasonic.com\/cs\/wp-json\/wp\/v2\/types\/product"}],"replies":[{"embeddable":true,"href":"https:\/\/www.bjultrasonic.com\/cs\/wp-json\/wp\/v2\/comments?post=70728"}],"wp:featuredmedia":[{"embeddable":true,"href":"https:\/\/www.bjultrasonic.com\/cs\/wp-json\/wp\/v2\/media\/5002"}],"wp:attachment":[{"href":"https:\/\/www.bjultrasonic.com\/cs\/wp-json\/wp\/v2\/media?parent=70728"}],"wp:term":[{"taxonomy":"product_brand","embeddable":true,"href":"https:\/\/www.bjultrasonic.com\/cs\/wp-json\/wp\/v2\/product_brand?post=70728"},{"taxonomy":"product_cat","embeddable":true,"href":"https:\/\/www.bjultrasonic.com\/cs\/wp-json\/wp\/v2\/product_cat?post=70728"},{"taxonomy":"product_tag","embeddable":true,"href":"https:\/\/www.bjultrasonic.com\/cs\/wp-json\/wp\/v2\/product_tag?post=70728"}],"curies":[{"name":"wp","href":"https:\/\/api.w.org\/{rel}","templated":true}]}}