{"id":71088,"date":"2012-04-27T05:39:34","date_gmt":"2012-04-27T10:39:34","guid":{"rendered":"https:\/\/www.bjultrasonic.com\/shop\/1200w-ultrasonic-generator\/"},"modified":"2026-03-28T20:04:57","modified_gmt":"2026-03-29T01:04:57","slug":"1200w-ultrasonic-generator","status":"publish","type":"product","link":"https:\/\/www.bjultrasonic.com\/cs\/shop\/1200w-ultrasonic-generator\/","title":{"rendered":"1200W Digit\u00e1ln\u00ed Ultrazvukov\u00fd Gener\u00e1tor Pod 45 kHz"},"content":{"rendered":"<h3>Abychom mohli zbo\u017e\u00ed doru\u010dit v\u010das:<\/h3>\n<ul>\n<li>P\u0159i zad\u00e1v\u00e1n\u00ed objedn\u00e1vky n\u00e1s pros\u00edm informujte, jak\u00e9 nap\u011bt\u00ed (220V nebo 120V) a jakou frekvenci pot\u0159ebujete.<\/li>\n<li>Uve\u010fte n\u00e1m pros\u00edm podrobnou doru\u010dovac\u00ed adresu v\u010detn\u011b adresy, PS\u010c a telefonn\u00edho \u010d\u00edsla.<\/li>\n<li>Pokud va\u0161e objedn\u00e1vka v\u00e1\u017e\u00ed v\u00edce ne\u017e 21 kg, kontaktujte n\u00e1s pro zji\u0161t\u011bn\u00ed ekonomick\u00e9 p\u0159epravn\u00ed sazby.<\/li>\n<\/ul>\n<h3>Pozn\u00e1mky<\/h3>\n<ul>\n<li><a href=\"https:\/\/www.bjultrasonic.com\/cs\/category\/ultrasonic-generator-cs\/\">Ultrazvukov\u00e9 gener\u00e1tory<\/a> jsou produkty vyr\u00e1b\u011bn\u00e9 na zak\u00e1zku. Pro cenovou nab\u00eddku n\u00e1s pros\u00edm <a href=\"https:\/\/www.bjultrasonic.com\/contact\/\">kontaktujte prost\u0159ednictv\u00edm na\u0161eho obchodn\u00edho z\u00e1stupce<\/a>. Brzy v\u00e1m odpov\u00edme.<\/li>\n<li>M\u016f\u017eeme navrhnout a vyrobit r\u016fzn\u00e9 ultrazvukov\u00e9 gener\u00e1tory na z\u00e1klad\u011b <strong>frekvence<\/strong> a <strong>nap\u011bt\u00ed<\/strong>.<\/li>\n<\/ul>\n<p><img loading=\"lazy\" decoding=\"async\" class=\"alignnone wp-image-5021\" title=\"Ultrazvukov\u00fd sign\u00e1ln\u00ed gener\u00e1tor\" src=\"https:\/\/www.bjultrasonic.com\/wp-content\/uploads\/2012\/05\/Ultrasonic-Signal-Generator.jpg\" alt=\"Ultrazvukov\u00fd sign\u00e1ln\u00ed gener\u00e1tor\" width=\"600\" height=\"450\" \/><\/p>\n<h3>Vnit\u0159n\u00ed struktura digit\u00e1ln\u00edho ultrazvukov\u00e9ho gener\u00e1toru<\/h3>\n<p><img loading=\"lazy\" decoding=\"async\" src=\"https:\/\/www.bjultrasonic.com\/wp-content\/uploads\/2018\/07\/Internal-Structure-Of-Digital-Ultrasonic-Generator.png\" alt=\"Vnit\u0159n\u00ed struktura digit\u00e1ln\u00edho ultrazvukov\u00e9ho gener\u00e1toru\" width=\"650\" height=\"578\" \/><\/p>\n<h3>Hlavn\u00ed technick\u00e9 parametry 1200W ultrazvukov\u00e9ho gener\u00e1toru<\/h3>\n<ul>\n<li><strong>Rozm\u011bry<\/strong>: 300mm*360mm*160mm (D*\u0160*V)<\/li>\n<li><strong>Pracovn\u00ed proud<\/strong>: 4,5A<\/li>\n<li><strong>Pracovn\u00ed nap\u011bt\u00ed<\/strong>: 200V-240V\/50HZ, 100V-120V\/60HZ<\/li>\n<li><strong>Frekvence<\/strong>: od 20 kHz do 40 kHz (nap\u0159. 20 kHz, 25 kHz, 28 kHz, 30 kHz, 33 kHz, 40 kHz)<\/li>\n<\/ul>\n<p>Ultrazvukov\u00fd gener\u00e1tor je ned\u00edlnou sou\u010d\u00e1st\u00ed <a href=\"https:\/\/www.bjultrasonic.com\/cs\/category\/ultrasonic-cleaning-system-cs\/\">ultrazvukov\u00e9 \u010distic\u00ed jednotky<\/a>. Kvalita ultrazvukov\u00e9ho gener\u00e1toru p\u0159\u00edmo ur\u010duje \u010distic\u00ed \u00fa\u010dinek ultrazvukov\u00e9ho \u010distic\u00edho syst\u00e9mu. Digit\u00e1ln\u00ed ultrazvukov\u00e9 gener\u00e1tory jsou samostatn\u011b vyv\u00edjeny a vyr\u00e1b\u011bny spole\u010dnost\u00ed Beijing Ultrasonic.<\/p>\n<h3>Typick\u00e9 vlastnosti ultrazvukov\u00e9ho gener\u00e1toru<\/h3>\n<ul>\n<li>Ovl\u00e1d\u00e1n\u00ed programov\u00e1n\u00edm pomoc\u00ed tla\u010d\u00edtek s digit\u00e1ln\u00edm displejem nastaven\u00ed, na displeji m\u016f\u017eeme vid\u011bt pracovn\u00ed podm\u00ednky (jako pracovn\u00ed frekvenci, pracovn\u00ed proud).<\/li>\n<li>Pou\u017eit\u00ed digit\u00e1ln\u00ed \u0159\u00eddic\u00ed technologie, perfektn\u00ed n\u00e1vrh obvodu, stabilita v\u00fdstupn\u00edho v\u00fdkonu.<\/li>\n<li>Ochrana proti nadproudu, p\u0159eh\u0159\u00e1t\u00ed a p\u0159ep\u011bt\u00ed.<\/li>\n<li>Vysokonap\u011b\u0165ov\u00fd a n\u00edzkonap\u011b\u0165ov\u00fd obvod jsou zcela odd\u011bleny, provozn\u00ed bezpe\u010dnost.<\/li>\n<li>Ultrazvukov\u00fd v\u00fdkon, \u010dasova\u010d a frekvence lze podle pot\u0159eby upravovat tak, aby vyhovovaly \u010di\u0161t\u011bn\u00ed r\u016fzn\u00fdch produkt\u016f. (\u0158\u00edzen\u00ed \u010dasu: 0-59&#8217;59&#8220;) (Rozsah \u0159\u00edzen\u00ed v\u00fdkonu: 0-100 %)<\/li>\n<li>Efektivn\u00ed chladic\u00ed syst\u00e9m.<\/li>\n<li>Funkce proch\u00e1zen\u00ed frekvence (sweep).<\/li>\n<\/ul>\n<h3>Video: Ultrazvukov\u00fd frekven\u010dn\u00ed gener\u00e1tor | Ultrazvukov\u00fd sign\u00e1ln\u00ed gener\u00e1tor | Gener\u00e1tor ultrazvukov\u00fdch vln<\/h3>\n<p><iframe loading=\"lazy\" title=\"Ultrasonic Signal Generator Circuit - Beijing Ultrasonic\" width=\"500\" height=\"281\" src=\"https:\/\/www.youtube.com\/embed\/A9JdQN5e5G8?feature=oembed\" frameborder=\"0\" allow=\"accelerometer; autoplay; clipboard-write; encrypted-media; gyroscope; picture-in-picture; web-share\" referrerpolicy=\"strict-origin-when-cross-origin\" allowfullscreen><\/iframe><\/p>\n<h3>Sch\u00e9ma ultrazvukov\u00e9ho gener\u00e1toru<\/h3>\n<div id=\"attachment_1253\" style=\"width: 640px\" class=\"wp-caption alignnone\"><a href=\"https:\/\/www.bjultrasonic.com\/wp-content\/uploads\/2012\/07\/Ultrasonic-Generator-Schematic.jpg\" data-lightbox=\"image\"><img loading=\"lazy\" decoding=\"async\" aria-describedby=\"caption-attachment-1253\" title=\"Sch\u00e9ma ultrazvukov\u00e9ho gener\u00e1toru\" src=\"\/\/www.bjultrasonic.com\/wp-content\/uploads\/2012\/07\/Ultrasonic-Generator-Schematic.jpg\" alt=\"Sch\u00e9ma ultrazvukov\u00e9ho gener\u00e1toru\" width=\"630\" height=\"266\" \/><\/a><p id=\"caption-attachment-1253\" class=\"wp-caption-text\">Sch\u00e9ma ultrazvukov\u00e9ho gener\u00e1toru<\/p><\/div>\n","protected":false},"excerpt":{"rendered":"<p>Digit\u00e1ln\u00ed <a href=\"https:\/\/www.bjultrasonic.com\/cs\/category\/ultrasonic-generator-cs\/\">ultrasonick\u00fd gener\u00e1tor<\/a>, tak\u00e9 naz\u00fdvan\u00fd ultrazvukov\u00e1 sada gener\u00e1toru, vyu\u017e\u00edv\u00e1 pokro\u010dilou mikropo\u010d\u00edta\u010dovou \u0159\u00eddic\u00ed technologii a novou geometrii obvodu, co\u017e umo\u017e\u0148uje upravit ultrazvukovou frekvenci, \u010dasova\u010d a v\u00fdkon podle va\u0161ich po\u017eadavk\u016f.<\/p>\n","protected":false},"featured_media":19248,"comment_status":"open","ping_status":"closed","template":"","meta":[],"product_brand":[],"product_cat":[6065],"product_tag":[],"class_list":{"0":"post-71088","1":"product","2":"type-product","3":"status-publish","4":"has-post-thumbnail","6":"product_cat-ultrasonic-digital-generator-cs","8":"first","9":"instock","10":"shipping-taxable","11":"purchasable","12":"product-type-simple","13":"prodpage-classic"},"aioseo_notices":[],"_links":{"self":[{"href":"https:\/\/www.bjultrasonic.com\/cs\/wp-json\/wp\/v2\/product\/71088","targetHints":{"allow":["GET"]}}],"collection":[{"href":"https:\/\/www.bjultrasonic.com\/cs\/wp-json\/wp\/v2\/product"}],"about":[{"href":"https:\/\/www.bjultrasonic.com\/cs\/wp-json\/wp\/v2\/types\/product"}],"replies":[{"embeddable":true,"href":"https:\/\/www.bjultrasonic.com\/cs\/wp-json\/wp\/v2\/comments?post=71088"}],"wp:featuredmedia":[{"embeddable":true,"href":"https:\/\/www.bjultrasonic.com\/cs\/wp-json\/wp\/v2\/media\/19248"}],"wp:attachment":[{"href":"https:\/\/www.bjultrasonic.com\/cs\/wp-json\/wp\/v2\/media?parent=71088"}],"wp:term":[{"taxonomy":"product_brand","embeddable":true,"href":"https:\/\/www.bjultrasonic.com\/cs\/wp-json\/wp\/v2\/product_brand?post=71088"},{"taxonomy":"product_cat","embeddable":true,"href":"https:\/\/www.bjultrasonic.com\/cs\/wp-json\/wp\/v2\/product_cat?post=71088"},{"taxonomy":"product_tag","embeddable":true,"href":"https:\/\/www.bjultrasonic.com\/cs\/wp-json\/wp\/v2\/product_tag?post=71088"}],"curies":[{"name":"wp","href":"https:\/\/api.w.org\/{rel}","templated":true}]}}