{"id":71208,"date":"2012-04-27T03:58:57","date_gmt":"2012-04-27T08:58:57","guid":{"rendered":"https:\/\/www.bjultrasonic.com\/shop\/1200w-ultrasonic-immersible-transducer\/"},"modified":"2026-03-28T20:04:03","modified_gmt":"2026-03-29T01:04:03","slug":"1200w-ultrasonic-immersible-transducer","status":"publish","type":"product","link":"https:\/\/www.bjultrasonic.com\/cs\/shop\/1200w-ultrasonic-immersible-transducer\/","title":{"rendered":"1200W Pono\u0159iteln\u00fd ultrazvukov\u00fd \u010distic\u00ed m\u011bni\u010d"},"content":{"rendered":"<ul>\n<li><strong>V\u00fdkon<\/strong>: 1200 W (v\u010detn\u011b 20 ks 60 W <a href=\"https:\/\/www.bjultrasonic.com\/cs\/category\/ultrasonic-transducer-cs\/\">ultrazvukov\u00fdch \u010dist\u00edc\u00edch m\u011bni\u010d\u016f<\/a>)<\/li>\n<li><strong>Rozm\u011bry<\/strong>: 500*400*100 mm (D*\u0160*V)<\/li>\n<li><strong>Materi\u00e1l<\/strong>: Nerezov\u00e1 ocel 304.<\/li>\n<li>Vibra\u010dn\u00ed plocha je tvrd\u011b chromovan\u00e1.<\/li>\n<li><strong>Frekvence<\/strong>: 25 kHz, 28 kHz nebo 40 kHz. Pokud pot\u0159ebujete jinou frekvenci, kontaktujte n\u00e1s.<\/li>\n<\/ul>\n<p><img loading=\"lazy\" decoding=\"async\" src=\"https:\/\/www.bjultrasonic.com\/wp-content\/uploads\/2018\/08\/Waterproof-ultrasonic-immersible-transducers.jpg\" alt=\"\" width=\"600\" height=\"600\" \/><\/p>\n<h3>Pozn\u00e1mky<\/h3>\n<ul>\n<li>Ponorn\u00e9 ultrazvukov\u00e9 m\u011bni\u010de jsou vyr\u00e1b\u011bny na zak\u00e1zku. Pro cenovou nab\u00eddku pros\u00edm kontaktujte na\u0161eho obchodn\u00edho z\u00e1stupce (<a href=\"https:\/\/www.bjultrasonic.com\/contact\/\" target=\"_blank\" rel=\"noopener\">Kontaktn\u00ed formul\u00e1\u0159<\/a>). Brzy v\u00e1m odpov\u00edme.<\/li>\n<li>M\u016f\u017eeme navrhnout a vyrobit r\u016fzn\u00e9 typy ponorn\u00fdch ultrazvukov\u00fdch m\u011bni\u010d\u016f podle po\u017eadavk\u016f.<\/li>\n<\/ul>\n<h3>Video ponorn\u00e9ho ultrazvukov\u00e9ho m\u011bni\u010de<\/h3>\n<p><iframe loading=\"lazy\" title=\"Immersible Ultrasonic Transducer - Beijing Ultrasonic\" width=\"500\" height=\"281\" src=\"https:\/\/www.youtube.com\/embed\/YhR7G7HcMNo?feature=oembed\" frameborder=\"0\" allow=\"accelerometer; autoplay; clipboard-write; encrypted-media; gyroscope; picture-in-picture; web-share\" referrerpolicy=\"strict-origin-when-cross-origin\" allowfullscreen><\/iframe><\/p>\n<h3>Vlastnosti ponorn\u00e9ho ultrazvukov\u00e9ho m\u011bni\u010de<\/h3>\n<ul>\n<li>Celonerezov\u00e1 konstrukce: odoln\u00e1 v\u016f\u010di kyselin\u00e1m a z\u00e1sad\u00e1m, estetick\u00e1 a trvanliv\u00e1.<\/li>\n<li>Pou\u017eit\u00ed d\u011blen\u00e9 konstrukce: mezi m\u011bni\u010dem a ultrazvukov\u00fdm gener\u00e1torem se pou\u017e\u00edv\u00e1 vysokofrekven\u010dn\u00ed konektor, co\u017e je praktick\u00e9 a usnad\u0148uje \u00fadr\u017ebu.<\/li>\n<li>Mnoho zp\u016fsob\u016f instalace: m\u011bni\u010d lze podle pot\u0159eby um\u00edstit na <strong>dno<\/strong>, <strong>povrch<\/strong>, <strong>st\u011bnu<\/strong> nebo <strong>vrch<\/strong> \u010distic\u00ed n\u00e1dr\u017ee.\n<div id=\"attachment_853\" style=\"width: 252px\" class=\"wp-caption alignnone\"><img loading=\"lazy\" decoding=\"async\" aria-describedby=\"caption-attachment-853\" class=\"size-full wp-image-853\" title=\"the Type of Ultrasonic Immersible Transducer Installation\" src=\"\/\/www.bjultrasonic.com\/wp-content\/uploads\/2012\/04\/20124274.jpg\" alt=\"the type of ultrasonic immersible transducer installation\" width=\"242\" height=\"155\" \/><p id=\"caption-attachment-853\" class=\"wp-caption-text\">Typ instalace ponorn\u00e9ho ultrazvukov\u00e9ho m\u011bni\u010de<\/p><\/div><\/li>\n<\/ul>\n<h3>Aplikace ponorn\u00e9ho ultrazvukov\u00e9ho m\u011bni\u010de<\/h3>\n<ul>\n<li>P\u0159edpokovac \u010di\u0161t\u011bn\u00ed sou\u010d\u00e1stek, odstra\u0148ov\u00e1n\u00ed oleje a ne\u010distot z kovov\u00fdch mechanick\u00fdch d\u00edl\u016f, \u010di\u0161t\u011bn\u00ed polovodi\u010dov\u00fdch k\u0159em\u00edkov\u00fdch desti\u010dek, obrou\u010dek br\u00fdl\u00ed a sklen\u011bn\u00fdch n\u00e1dob.<\/li>\n<li>\u010co\u010dky, slune\u010dn\u00ed br\u00fdle, kr\u00e1tkozrak\u00e1 zrcadla a hranoly, mikroskopy, fotoapar\u00e1ty, sklen\u011bn\u00e9 za\u0159\u00edzen\u00ed atd.<\/li>\n<\/ul>\n<h3>Dal\u0161\u00ed obr\u00e1zky ponorn\u00e9ho ultrazvukov\u00e9ho m\u011bni\u010de<\/h3>\n<div id=\"attachment_856\" style=\"width: 460px\" class=\"wp-caption alignnone\"><a href=\"https:\/\/www.bjultrasonic.com\/wp-content\/uploads\/2012\/04\/20124272.jpg\" data-lightbox=\"image\"><img loading=\"lazy\" decoding=\"async\" aria-describedby=\"caption-attachment-856\" class=\"size-full wp-image-856 \" title=\"vibration effects of ultrasonic immersible transducer\" src=\"\/\/www.bjultrasonic.com\/wp-content\/uploads\/2012\/04\/20124272.jpg\" alt=\"vibration effects of ultrasonic immersible transducer\" width=\"450\" height=\"337\" srcset=\"https:\/\/www.bjultrasonic.com\/wp-content\/uploads\/2012\/04\/20124272.jpg 1500w, https:\/\/www.bjultrasonic.com\/wp-content\/uploads\/2012\/04\/20124272-1170x878.jpg 1170w\" sizes=\"auto, (max-width: 450px) 100vw, 450px\" \/><\/a><p id=\"caption-attachment-856\" class=\"wp-caption-text\">Vibra\u010dn\u00ed efekty ponorn\u00e9ho ultrazvukov\u00e9ho m\u011bni\u010de<\/p><\/div>\n<hr \/>\n<div id=\"attachment_857\" style=\"width: 460px\" class=\"wp-caption alignnone\"><a href=\"https:\/\/www.bjultrasonic.com\/wp-content\/uploads\/2012\/04\/20124273.jpg\" data-lightbox=\"image\"><img loading=\"lazy\" decoding=\"async\" aria-describedby=\"caption-attachment-857\" class=\"size-full wp-image-857 \" title=\"Inside of Ultrasonic Immersible Transducer\" src=\"\/\/www.bjultrasonic.com\/wp-content\/uploads\/2012\/04\/20124273.jpg\" alt=\"Inside of Ultrasonic Immersible Transducer\" width=\"450\" height=\"350\" \/><\/a><p id=\"caption-attachment-857\" class=\"wp-caption-text\">Vnit\u0159ek ponorn\u00e9ho ultrazvukov\u00e9ho m\u011bni\u010de<\/p><\/div>\n<h3>Platba<\/h3>\n<p>P\u0159ij\u00edm\u00e1me platby p\u0159es PayPal, bankovn\u00edm p\u0159evodem (T\/T) a Western Union.<\/p>\n<h3 class=\"shipping-methods\">Doprava<\/h3>\n<p>Zbo\u017e\u00ed bude odesl\u00e1no do 48 hodin po p\u0159ijet\u00ed cel\u00e9 platby.<\/p>\n<ul>\n<li>Zbo\u017e\u00ed zas\u00edl\u00e1me na adresu uvedenou v platb\u011b PayPal. Ujist\u011bte se pros\u00edm, \u017ee adresa v PayPal je spr\u00e1vn\u00e1.<\/li>\n<li>Po odesl\u00e1n\u00ed zbo\u017e\u00ed v\u00e1m za\u0161leme sledovac\u00ed \u010d\u00edslo. Obvykle zbo\u017e\u00ed obdr\u017e\u00edte do p\u011bti dn\u016f.<\/li>\n<li>Pokud m\u00e1te jak\u00e9koli dotazy, kontaktujte n\u00e1s pros\u00edm e-mailem (na\u0161e e-mailov\u00e1 adresa je <a href=\"mailto:support@bjultrasonic.com\">support@bjultrasonic.com<\/a>).<\/li>\n<\/ul>\n<h3 align=\"left\">Z\u00e1ruka na produkt<\/h3>\n<p>Z\u00e1ru\u010dn\u00ed doba produktu je jeden rok. B\u011bhem z\u00e1ru\u010dn\u00ed doby zakoupen\u00e9 produkty po\u017e\u00edvaj\u00ed bezplatn\u00e9 opravy nebo v\u00fdm\u011bny.<\/p>\n","protected":false},"excerpt":{"rendered":"<ul>\n<li>1200W Pono\u0159iteln\u00fd ultrazvukov\u00fd \u010disti\u010d<\/li>\n<li>1200W Pono\u0159iteln\u00fd \u0159adov\u00fd m\u011bni\u010d<\/li>\n<li>1200W Pono\u0159iteln\u00e9 ultrazvukov\u00e9 \u010distic\u00ed m\u011bni\u010de<\/li>\n<li>1200W Pono\u0159iteln\u00fd ultrazvukov\u00fd m\u011bni\u010dov\u00fd syst\u00e9m<\/li>\n<li>1200W F\u00e1zovan\u00fd ultrazvukov\u00fd m\u011bni\u010d<\/li>\n<li>1200W Pono\u0159iteln\u00fd ultrazvukov\u00fd \u010disti\u010d<\/li>\n<li>1200W Ultrazvukov\u00fd pono\u0159iteln\u00fd m\u011bni\u010d<\/li>\n<li>1200W Podvodn\u00ed ultrazvukov\u00fd piezoelektrick\u00fd m\u011bni\u010d<\/li>\n<li>1200W Ultrazvukov\u00e1 pono\u0159en\u00e1 m\u011bni\u010dov\u00e1 deska<\/li>\n<li>1200W Vod\u011bodoln\u00fd ultrazvukov\u00fd pono\u0159iteln\u00fd m\u011bni\u010d<\/li>\n<li>1200W Vod\u011bodoln\u00fd piezoelektrick\u00fd ultrazvukov\u00fd m\u011bni\u010d<\/li>\n<\/ul>\n","protected":false},"featured_media":19481,"comment_status":"open","ping_status":"closed","template":"","meta":[],"product_brand":[],"product_cat":[5930],"product_tag":[],"class_list":{"0":"post-71208","1":"product","2":"type-product","3":"status-publish","4":"has-post-thumbnail","6":"product_cat-ultrasonic-immersible-transducer-cs","8":"first","9":"instock","10":"shipping-taxable","11":"purchasable","12":"product-type-simple","13":"prodpage-classic"},"aioseo_notices":[],"_links":{"self":[{"href":"https:\/\/www.bjultrasonic.com\/cs\/wp-json\/wp\/v2\/product\/71208","targetHints":{"allow":["GET"]}}],"collection":[{"href":"https:\/\/www.bjultrasonic.com\/cs\/wp-json\/wp\/v2\/product"}],"about":[{"href":"https:\/\/www.bjultrasonic.com\/cs\/wp-json\/wp\/v2\/types\/product"}],"replies":[{"embeddable":true,"href":"https:\/\/www.bjultrasonic.com\/cs\/wp-json\/wp\/v2\/comments?post=71208"}],"wp:featuredmedia":[{"embeddable":true,"href":"https:\/\/www.bjultrasonic.com\/cs\/wp-json\/wp\/v2\/media\/19481"}],"wp:attachment":[{"href":"https:\/\/www.bjultrasonic.com\/cs\/wp-json\/wp\/v2\/media?parent=71208"}],"wp:term":[{"taxonomy":"product_brand","embeddable":true,"href":"https:\/\/www.bjultrasonic.com\/cs\/wp-json\/wp\/v2\/product_brand?post=71208"},{"taxonomy":"product_cat","embeddable":true,"href":"https:\/\/www.bjultrasonic.com\/cs\/wp-json\/wp\/v2\/product_cat?post=71208"},{"taxonomy":"product_tag","embeddable":true,"href":"https:\/\/www.bjultrasonic.com\/cs\/wp-json\/wp\/v2\/product_tag?post=71208"}],"curies":[{"name":"wp","href":"https:\/\/api.w.org\/{rel}","templated":true}]}}