{"id":71548,"date":"2012-04-06T22:35:25","date_gmt":"2012-04-07T03:35:25","guid":{"rendered":"https:\/\/www.bjultrasonic.com\/shop\/5pcs-45155-ring-piezoelectric-ceramic\/"},"modified":"2026-03-28T20:00:51","modified_gmt":"2026-03-29T01:00:51","slug":"5pcs-45155-ring-piezoelectric-ceramic","status":"publish","type":"product","link":"https:\/\/www.bjultrasonic.com\/cs\/shop\/5pcs-45155-ring-piezoelectric-ceramic\/","title":{"rendered":"10KS 45*15*5 Piezokeramick\u00fd prsten"},"content":{"rendered":"<p><iframe loading=\"lazy\" title=\"Piezoelectric Ceramics | Piezoceramics\" width=\"500\" height=\"281\" src=\"https:\/\/www.youtube.com\/embed\/1Z8-9WdJKhQ?feature=oembed\" frameborder=\"0\" allow=\"accelerometer; autoplay; clipboard-write; encrypted-media; gyroscope; picture-in-picture; web-share\" referrerpolicy=\"strict-origin-when-cross-origin\" allowfullscreen><\/iframe><\/p>\n<h3>M\u016f\u017eeme p\u0159izp\u016fsobit r\u016fzn\u00e9 piezoelektrick\u00e9 keramiky podle po\u017eadavk\u016f.<\/h3>\n<p>Materi\u00e1l piezoelektrick\u00e9 keramiky: PZT4, PZT5, PZT8 nebo jin\u00fd po\u017eadovan\u00fd piezoelektrick\u00fd materi\u00e1l.<\/p>\n<h2>Specifikace 5 ks piezoelektrick\u00e9ho keramick\u00e9ho krou\u017eku 45*15*5<\/h2>\n<table class=\"table table-striped table-bordered\"   id=\"wp-table-reloaded-id-38-no-1\">\n<tbody>\n<tr>\n<td>Rozm\u011br (vn\u011bj\u0161\u00ed pr\u016fm\u011br*vnit\u0159n\u00ed pr\u016fm\u011br*tlou\u0161\u0165ka)<\/td>\n<td>45*15*5<\/td>\n<\/tr>\n<tr>\n<td>Kapacita (pf)<\/td>\n<td>2580\u00b110%<\/td>\n<\/tr>\n<tr>\n<td>Radi\u00e1ln\u00ed frekvence fr(khz)<\/td>\n<td>38\u00b15%<\/td>\n<\/tr>\n<tr>\n<td>Impedance rezonance zm<\/td>\n<td>\u226415<\/td>\n<\/tr>\n<tr>\n<td>Tlust\u00e1 frekvence Ft(khz)<\/td>\n<td>410<\/td>\n<\/tr>\n<tr>\n<td>Koeficient vazby Kr(%)<\/td>\n<td>\u226545<\/td>\n<\/tr>\n<tr>\n<td>\u010cinitel jakosti (Qm)<\/td>\n<td>\u2265800<\/td>\n<\/tr>\n<tr>\n<td>Hmotnost 5 ks<\/td>\n<td>1kg<\/td>\n<\/tr>\n<\/tbody>\n<\/table>\n<h3>Aplikace piezoelektrick\u00e9 keramiky:<\/h3>\n<ul>\n<li>Ultrazvukov\u00fd senzor<\/li>\n<li>Ultrazvukov\u00fd m\u011bni\u010d<\/li>\n<li>L\u00e9ka\u0159sk\u00fd senzor<\/li>\n<li>Vibra\u010dn\u00ed senzor<\/li>\n<li>Tlakov\u00fd senzor<\/li>\n<li>Tlakov\u00fd senzor a dal\u0161\u00ed<\/li>\n<\/ul>\n<p><strong>Upozorn\u011bn\u00ed: Pokud nenajdete vhodnou velikost pro va\u0161i popt\u00e1vku, kontaktujte n\u00e1s e-mailem a my v\u00e1m porad\u00edme.<\/strong><\/p>\n<h3>Platba<\/h3>\n<p>Nyn\u00ed p\u0159ij\u00edm\u00e1me platby p\u0159es PayPal, T\/T a Western Union.<\/p>\n<h3 class=\"shipping-methods\">Doprava<\/h3>\n<p>Zbo\u017e\u00ed bude odesl\u00e1no do 48 hodin po obdr\u017een\u00ed pln\u00e9 platby.<\/p>\n<ul>\n<li>Zbo\u017e\u00ed odes\u00edl\u00e1me na adresu uvedenou v platb\u011b PayPal. Ujist\u011bte se pros\u00edm, \u017ee adresa v PayPal je spr\u00e1vn\u00e1.<\/li>\n<li>Po odesl\u00e1n\u00ed zbo\u017e\u00ed v\u00e1m poskytneme \u010d\u00edslo pro sledov\u00e1n\u00ed z\u00e1silky, obecn\u011b zbo\u017e\u00ed obdr\u017e\u00edte do p\u011bti dn\u016f.<\/li>\n<li>Pokud m\u00e1te jak\u00e9koli dotazy, kontaktujte n\u00e1s pros\u00edm e-mailem (na\u0161e e-mailov\u00e1 adresa je <a href=\"mailto:support@bjultrasonic.com\">support@bjultrasonic.com<\/a>)<\/li>\n<\/ul>\n<h3 align=\"left\">Z\u00e1ruka na produkt<\/h3>\n<p>Z\u00e1ru\u010dn\u00ed doba produktu je jeden rok. B\u011bhem z\u00e1ru\u010dn\u00ed doby lze zakoupen\u00e9 produkty bezplatn\u011b opravit nebo vym\u011bnit.<\/p>\n","protected":false},"excerpt":{"rendered":"<p><a href=\"https:\/\/www.bjultrasonic.com\/cs\/category\/piezoelectric-ceramic-cs\/ring-piezoelectric-ceramics-cs\/\">Piezoelektrick\u00fd keramick\u00fd krou\u017eek<\/a> (piezokeramick\u00fd krou\u017eek) vyr\u00e1b\u011bn\u00fd spole\u010dnost\u00ed Beijing Ultrasonic \u2013 profesion\u00e1ln\u00ed dodavatel a v\u00fdrobce <a href=\"https:\/\/www.bjultrasonic.com\/cs\/category\/piezoelectric-ceramic-cs\/\">piezoelektrick\u00e9 keramiky<\/a>.<\/p>\n","protected":false},"featured_media":23773,"comment_status":"open","ping_status":"closed","template":"","meta":[],"product_brand":[],"product_cat":[5739,5640],"product_tag":[],"class_list":{"0":"post-71548","1":"product","2":"type-product","3":"status-publish","4":"has-post-thumbnail","6":"product_cat-ring-piezoelectric-ceramics-cs","7":"product_cat-piezoelectric-ceramic-cs","9":"first","10":"instock","11":"shipping-taxable","12":"purchasable","13":"product-type-simple","14":"prodpage-classic"},"aioseo_notices":[],"_links":{"self":[{"href":"https:\/\/www.bjultrasonic.com\/cs\/wp-json\/wp\/v2\/product\/71548","targetHints":{"allow":["GET"]}}],"collection":[{"href":"https:\/\/www.bjultrasonic.com\/cs\/wp-json\/wp\/v2\/product"}],"about":[{"href":"https:\/\/www.bjultrasonic.com\/cs\/wp-json\/wp\/v2\/types\/product"}],"replies":[{"embeddable":true,"href":"https:\/\/www.bjultrasonic.com\/cs\/wp-json\/wp\/v2\/comments?post=71548"}],"wp:featuredmedia":[{"embeddable":true,"href":"https:\/\/www.bjultrasonic.com\/cs\/wp-json\/wp\/v2\/media\/23773"}],"wp:attachment":[{"href":"https:\/\/www.bjultrasonic.com\/cs\/wp-json\/wp\/v2\/media?parent=71548"}],"wp:term":[{"taxonomy":"product_brand","embeddable":true,"href":"https:\/\/www.bjultrasonic.com\/cs\/wp-json\/wp\/v2\/product_brand?post=71548"},{"taxonomy":"product_cat","embeddable":true,"href":"https:\/\/www.bjultrasonic.com\/cs\/wp-json\/wp\/v2\/product_cat?post=71548"},{"taxonomy":"product_tag","embeddable":true,"href":"https:\/\/www.bjultrasonic.com\/cs\/wp-json\/wp\/v2\/product_tag?post=71548"}],"curies":[{"name":"wp","href":"https:\/\/api.w.org\/{rel}","templated":true}]}}