{"id":72008,"date":"2012-03-27T04:48:20","date_gmt":"2012-03-27T09:48:20","guid":{"rendered":"https:\/\/www.bjultrasonic.com\/shop\/60w-220v-ultrasonic-pcb-generator\/"},"modified":"2026-03-28T19:56:40","modified_gmt":"2026-03-29T00:56:40","slug":"60w-220v-ultrasonic-pcb-generator","status":"publish","type":"product","link":"https:\/\/www.bjultrasonic.com\/cs\/shop\/60w-220v-ultrasonic-pcb-generator\/","title":{"rendered":"220V 60W Ultrazvukov\u00fd Piezoelektrick\u00fd M\u011bni\u010d \u0158\u00eddic\u00ed Obvod"},"content":{"rendered":"<h2>Specifikace 60W\/220V ultrazvukov\u00e9ho gener\u00e1toru PCB<\/h2>\n<table id=\"wp-table-reloaded-id-25-no-1\" class=\"table table-striped table-bordered\">\n<tbody>\n<tr>\n<td>Frekvence<\/td>\n<td>40 KHz, 28kHz, 25kHz<\/td>\n<\/tr>\n<tr>\n<td>V\u00fdkon<\/td>\n<td>60W<\/td>\n<\/tr>\n<tr>\n<td>Poh\u00e1n\u011bn\u00fd m\u011bni\u010d<\/td>\n<td>Jeden 50W m\u011bni\u010d nebo jeden 60W m\u011bni\u010d<\/td>\n<\/tr>\n<tr>\n<td>Nap\u00e1jen\u00ed<\/td>\n<td>Vstup: 200V~230V AC<\/td>\n<\/tr>\n<tr>\n<td>Hmotnost<\/td>\n<td>300g\/ks<\/td>\n<\/tr>\n<\/tbody>\n<\/table>\n<p><strong>Ultrazvukov\u00e1 deska plo\u0161n\u00fdch spoj\u016f pro ultrazvukov\u00fd m\u011bni\u010d<\/strong><\/p>\n<p><strong>Upozorn\u011bn\u00ed: laskav\u011b n\u00e1m sd\u011blte, kterou frekvenci pot\u0159ebujete.<\/strong><\/p>\n<ul>\n<li><a href=\"https:\/\/www.bjultrasonic.com\/cs\/category\/ultrasonic-generator-cs\/\">Ultrazvukov\u00fd gener\u00e1tor<\/a> nelze zapnout bez z\u00e1t\u011b\u017ee (napr\u00e1zdno).<\/li>\n<li>Po instalaci nelze zapnout, dokud se nenanese \u010distic\u00ed kapalina.<\/li>\n<li><a href=\"https:\/\/www.bjultrasonic.com\/cs\/category\/ultrasonic-transducer-cs\/\">Ultrazvukov\u00fd m\u011bni\u010d<\/a> m\u00e1 dva v\u00fdvody. Kladn\u00fd (+) se nach\u00e1z\u00ed uprost\u0159ed mezi dv\u011bma keramick\u00fdmi deskami. Z\u00e1porn\u00fd (-) je pobl\u00ed\u017e spodn\u00edho kovov\u00e9ho sloupku. P\u0159i zapojov\u00e1n\u00ed pros\u00edm ned\u011blejte chybu.<\/li>\n<li>V\u011bt\u0161\u00ed strana keramick\u00e9ho m\u011bni\u010de se \u0161roubovac\u00edm otvorem, kter\u00e1 m\u00e1 vibra\u010dn\u00ed funkci, m\u016f\u017ee b\u00fdt p\u0159ipevn\u011bna ke dnu \u010distic\u00edho p\u0159\u00edstroje. Ujist\u011bte se pros\u00edm, \u017ee je \u010distic\u00ed p\u0159\u00edstroj bezpe\u010dn\u011b uzemn\u011bn.<\/li>\n<li>Keramick\u00fd m\u011bni\u010d by m\u011bl b\u00fdt p\u0159ilepen ke dnu \u010distic\u00edho p\u0159\u00edstroje pomoc\u00ed speci\u00e1ln\u00edho lepidla pro m\u011bni\u010de nebo pomoc\u00ed AB lepic\u00ed ty\u010dinky, ale efekt je o n\u011bco hor\u0161\u00ed, nebo lze pou\u017e\u00edt epoxidovou prysky\u0159ici v pom\u011bru 10:4.<\/li>\n<li>Pracovn\u00ed nap\u011bt\u00ed desky plo\u0161n\u00fdch spoj\u016f je 600V. V\u00fdstupn\u00ed nap\u011bt\u00ed na m\u011bni\u010d je 1100V. Ujist\u011bte se pros\u00edm, \u017ee je \u010distic\u00ed p\u0159\u00edstroj bezpe\u010dn\u011b uzemn\u011bn. Pro zaji\u0161t\u011bn\u00ed bezpe\u010dnosti pros\u00edm zajist\u011bte, aby byl na nap\u00e1jec\u00edm zdroji instalov\u00e1n jisti\u010d chr\u00e1n\u00edc\u00ed p\u0159ed \u00fanikem proudu (RCD).<\/li>\n<\/ul>\n<h3>Platba<\/h3>\n<p>P\u0159ij\u00edm\u00e1me PayPal, T\/T (bankovn\u00ed p\u0159evod) a Western Union.<\/p>\n<h3 class=\"shipping-methods\">Doprava<\/h3>\n<p>Zbo\u017e\u00ed bude odesl\u00e1no do 48 hodin po obdr\u017een\u00ed cel\u00e9 platby.<\/p>\n<ul>\n<li>Zbo\u017e\u00ed zas\u00edl\u00e1me na adresu uvedenou v platb\u011b PayPal. Ujist\u011bte se pros\u00edm, \u017ee adresa v PayPal je spr\u00e1vn\u00e1.<\/li>\n<li>Po odesl\u00e1n\u00ed zbo\u017e\u00ed v\u00e1m za\u0161leme sledovac\u00ed \u010d\u00edslo, zpravidla zbo\u017e\u00ed obdr\u017e\u00edte do p\u011bti dn\u016f.<\/li>\n<li>Pokud m\u00e1te jak\u00e9koli dotazy, kontaktujte n\u00e1s pros\u00edm e-mailem (na\u0161e e-mailov\u00e1 adresa je <a href=\"mailto:support@bjultrasonic.com\">support@bjultrasonic.com<\/a>).<\/li>\n<\/ul>\n<h3 align=\"left\">Z\u00e1ruka na produkt<\/h3>\n<p>Z\u00e1ru\u010dn\u00ed doba produktu je jeden rok. B\u011bhem z\u00e1ru\u010dn\u00ed doby zakoupen\u00e9 produkty po\u017e\u00edvaj\u00ed pr\u00e1va na bezplatnou opravu nebo v\u00fdm\u011bnu.<\/p>\n<h3>Video seznam: \u0158adi\u010d ultrazvukov\u00e9ho m\u011bni\u010de<\/h3>\n<p><iframe loading=\"lazy\" width=\"560\" height=\"315\" src=\"https:\/\/www.youtube.com\/embed\/videoseries?list=PLLrjMYkO0_NG56zqmQN9W9F1Xf9eev6dc\" frameborder=\"0\" allow=\"autoplay; encrypted-media\" allowfullscreen><\/iframe><\/p>\n","protected":false},"excerpt":{"rendered":"<p>Obvod ultrazvukov\u00e9ho gener\u00e1toru, tak\u00e9 zn\u00e1m\u00fd jako <a href=\"https:\/\/www.bjultrasonic.com\/cs\/category\/ultrasonic-transducer-cs\/\">obvod pro ovl\u00e1d\u00e1n\u00ed ultrazvukov\u00e9ho m\u011bni\u010de<\/a> nebo <a href=\"https:\/\/www.bjultrasonic.com\/cs\/category\/ultrasonic-generator-cs\/ultrasonic-generator-circuits-cs\/\">nap\u00e1jec\u00ed deska pro ovl\u00e1d\u00e1n\u00ed ultrazvukov\u00e9ho \u010disti\u010de<\/a>. Poskytuje <a href=\"https:\/\/www.bjultrasonic.com\/cs\/category\/ultrasonic-generator-cs\/\">ultrazvukovou frekvenci<\/a> pro pohon ultrazvukov\u00fdch m\u011bni\u010d\u016f uvnit\u0159 <a href=\"https:\/\/www.bjultrasonic.com\/cs\/category\/ultrasonic-cleaning-system-cs\/\">ultrazvukov\u00fdch \u010disti\u010d\u016f<\/a>.<\/p>\n","protected":false},"featured_media":19274,"comment_status":"open","ping_status":"closed","template":"","meta":[],"product_brand":[],"product_cat":[6106],"product_tag":[],"class_list":{"0":"post-72008","1":"product","2":"type-product","3":"status-publish","4":"has-post-thumbnail","6":"product_cat-ultrasonic-generator-circuits-cs","8":"first","9":"instock","10":"shipping-taxable","11":"purchasable","12":"product-type-simple","13":"prodpage-classic"},"aioseo_notices":[],"_links":{"self":[{"href":"https:\/\/www.bjultrasonic.com\/cs\/wp-json\/wp\/v2\/product\/72008","targetHints":{"allow":["GET"]}}],"collection":[{"href":"https:\/\/www.bjultrasonic.com\/cs\/wp-json\/wp\/v2\/product"}],"about":[{"href":"https:\/\/www.bjultrasonic.com\/cs\/wp-json\/wp\/v2\/types\/product"}],"replies":[{"embeddable":true,"href":"https:\/\/www.bjultrasonic.com\/cs\/wp-json\/wp\/v2\/comments?post=72008"}],"wp:featuredmedia":[{"embeddable":true,"href":"https:\/\/www.bjultrasonic.com\/cs\/wp-json\/wp\/v2\/media\/19274"}],"wp:attachment":[{"href":"https:\/\/www.bjultrasonic.com\/cs\/wp-json\/wp\/v2\/media?parent=72008"}],"wp:term":[{"taxonomy":"product_brand","embeddable":true,"href":"https:\/\/www.bjultrasonic.com\/cs\/wp-json\/wp\/v2\/product_brand?post=72008"},{"taxonomy":"product_cat","embeddable":true,"href":"https:\/\/www.bjultrasonic.com\/cs\/wp-json\/wp\/v2\/product_cat?post=72008"},{"taxonomy":"product_tag","embeddable":true,"href":"https:\/\/www.bjultrasonic.com\/cs\/wp-json\/wp\/v2\/product_tag?post=72008"}],"curies":[{"name":"wp","href":"https:\/\/api.w.org\/{rel}","templated":true}]}}