{"id":72048,"date":"2012-03-27T04:19:20","date_gmt":"2012-03-27T09:19:20","guid":{"rendered":"https:\/\/www.bjultrasonic.com\/shop\/120w-110v-ultrasonic-pcb-generator\/"},"modified":"2026-03-28T19:56:15","modified_gmt":"2026-03-29T00:56:15","slug":"120w-110v-ultrasonic-pcb-generator","status":"publish","type":"product","link":"https:\/\/www.bjultrasonic.com\/cs\/shop\/120w-110v-ultrasonic-pcb-generator\/","title":{"rendered":"110V 120W Ultrazvukov\u00fd Piezoelektrick\u00fd M\u011bni\u010dov\u00fd Ovl\u00e1dac\u00ed Obvod"},"content":{"rendered":"<h2>Specifikace ultrazvukov\u00e9ho gener\u00e1toru 120W\/110V PCB<\/h2>\n<table id=\"wp-table-reloaded-id-23-no-1\" class=\"table table-striped table-bordered\">\n<tbody>\n<tr>\n<td>Frekvence<\/td>\n<td>40 kHz, 25 kHz a 28 kHz.<\/td>\n<\/tr>\n<tr>\n<td>V\u00fdkon<\/td>\n<td>120 W<\/td>\n<\/tr>\n<tr>\n<td>Poh\u00e1n\u00ed m\u011bni\u010d<\/td>\n<td>\n<ul>\n<li>Jeden 50W m\u011bni\u010d<\/li>\n<li>Jeden 60W m\u011bni\u010d<\/li>\n<li>Jeden 100W m\u011bni\u010d<\/li>\n<li>Dva 50W m\u011bni\u010de<\/li>\n<li>Dva 60W m\u011bni\u010de<\/li>\n<\/ul>\n<\/td>\n<\/tr>\n<tr>\n<td>Nap\u00e1jen\u00ed<\/td>\n<td>Vstup: 100V~120V AC<\/td>\n<\/tr>\n<tr>\n<td>Hmotnost<\/td>\n<td>300 g\/ks<\/td>\n<\/tr>\n<\/tbody>\n<\/table>\n<h3>Jak p\u0159ipojit ultrazvukov\u00fd m\u011bni\u010d k obvodu ultrazvukov\u00e9ho gener\u00e1toru<\/h3>\n<p><img loading=\"lazy\" decoding=\"async\" class=\"alignnone size-full wp-image-19267\" src=\"https:\/\/www.bjultrasonic.com\/wp-content\/uploads\/2012\/03\/How-to-Connect-Ultrasonic-Transducer-with-Ultrasonic-Generator-Circuit.jpg\" alt=\"\" width=\"700\" height=\"412\" \/><\/p>\n<ul>\n<li><a href=\"https:\/\/www.bjultrasonic.com\/cs\/category\/ultrasonic-generator-cs\/\">Ultrazvukov\u00fd gener\u00e1tor<\/a> nelze zapnout bez z\u00e1t\u011b\u017ee.<\/li>\n<li>Po instalaci nelze zapnout, dokud se nenaleje \u010distic\u00ed kapalina.<\/li>\n<li><a href=\"https:\/\/www.bjultrasonic.com\/cs\/category\/ultrasonic-transducer-cs\/\">Ultrazvukov\u00fd m\u011bni\u010d<\/a> m\u00e1 dv\u011b o\u010dka. Kladn\u00e9 je uprost\u0159ed mezi dv\u011bma keramick\u00fdmi deskami. Z\u00e1porn\u00e9 je bl\u00edzko spodn\u00edho kovov\u00e9ho sloupku. P\u0159i zapojov\u00e1n\u00ed pros\u00edm neud\u011blejte chybu.<\/li>\n<li>V\u011bt\u0161\u00ed strana keramick\u00e9ho m\u011bni\u010de se z\u00e1vitem m\u00e1 vibra\u010dn\u00ed funkci a m\u016f\u017ee b\u00fdt p\u0159ipevn\u011bna ke dnu \u010distic\u00edho za\u0159\u00edzen\u00ed. Ujist\u011bte se, \u017ee je \u010distic\u00ed za\u0159\u00edzen\u00ed bezpe\u010dn\u011b uzemn\u011bno.<\/li>\n<li>Keramick\u00fd m\u011bni\u010d by m\u011bl b\u00fdt p\u0159ilepen ke dnu \u010distic\u00edho za\u0159\u00edzen\u00ed pomoc\u00ed speci\u00e1ln\u00edho lepidla pro m\u011bni\u010de nebo pomoc\u00ed AB lepic\u00ed ty\u010dinky, ale \u00fa\u010dinek je o n\u011bco hor\u0161\u00ed. Lze pou\u017e\u00edt tak\u00e9 epoxidovou prysky\u0159ici v pom\u011bru 10:4.<\/li>\n<li>Pracovn\u00ed nap\u011bt\u00ed desky plo\u0161n\u00fdch spoj\u016f je 600 V. Nap\u011bt\u00ed dod\u00e1van\u00e9 do m\u011bni\u010de je 1100 V. Ujist\u011bte se, \u017ee je \u010distic\u00ed za\u0159\u00edzen\u00ed bezpe\u010dn\u011b uzemn\u011bno. Pro zaji\u0161t\u011bn\u00ed bezpe\u010dnosti se ujist\u011bte, \u017ee je na nap\u00e1jec\u00edm zdroji instalov\u00e1n jisti\u010d ochrany proti \u00faniku proudu.<\/li>\n<\/ul>\n<h3>Platba<\/h3>\n<p>P\u0159ij\u00edm\u00e1me PayPal, bankovn\u00ed p\u0159evod (T\/T) a Western Union.<\/p>\n<h3 class=\"shipping-methods\">Doprava<\/h3>\n<p>Zbo\u017e\u00ed bude odesl\u00e1no do 48 hodin po p\u0159ijet\u00ed cel\u00e9 platby.<\/p>\n<ul>\n<li>Zbo\u017e\u00ed zas\u00edl\u00e1me na adresu uvedenou v platb\u011b PayPal. Ujist\u011bte se pros\u00edm, \u017ee adresa v PayPal je spr\u00e1vn\u00e1.<\/li>\n<li>Po odesl\u00e1n\u00ed zbo\u017e\u00ed v\u00e1m poskytneme sledovac\u00ed \u010d\u00edslo. Obecn\u011b zbo\u017e\u00ed obdr\u017e\u00edte do p\u011bti dn\u016f.<\/li>\n<li>Pokud m\u00e1te jak\u00e9koli dotazy, pros\u00edm kontaktujte n\u00e1s e-mailem (na\u0161e e-mailov\u00e1 adresa je <a href=\"mailto:support@bjultrasonic.com\">support@bjultrasonic.com<\/a>).<\/li>\n<\/ul>\n<h3 align=\"left\">Z\u00e1ruka na v\u00fdrobek<\/h3>\n<p>Z\u00e1ru\u010dn\u00ed doba v\u00fdrobku je jeden rok. B\u011bhem z\u00e1ru\u010dn\u00ed doby maj\u00ed zakoupen\u00e9 v\u00fdrobky n\u00e1rok na bezplatnou opravu nebo v\u00fdm\u011bnu.<\/p>\n<h3>Video seznam: Ovlada\u010d ultrazvukov\u00e9ho m\u011bni\u010de<\/h3>\n<p><iframe loading=\"lazy\" width=\"560\" height=\"315\" src=\"https:\/\/www.youtube.com\/embed\/videoseries?list=PLLrjMYkO0_NG56zqmQN9W9F1Xf9eev6dc\" frameborder=\"0\" allow=\"autoplay; encrypted-media\" allowfullscreen><\/iframe><\/p>\n","protected":false},"excerpt":{"rendered":"<p>Ultrazvukov\u00fd gener\u00e1torov\u00fd obvod, tak\u00e9 naz\u00fdvan\u00fd <a href=\"https:\/\/www.bjultrasonic.com\/cs\/category\/ultrasonic-transducer-cs\/\">obvod pro pohon ultrazvukov\u00e9ho m\u011bni\u010de<\/a> nebo <a href=\"https:\/\/www.bjultrasonic.com\/cs\/category\/ultrasonic-generator-cs\/ultrasonic-generator-circuits-cs\/\">deska pro nap\u00e1jen\u00ed ultrazvukov\u00e9ho \u010disti\u010de<\/a>. Poskytuje <a href=\"https:\/\/www.bjultrasonic.com\/cs\/category\/ultrasonic-generator-cs\/\">ultrazvukovou frekvenci<\/a> pro pohon ultrazvukov\u00fdch m\u011bni\u010d\u016f uvnit\u0159 <a href=\"https:\/\/www.bjultrasonic.com\/cs\/category\/ultrasonic-cleaning-system-cs\/\">ultrazvukov\u00fdch \u010disti\u010d\u016f<\/a>.<\/p>\n","protected":false},"featured_media":19255,"comment_status":"open","ping_status":"closed","template":"","meta":[],"product_brand":[],"product_cat":[6106],"product_tag":[],"class_list":{"0":"post-72048","1":"product","2":"type-product","3":"status-publish","4":"has-post-thumbnail","6":"product_cat-ultrasonic-generator-circuits-cs","8":"first","9":"instock","10":"shipping-taxable","11":"purchasable","12":"product-type-simple","13":"prodpage-classic"},"aioseo_notices":[],"_links":{"self":[{"href":"https:\/\/www.bjultrasonic.com\/cs\/wp-json\/wp\/v2\/product\/72048","targetHints":{"allow":["GET"]}}],"collection":[{"href":"https:\/\/www.bjultrasonic.com\/cs\/wp-json\/wp\/v2\/product"}],"about":[{"href":"https:\/\/www.bjultrasonic.com\/cs\/wp-json\/wp\/v2\/types\/product"}],"replies":[{"embeddable":true,"href":"https:\/\/www.bjultrasonic.com\/cs\/wp-json\/wp\/v2\/comments?post=72048"}],"wp:featuredmedia":[{"embeddable":true,"href":"https:\/\/www.bjultrasonic.com\/cs\/wp-json\/wp\/v2\/media\/19255"}],"wp:attachment":[{"href":"https:\/\/www.bjultrasonic.com\/cs\/wp-json\/wp\/v2\/media?parent=72048"}],"wp:term":[{"taxonomy":"product_brand","embeddable":true,"href":"https:\/\/www.bjultrasonic.com\/cs\/wp-json\/wp\/v2\/product_brand?post=72048"},{"taxonomy":"product_cat","embeddable":true,"href":"https:\/\/www.bjultrasonic.com\/cs\/wp-json\/wp\/v2\/product_cat?post=72048"},{"taxonomy":"product_tag","embeddable":true,"href":"https:\/\/www.bjultrasonic.com\/cs\/wp-json\/wp\/v2\/product_tag?post=72048"}],"curies":[{"name":"wp","href":"https:\/\/api.w.org\/{rel}","templated":true}]}}