{"id":72148,"date":"2012-03-19T03:52:04","date_gmt":"2012-03-19T08:52:04","guid":{"rendered":"https:\/\/www.bjultrasonic.com\/shop\/25khz-100w-ultrasonic-cleaning-transducer\/"},"modified":"2026-03-28T19:55:18","modified_gmt":"2026-03-29T00:55:18","slug":"25khz-100w-ultrasonic-cleaning-transducer","status":"publish","type":"product","link":"https:\/\/www.bjultrasonic.com\/cs\/shop\/25khz-100w-ultrasonic-cleaning-transducer\/","title":{"rendered":"25kHz 100W Piezoelektrick\u00fd ultrazvukov\u00fd \u010distic\u00ed m\u011bni\u010d (PZT-4)"},"content":{"rendered":"<p><iframe loading=\"lazy\" title=\"25KHz 100W Piezoelectric Ultrasonic Cleaning Transducer (PZT-4)\" width=\"500\" height=\"281\" src=\"https:\/\/www.youtube.com\/embed\/FdQZt5hUFFA?feature=oembed\" frameborder=\"0\" allow=\"accelerometer; autoplay; clipboard-write; encrypted-media; gyroscope; picture-in-picture; web-share\" referrerpolicy=\"strict-origin-when-cross-origin\" allowfullscreen><\/iframe><\/p>\n<h2>Specifikace ultrazvukov\u00e9ho \u010dist\u00edc\u00edho m\u011bni\u010de 25KHz 100W<\/h2>\n<table id=\"wp-table-reloaded-id-3-no-1\" class=\"table table-striped table-bordered\">\n<tbody>\n<tr>\n<td>Typ<\/td>\n<td>BJC-25100T- 68HS PZT-4<\/td>\n<\/tr>\n<tr>\n<td>Frekvence<\/td>\n<td>25KHz \u00b1 1KHz<\/td>\n<\/tr>\n<tr>\n<td>V\u00fdkon<\/td>\n<td>100w<\/td>\n<\/tr>\n<tr>\n<td>Kapacita<\/td>\n<td>6600pf (pzt4)<\/td>\n<\/tr>\n<tr>\n<td>Vyza\u0159ovac\u00ed plocha<\/td>\n<td>68mm<\/td>\n<\/tr>\n<tr>\n<td>Rezonan\u010dn\u00ed odpor<\/td>\n<td>10-20\u03a9<\/td>\n<\/tr>\n<tr>\n<td>D\u00e9lka<\/td>\n<td>77mm<\/td>\n<\/tr>\n<tr>\n<td>Nap\u00e1jen\u00ed<\/td>\n<td>Vstup: 100V~130V nebo 220V~240V AC<\/td>\n<\/tr>\n<tr>\n<td>Hmotnost<\/td>\n<td>720g\/ks<\/td>\n<\/tr>\n<\/tbody>\n<\/table>\n<p><strong><a href=\"https:\/\/drive.google.com\/file\/d\/1pXEpP5HbetTukpQtZKV4hyTdlMm0aYkt\/view\" target=\"_blank\" rel=\"noopener\">St\u00e1hnout<\/a> Specifikaci a nab\u00eddku v\u0161ech ultrazvukov\u00fdch \u010dist\u00edc\u00edch m\u011bni\u010d\u016f.<\/strong><\/p>\n<h3>Zp\u016fsoby ozna\u010dov\u00e1n\u00ed ultrazvukov\u00fdch \u010dist\u00edc\u00edch m\u011bni\u010d\u016f<\/h3>\n<p><a href=\"https:\/\/www.bjultrasonic.com\/wp-content\/uploads\/2012\/10\/Naming-Methods-of-Ultrasonic-Cleaning-Transducer.jpg\" data-lightbox=\"image\"><img loading=\"lazy\" decoding=\"async\" title=\"Zp\u016fsoby ozna\u010dov\u00e1n\u00ed ultrazvukov\u00fdch \u010dist\u00edc\u00edch m\u011bni\u010d\u016f\" src=\"\/\/www.bjultrasonic.com\/wp-content\/uploads\/2012\/10\/Naming-Methods-of-Ultrasonic-Cleaning-Transducer.jpg\" alt=\"Zp\u016fsoby ozna\u010dov\u00e1n\u00ed ultrazvukov\u00fdch \u010dist\u00edc\u00edch m\u011bni\u010d\u016f\" width=\"442\" height=\"399\" \/><\/a><\/p>\n<h3>Stavba ultrazvukov\u00e9ho \u010dist\u00edc\u00edho m\u011bni\u010de<\/h3>\n<p><a href=\"https:\/\/www.bjultrasonic.com\/wp-content\/uploads\/2012\/03\/2012319111.jpg\" data-lightbox=\"image\"><img loading=\"lazy\" decoding=\"async\" class=\"alignnone\" title=\"Stavba ultrazvukov\u00e9ho \u010dist\u00edc\u00edho m\u011bni\u010de\" src=\"\/\/www.bjultrasonic.com\/wp-content\/uploads\/2012\/10\/Ultrasonic-Cleaning-Transducer-Structure.jpg\" alt=\"Stavba ultrazvukov\u00e9ho \u010dist\u00edc\u00edho m\u011bni\u010de\" width=\"546\" height=\"203\" \/><\/a><\/p>\n<h3>Hlavn\u00ed vlastnosti<\/h3>\n<ul>\n<li>Vysok\u00e1 \u00fa\u010dinnost: vysok\u00fd mechanick\u00fd parametr Q, \u00fa\u010dinnost p\u0159em\u011bny mezi elekt\u0159inou a zvukem nad 95%.<\/li>\n<li>Vysok\u00e1 amplituda: pevnost m\u011bni\u010de je zv\u00fd\u0161ena p\u0159\u00edm\u00fdm upevn\u011bn\u00edm vysokorychlostn\u00edho vibr\u00e1toru \u0161rouby na z\u00e1kladnu myc\u00ed vany. Ve srovn\u00e1n\u00ed s magnetostrik\u010dn\u00edm vibr\u00e1torem lze jeho amplitudu zv\u00fd\u0161it o v\u00edce ne\u017e 50%.<\/li>\n<li>Dobr\u00e1 tepeln\u00e1 odolnost: \u0161irok\u00fd rozsah pracovn\u00edch teplot, n\u00edzk\u00e1 rezonan\u010dn\u00ed impedance a produkce tepla.<\/li>\n<li>Dobr\u00e1 konstrukce: upevn\u011bno \u0161rouby, snadn\u00e9 mont\u00e1\u017ee, vysok\u00e1 spolehlivost.<\/li>\n<\/ul>\n<h3>V\u00fdkonn\u00fd ultrazvukov\u00fd m\u011bni\u010d<\/h3>\n<p><iframe loading=\"lazy\" title=\"High Power Piezoelectric Ultrasonic Transducer - Beijing Ultrasonic\" width=\"500\" height=\"281\" src=\"https:\/\/www.youtube.com\/embed\/TBLGTvZgOw4?feature=oembed\" frameborder=\"0\" allow=\"accelerometer; autoplay; clipboard-write; encrypted-media; gyroscope; picture-in-picture; web-share\" referrerpolicy=\"strict-origin-when-cross-origin\" allowfullscreen><\/iframe><\/p>\n<h3>Platba<\/h3>\n<p>P\u0159ij\u00edm\u00e1me platby p\u0159es paypal, T\/T &amp; Western Union.<\/p>\n<h3 class=\"shipping-methods\">Doprava<\/h3>\n<p>Zbo\u017e\u00ed bude odesl\u00e1no do 48 hodin po obdr\u017een\u00ed cel\u00e9 platby.<\/p>\n<ul>\n<li>Zbo\u017e\u00ed odes\u00edl\u00e1me na adresu uvedenou v platb\u011b PayPal. Ujist\u011bte se pros\u00edm, \u017ee adresa v PayPal je spr\u00e1vn\u00e1.<\/li>\n<li>Po odesl\u00e1n\u00ed zbo\u017e\u00ed v\u00e1m poskytneme sledovac\u00ed \u010d\u00edslo, zpravidla zbo\u017e\u00ed obdr\u017e\u00edte do p\u011bti dn\u016f.<\/li>\n<li>Pokud m\u00e1te jak\u00e9koli dotazy, pros\u00edm kontaktujte n\u00e1s e-mailem (na\u0161e e-mailov\u00e1 adresa je <a href=\"mailto:support@bjultrasonic.com\">support@bjultrasonic.com<\/a>)<\/li>\n<\/ul>\n<h3 align=\"left\">Z\u00e1ruka na produkt<\/h3>\n<p>Z\u00e1ru\u010dn\u00ed doba produktu je jeden rok. B\u011bhem z\u00e1ru\u010dn\u00ed doby maj\u00ed zakoupen\u00e9 produkty n\u00e1rok na bezplatnou opravu nebo v\u00fdm\u011bnu.<\/p>\n","protected":false},"excerpt":{"rendered":"<p><a href=\"https:\/\/www.bjultrasonic.com\/cs\/category\/ultrasonic-transducer-cs\/\">Piezoelektrick\u00fd m\u011bni\u010d<\/a> pro ultrazvukov\u00e9 \u010di\u0161t\u011bn\u00ed je d\u016fle\u017eitou sou\u010d\u00e1st\u00ed <a href=\"https:\/\/www.bjultrasonic.com\/cs\/category\/ultrasonic-cleaning-system-cs\/\">ultrazvukov\u00e9ho \u010disti\u010de<\/a>, ultrazvukov\u00fd m\u011bni\u010d p\u0159em\u011b\u0148uje elektrickou energii z <a href=\"https:\/\/www.bjultrasonic.com\/cs\/category\/ultrasonic-generator-cs\/\">ultrazvukov\u00e9ho gener\u00e1toru<\/a> na <a href=\"https:\/\/www.bjultrasonic.com\/cs\/uses-of-ultrasonic-waves\/\">ultrazvukov\u00e9 vlny<\/a>.<\/p>\n","protected":false},"featured_media":19379,"comment_status":"open","ping_status":"closed","template":"","meta":[],"product_brand":[],"product_cat":[6321],"product_tag":[],"class_list":{"0":"post-72148","1":"product","2":"type-product","3":"status-publish","4":"has-post-thumbnail","6":"product_cat-ultrasonic-transducer-cs","8":"first","9":"instock","10":"shipping-taxable","11":"purchasable","12":"product-type-simple","13":"prodpage-classic"},"aioseo_notices":[],"_links":{"self":[{"href":"https:\/\/www.bjultrasonic.com\/cs\/wp-json\/wp\/v2\/product\/72148","targetHints":{"allow":["GET"]}}],"collection":[{"href":"https:\/\/www.bjultrasonic.com\/cs\/wp-json\/wp\/v2\/product"}],"about":[{"href":"https:\/\/www.bjultrasonic.com\/cs\/wp-json\/wp\/v2\/types\/product"}],"replies":[{"embeddable":true,"href":"https:\/\/www.bjultrasonic.com\/cs\/wp-json\/wp\/v2\/comments?post=72148"}],"wp:featuredmedia":[{"embeddable":true,"href":"https:\/\/www.bjultrasonic.com\/cs\/wp-json\/wp\/v2\/media\/19379"}],"wp:attachment":[{"href":"https:\/\/www.bjultrasonic.com\/cs\/wp-json\/wp\/v2\/media?parent=72148"}],"wp:term":[{"taxonomy":"product_brand","embeddable":true,"href":"https:\/\/www.bjultrasonic.com\/cs\/wp-json\/wp\/v2\/product_brand?post=72148"},{"taxonomy":"product_cat","embeddable":true,"href":"https:\/\/www.bjultrasonic.com\/cs\/wp-json\/wp\/v2\/product_cat?post=72148"},{"taxonomy":"product_tag","embeddable":true,"href":"https:\/\/www.bjultrasonic.com\/cs\/wp-json\/wp\/v2\/product_tag?post=72148"}],"curies":[{"name":"wp","href":"https:\/\/api.w.org\/{rel}","templated":true}]}}