{"id":72737,"date":"2022-09-24T11:05:39","date_gmt":"2022-09-24T16:05:39","guid":{"rendered":"https:\/\/www.bjultrasonic.com\/ultrasonic-generator-technical-specification\/"},"modified":"2026-03-12T09:31:05","modified_gmt":"2026-03-12T14:31:05","slug":"ultrasonic-generator-technical-specification","status":"publish","type":"page","link":"https:\/\/www.bjultrasonic.com\/de\/ultrasonic-generator-technical-specification\/","title":{"rendered":"Ultrasonic Generator Technische \u00dcbersicht"},"content":{"rendered":"<p><a href=\"https:\/\/www.bjultrasonic.com\/de\/category\/ultrasonic-generator-de\/\">Ultraschallgeneratoren<\/a> sind die Kernkomponente von <a href=\"https:\/\/www.bjultrasonic.com\/de\/category\/ultrasonic-cleaning-system-de\/\">Ultraschallreinigungssystemen<\/a>. Sie sind daf\u00fcr verantwortlich, elektrische Energie in die hochfrequenten elektrischen Signale umzuwandeln, die die Wandler antreiben. Diese Wandler wandeln dann die elektrischen Signale in mechanische Schwingungen um und erzeugen den Kavitationseffekt in der Reinigungsl\u00f6sung, der Verunreinigungen entfernt. Die Leistung und Zuverl\u00e4ssigkeit des Ultraschallgenerators sind entscheidend f\u00fcr eine effektive und effiziente Reinigung. Dieser Artikel beleuchtet die technischen Aspekte von Ultraschallgeneratoren, insbesondere die von Beijing Ultrasonic angebotenen, einschlie\u00dflich ihrer Merkmale, Spezifikationen und Einstellverfahren.<\/p>\n<h3>1. Merkmale und Funktionen von Ultraschallgeneratoren<\/h3>\n<p>Die Generatoren von Beijing Ultrasonic sind mit fortschrittlicher Mikrocomputer-Steuerungstechnik ausgestattet und bieten eine Reihe von Merkmalen und Funktionen, die ihre Leistung und Zuverl\u00e4ssigkeit verbessern. Ein Hauptmerkmal ist die automatische Frequenznachf\u00fchrung, erm\u00f6glicht durch digitale Frequenzsynthese. Dies stellt sicher, dass der Generator immer mit der f\u00fcr den angeschlossenen Wandler am besten geeigneten Frequenz arbeitet und so den Reinigungsprozess optimiert. Diese Funktion macht manuelle Frequenzabstimmung \u00fcberfl\u00fcssig und gew\u00e4hrleistet gleichbleibende Reinigungsergebnisse.<\/p>\n<p>Dar\u00fcber hinaus sind die Generatoren mit umfassenden Schutzmechanismen gegen \u00dcberhitzung und \u00dcberschussstrom ausgestattet. Diese Sicherheitsvorkehrungen sind entscheidend, um Sch\u00e4den am Generator und am Ultraschallreinigungssystem zu verhindern, auch bei l\u00e4ngerem Betrieb. Die digitale Einstellung der Ultraschallleistung erm\u00f6glicht Flexibilit\u00e4t und Effizienz bei der Reinigung verschiedener Objekttypen und Verunreinigungen. Die Ausgangsleistung kann pr\u00e4zise von 0 % bis 100 % gesteuert werden, was eine optimale Reinigung gew\u00e4hrleistet, ohne empfindliche Teile zu besch\u00e4digen.<\/p>\n<p>Ein genauer Timer ist ebenfalls in den Generator integriert, der eine pr\u00e4zise Steuerung des Reinigungszyklus erm\u00f6glicht und sowohl Unter- als auch \u00dcberreinigung verhindert. Das Risiko der Kavitationserosion, die bei l\u00e4ngerer Ultraschalleinwirkung auftreten kann, wird durch die Timer-Funktion gemindert. Dar\u00fcber hinaus verf\u00fcgt der Generator \u00fcber einen externen Steueranschluss, der die Integration mit anderen Steuerger\u00e4ten erm\u00f6glicht. Schlie\u00dflich verf\u00fcgt das Ger\u00e4t \u00fcber eine Frequenzanzeige, die es Bedienern erm\u00f6glicht, die Betriebsfrequenz in Echtzeit zu \u00fcberwachen.<\/p>\n<h3>2. Technische Parameter des Ultraschallgenerators<\/h3>\n<p>Die Ultraschallgeneratoren von Beijing Ultrasonic sind mit spezifischen Parametern ausgelegt, um eine effiziente und zuverl\u00e4ssige Leistung zu gew\u00e4hrleisten. Die Betriebsspannung f\u00fcr diese Ger\u00e4te betr\u00e4gt 220V \u00b110 %, was sie mit Standardstromversorgungen kompatibel macht. Die Arbeitsfrequenz ist in verschiedenen Bereichen verf\u00fcgbar, einschlie\u00dflich 28 kHz, 40 kHz, 80 kHz und 135 kHz, jeweils mit einer Toleranz von \u00b15 %.<\/p>\n<p>Der Arbeitsstrom variiert je nach Leistungsabgabe des Generators. Die folgende Tabelle zeigt die Beziehung zwischen Leistungsabgabe und Arbeitsstrom:<\/p>\n<table class=\"table table-striped table-bordered\">\n<thead>\n<tr>\n<th align=\"left\">Leistung (W)<\/th>\n<th align=\"left\">Arbeitsstrom (A)<\/th>\n<\/tr>\n<\/thead>\n<tbody>\n<tr>\n<td align=\"left\">300<\/td>\n<td align=\"left\">1.2<\/td>\n<\/tr>\n<tr>\n<td align=\"left\">600<\/td>\n<td align=\"left\">2.5<\/td>\n<\/tr>\n<tr>\n<td align=\"left\">900<\/td>\n<td align=\"left\">3.5<\/td>\n<\/tr>\n<tr>\n<td align=\"left\">1200<\/td>\n<td align=\"left\">4.5<\/td>\n<\/tr>\n<tr>\n<td align=\"left\">1500<\/td>\n<td align=\"left\">5-5.5<\/td>\n<\/tr>\n<tr>\n<td align=\"left\">1800<\/td>\n<td align=\"left\">6-6.5<\/td>\n<\/tr>\n<tr>\n<td align=\"left\">2000<\/td>\n<td align=\"left\">6.5-7<\/td>\n<\/tr>\n<tr>\n<td align=\"left\">2400<\/td>\n<td align=\"left\">7.5-8<\/td>\n<\/tr>\n<\/tbody>\n<\/table>\n<p>Es ist wichtig zu beachten, dass das Ger\u00e4t nicht kontinuierlich mit seinem maximalen Arbeitsstrom betrieben werden sollte, um seine Langlebigkeit und Zuverl\u00e4ssigkeit zu gew\u00e4hrleisten. Der Leistungssteuerungsbereich reicht von 0 bis 100 %, was Flexibilit\u00e4t bei der Reinigung verschiedener Materialtypen bietet. Die Zeitsteuerung kann von 0 bis 59 Minuten und 59 Sekunden eingestellt werden, w\u00e4hrend der Umgebungstemperaturbereich f\u00fcr den Betrieb 0 bis 40 \u00b0C betr\u00e4gt, mit einem relativen Feuchtebereich von 40 %-90 %. Der Generator verf\u00fcgt \u00fcber einen internen Geh\u00e4use-\u00dcberhitzungsschutz, der bei 65 \u00b0C ausl\u00f6st.<\/p>\n<p>Die physikalischen Abmessungen des Ultraschallgenerators variieren ebenfalls je nach Nennleistung. F\u00fcr Generatoren mit einer Nennleistung von weniger als 1200W betragen die Abmessungen 300mm x 360mm x 160mm (L x B x H). F\u00fcr solche mit 1500W oder mehr betragen die Abmessungen 500mm x 360mm x 160mm.<\/p>\n<h3>3. Ultraschallgenerator-Optionen von Beijing Ultrasonic<\/h3>\n<p>Beijing Ultrasonic bietet eine umfassende Palette von Ultraschallgeneratoren an, um verschiedenen Reinigungsanforderungen gerecht zu werden. Dazu geh\u00f6ren Generatoren mit Leistungsabgaben von 300W bis 2400W, mit Frequenzen unter 45kHz und \u00fcber 50 kHz. Es steht auch ein digitaler Ultraschallgenerator mit drei Frequenzen zur Verf\u00fcgung, der eine erh\u00f6hte Flexibilit\u00e4t bei der Reinigung erm\u00f6glicht.<\/p>\n<div class=\"woocommerce columns-6\"><\/div>\n<h3>4. Frontplatte des Ultraschallgenerators<\/h3>\n<p><img loading=\"lazy\" decoding=\"async\" class=\"alignnone wp-image-1513 size-full\" src=\"https:\/\/www.bjultrasonic.com\/wp-content\/uploads\/2013\/04\/Ultrasonic-Generator-Front-Panel.jpg\" alt=\"Ultraschallgenerator Frontplatte\" width=\"661\" height=\"473\" \/><\/p>\n<p>Die Frontplatte des Beijing Ultrasonic Generators ist f\u00fcr benutzerfreundliche Bedienung und \u00dcberwachung ausgelegt. Sie enth\u00e4lt ein Anzeigefenster, das Werte f\u00fcr Leistung, Zeit, Betriebszust\u00e4nde und eventuelle Fehlermeldungen anzeigt. Die Leistungstasten erm\u00f6glichen die Einstellung der Leistungsabgabe, mit einer Taste zur Erh\u00f6hung und einer anderen zur Verringerung der Leistung. Ebenso erm\u00f6glichen die Zeittasten dem Benutzer die Einstellung der Arbeitszeit, mit Tasten zum Erh\u00f6hen und Verringern.<\/p>\n<p>Eine Sweep-Taste ist ebenfalls auf der Platte vorhanden, mit der Benutzer zwischen normalem und Sweep-Frequenzmodus w\u00e4hlen k\u00f6nnen, was unterschiedliche Reinigungsmuster erm\u00f6glicht. Die Ein\/Aus-Taste erm\u00f6glicht es dem Benutzer, den Betrieb des Generators anzuhalten und fortzusetzen.<\/p>\n<h3>5. Frequenzeinstellung<\/h3>\n<p>Die Frequenzeinstellung ist entscheidend, um die Ausgabe des Generators an die Resonanzfrequenz des Wandlers anzupassen. Um die Frequenz des Beijing Ultraschallgenerators einzustellen, muss das Geh\u00e4use ge\u00f6ffnet werden, um Zugang zu den internen Komponenten zu erhalten. Suchen Sie den blauen Knopf, der die Einstellung des Stroms erm\u00f6glicht, den der Wandler verarbeiten kann. Beispielsweise hat ein 28kHz-Wandler einen Frequenzbereich von 27kHz bis 31kHz, w\u00e4hrend ein 40kHz-Wandler einen Frequenzbereich von 38kHz bis 42kHz hat.<\/p>\n<p><img loading=\"lazy\" decoding=\"async\" class=\"wp-image-1515 size-full\" title=\"Ultrasonic Generator Frequency Adjustment\" src=\"https:\/\/www.bjultrasonic.com\/wp-content\/uploads\/2013\/04\/Ultrasonic-Generator-Frequency-Adjustment.jpg\" alt=\"Ultrasonic Generator Frequency Adjustment\" width=\"199\" height=\"144\" \/><\/p>\n<h3>6. Stromregelung<\/h3>\n<p>Die Stromregelung ist entscheidend, um eine optimale Leistung zu gew\u00e4hrleisten und Sch\u00e4den am Generator zu vermeiden. Beijing Ultraschallgeneratoren verwenden ein computergesteuertes System zur Fehlerbehebung. Nachfolgend sind die Schritte zur Einstellung des Stroms aufgef\u00fchrt:<\/p>\n<ol>\n<li>Stecken Sie das Netzteil ein.<\/li>\n<li>Schlie\u00dfen Sie ein Amperemeter mit einer Kapazit\u00e4t von 10A an den Zuleitungsanschluss des Netzteils an.<\/li>\n<li>Schalten Sie die Stromversorgung ein und \u00fcberpr\u00fcfen Sie die Anzeige des Amperemeters. Bei einem 1200W-Generator sollte die Anzeige weniger als 5A betragen.<\/li>\n<li>Zeigen Sie die Frequenz im Fenster des Generators an. Dies sollte die normale Arbeitsfrequenz sein.<\/li>\n<li>Finden Sie den maximalen Arbeitsstrom innerhalb des angegebenen Frequenzbereichs des Wandlers.<\/li>\n<li>Wenn Strom und Frequenz niedrig sind, verringern Sie die Anpassungsinduktivit\u00e4t, indem Sie den Luftspalt des Magnetkerns vergr\u00f6\u00dfern. Dies geschieht durch das Einlegen von Hochlandgerstenpapier in den Luftspalt.<\/li>\n<li>Wenn Strom und Frequenz hoch sind, erh\u00f6hen Sie die Anpassungsinduktivit\u00e4t, indem Sie den Luftspalt des Magnetkerns verkleinern.<\/li>\n<li>Schalten Sie die Stromversorgung immer aus, bevor Sie den Luftspalt des Magnetkerns anpassen, und \u00fcberwachen Sie die \u00c4nderungen am Strom.<\/li>\n<li>Stellen Sie den Strom auf 4-4,5A und die Frequenz auf den Bereich von 27,8kHz bis 29kHz ein.<\/li>\n<li>Stellen Sie die Frequenz nach jeder Anpassung neu ein, um sicherzustellen, dass der Arbeitsstrom immer am Maximalpunkt liegt.<\/li>\n<\/ol>\n<p><img loading=\"lazy\" decoding=\"async\" class=\"wp-image-1516 size-full\" title=\"Ultrasonic Generator Current Adjustment\" src=\"https:\/\/www.bjultrasonic.com\/wp-content\/uploads\/2013\/04\/Ultrasonic-Generator-Current-Adjustment.jpg\" alt=\"Ultrasonic Generator Current Adjustment\" width=\"202\" height=\"182\" \/><\/p>\n<p>Die Verringerung der Anpassungsinduktivit\u00e4t erh\u00f6ht die harmonische Frequenz und den Strom, w\u00e4hrend die Erh\u00f6hung der Anpassungsinduktivit\u00e4t sie verringert. Stellen Sie bei der Einstellung sicher, dass die Betriebsfrequenz nicht zu niedrig ist und der Strom den Nennstrom des Generators nicht \u00fcberschreitet, da dies die Leistungsr\u00f6hre besch\u00e4digen kann.<\/p>\n<p>Zusammenfassend sind die Ultraschallgeneratoren von Beijing Ultrasonic mit fortschrittlicher Technologie konstruiert, um zuverl\u00e4ssige und effiziente Leistung f\u00fcr Ultraschallreinigungsanwendungen zu bieten. Die automatische Frequenzverfolgung, die umfassenden Schutzmechanismen, die einstellbaren Leistungs- und Timer-Funktionen sowie die verf\u00fcgbare Modellpalette stellen sicher, dass es f\u00fcr verschiedene Reinigungsanforderungen eine ideale Option gibt. Die detaillierten Einstellverfahren f\u00fcr Frequenz und Strom gew\u00e4hrleisten den optimierten Betrieb des Ultraschallgenerators.<\/p>\n<p>&nbsp;<\/p>\n","protected":false},"excerpt":{"rendered":"<p>Ultraschallgeneratoren sind die Kernkomponente von Ultraschallreinigungssystemen. Sie sind daf\u00fcr verantwortlich, elektrische Energie in die hochfrequenten elektrischen Signale umzuwandeln, die die Wandler antreiben. Diese Wandler wandeln dann die elektrischen Signale in mechanische Schwingungen um und erzeugen den Kavitationseffekt in der Reinigungsl\u00f6sung, der Verunreinigungen entfernt. Die Leistung und Zuverl\u00e4ssigkeit des Ultraschallgenerators sind entscheidend f\u00fcr eine effektive und<\/p>\n","protected":false},"author":1,"featured_media":19242,"parent":0,"menu_order":3,"comment_status":"closed","ping_status":"closed","template":"","meta":{"footnotes":""},"class_list":["post-72737","page","type-page","status-publish","has-post-thumbnail","hentry","prodpage-classic"],"aioseo_notices":[],"_links":{"self":[{"href":"https:\/\/www.bjultrasonic.com\/de\/wp-json\/wp\/v2\/pages\/72737","targetHints":{"allow":["GET"]}}],"collection":[{"href":"https:\/\/www.bjultrasonic.com\/de\/wp-json\/wp\/v2\/pages"}],"about":[{"href":"https:\/\/www.bjultrasonic.com\/de\/wp-json\/wp\/v2\/types\/page"}],"author":[{"embeddable":true,"href":"https:\/\/www.bjultrasonic.com\/de\/wp-json\/wp\/v2\/users\/1"}],"replies":[{"embeddable":true,"href":"https:\/\/www.bjultrasonic.com\/de\/wp-json\/wp\/v2\/comments?post=72737"}],"version-history":[{"count":0,"href":"https:\/\/www.bjultrasonic.com\/de\/wp-json\/wp\/v2\/pages\/72737\/revisions"}],"wp:featuredmedia":[{"embeddable":true,"href":"https:\/\/www.bjultrasonic.com\/de\/wp-json\/wp\/v2\/media\/19242"}],"wp:attachment":[{"href":"https:\/\/www.bjultrasonic.com\/de\/wp-json\/wp\/v2\/media?parent=72737"}],"curies":[{"name":"wp","href":"https:\/\/api.w.org\/{rel}","templated":true}]}}