{"id":73065,"date":"2012-04-28T19:12:36","date_gmt":"2012-04-29T02:12:36","guid":{"rendered":"https:\/\/www.bjultrasonic.com\/contact\/"},"modified":"2026-03-31T00:57:56","modified_gmt":"2026-03-31T05:57:56","slug":"contact","status":"publish","type":"page","link":"https:\/\/www.bjultrasonic.com\/de\/contact\/","title":{"rendered":"Kontaktieren Sie uns"},"content":{"rendered":"<p>Wir sind immer f\u00fcr Sie da! Egal, ob Sie eine Anfrage zu unseren <a href=\"https:\/\/www.bjultrasonic.com\/shop\/\">Ultraschallprodukten<\/a> haben, eine individuelle OEM-L\u00f6sung ben\u00f6tigen oder Unterst\u00fctzung bei Preisangaben und dem Checkout-Vorgang w\u00fcnschen \u2013 unser engagiertes Team steht bereit, Ihnen zu helfen. Bitte f\u00fcllen Sie das untenstehende Kontaktformular aus, und wir werden sicherstellen, dass Ihre Nachricht innerhalb von 2 Werktagen beantwortet wird. Bei dringenden Angelegenheiten k\u00f6nnen Sie uns gerne direkt telefonisch oder \u00fcber WhatsApp erreichen.<\/p>\n","protected":false},"excerpt":{"rendered":"<p>Wir sind immer f\u00fcr Sie da! Egal, ob Sie eine Anfrage zu unseren Ultraschallprodukten haben, eine individuelle OEM-L\u00f6sung ben\u00f6tigen oder Unterst\u00fctzung bei Preisangaben und dem Checkout-Vorgang w\u00fcnschen \u2013 unser engagiertes Team steht bereit, Ihnen zu helfen. Bitte f\u00fcllen Sie das untenstehende Kontaktformular aus, und wir werden sicherstellen, dass Ihre Nachricht innerhalb von 2 Werktagen beantwortet<\/p>\n","protected":false},"author":1,"featured_media":0,"parent":0,"menu_order":8,"comment_status":"closed","ping_status":"closed","template":"","meta":{"footnotes":""},"class_list":["post-73065","page","type-page","status-publish","hentry","prodpage-classic"],"aioseo_notices":[],"_links":{"self":[{"href":"https:\/\/www.bjultrasonic.com\/de\/wp-json\/wp\/v2\/pages\/73065","targetHints":{"allow":["GET"]}}],"collection":[{"href":"https:\/\/www.bjultrasonic.com\/de\/wp-json\/wp\/v2\/pages"}],"about":[{"href":"https:\/\/www.bjultrasonic.com\/de\/wp-json\/wp\/v2\/types\/page"}],"author":[{"embeddable":true,"href":"https:\/\/www.bjultrasonic.com\/de\/wp-json\/wp\/v2\/users\/1"}],"replies":[{"embeddable":true,"href":"https:\/\/www.bjultrasonic.com\/de\/wp-json\/wp\/v2\/comments?post=73065"}],"version-history":[{"count":0,"href":"https:\/\/www.bjultrasonic.com\/de\/wp-json\/wp\/v2\/pages\/73065\/revisions"}],"wp:attachment":[{"href":"https:\/\/www.bjultrasonic.com\/de\/wp-json\/wp\/v2\/media?parent=73065"}],"curies":[{"name":"wp","href":"https:\/\/api.w.org\/{rel}","templated":true}]}}