{"id":65313,"date":"2022-08-10T06:03:06","date_gmt":"2022-08-10T11:03:06","guid":{"rendered":"https:\/\/www.bjultrasonic.com\/shop\/ultrasonic-welding-machine\/"},"modified":"2026-03-28T20:58:10","modified_gmt":"2026-03-29T01:58:10","slug":"ultrasonic-welding-machine","status":"publish","type":"product","link":"https:\/\/www.bjultrasonic.com\/de\/shop\/ultrasonic-welding-machine\/","title":{"rendered":"Ultraschall-Schwei\u00dfmaschine f\u00fcr Kunststoff und Metall"},"content":{"rendered":"<p><img loading=\"lazy\" decoding=\"async\" class=\"alignnone size-full wp-image-24642\" src=\"https:\/\/www.bjultrasonic.com\/wp-content\/uploads\/2022\/08\/Ultrasonic-Welding-Machine-7.jpg\" alt=\"Ultrasonic Welding Machine 7\" width=\"700\" height=\"561\" \/><\/p>\n<h3>Anwendung<\/h3>\n<p>Kunststoffschwei\u00dfen, Vliesstoffschwei\u00dfen, Metallschwei\u00dfen und so weiter.<\/p>\n<p>PSA-Bewertungskarten-Platten Kunststoff-Ultraschallschwei\u00dfmaschine, Ein-\/Ausschalt-Impuls-Timer, pr\u00e4zise Leistungsregelung f\u00fcr hohe Schwei\u00dfqualit\u00e4t, Ger\u00e4t kann intermittierend arbeiten, kann auch im Leerlauf betrieben werden, um verschiedenen Schwei\u00dfanforderungen gerecht zu werden. Flach-\/N95 neueste Kopfkonstruktion, klein und formsch\u00f6n, gute Sichtlinie bei der Bedienung, neues Ultraschallgenerator-Elektrokastendesign, intelligenter Schutz, stabile Leistung, zuverl\u00e4ssige Ausr\u00fcstung, lange Lebensdauer.<\/p>\n<h3>Merkmale<\/h3>\n<ul>\n<li>Verwendung von Selbsterregungsschaltung, bei der Arbeit Verfolgung der Parameter\u00e4nderungen des Wandlers, maximale Leistung des Wandlers und Werkzeugkopfes;<\/li>\n<li>Importierte Hochleistungsr\u00f6hren, sto\u00dffest bei hohem Strom, erh\u00f6hen die Stabilit\u00e4t der Arbeit des Ultraschallgenerators.<\/li>\n<li>Verwendung von digitaler Frequenzanzeige, Frequenz fein einstellbar, erm\u00f6glicht genaue Beobachtung der Betriebsfrequenz des Generators.<\/li>\n<li>Einfache Bedienung, kann auf verschiedene Spezifikationen von Wandlern und Formen angewendet werden. Schwei\u00dfen einer breiten Palette von Materialien<\/li>\n<\/ul>\n<h3>Video<\/h3>\n<p><iframe loading=\"lazy\" title=\"Ultrasonic Plastic Welding Machine Supplier\" width=\"500\" height=\"281\" src=\"https:\/\/www.youtube.com\/embed\/rSEf_GwBZQg?feature=oembed\" frameborder=\"0\" allow=\"accelerometer; autoplay; clipboard-write; encrypted-media; gyroscope; picture-in-picture; web-share\" referrerpolicy=\"strict-origin-when-cross-origin\" allowfullscreen><\/iframe><\/p>\n<p><iframe loading=\"lazy\" title=\"Plastic Ultrasonic Welding Machine Manufacturers\" width=\"500\" height=\"281\" src=\"https:\/\/www.youtube.com\/embed\/ntAp1KwSp-k?feature=oembed\" frameborder=\"0\" allow=\"accelerometer; autoplay; clipboard-write; encrypted-media; gyroscope; picture-in-picture; web-share\" referrerpolicy=\"strict-origin-when-cross-origin\" allowfullscreen><\/iframe><\/p>\n<p><iframe loading=\"lazy\" title=\"Ultrasonic Welding Machine\" width=\"500\" height=\"281\" src=\"https:\/\/www.youtube.com\/embed\/uB5-z1eBeCA?feature=oembed\" frameborder=\"0\" allow=\"accelerometer; autoplay; clipboard-write; encrypted-media; gyroscope; picture-in-picture; web-share\" referrerpolicy=\"strict-origin-when-cross-origin\" allowfullscreen><\/iframe><\/p>\n<p><strong>Modellnummer\uff1aBJSU-15<\/strong><\/p>\n<ul>\n<li>Frequenz\uff1a15K<\/li>\n<li>Leistung\uff1a2600W<\/li>\n<li>Betriebsspannung\uff1aAC220V\/50Hz<\/li>\n<li>Frequenzbereich\uff1a15 Khz<\/li>\n<\/ul>\n<p><strong>Modellnummer\uff1aBJSU-20<\/strong><\/p>\n<ul>\n<li>Frequenz\uff1a20K<\/li>\n<li>Leistung\uff1a2000W\/2600W<\/li>\n<li>Betriebsspannung\uff1aAC220V\/50Hz<\/li>\n<li>Frequenzbereich\uff1a20Khz<\/li>\n<\/ul>\n","protected":false},"excerpt":{"rendered":"<p data-sourcepos=\"1:1-1:237\">Eine Ultraschallschwei\u00dfmaschine ist ein spezialisiertes Werkzeug, das hochfrequente Schallwellen verwendet, um thermoplastische Materialien zu verbinden. Es handelt sich um eine zerst\u00f6rungsfreie, effiziente und pr\u00e4zise Schwei\u00dftechnik, die keine W\u00e4rme, Klebstoffe oder L\u00f6sungsmittel erfordert.<\/p>\n","protected":false},"featured_media":24636,"comment_status":"closed","ping_status":"closed","template":"","meta":[],"product_brand":[],"product_cat":[5627],"product_tag":[],"class_list":{"0":"post-65313","1":"product","2":"type-product","3":"status-publish","4":"has-post-thumbnail","6":"product_cat-ultrasonic-welding-equipment-de","8":"first","9":"instock","10":"shipping-taxable","11":"product-type-external","12":"prodpage-classic"},"aioseo_notices":[],"_links":{"self":[{"href":"https:\/\/www.bjultrasonic.com\/de\/wp-json\/wp\/v2\/product\/65313","targetHints":{"allow":["GET"]}}],"collection":[{"href":"https:\/\/www.bjultrasonic.com\/de\/wp-json\/wp\/v2\/product"}],"about":[{"href":"https:\/\/www.bjultrasonic.com\/de\/wp-json\/wp\/v2\/types\/product"}],"replies":[{"embeddable":true,"href":"https:\/\/www.bjultrasonic.com\/de\/wp-json\/wp\/v2\/comments?post=65313"}],"wp:featuredmedia":[{"embeddable":true,"href":"https:\/\/www.bjultrasonic.com\/de\/wp-json\/wp\/v2\/media\/24636"}],"wp:attachment":[{"href":"https:\/\/www.bjultrasonic.com\/de\/wp-json\/wp\/v2\/media?parent=65313"}],"wp:term":[{"taxonomy":"product_brand","embeddable":true,"href":"https:\/\/www.bjultrasonic.com\/de\/wp-json\/wp\/v2\/product_brand?post=65313"},{"taxonomy":"product_cat","embeddable":true,"href":"https:\/\/www.bjultrasonic.com\/de\/wp-json\/wp\/v2\/product_cat?post=65313"},{"taxonomy":"product_tag","embeddable":true,"href":"https:\/\/www.bjultrasonic.com\/de\/wp-json\/wp\/v2\/product_tag?post=65313"}],"curies":[{"name":"wp","href":"https:\/\/api.w.org\/{rel}","templated":true}]}}