{"id":65553,"date":"2021-03-17T10:23:32","date_gmt":"2021-03-17T15:23:32","guid":{"rendered":"https:\/\/www.bjultrasonic.com\/shop\/40khz-80khz-120khz-30w-triple-frequency-ultrasonic-transducer-pzt-4\/"},"modified":"2026-03-28T20:55:57","modified_gmt":"2026-03-29T01:55:57","slug":"40khz-80khz-120khz-30w-triple-frequency-ultrasonic-transducer-pzt-4","status":"publish","type":"product","link":"https:\/\/www.bjultrasonic.com\/de\/shop\/40khz-80khz-120khz-30w-triple-frequency-ultrasonic-transducer-pzt-4\/","title":{"rendered":"40KHz\/80KHz\/120KHz 30W Dreifrequenz-Ultraschallwandler (PZT-4)"},"content":{"rendered":"<h2>Spezifikation des 40KHz\/80KHz\/120KHz 30W Dreifrequenz-Ultraschallwandlers (PZT-4)<\/h2>\n<table class=\"table table-striped table-bordered\">\n<tbody>\n<tr>\n<td width=\"220\">Typ<\/td>\n<td width=\"346\">BJC-4080120T- 40HN PZT-4<\/td>\n<\/tr>\n<tr>\n<td width=\"220\">Frequenz<\/td>\n<td width=\"346\">40\/80\/120KHz +\/- 1KHz<\/td>\n<\/tr>\n<tr>\n<td width=\"220\">Leistung<\/td>\n<td width=\"346\">30W<\/td>\n<\/tr>\n<tr>\n<td width=\"220\">Kapazit\u00e4t<\/td>\n<td width=\"346\">5400pF \u00b110%<\/td>\n<\/tr>\n<tr>\n<td width=\"220\">Abstrahlfl\u00e4che<\/td>\n<td width=\"346\">40mm<\/td>\n<\/tr>\n<tr>\n<td width=\"220\">Resonanzwiderstand<\/td>\n<td width=\"346\">10-20\u03a9 &lt;40<\/td>\n<\/tr>\n<tr>\n<td width=\"220\">L\u00e4nge<\/td>\n<td width=\"346\">56mm<\/td>\n<\/tr>\n<tr>\n<td width=\"220\">Stromversorgung<\/td>\n<td width=\"346\">100V~130V oder 220V~240V AC<\/td>\n<\/tr>\n<tr>\n<td width=\"220\">Gewicht<\/td>\n<td width=\"346\">300g\/St\u00fcck<\/td>\n<\/tr>\n<tr>\n<td width=\"220\">Typ<\/td>\n<td width=\"346\">Horn-Typ<\/td>\n<\/tr>\n<\/tbody>\n<\/table>\n<h2><a href=\"https:\/\/drive.google.com\/file\/d\/1pXEpP5HbetTukpQtZKV4hyTdlMm0aYkt\/view\" target=\"_blank\" rel=\"noopener\">Spezifikation und Angebot aller Ultraschallreinigungswandler herunterladen.<\/a><\/h2>\n<h3>Benennungsmethoden f\u00fcr Ultraschallreinigungswandler<\/h3>\n<p><a href=\"https:\/\/www.bjultrasonic.com\/wp-content\/uploads\/2012\/10\/Naming-Methods-of-Ultrasonic-Cleaning-Transducer.jpg\" data-lightbox=\"image\"><img loading=\"lazy\" decoding=\"async\" title=\"Benennungsmethoden f\u00fcr Ultraschallreinigungswandler\" src=\"\/\/www.bjultrasonic.com\/wp-content\/uploads\/2012\/10\/Naming-Methods-of-Ultrasonic-Cleaning-Transducer.jpg\" alt=\"Benennungsmethoden f\u00fcr Ultraschallreinigungswandler\" width=\"442\" height=\"399\" \/><\/a><\/p>\n<h3>Struktur des Ultraschallreinigungswandlers<\/h3>\n<p><a href=\"https:\/\/www.bjultrasonic.com\/wp-content\/uploads\/2012\/03\/2012319111.jpg\" data-lightbox=\"image\"><img loading=\"lazy\" decoding=\"async\" title=\"Struktur des Ultraschallreinigungswandlers\" src=\"\/\/www.bjultrasonic.com\/wp-content\/uploads\/2012\/10\/Ultrasonic-Cleaning-Transducer-Structure.jpg\" alt=\"Struktur des Ultraschallreinigungswandlers\" width=\"546\" height=\"203\" \/><\/a><\/p>\n<h3>Hauptmerkmale<\/h3>\n<ul>\n<li>Hohe Effizienz: Hoher mechanischer Q-Parameter, Wandlungswirkungsgrad zwischen Elektrizit\u00e4t und Schall \u00fcber 95%.<\/li>\n<li>Hohe Amplitude: Die Festigkeit des Wandlers wird verbessert, indem der Hochgeschwindigkeitsschwinger direkt mit Schrauben am Boden des Reinigungsbeckens befestigt wird. Im Vergleich zu einem magnetostriktiven Schwinger kann die Amplitude um \u00fcber 50% gesteigert werden.<\/li>\n<li>Gute Hitzebest\u00e4ndigkeit: Gro\u00dfer Arbeitstemperaturbereich, niedriger Resonanzwiderstand und geringe W\u00e4rmeentwicklung.<\/li>\n<li>Gute Konstruktion: Schraubenbefestigung, einfache Montage, hohe Zuverl\u00e4ssigkeit.<\/li>\n<\/ul>\n<h3>Videoplaylist: Ultraschallwandler<\/h3>\n<p><iframe loading=\"lazy\" title=\"Dual-frequency Piezoelectric Ultrasonic Transducer for Ultrasonic Cleaner\" width=\"500\" height=\"281\" src=\"https:\/\/www.youtube.com\/embed\/3zVdE1GihAE?list=PL2F5F3AB3579FB4A9\" frameborder=\"0\" allow=\"accelerometer; autoplay; clipboard-write; encrypted-media; gyroscope; picture-in-picture; web-share\" referrerpolicy=\"strict-origin-when-cross-origin\" allowfullscreen><\/iframe><\/p>\n<h3>Hochleistungs-Ultraschallwandler<\/h3>\n<p><iframe loading=\"lazy\" title=\"High Power Piezoelectric Ultrasonic Transducer - Beijing Ultrasonic\" width=\"500\" height=\"281\" src=\"https:\/\/www.youtube.com\/embed\/TBLGTvZgOw4?feature=oembed\" frameborder=\"0\" allow=\"accelerometer; autoplay; clipboard-write; encrypted-media; gyroscope; picture-in-picture; web-share\" referrerpolicy=\"strict-origin-when-cross-origin\" allowfullscreen><\/iframe><\/p>\n<h3>Zahlung<\/h3>\n<p>Wir akzeptieren PayPal, T\/T &#038; Western Union.<\/p>\n<h3>Versand<\/h3>\n<p>Die Ware wird innerhalb von 48 Stunden nach Eingang der vollen Zahlung versendet.<\/p>\n<ul>\n<li>Wir versenden die Ware an die in der PayPal-Zahlung angegebene Adresse. Bitte stellen Sie sicher, dass die Adresse in PayPal korrekt ist.<\/li>\n<li>Wir geben Ihnen die Sendungsverfolgungsnummer, nachdem wir die Ware versendet haben. In der Regel erhalten Sie die Ware innerhalb von f\u00fcnf Tagen.<\/li>\n<li>Wenn Sie Fragen haben, kontaktieren Sie uns bitte per E-Mail (unsere E-Mail-Adresse ist <a href=\"mailto:support@bjultrasonic.com\">support@bjultrasonic.com<\/a>)<\/li>\n<\/ul>\n<h3 align=\"left\">Produktgarantie<\/h3>\n<p>Die Produktgarantiezeit betr\u00e4gt ein Jahr. Innerhalb der Garantiezeit k\u00f6nnen gekaufte Produkte kostenlose Wartung oder einen Austausch erhalten.<\/p>\n","protected":false},"excerpt":{"rendered":"<p><a href=\"https:\/\/www.bjultrasonic.com\/de\/category\/ultrasonic-transducer-de\/\">Piezoelektrischer Wandler<\/a> f\u00fcr die Ultraschallreinigung ist ein wichtiger Teil eines <a href=\"https:\/\/www.bjultrasonic.com\/de\/category\/ultrasonic-cleaning-system-de\/\">Ultraschallreinigers<\/a>. Der Ultraschallwandler wandelt elektrische Energie vom <a href=\"https:\/\/www.bjultrasonic.com\/de\/category\/ultrasonic-generator-de\/\">Ultraschallgenerator<\/a> in <a href=\"https:\/\/www.bjultrasonic.com\/de\/uses-of-ultrasonic-waves\/\">Ultraschallwellen<\/a> um.<\/p>\n","protected":false},"featured_media":23746,"comment_status":"open","ping_status":"closed","template":"","meta":[],"product_brand":[],"product_cat":[6313],"product_tag":[],"class_list":{"0":"post-65553","1":"product","2":"type-product","3":"status-publish","4":"has-post-thumbnail","6":"product_cat-ultrasonic-transducer-de","8":"first","9":"instock","10":"shipping-taxable","11":"purchasable","12":"product-type-simple","13":"prodpage-classic"},"aioseo_notices":[],"_links":{"self":[{"href":"https:\/\/www.bjultrasonic.com\/de\/wp-json\/wp\/v2\/product\/65553","targetHints":{"allow":["GET"]}}],"collection":[{"href":"https:\/\/www.bjultrasonic.com\/de\/wp-json\/wp\/v2\/product"}],"about":[{"href":"https:\/\/www.bjultrasonic.com\/de\/wp-json\/wp\/v2\/types\/product"}],"replies":[{"embeddable":true,"href":"https:\/\/www.bjultrasonic.com\/de\/wp-json\/wp\/v2\/comments?post=65553"}],"wp:featuredmedia":[{"embeddable":true,"href":"https:\/\/www.bjultrasonic.com\/de\/wp-json\/wp\/v2\/media\/23746"}],"wp:attachment":[{"href":"https:\/\/www.bjultrasonic.com\/de\/wp-json\/wp\/v2\/media?parent=65553"}],"wp:term":[{"taxonomy":"product_brand","embeddable":true,"href":"https:\/\/www.bjultrasonic.com\/de\/wp-json\/wp\/v2\/product_brand?post=65553"},{"taxonomy":"product_cat","embeddable":true,"href":"https:\/\/www.bjultrasonic.com\/de\/wp-json\/wp\/v2\/product_cat?post=65553"},{"taxonomy":"product_tag","embeddable":true,"href":"https:\/\/www.bjultrasonic.com\/de\/wp-json\/wp\/v2\/product_tag?post=65553"}],"curies":[{"name":"wp","href":"https:\/\/api.w.org\/{rel}","templated":true}]}}