{"id":65573,"date":"2021-03-16T02:47:49","date_gmt":"2021-03-16T07:47:49","guid":{"rendered":"https:\/\/www.bjultrasonic.com\/shop\/three-tanks-industrial-ultrasonic-cleaners\/"},"modified":"2026-03-28T20:55:33","modified_gmt":"2026-03-29T01:55:33","slug":"three-tanks-industrial-ultrasonic-cleaners","status":"publish","type":"product","link":"https:\/\/www.bjultrasonic.com\/de\/shop\/three-tanks-industrial-ultrasonic-cleaners\/","title":{"rendered":"Drei Tanks Industrielle Ultraschallreiniger"},"content":{"rendered":"<h3>Spezifikationen (Wir k\u00f6nnen jede Gr\u00f6\u00dfe nach Bedarf anpassen)<\/h3>\n<table class=\"table table-striped table-bordered\">\n<tbody>\n<tr>\n<td> Typ<\/td>\n<td>Frequenz<\/p>\n<p>(KHz)<\/td>\n<td>Ultraschallwandler<\/p>\n<p>(Stk)<\/td>\n<td>Volumen<\/p>\n<p>(L)<\/td>\n<td>Ultraschalleistung<\/p>\n<p>(W)<\/td>\n<td>Beh\u00e4ltergr\u00f6\u00dfe<\/p>\n<p>(L*B*H MM)<\/td>\n<td>Heizleistung<\/p>\n<p>(W)<\/td>\n<td>Timer<\/p>\n<p>(MIN)<\/td>\n<td>Trocknung<\/td>\n<td>Filter<\/td>\n<td>Sp\u00fclung<\/td>\n<\/tr>\n<tr>\n<td>BJCTE38<\/td>\n<td>28 oder 40k oder andere<\/td>\n<td>12<\/td>\n<td>38<\/td>\n<td>600<\/td>\n<td>500*300*250<\/td>\n<td>1500<\/td>\n<td>1~99\uff08h\uff09<\/td>\n<td>VORHANDEN<\/td>\n<td>VORHANDEN<\/td>\n<td>VORHANDEN<\/td>\n<\/tr>\n<tr>\n<td>BJCTE53<\/td>\n<td>28 oder 40k oder andere<\/td>\n<td>18<\/td>\n<td>53<\/td>\n<td>900<\/td>\n<td>500*350*300<\/td>\n<td>1500<\/td>\n<td>1~99\uff08h\uff09<\/td>\n<td>VORHANDEN<\/td>\n<td>VORHANDEN<\/td>\n<td>VORHANDEN<\/td>\n<\/tr>\n<tr>\n<td>BJCTE78<\/td>\n<td>28 oder 40k oder andere<\/td>\n<td>24<\/td>\n<td>78<\/td>\n<td>1200<\/td>\n<td>550*400*350<\/td>\n<td>3000<\/td>\n<td>1~99\uff08h\uff09<\/td>\n<td>VORHANDEN<\/td>\n<td>VORHANDEN<\/td>\n<td>VORHANDEN<\/td>\n<\/tr>\n<tr>\n<td>BJCTE88<\/td>\n<td>28 oder 40k oder andere<\/td>\n<td>24<\/td>\n<td>88<\/td>\n<td>1200<\/td>\n<td>550*400*400<\/td>\n<td>3000<\/td>\n<td>1~99\uff08h\uff09<\/td>\n<td>VORHANDEN<\/td>\n<td>VORHANDEN<\/td>\n<td>VORHANDEN<\/td>\n<\/tr>\n<tr>\n<td>BJCTE99<\/td>\n<td>28 oder 40k oder andere<\/td>\n<td>30<\/td>\n<td>99<\/td>\n<td>1500<\/td>\n<td>550*450*400<\/td>\n<td>3000<\/td>\n<td>1~99\uff08h\uff09<\/td>\n<td>VORHANDEN<\/td>\n<td>VORHANDEN<\/td>\n<td>VORHANDEN<\/td>\n<\/tr>\n<tr>\n<td>BJCTE135<\/td>\n<td>28 oder 40k oder andere<\/td>\n<td>36<\/td>\n<td>135<\/td>\n<td>1800<\/td>\n<td>600*500*450<\/td>\n<td>4500<\/td>\n<td>1~99\uff08h\uff09<\/td>\n<td>VORHANDEN<\/td>\n<td>VORHANDEN<\/td>\n<td>VORHANDEN<\/td>\n<\/tr>\n<tr>\n<td>BJCTE175<\/td>\n<td>28 oder 40k oder andere<\/td>\n<td>48<\/td>\n<td>175<\/td>\n<td>2400<\/td>\n<td>700*500*550<\/td>\n<td>6000<\/td>\n<td>1~99\uff08h\uff09<\/td>\n<td>VORHANDEN<\/td>\n<td>VORHANDEN<\/td>\n<td>VORHANDEN<\/td>\n<\/tr>\n<tr>\n<td>BJCTE264<\/td>\n<td>28 oder 40k oder andere<\/td>\n<td>60<\/td>\n<td>264<\/td>\n<td>3000<\/td>\n<td>800*600*550<\/td>\n<td>9000<\/td>\n<td>1~99\uff08h\uff09<\/td>\n<td>VORHANDEN<\/td>\n<td>VORHANDEN<\/td>\n<td>VORHANDEN<\/td>\n<\/tr>\n<tr>\n<td>BJCTE360<\/td>\n<td>28 oder 40k oder andere<\/td>\n<td>72<\/td>\n<td>360<\/td>\n<td>3600<\/td>\n<td>1000*600*600<\/td>\n<td>12000<\/td>\n<td>1~99\uff08h\uff09<\/td>\n<td>VORHANDEN<\/td>\n<td>VORHANDEN<\/td>\n<td>VORHANDEN<\/td>\n<\/tr>\n<tr>\n<td>BJCTE540<\/td>\n<td>28 oder 40k oder andere<\/td>\n<td>108<\/td>\n<td>540<\/td>\n<td>5400<\/td>\n<td>1000*900*600<\/td>\n<td>18000<\/td>\n<td>1~99\uff08h\uff09<\/td>\n<td>VORHANDEN<\/td>\n<td>VORHANDEN<\/td>\n<td>VORHANDEN<\/td>\n<\/tr>\n<tr>\n<td>BJCTE960<\/td>\n<td>28 oder 40k oder andere<\/td>\n<td>144<\/td>\n<td>960<\/td>\n<td>7200<\/td>\n<td>1200*1000*800<\/td>\n<td>27000<\/td>\n<td>1~99\uff08h\uff09<\/td>\n<td>VORHANDEN<\/td>\n<td>VORHANDEN<\/td>\n<td>VORHANDEN<\/td>\n<\/tr>\n<\/tbody>\n<\/table>\n<p>Hochwertiger Epoxidkleber wird verwendet. L\u00f6st sich nicht leicht.<br \/>\nUltraschallwandler werden durch Stanzung befestigt. Sandstrahlen. Waschen und trocknen. Gewindebearbeitung<\/p>\n<p><img loading=\"lazy\" decoding=\"async\" class=\"alignnone size-full wp-image-23706\" src=\"https:\/\/www.bjultrasonic.com\/wp-content\/uploads\/2021\/03\/Bond-ultrasonic-transducer-by-using-stamping.jpg\" alt=\"Bond ultrasonic transducer by using stamping\" width=\"700\" height=\"398\" \/><\/p>\n","protected":false},"excerpt":{"rendered":"<h3>Ultraschallreinigung + Sp\u00fclen + Trocknen + Filter<\/h3>\n<ol>\n<li>Tankmaterial: 304SS-Tank. Offenes Gesenkschmieden ohne Schwei\u00dfn\u00e4hte.<\/li>\n<li>Tankst\u00e4rke: 3 mm, lange Lebensdauer<\/li>\n<li>Arbeitszeit: 0-90 Min. einstellbar<\/li>\n<li>Temperaturregelung: 0-80 Grad<\/li>\n<li>Leistung: Einstellbar<\/li>\n<li>Frequenz: nach Bedarf Kabel<\/li>\n<li>Industriestandard, kr\u00e4ftiges, hitzebest\u00e4ndiges Netzkabel, resistent gegen Erweichung<\/li>\n<li>Hohe Pr\u00e4zision: Da Ultraschallenergie durch winzige Risse und L\u00f6cher dringen kann, eignet sie sich f\u00fcr die Reinigung beliebiger Teile oder Baugruppen. F\u00fcr die Reinigung pr\u00e4ziser Teile oder Baugruppen ist die Ultraschallreinigung oft die einzige Methode, die den speziellen technischen Anforderungen gerecht wird;<\/li>\n<li>Schnell: Die Ultraschallreinigung ist im Vergleich zu herk\u00f6mmlichen Reinigungsmethoden bei der Entstaubung und Entkalkung von Werkst\u00fccken deutlich schneller. Baugruppen m\u00fcssen nicht demontiert werden, um gereinigt zu werden. Der Vorteil der Ultraschallreinigung, Arbeitskraft einzusparen, macht sie oft zur wirtschaftlichsten Reinigungsmethode;<\/li>\n<li>Konsistenz: Egal ob das Reinigungsteil gro\u00df oder klein, einfach oder komplex, einzeln oder in Serie oder auf einer automatischen Montagelinie \u2013 mit Ultraschallreinigung l\u00e4sst sich eine mit manueller Reinigung unvergleichbare gleichm\u00e4\u00dfige Sauberkeit erzielen.<\/li>\n<li>Design: Das Produktdesign ist ansprechend und benutzerfreundlich, das Geh\u00e4use besteht aus hochwertigem, gepr\u00e4gtem Edelstahl mit guter Rostbest\u00e4ndigkeit; der Reinigungstank ist aus hochwertigem SUS304-Edelstahl gepresst, ohne Schwei\u00dfn\u00e4hte, mit guter Wasserdichtigkeit.<\/li>\n<li>Schaltung: Die Leistungsschaltung verwendet neue OS-Oszillatoren, erm\u00f6glicht eine pr\u00e4zise Regelung der Schwingungsfrequenz und verf\u00fcgt \u00fcber eine R\u00fcckkopplungserfassung, sodass die Ultraschallausgabe stabiler und zuverl\u00e4ssiger ist.<\/li>\n<li>Ultraschallwandler: Der Ultraschallwandler verwendet eine langlebigere Ganzaluminium-Struktur, reduziert die Erw\u00e4rmung und sorgt f\u00fcr eine stabile Ausgangsleistung.<\/li>\n<\/ol>\n","protected":false},"featured_media":23712,"comment_status":"closed","ping_status":"closed","template":"","meta":[],"product_brand":[],"product_cat":[5951],"product_tag":[],"class_list":{"0":"post-65573","1":"product","2":"type-product","3":"status-publish","4":"has-post-thumbnail","6":"product_cat-big-ultrasonic-cleaning-machine-de","8":"first","9":"instock","10":"shipping-taxable","11":"product-type-external","12":"prodpage-classic"},"aioseo_notices":[],"_links":{"self":[{"href":"https:\/\/www.bjultrasonic.com\/de\/wp-json\/wp\/v2\/product\/65573","targetHints":{"allow":["GET"]}}],"collection":[{"href":"https:\/\/www.bjultrasonic.com\/de\/wp-json\/wp\/v2\/product"}],"about":[{"href":"https:\/\/www.bjultrasonic.com\/de\/wp-json\/wp\/v2\/types\/product"}],"replies":[{"embeddable":true,"href":"https:\/\/www.bjultrasonic.com\/de\/wp-json\/wp\/v2\/comments?post=65573"}],"wp:featuredmedia":[{"embeddable":true,"href":"https:\/\/www.bjultrasonic.com\/de\/wp-json\/wp\/v2\/media\/23712"}],"wp:attachment":[{"href":"https:\/\/www.bjultrasonic.com\/de\/wp-json\/wp\/v2\/media?parent=65573"}],"wp:term":[{"taxonomy":"product_brand","embeddable":true,"href":"https:\/\/www.bjultrasonic.com\/de\/wp-json\/wp\/v2\/product_brand?post=65573"},{"taxonomy":"product_cat","embeddable":true,"href":"https:\/\/www.bjultrasonic.com\/de\/wp-json\/wp\/v2\/product_cat?post=65573"},{"taxonomy":"product_tag","embeddable":true,"href":"https:\/\/www.bjultrasonic.com\/de\/wp-json\/wp\/v2\/product_tag?post=65573"}],"curies":[{"name":"wp","href":"https:\/\/api.w.org\/{rel}","templated":true}]}}