{"id":65613,"date":"2021-03-16T02:36:21","date_gmt":"2021-03-16T07:36:21","guid":{"rendered":"https:\/\/www.bjultrasonic.com\/shop\/single-tank-industrial-ultrasonic-cleaners\/"},"modified":"2026-03-28T20:55:30","modified_gmt":"2026-03-29T01:55:30","slug":"single-tank-industrial-ultrasonic-cleaners","status":"publish","type":"product","link":"https:\/\/www.bjultrasonic.com\/de\/shop\/single-tank-industrial-ultrasonic-cleaners\/","title":{"rendered":"Eintank-Industrie-Ultraschallreiniger"},"content":{"rendered":"<h3>Spezifikationen (Wir k\u00f6nnen jede Gr\u00f6\u00dfe nach Bedarf anpassen)<\/h3>\n<table class=\"table table-striped table-bordered\">\n<tbody>\n<tr>\n<td> Typ<\/td>\n<td>Frequenz<\/p>\n<p>(KHz)<\/td>\n<td>Ultraschallwandler<\/p>\n<p>(Stk.)<\/td>\n<td>Volumen<\/p>\n<p>(L)<\/td>\n<td>Ultraschalleistung<\/p>\n<p>(W)<\/td>\n<td>Beh\u00e4ltergr\u00f6\u00dfe<\/p>\n<p>(L*B*H MM)<\/td>\n<td>Maschinengr\u00f6\u00dfe<\/p>\n<p>(L*B*H MM)<\/td>\n<td>Heizleistung<\/p>\n<p>(W)<\/td>\n<td>Timer<\/p>\n<p>(MIN)<\/td>\n<td>Temperatur<\/p>\n<p>(\u2103)<\/td>\n<\/tr>\n<tr>\n<td>BJCE2400<\/td>\n<td>28K 40K Oder andere<\/td>\n<td>48<\/td>\n<td>175<\/td>\n<td>2400<\/td>\n<td>700*500*500<\/td>\n<td>880*680*750<\/td>\n<td>4500<\/td>\n<td>0~99\uff08h\uff09<\/td>\n<td>20~95<\/td>\n<\/tr>\n<tr>\n<td>BJCE3000<\/td>\n<td><\/td>\n<td>60<\/td>\n<td>264<\/td>\n<td>3000<\/td>\n<td>800*600*550<\/td>\n<td>980*780*800<\/td>\n<td>6000<\/td>\n<td>0~99\uff08h\uff09<\/td>\n<td>20~95<\/td>\n<\/tr>\n<tr>\n<td>BJCE3600<\/td>\n<td><\/td>\n<td>72<\/td>\n<td>330<\/td>\n<td>3600<\/td>\n<td>1000*600*550<\/td>\n<td>1180*780*800<\/td>\n<td>6000<\/td>\n<td>0~99\uff08h\uff09<\/td>\n<td>20~95<\/td>\n<\/tr>\n<tr>\n<td>BJCE4200<\/td>\n<td><\/td>\n<td>84<\/td>\n<td>385<\/td>\n<td>0-4200<\/td>\n<td>1000*700*550<\/td>\n<td>1180*880*800<\/td>\n<td>9000<\/td>\n<td>0~99\uff08h\uff09<\/td>\n<td>20~95<\/td>\n<\/tr>\n<tr>\n<td>BJCE4800<\/td>\n<td><\/td>\n<td>96<\/td>\n<td>450<\/td>\n<td>0-4800<\/td>\n<td>1000*750*600<\/td>\n<td>1180*930*850<\/td>\n<td>9000<\/td>\n<td>0~99\uff08h\uff09<\/td>\n<td>20~95<\/td>\n<\/tr>\n<tr>\n<td>BJCE5400<\/td>\n<td><\/td>\n<td>108<\/td>\n<td>540<\/td>\n<td>0-5400<\/td>\n<td>1000*900*600<\/td>\n<td>1180*1080*850<\/td>\n<td>10500<\/td>\n<td>0~99\uff08h\uff09<\/td>\n<td>20~95<\/td>\n<\/tr>\n<tr>\n<td>BJCE6000<\/td>\n<td><\/td>\n<td>120<\/td>\n<td>570<\/td>\n<td>0-6000<\/td>\n<td>1000*950*600<\/td>\n<td>1180*1130*850<\/td>\n<td>10500<\/td>\n<td>0~99\uff08h\uff09<\/td>\n<td>20~95<\/td>\n<\/tr>\n<tr>\n<td>BJCE6600<\/td>\n<td><\/td>\n<td>132<\/td>\n<td>650<\/td>\n<td>0-6600<\/td>\n<td>1000*1000*650<\/td>\n<td>1180*1180*900<\/td>\n<td>12000<\/td>\n<td>0~99\uff08h\uff09<\/td>\n<td>20~95<\/td>\n<\/tr>\n<tr>\n<td>BJCE7200<\/td>\n<td><\/td>\n<td>144<\/td>\n<td>715<\/td>\n<td>0-7200<\/td>\n<td>1100*1000*650<\/td>\n<td>1280*1180*900<\/td>\n<td>12000<\/td>\n<td>0~99\uff08h\uff09<\/td>\n<td>20~95<\/td>\n<\/tr>\n<tr>\n<td colspan=\"2\">BJCE10800<\/td>\n<td>216<\/td>\n<td>975<\/td>\n<td>0-10800<\/td>\n<td>1500*1000*650<\/td>\n<td>1680*1180*900<\/td>\n<td>12000<\/td>\n<td>0~99\uff08h\uff09<\/td>\n<td>20~95<\/td>\n<\/tr>\n<\/tbody>\n<\/table>\n<p>Hochwertiges Epoxidharz verwenden. L\u00f6st sich nicht leicht ab.<br \/>\nUltraschallwandler durch Stanzverfahren verbinden. Sandstrahlen. Waschen und trocknen. Gewindebearbeitung<\/p>\n<p><img loading=\"lazy\" decoding=\"async\" class=\"alignnone size-full wp-image-23706\" src=\"https:\/\/www.bjultrasonic.com\/wp-content\/uploads\/2021\/03\/Bond-ultrasonic-transducer-by-using-stamping.jpg\" alt=\"Bond ultrasonic transducer by using stamping\" width=\"700\" height=\"398\" \/><\/p>\n","protected":false},"excerpt":{"rendered":"<p>Wir k\u00f6nnen Reinigungstanks in verschiedenen Gr\u00f6\u00dfen nach Bedarf anpassen.<\/p>\n<ol>\n<li>Tankmaterial: 304SS-Tank. Offene Gesenkpr\u00e4gung ohne Schwei\u00dfn\u00e4hte.<\/li>\n<li>Tankdicke: 3 mm, langlebig<\/li>\n<li>Arbeitszeit: 0\u201390 Minuten einstellbar<\/li>\n<li>Temperaturregelung: 0\u201380 Grad<\/li>\n<li>Leistung: Einstellbar<\/li>\n<li>Frequenz: nach Bedarf, Kabel<\/li>\n<li>Industriestandard, robustes Netzkabel, hitzebest\u00e4ndig, widerstandsf\u00e4hig gegen Erweichung<\/li>\n<li>Hohe Pr\u00e4zision: Da Ultraschallenergie durch winzige Risse und L\u00f6cher dringen kann, eignet sie sich f\u00fcr die Reinigung beliebiger Teile oder Baugruppen. F\u00fcr die Reinigung pr\u00e4ziser Teile oder Baugruppen wird die Ultraschallreinigung oft zur einzigen Reinigungsmethode, die besondere technische Anforderungen erf\u00fcllt.<\/li>\n<li>Schnell: Die Ultraschallreinigung ist im Vergleich zu herk\u00f6mmlichen Reinigungsmethoden bei der Entstaubung und Entkalkung von Werkst\u00fccken deutlich schneller. Baugruppen m\u00fcssen nicht demontiert werden, um gereinigt zu werden. Der Vorteil der Ultraschallreinigung, Arbeitskraft einzusparen, macht sie oft zur wirtschaftlichsten Reinigungsmethode.<\/li>\n<li>Konsistenz: Egal ob das Reinigungsteil gro\u00df oder klein, einfach oder komplex, einzeln oder in Serie oder auf einer automatischen Montagelinie \u2013 mit Ultraschallreinigung l\u00e4sst sich eine mit manueller Reinigung unvergleichbare gleichm\u00e4\u00dfige Sauberkeit erreichen.<\/li>\n<li>Design: Das Produktdesign ist ansprechend und benutzerfreundlich, das Geh\u00e4use besteht aus hochwertigem, gepr\u00e4gtem Edelstahl mit guter Rostbest\u00e4ndigkeit. Der Reinigungstank ist aus hochwertigem SUS304-Edelstahl gepr\u00e4gt, schwei\u00dfnahtfrei und bietet gute Wasserdichtigkeit.<\/li>\n<li>Schaltung: Die Leistungsschaltung verwendet neue OS-Oszillatoren, erm\u00f6glicht eine pr\u00e4zise Steuerung der Schwingungsfrequenz und verf\u00fcgt \u00fcber eine R\u00fcckkopplungserfassung, wodurch die Ultraschallausgabe stabiler und zuverl\u00e4ssiger ist.<\/li>\n<li>Ultraschallwandler: Der Ultraschallwandler verwendet eine langlebigere Vollaluminiumstruktur, reduziert die Erw\u00e4rmung und liefert eine stabile Ausgabe.<\/li>\n<\/ol>\n","protected":false},"featured_media":23715,"comment_status":"closed","ping_status":"closed","template":"","meta":[],"product_brand":[],"product_cat":[5951],"product_tag":[],"class_list":{"0":"post-65613","1":"product","2":"type-product","3":"status-publish","4":"has-post-thumbnail","6":"product_cat-big-ultrasonic-cleaning-machine-de","8":"first","9":"instock","10":"shipping-taxable","11":"product-type-external","12":"prodpage-classic"},"aioseo_notices":[],"_links":{"self":[{"href":"https:\/\/www.bjultrasonic.com\/de\/wp-json\/wp\/v2\/product\/65613","targetHints":{"allow":["GET"]}}],"collection":[{"href":"https:\/\/www.bjultrasonic.com\/de\/wp-json\/wp\/v2\/product"}],"about":[{"href":"https:\/\/www.bjultrasonic.com\/de\/wp-json\/wp\/v2\/types\/product"}],"replies":[{"embeddable":true,"href":"https:\/\/www.bjultrasonic.com\/de\/wp-json\/wp\/v2\/comments?post=65613"}],"wp:featuredmedia":[{"embeddable":true,"href":"https:\/\/www.bjultrasonic.com\/de\/wp-json\/wp\/v2\/media\/23715"}],"wp:attachment":[{"href":"https:\/\/www.bjultrasonic.com\/de\/wp-json\/wp\/v2\/media?parent=65613"}],"wp:term":[{"taxonomy":"product_brand","embeddable":true,"href":"https:\/\/www.bjultrasonic.com\/de\/wp-json\/wp\/v2\/product_brand?post=65613"},{"taxonomy":"product_cat","embeddable":true,"href":"https:\/\/www.bjultrasonic.com\/de\/wp-json\/wp\/v2\/product_cat?post=65613"},{"taxonomy":"product_tag","embeddable":true,"href":"https:\/\/www.bjultrasonic.com\/de\/wp-json\/wp\/v2\/product_tag?post=65613"}],"curies":[{"name":"wp","href":"https:\/\/api.w.org\/{rel}","templated":true}]}}