{"id":65653,"date":"2018-12-17T06:45:11","date_gmt":"2018-12-17T11:45:11","guid":{"rendered":"https:\/\/www.bjultrasonic.com\/shop\/22l-mechanical-ultrasonic-cleaner-with-time-and-temperature-control\/"},"modified":"2026-03-28T20:55:01","modified_gmt":"2026-03-29T01:55:01","slug":"22l-mechanical-ultrasonic-cleaner-with-time-and-temperature-control","status":"publish","type":"product","link":"https:\/\/www.bjultrasonic.com\/de\/shop\/22l-mechanical-ultrasonic-cleaner-with-time-and-temperature-control\/","title":{"rendered":"22L Mechanischer Ultraschallreiniger mit Zeit- und Temperaturregelung"},"content":{"rendered":"<table class=\"table table-striped table-bordered\">\n<tbody>\n<tr>\n<td width=\"284\">\n<p>Typ<\/p>\n<\/td>\n<td width=\"284\">\n<p>BJUCMTH22<\/p>\n<\/td>\n<\/tr>\n<tr>\n<td width=\"284\">\n<p>Tankkapazit\u00e4t<\/p>\n<\/td>\n<td width=\"284\">\n<p>22L<\/p>\n<\/td>\n<\/tr>\n<tr>\n<td width=\"284\">\n<p>Ultraschallleistung<\/p>\n<\/td>\n<td width=\"284\">\n<p>480W<\/p>\n<\/td>\n<\/tr>\n<tr>\n<td width=\"284\">\n<p>Heizleistung<\/p>\n<\/td>\n<td width=\"284\">\n<p>600W<\/p>\n<\/td>\n<\/tr>\n<tr>\n<td width=\"284\">\n<p>Frequenz<\/p>\n<\/td>\n<td width=\"284\">\n<p>40KHZ<\/p>\n<\/td>\n<\/tr>\n<tr>\n<td width=\"284\">\n<p>Timer<\/p>\n<\/td>\n<td width=\"284\">\n<p>0-30 Min.<\/p>\n<\/td>\n<\/tr>\n<tr>\n<td width=\"284\">\n<p>Temperatur<\/p>\n<\/td>\n<td width=\"284\">\n<p>&lt; 80 \u00b0C<\/p>\n<\/td>\n<\/tr>\n<tr>\n<td width=\"284\">\n<p>Tankgr\u00f6\u00dfe<\/p>\n<\/td>\n<td width=\"284\">\n<p>500*300*150 mm L*B*H<\/p>\n<\/td>\n<\/tr>\n<tr>\n<td width=\"284\">\n<p>Maschinengr\u00f6\u00dfe<\/p>\n<\/td>\n<td width=\"284\">\n<p>550*330*270 mm L*B*H<\/p>\n<\/td>\n<\/tr>\n<tr>\n<td width=\"284\">\n<p>Abfluss<\/p>\n<\/td>\n<td width=\"284\">\n<p>Vorhanden<\/p>\n<\/td>\n<\/tr>\n<tr>\n<td width=\"284\">\n<p>Abdeckung<\/p>\n<\/td>\n<td width=\"284\">\n<p>Vorhanden<\/p>\n<\/td>\n<\/tr>\n<tr>\n<td width=\"284\">\n<p>Einzelgewicht<\/p>\n<\/td>\n<td width=\"284\">\n<p>14kg<\/p>\n<\/td>\n<\/tr>\n<\/tbody>\n<\/table>\n<h3>Funktionen<\/h3>\n<ul>\n<li>Timer: 1-30 Min. einstellbar.<\/li>\n<li>Temperatur: 20-80\u2103 einstellbar.<\/li>\n<li>Material: Tank und Maschine sind aus Edelstahl.<\/li>\n<li>Produktvorteile: Reinigungstank durch Tiefziehen, fehlerfreie Schwei\u00dfn\u00e4hte.<\/li>\n<li>Komponentenqualit\u00e4t: Verwendung hochwertiger <a href=\"https:\/\/www.bjultrasonic.com\/de\/category\/ultrasonic-transducer-de\/\">Ultraschallwandler<\/a>. Hohe Leistung.<\/li>\n<li>Hohe Qualit\u00e4t des Klebeprozesses. Der Ultraschallwandler wird mit Epoxidkleber befestigt.<\/li>\n<li>Entw\u00e4sserungssystem: Modelle ab 6L sind mit einem Ablasskugelhahn ausgestattet.<\/li>\n<li>K\u00fchlsystem: Modelle ab 10L sind mit einem hocheffizienten K\u00fchlgebl\u00e4se ausgestattet.<\/li>\n<\/ul>\n<p><img loading=\"lazy\" decoding=\"async\" src=\"https:\/\/www.bjultrasonic.com\/wp-content\/uploads\/2018\/12\/Mechanical-Ultrasonic-Cleaner-With-Time-and-Temperature-Control-Package-1.jpg\" alt=\"Mechanischer Ultraschallreiniger mit Zeit- und Temperatursteuerungspaket\" width=\"742\" height=\"294\" \/><\/p>\n","protected":false},"excerpt":{"rendered":"<p><a href=\"https:\/\/www.bjultrasonic.com\/de\/category\/ultrasonic-cleaning-system-de\/mechanical-ultrasonic-cleaner-de\/\">Mechanischer Ultraschallreiniger<\/a> hergestellt von Beijing Ultrasonic. Verwendung hochwertiger Ultraschallwandler. Starke Leistung.<\/p>\n","protected":false},"featured_media":20168,"comment_status":"open","ping_status":"closed","template":"","meta":[],"product_brand":[],"product_cat":[5979],"product_tag":[],"class_list":{"0":"post-65653","1":"product","2":"type-product","3":"status-publish","4":"has-post-thumbnail","6":"product_cat-mechanical-ultrasonic-cleaner-de","8":"first","9":"instock","10":"shipping-taxable","11":"purchasable","12":"product-type-simple","13":"prodpage-classic"},"aioseo_notices":[],"_links":{"self":[{"href":"https:\/\/www.bjultrasonic.com\/de\/wp-json\/wp\/v2\/product\/65653","targetHints":{"allow":["GET"]}}],"collection":[{"href":"https:\/\/www.bjultrasonic.com\/de\/wp-json\/wp\/v2\/product"}],"about":[{"href":"https:\/\/www.bjultrasonic.com\/de\/wp-json\/wp\/v2\/types\/product"}],"replies":[{"embeddable":true,"href":"https:\/\/www.bjultrasonic.com\/de\/wp-json\/wp\/v2\/comments?post=65653"}],"wp:featuredmedia":[{"embeddable":true,"href":"https:\/\/www.bjultrasonic.com\/de\/wp-json\/wp\/v2\/media\/20168"}],"wp:attachment":[{"href":"https:\/\/www.bjultrasonic.com\/de\/wp-json\/wp\/v2\/media?parent=65653"}],"wp:term":[{"taxonomy":"product_brand","embeddable":true,"href":"https:\/\/www.bjultrasonic.com\/de\/wp-json\/wp\/v2\/product_brand?post=65653"},{"taxonomy":"product_cat","embeddable":true,"href":"https:\/\/www.bjultrasonic.com\/de\/wp-json\/wp\/v2\/product_cat?post=65653"},{"taxonomy":"product_tag","embeddable":true,"href":"https:\/\/www.bjultrasonic.com\/de\/wp-json\/wp\/v2\/product_tag?post=65653"}],"curies":[{"name":"wp","href":"https:\/\/api.w.org\/{rel}","templated":true}]}}