{"id":65833,"date":"2018-12-17T06:18:56","date_gmt":"2018-12-17T11:18:56","guid":{"rendered":"https:\/\/www.bjultrasonic.com\/shop\/1-3l-mechanical-ultrasonic-cleaner-with-time-control\/"},"modified":"2026-03-28T20:53:19","modified_gmt":"2026-03-29T01:53:19","slug":"1-3l-mechanical-ultrasonic-cleaner-with-time-control","status":"publish","type":"product","link":"https:\/\/www.bjultrasonic.com\/de\/shop\/1-3l-mechanical-ultrasonic-cleaner-with-time-control\/","title":{"rendered":"1,3L Mechanischer Ultraschallreiniger mit Zeiteinstellung"},"content":{"rendered":"<table class=\"table table-striped table-bordered\">\n<tbody>\n<tr>\n<td width=\"293\">Typ<\/td>\n<td width=\"356\">BJUCMT1.3<\/td>\n<\/tr>\n<tr>\n<td width=\"293\">Tankkapazit\u00e4t<\/td>\n<td width=\"356\">1,3L<\/td>\n<\/tr>\n<tr>\n<td width=\"293\">Ultraschallleistung<\/td>\n<td width=\"356\">60W<\/td>\n<\/tr>\n<tr>\n<td width=\"293\">Frequenz<\/td>\n<td width=\"356\">40kHz<\/td>\n<\/tr>\n<tr>\n<td width=\"293\">Tankgr\u00f6\u00dfe (mm)<\/td>\n<td width=\"356\">150*140*65 (L*B*H)<\/td>\n<\/tr>\n<tr>\n<td width=\"293\">Ger\u00e4tegr\u00f6\u00dfe (mm)<\/td>\n<td width=\"356\">180*170*140 (L*B*H)<\/td>\n<\/tr>\n<tr>\n<td width=\"293\">Spannung<\/td>\n<td width=\"356\">110VAC\u2014240VAC<\/td>\n<\/tr>\n<tr>\n<td width=\"293\">Timer<\/td>\n<td width=\"356\">0-30min<\/td>\n<\/tr>\n<tr>\n<td width=\"293\">Abdeckung<\/td>\n<td width=\"356\">Vorhanden<\/td>\n<\/tr>\n<tr>\n<td width=\"293\">Abfluss<\/td>\n<td width=\"356\">Nicht vorhanden<\/td>\n<\/tr>\n<tr>\n<td width=\"293\">Einzelgewicht<\/td>\n<td width=\"356\">2,5kg<\/td>\n<\/tr>\n<\/tbody>\n<\/table>\n<h3>Funktionen<\/h3>\n<ul>\n<li>Timer: 1-30 Minuten einstellbar.<\/li>\n<li>Material: Tank und Ger\u00e4t aus Edelstahl.<\/li>\n<li>Produktvorteile: Reinigungstank durch Pr\u00e4gung, schwei\u00dfnahtfrei.<\/li>\n<li>Komponentenqualit\u00e4t: Verwendung von hochwertigem <a href=\"https:\/\/www.bjultrasonic.com\/de\/category\/ultrasonic-transducer-de\/\">Ultraschallwandler<\/a>. Starke Leistung.<\/li>\n<li>Hohe Qualit\u00e4t des Verbindungsprozesses. Der Ultraschallwandler wird mit Epoxidkleber befestigt.<\/li>\n<li>Entw\u00e4sserungssystem: Modelle ab 6L sind mit einem Entw\u00e4sserungskugelhahn ausgestattet.<\/li>\n<li>K\u00fchlsystem: 10L oder mehr sind mit dem hocheffizienten K\u00fchlventilator ausgestattet.<\/li>\n<\/ul>\n<p><img loading=\"lazy\" decoding=\"async\" src=\"https:\/\/www.bjultrasonic.com\/wp-content\/uploads\/2018\/12\/Mechanical-Ultrasonic-Cleaner-With-Time-Control-Package-1.jpg\" alt=\"Mechanischer Ultraschallreiniger mit Zeitschaltuhr Paket\" width=\"742\" height=\"324\" \/><\/p>\n","protected":false},"excerpt":{"rendered":"<p><a href=\"https:\/\/www.bjultrasonic.com\/de\/category\/ultrasonic-cleaning-system-de\/mechanical-ultrasonic-cleaner-de\/\">Mechanischer Ultraschallreiniger<\/a> hergestellt von Beijing Ultrasonic. Verwendung hochwertiger Ultraschallwandler. Starke Leistung.<\/p>\n","protected":false},"featured_media":20027,"comment_status":"open","ping_status":"closed","template":"","meta":[],"product_brand":[],"product_cat":[5979],"product_tag":[],"class_list":{"0":"post-65833","1":"product","2":"type-product","3":"status-publish","4":"has-post-thumbnail","6":"product_cat-mechanical-ultrasonic-cleaner-de","8":"first","9":"instock","10":"shipping-taxable","11":"purchasable","12":"product-type-simple","13":"prodpage-classic"},"aioseo_notices":[],"_links":{"self":[{"href":"https:\/\/www.bjultrasonic.com\/de\/wp-json\/wp\/v2\/product\/65833","targetHints":{"allow":["GET"]}}],"collection":[{"href":"https:\/\/www.bjultrasonic.com\/de\/wp-json\/wp\/v2\/product"}],"about":[{"href":"https:\/\/www.bjultrasonic.com\/de\/wp-json\/wp\/v2\/types\/product"}],"replies":[{"embeddable":true,"href":"https:\/\/www.bjultrasonic.com\/de\/wp-json\/wp\/v2\/comments?post=65833"}],"wp:featuredmedia":[{"embeddable":true,"href":"https:\/\/www.bjultrasonic.com\/de\/wp-json\/wp\/v2\/media\/20027"}],"wp:attachment":[{"href":"https:\/\/www.bjultrasonic.com\/de\/wp-json\/wp\/v2\/media?parent=65833"}],"wp:term":[{"taxonomy":"product_brand","embeddable":true,"href":"https:\/\/www.bjultrasonic.com\/de\/wp-json\/wp\/v2\/product_brand?post=65833"},{"taxonomy":"product_cat","embeddable":true,"href":"https:\/\/www.bjultrasonic.com\/de\/wp-json\/wp\/v2\/product_cat?post=65833"},{"taxonomy":"product_tag","embeddable":true,"href":"https:\/\/www.bjultrasonic.com\/de\/wp-json\/wp\/v2\/product_tag?post=65833"}],"curies":[{"name":"wp","href":"https:\/\/api.w.org\/{rel}","templated":true}]}}