{"id":65993,"date":"2018-12-17T06:10:57","date_gmt":"2018-12-17T11:10:57","guid":{"rendered":"https:\/\/www.bjultrasonic.com\/shop\/14l-mechanical-ultrasonic-cleaner-with-time-control\/"},"modified":"2026-03-28T20:51:54","modified_gmt":"2026-03-29T01:51:54","slug":"14l-mechanical-ultrasonic-cleaner-with-time-control","status":"publish","type":"product","link":"https:\/\/www.bjultrasonic.com\/de\/shop\/14l-mechanical-ultrasonic-cleaner-with-time-control\/","title":{"rendered":"14L Mechanischer Ultraschallreiniger mit Zeitkontrolle"},"content":{"rendered":"<table class=\"table table-striped table-bordered\">\n<tbody>\n<tr>\n<td width=\"284\">\n<p>Typ<\/p>\n<\/td>\n<td width=\"284\">\n<p>BJUCMT14<\/p>\n<\/td>\n<\/tr>\n<tr>\n<td width=\"284\">\n<p>Tankkapazit\u00e4t<\/p>\n<\/td>\n<td width=\"284\">\n<p>14L<\/p>\n<\/td>\n<\/tr>\n<tr>\n<td width=\"284\">\n<p>Ultraschallleistung<\/p>\n<\/td>\n<td width=\"284\">\n<p>300W<\/p>\n<\/td>\n<\/tr>\n<tr>\n<td width=\"284\">\n<p>Frequenz<\/p>\n<\/td>\n<td width=\"284\">\n<p>40KHZ<\/p>\n<\/td>\n<\/tr>\n<tr>\n<td width=\"284\">\n<p>Timer<\/p>\n<\/td>\n<td width=\"284\">\n<p>0-30 min<\/p>\n<\/td>\n<\/tr>\n<tr>\n<td width=\"284\">\n<p>Tankgr\u00f6\u00dfe<\/p>\n<\/td>\n<td width=\"284\">\n<p>300*240*200 mm L*B*H<\/p>\n<\/td>\n<\/tr>\n<tr>\n<td width=\"284\">\n<p>Ger\u00e4tegr\u00f6\u00dfe<\/p>\n<\/td>\n<td width=\"284\">\n<p>330*270*270 mm L*B*H<\/p>\n<\/td>\n<\/tr>\n<tr>\n<td width=\"284\">\n<p>Abfluss<\/p>\n<\/td>\n<td width=\"284\">\n<p>Vorhanden<\/p>\n<\/td>\n<\/tr>\n<tr>\n<td width=\"284\">\n<p>Abdeckung<\/p>\n<\/td>\n<td width=\"284\">\n<p>Vorhanden<\/p>\n<\/td>\n<\/tr>\n<tr>\n<td width=\"284\">\n<p>Einheitsgewicht<\/p>\n<\/td>\n<td width=\"284\">\n<p>9kg<\/p>\n<\/td>\n<\/tr>\n<\/tbody>\n<\/table>\n<h3>Funktionen<\/h3>\n<ul>\n<li>Timer: 1-30 min einstellbar.<\/li>\n<li>Material: Tank und Ger\u00e4t sind aus Edelstahl.<\/li>\n<li>Produktvorteile: Reinigungstank aus gepresstem Material, nahtlose Schwei\u00dfn\u00e4hte.<\/li>\n<li>Komponentenqualit\u00e4t: Verwendung hochwertiger <a href=\"https:\/\/www.bjultrasonic.com\/de\/category\/ultrasonic-transducer-de\/\">Ultraschallwandler<\/a>, hohe Leistung.<\/li>\n<li>Hohe Qualit\u00e4t des Verbindungsprozesses. Die Ultraschallwandler werden mit Epoxidkleber befestigt.<\/li>\n<li>Abflusssystem: Modelle ab 6L sind mit einem Ablasskugelhahn ausgestattet.<\/li>\n<li>K\u00fchlsystem: Modelle ab 10L sind mit einem hocheffizienten K\u00fchlventilator ausgestattet.<\/li>\n<\/ul>\n<p><img loading=\"lazy\" decoding=\"async\" src=\"https:\/\/www.bjultrasonic.com\/wp-content\/uploads\/2018\/12\/Mechanical-Ultrasonic-Cleaner-With-Time-Control-Package-2.jpg\" alt=\"Mechanischer Ultraschallreiniger mit Zeitsteuerungspaket\" width=\"742\" height=\"318\" \/><\/p>\n","protected":false},"excerpt":{"rendered":"<p><a href=\"https:\/\/www.bjultrasonic.com\/de\/category\/ultrasonic-cleaning-system-de\/mechanical-ultrasonic-cleaner-de\/\">Mechanischer Ultraschallreiniger<\/a> hergestellt von Beijing Ultrasonic. Verwendung hochwertiger Ultraschallwandler. Hohe Leistung.<\/p>\n","protected":false},"featured_media":20075,"comment_status":"open","ping_status":"closed","template":"","meta":[],"product_brand":[],"product_cat":[5979],"product_tag":[],"class_list":{"0":"post-65993","1":"product","2":"type-product","3":"status-publish","4":"has-post-thumbnail","6":"product_cat-mechanical-ultrasonic-cleaner-de","8":"first","9":"instock","10":"shipping-taxable","11":"purchasable","12":"product-type-simple","13":"prodpage-classic"},"aioseo_notices":[],"_links":{"self":[{"href":"https:\/\/www.bjultrasonic.com\/de\/wp-json\/wp\/v2\/product\/65993","targetHints":{"allow":["GET"]}}],"collection":[{"href":"https:\/\/www.bjultrasonic.com\/de\/wp-json\/wp\/v2\/product"}],"about":[{"href":"https:\/\/www.bjultrasonic.com\/de\/wp-json\/wp\/v2\/types\/product"}],"replies":[{"embeddable":true,"href":"https:\/\/www.bjultrasonic.com\/de\/wp-json\/wp\/v2\/comments?post=65993"}],"wp:featuredmedia":[{"embeddable":true,"href":"https:\/\/www.bjultrasonic.com\/de\/wp-json\/wp\/v2\/media\/20075"}],"wp:attachment":[{"href":"https:\/\/www.bjultrasonic.com\/de\/wp-json\/wp\/v2\/media?parent=65993"}],"wp:term":[{"taxonomy":"product_brand","embeddable":true,"href":"https:\/\/www.bjultrasonic.com\/de\/wp-json\/wp\/v2\/product_brand?post=65993"},{"taxonomy":"product_cat","embeddable":true,"href":"https:\/\/www.bjultrasonic.com\/de\/wp-json\/wp\/v2\/product_cat?post=65993"},{"taxonomy":"product_tag","embeddable":true,"href":"https:\/\/www.bjultrasonic.com\/de\/wp-json\/wp\/v2\/product_tag?post=65993"}],"curies":[{"name":"wp","href":"https:\/\/api.w.org\/{rel}","templated":true}]}}