{"id":66093,"date":"2018-12-17T04:12:01","date_gmt":"2018-12-17T09:12:01","guid":{"rendered":"https:\/\/www.bjultrasonic.com\/shop\/15l-40khz-ultrasonic-cleaner\/"},"modified":"2026-03-28T20:51:02","modified_gmt":"2026-03-29T01:51:02","slug":"15l-40khz-ultrasonic-cleaner","status":"publish","type":"product","link":"https:\/\/www.bjultrasonic.com\/de\/shop\/15l-40khz-ultrasonic-cleaner\/","title":{"rendered":"15L 40kHz Digitaler Ultraschallreiniger mit Zeit- und Temperatursteuerung"},"content":{"rendered":"<table class=\"table table-striped table-bordered\">\n<tbody>\n<tr>\n<td width=\"284\">\n<p>Typ<\/p>\n<\/td>\n<td width=\"284\">\n<p>BJUCDTH15<\/p>\n<\/td>\n<\/tr>\n<tr>\n<td width=\"284\">\n<p>Tankkapazit\u00e4t<\/p>\n<\/td>\n<td width=\"284\">\n<p>15L<\/p>\n<\/td>\n<\/tr>\n<tr>\n<td width=\"284\">\n<p>Ultraschalleistung<\/p>\n<\/td>\n<td width=\"284\">\n<p>360W<\/p>\n<\/td>\n<\/tr>\n<tr>\n<td width=\"284\">\n<p>Heizleistung<\/p>\n<\/td>\n<td width=\"284\">\n<p>400W<\/p>\n<\/td>\n<\/tr>\n<tr>\n<td width=\"284\">\n<p>Frequenz<\/p>\n<\/td>\n<td width=\"284\">\n<p>40KHZ<\/p>\n<\/td>\n<\/tr>\n<tr>\n<td width=\"284\">\n<p>Timer<\/p>\n<\/td>\n<td width=\"284\">\n<p>0-30 Min<\/p>\n<\/td>\n<\/tr>\n<tr>\n<td width=\"284\">\n<p>Temperatur<\/p>\n<\/td>\n<td width=\"284\">\n<p>&lt; 80 \u00b0C<\/p>\n<\/td>\n<\/tr>\n<tr>\n<td width=\"284\">\n<p>Tankgr\u00f6\u00dfe<\/p>\n<\/td>\n<td width=\"284\">\n<p>330*300*150 mm L*B*H<\/p>\n<\/td>\n<\/tr>\n<tr>\n<td width=\"284\">\n<p>Ger\u00e4tegr\u00f6\u00dfe<\/p>\n<\/td>\n<td width=\"284\">\n<p>360*330*270 mm L*B*H<\/p>\n<\/td>\n<\/tr>\n<tr>\n<td width=\"284\">\n<p>Abfluss<\/p>\n<\/td>\n<td width=\"284\">\n<p>Vorhanden<\/p>\n<\/td>\n<\/tr>\n<tr>\n<td width=\"284\">\n<p>Abdeckung<\/p>\n<\/td>\n<td width=\"284\">\n<p>Vorhanden<\/p>\n<\/td>\n<\/tr>\n<tr>\n<td width=\"284\">\n<p>Einzelgewicht<\/p>\n<\/td>\n<td width=\"284\">\n<p>10kg<\/p>\n<\/td>\n<\/tr>\n<\/tbody>\n<\/table>\n<h3>Funktionen<\/h3>\n<ul>\n<li>Timer: 1-30 Min. einstellbar.<\/li>\n<li>Temperatur: 20-80\u2103 einstellbar;<\/li>\n<li>Anzeigetafel: Zeigt Arbeitszeit und Temperatur an.<\/li>\n<li>Material: Tank und Geh\u00e4use aus Edelstahl.<\/li>\n<li>Produktvorteile: Reinigungstank durch Tiefziehen, schwei\u00dfnahtfrei.<\/li>\n<li>Komponentenqualit\u00e4t: Verwendung hochwertiger <a href=\"https:\/\/www.bjultrasonic.com\/de\/category\/ultrasonic-transducer-de\/\">Ultraschallwandler<\/a>. Starke Leistung.<\/li>\n<li>Hohe Qualit\u00e4t des Klebeprozesses. Die Ultraschallwandler werden mit Epoxidkleber befestigt.<\/li>\n<li>Entw\u00e4sserungssystem: Modelle ab 6L sind mit einem Ablasskugelhahn ausgestattet.<\/li>\n<li>K\u00fchlsystem: Modelle ab 10L sind mit einem hocheffizienten K\u00fchlventilator ausgestattet.<\/li>\n<\/ul>\n<p> <img loading=\"lazy\" decoding=\"async\" src=\"https:\/\/www.bjultrasonic.com\/wp-content\/uploads\/2018\/12\/40kHz-Digital-Ultrasonic-Cleaner-Package-1.jpg\" alt=\"40kHz Digitaler Ultraschallreiniger Paket\" width=\"742\" height=\"309\" \/><\/p>\n","protected":false},"excerpt":{"rendered":"<p><a href=\"https:\/\/www.bjultrasonic.com\/de\/category\/ultrasonic-cleaning-system-de\/digital-ultrasonic-cleaner-de\/\">40 kHz digitaler Ultraschallreiniger<\/a> mit Zeit- und Temperaturregelung.<\/p>\n","protected":false},"featured_media":19973,"comment_status":"open","ping_status":"closed","template":"","meta":[],"product_brand":[],"product_cat":[5835],"product_tag":[],"class_list":{"0":"post-66093","1":"product","2":"type-product","3":"status-publish","4":"has-post-thumbnail","6":"product_cat-digital-ultrasonic-cleaner-de","8":"first","9":"instock","10":"shipping-taxable","11":"purchasable","12":"product-type-simple","13":"prodpage-classic"},"aioseo_notices":[],"_links":{"self":[{"href":"https:\/\/www.bjultrasonic.com\/de\/wp-json\/wp\/v2\/product\/66093","targetHints":{"allow":["GET"]}}],"collection":[{"href":"https:\/\/www.bjultrasonic.com\/de\/wp-json\/wp\/v2\/product"}],"about":[{"href":"https:\/\/www.bjultrasonic.com\/de\/wp-json\/wp\/v2\/types\/product"}],"replies":[{"embeddable":true,"href":"https:\/\/www.bjultrasonic.com\/de\/wp-json\/wp\/v2\/comments?post=66093"}],"wp:featuredmedia":[{"embeddable":true,"href":"https:\/\/www.bjultrasonic.com\/de\/wp-json\/wp\/v2\/media\/19973"}],"wp:attachment":[{"href":"https:\/\/www.bjultrasonic.com\/de\/wp-json\/wp\/v2\/media?parent=66093"}],"wp:term":[{"taxonomy":"product_brand","embeddable":true,"href":"https:\/\/www.bjultrasonic.com\/de\/wp-json\/wp\/v2\/product_brand?post=66093"},{"taxonomy":"product_cat","embeddable":true,"href":"https:\/\/www.bjultrasonic.com\/de\/wp-json\/wp\/v2\/product_cat?post=66093"},{"taxonomy":"product_tag","embeddable":true,"href":"https:\/\/www.bjultrasonic.com\/de\/wp-json\/wp\/v2\/product_tag?post=66093"}],"curies":[{"name":"wp","href":"https:\/\/api.w.org\/{rel}","templated":true}]}}