{"id":66193,"date":"2018-12-17T04:12:01","date_gmt":"2018-12-17T09:12:01","guid":{"rendered":"https:\/\/www.bjultrasonic.com\/shop\/2l-40khz-ultrasonic-cleaner\/"},"modified":"2026-03-28T20:50:07","modified_gmt":"2026-03-29T01:50:07","slug":"2l-40khz-ultrasonic-cleaner","status":"publish","type":"product","link":"https:\/\/www.bjultrasonic.com\/de\/shop\/2l-40khz-ultrasonic-cleaner\/","title":{"rendered":"2L 40kHz Digitaler Ultraschallreiniger mit Zeit- und Temperaturregelung"},"content":{"rendered":"<table class=\"table table-striped table-bordered\">\n<tbody>\n<tr>\n<td width=\"284\">\n<p>Typ<\/p>\n<\/td>\n<td width=\"284\">\n<p>BJUCDTH2<\/p>\n<\/td>\n<\/tr>\n<tr>\n<td width=\"284\">\n<p>Tankkapazit\u00e4t<\/p>\n<\/td>\n<td width=\"284\">\n<p>2L<\/p>\n<\/td>\n<\/tr>\n<tr>\n<td width=\"284\">\n<p>Ultraschallleistung<\/p>\n<\/td>\n<td width=\"284\">\n<p>80W<\/p>\n<\/td>\n<\/tr>\n<tr>\n<td width=\"284\">\n<p>Heizleistung<\/p>\n<\/td>\n<td width=\"284\">\n<p>50W<\/p>\n<\/td>\n<\/tr>\n<tr>\n<td width=\"284\">\n<p>Frequenz<\/p>\n<\/td>\n<td width=\"284\">\n<p>40KHZ<\/p>\n<\/td>\n<\/tr>\n<tr>\n<td width=\"284\">\n<p>Timer<\/p>\n<\/td>\n<td width=\"284\">\n<p>0-30 Min<\/p>\n<\/td>\n<\/tr>\n<tr>\n<td width=\"284\">\n<p>Temperatur<\/p>\n<\/td>\n<td width=\"284\">\n<p>&lt; 80 \u00b0C<\/p>\n<\/td>\n<\/tr>\n<tr>\n<td width=\"284\">\n<p>Tankgr\u00f6\u00dfe<\/p>\n<\/td>\n<td width=\"284\">\n<p>150*140*100 mm L*B*H<\/p>\n<\/td>\n<\/tr>\n<tr>\n<td width=\"284\">\n<p>Ger\u00e4tegr\u00f6\u00dfe<\/p>\n<\/td>\n<td width=\"284\">\n<p>180*170*180 mm L*B*H<\/p>\n<\/td>\n<\/tr>\n<tr>\n<td width=\"284\">\n<p>Abfluss<\/p>\n<\/td>\n<td width=\"284\">\n<p>NEIN<\/p>\n<\/td>\n<\/tr>\n<tr>\n<td width=\"284\">\n<p>Abdeckung<\/p>\n<\/td>\n<td width=\"284\">\n<p>Vorhanden<\/p>\n<\/td>\n<\/tr>\n<tr>\n<td width=\"284\">\n<p>Einzelgewicht<\/p>\n<\/td>\n<td width=\"284\">\n<p>3kg<\/p>\n<\/td>\n<\/tr>\n<\/tbody>\n<\/table>\n<h3>Funktionen<\/h3>\n<ul>\n<li>Timer: 1-30 Min. einstellbar.<\/li>\n<li>Temperatur: 20-80\u2103 einstellbar;<\/li>\n<li>Anzeigefeld: Zeigt Arbeitszeit und Temperatur an.<\/li>\n<li>Material: Tank und Ger\u00e4t sind aus Edelstahl.<\/li>\n<li>Produktvorteile: Reinigungstank durch Pr\u00e4gung, schwei\u00dfnahtfrei.<\/li>\n<li>Komponentenqualit\u00e4t: Verwendung hochwertiger <a href=\"https:\/\/www.bjultrasonic.com\/de\/category\/ultrasonic-transducer-de\/\">Ultraschallwandler<\/a>. Hohe Leistung.<\/li>\n<li>Hohe Qualit\u00e4t des Verbindungsprozesses. Der Ultraschallwandler wird mit Epoxidkleber befestigt.<\/li>\n<li>Entw\u00e4sserungssystem: Modelle ab 6L sind mit einem Entw\u00e4sserungskugelhahn ausgestattet.<\/li>\n<li>K\u00fchlsystem: 10L oder mehr sind mit einem effizienten K\u00fchlventilator ausgestattet.<\/li>\n<\/ul>\n<p><img loading=\"lazy\" decoding=\"async\" src=\"https:\/\/www.bjultrasonic.com\/wp-content\/uploads\/2018\/12\/40kHz-Digital-Ultrasonic-Cleaner-Package-2.jpg\" alt=\"40kHz Digitaler Ultraschallreiniger Paket\" width=\"742\" height=\"315\" \/><\/p>\n","protected":false},"excerpt":{"rendered":"<p><a href=\"https:\/\/www.bjultrasonic.com\/de\/category\/ultrasonic-cleaning-system-de\/digital-ultrasonic-cleaner-de\/\">40 kHz digitaler Ultraschallreiniger<\/a> mit Zeit- und Temperaturregelung.<\/p>\n","protected":false},"featured_media":19959,"comment_status":"open","ping_status":"closed","template":"","meta":[],"product_brand":[],"product_cat":[5835],"product_tag":[],"class_list":{"0":"post-66193","1":"product","2":"type-product","3":"status-publish","4":"has-post-thumbnail","6":"product_cat-digital-ultrasonic-cleaner-de","8":"first","9":"instock","10":"shipping-taxable","11":"purchasable","12":"product-type-simple","13":"prodpage-classic"},"aioseo_notices":[],"_links":{"self":[{"href":"https:\/\/www.bjultrasonic.com\/de\/wp-json\/wp\/v2\/product\/66193","targetHints":{"allow":["GET"]}}],"collection":[{"href":"https:\/\/www.bjultrasonic.com\/de\/wp-json\/wp\/v2\/product"}],"about":[{"href":"https:\/\/www.bjultrasonic.com\/de\/wp-json\/wp\/v2\/types\/product"}],"replies":[{"embeddable":true,"href":"https:\/\/www.bjultrasonic.com\/de\/wp-json\/wp\/v2\/comments?post=66193"}],"wp:featuredmedia":[{"embeddable":true,"href":"https:\/\/www.bjultrasonic.com\/de\/wp-json\/wp\/v2\/media\/19959"}],"wp:attachment":[{"href":"https:\/\/www.bjultrasonic.com\/de\/wp-json\/wp\/v2\/media?parent=66193"}],"wp:term":[{"taxonomy":"product_brand","embeddable":true,"href":"https:\/\/www.bjultrasonic.com\/de\/wp-json\/wp\/v2\/product_brand?post=66193"},{"taxonomy":"product_cat","embeddable":true,"href":"https:\/\/www.bjultrasonic.com\/de\/wp-json\/wp\/v2\/product_cat?post=66193"},{"taxonomy":"product_tag","embeddable":true,"href":"https:\/\/www.bjultrasonic.com\/de\/wp-json\/wp\/v2\/product_tag?post=66193"}],"curies":[{"name":"wp","href":"https:\/\/api.w.org\/{rel}","templated":true}]}}