{"id":66433,"date":"2018-12-11T03:47:25","date_gmt":"2018-12-11T08:47:25","guid":{"rendered":"https:\/\/www.bjultrasonic.com\/shop\/2l-dual-frequency-ultrasonic-cleaner\/"},"modified":"2026-03-28T20:47:55","modified_gmt":"2026-03-29T01:47:55","slug":"2l-dual-frequency-ultrasonic-cleaner","status":"publish","type":"product","link":"https:\/\/www.bjultrasonic.com\/de\/shop\/2l-dual-frequency-ultrasonic-cleaner\/","title":{"rendered":"2L 28kHz und 40kHz Dual-Frequenz Digitaler Ultraschallreiniger mit Zeit- und Temperatursteuerung"},"content":{"rendered":"<table class=\"table table-striped table-bordered\">\n<tbody>\n<tr>\n<td width=\"284\">\n<p>Typ<\/p>\n<\/td>\n<td width=\"284\">\n<p>BJUCDTHD2<\/p>\n<\/td>\n<\/tr>\n<tr>\n<td width=\"284\">\n<p>Tankkapazit\u00e4t<\/p>\n<\/td>\n<td width=\"284\">\n<p>2L<\/p>\n<\/td>\n<\/tr>\n<tr>\n<td width=\"284\">\n<p>Ultraschallleistung<\/p>\n<\/td>\n<td width=\"284\">\n<p>60W<\/p>\n<\/td>\n<\/tr>\n<tr>\n<td width=\"284\">\n<p>Heizleistung<\/p>\n<\/td>\n<td width=\"284\">\n<p>100W<\/p>\n<\/td>\n<\/tr>\n<tr>\n<td width=\"284\">\n<p>Frequenz<\/p>\n<\/td>\n<td width=\"284\">\n<p>28kHz und 40kHz<\/p>\n<\/td>\n<\/tr>\n<tr>\n<td width=\"284\">\n<p>Timer<\/p>\n<\/td>\n<td width=\"284\">\n<p>0-30 Min.<\/p>\n<\/td>\n<\/tr>\n<tr>\n<td width=\"284\">\n<p>Temperatur<\/p>\n<\/td>\n<td width=\"284\">\n<p>&lt; 80 \u00b0C<\/p>\n<\/td>\n<\/tr>\n<tr>\n<td width=\"284\">\n<p>Tankgr\u00f6\u00dfe<\/p>\n<\/td>\n<td width=\"284\">\n<p>150*140*100 mm L*B*H<\/p>\n<\/td>\n<\/tr>\n<tr>\n<td width=\"284\">\n<p>Ger\u00e4tegr\u00f6\u00dfe<\/p>\n<\/td>\n<td width=\"284\">\n<p>180*170*220 mm L*B*H<\/p>\n<\/td>\n<\/tr>\n<tr>\n<td width=\"284\">\n<p>Abfluss<\/p>\n<\/td>\n<td width=\"284\">\n<p>NEIN<\/p>\n<\/td>\n<\/tr>\n<tr>\n<td width=\"284\">\n<p>Abdeckung<\/p>\n<\/td>\n<td width=\"284\">\n<p>Vorhanden<\/p>\n<\/td>\n<\/tr>\n<tr>\n<td width=\"284\">\n<p>Einheitsgewicht<\/p>\n<\/td>\n<td width=\"284\">\n<p>3kg<\/p>\n<\/td>\n<\/tr>\n<\/tbody>\n<\/table>\n<h3>Hauptfunktionen<\/h3>\n<ul>\n<li>Timer: Einstellung von 1-30 Min.<\/li>\n<li>Temperatur: Einstellung von 20-80\u2103;<\/li>\n<li>Anzeigetafel: Zeigt Arbeitszeit und Temperatur an.<\/li>\n<li>Material: Tank und Geh\u00e4use bestehen aus Edelstahl.<\/li>\n<li>Produktvorteile: Tank durch Stanzung gereinigt, schwei\u00dfnahtfrei.<\/li>\n<li>Komponentenqualit\u00e4t: Verwendung hochwertiger <a href=\"https:\/\/www.bjultrasonic.com\/de\/category\/ultrasonic-transducer-de\/\">Ultraschallwandler<\/a>. Hohe Leistung.<\/li>\n<li>Hohe Qualit\u00e4t des Verbindungsprozesses. Der Ultraschallwandler wird mit Epoxidkleber befestigt.<\/li>\n<li>Entw\u00e4sserungssystem: Modelle ab 6 l sind mit einem Ablasskugelhahn ausgestattet.<\/li>\n<li>K\u00fchlsystem: Ab 10L ist ein hocheffizienter K\u00fchll\u00fcfter installiert.<\/li>\n<\/ul>\n<p><img loading=\"lazy\" decoding=\"async\" src=\"https:\/\/www.bjultrasonic.com\/wp-content\/uploads\/2018\/12\/Dual-Frequency-Ultrasonic-Cleaner-Package-1.jpg\" alt=\"Dual Frequency Ultrasonic Cleaner Package-1\" width=\"600\" height=\"868\" \/><\/p>\n","protected":false},"excerpt":{"rendered":"<p><a href=\"https:\/\/www.bjultrasonic.com\/de\/category\/ultrasonic-cleaning-system-de\/dual-frequency-ultrasonic-cleaner-de\/\">Digitaler Ultraschallreiniger mit Doppelfrequenz<\/a> mit Zeit- und Temperaturregelung.<\/p>\n","protected":false},"featured_media":19808,"comment_status":"open","ping_status":"closed","template":"","meta":[],"product_brand":[],"product_cat":[5903],"product_tag":[],"class_list":{"0":"post-66433","1":"product","2":"type-product","3":"status-publish","4":"has-post-thumbnail","6":"product_cat-dual-frequency-ultrasonic-cleaner-de","8":"first","9":"instock","10":"shipping-taxable","11":"purchasable","12":"product-type-simple","13":"prodpage-classic"},"aioseo_notices":[],"_links":{"self":[{"href":"https:\/\/www.bjultrasonic.com\/de\/wp-json\/wp\/v2\/product\/66433","targetHints":{"allow":["GET"]}}],"collection":[{"href":"https:\/\/www.bjultrasonic.com\/de\/wp-json\/wp\/v2\/product"}],"about":[{"href":"https:\/\/www.bjultrasonic.com\/de\/wp-json\/wp\/v2\/types\/product"}],"replies":[{"embeddable":true,"href":"https:\/\/www.bjultrasonic.com\/de\/wp-json\/wp\/v2\/comments?post=66433"}],"wp:featuredmedia":[{"embeddable":true,"href":"https:\/\/www.bjultrasonic.com\/de\/wp-json\/wp\/v2\/media\/19808"}],"wp:attachment":[{"href":"https:\/\/www.bjultrasonic.com\/de\/wp-json\/wp\/v2\/media?parent=66433"}],"wp:term":[{"taxonomy":"product_brand","embeddable":true,"href":"https:\/\/www.bjultrasonic.com\/de\/wp-json\/wp\/v2\/product_brand?post=66433"},{"taxonomy":"product_cat","embeddable":true,"href":"https:\/\/www.bjultrasonic.com\/de\/wp-json\/wp\/v2\/product_cat?post=66433"},{"taxonomy":"product_tag","embeddable":true,"href":"https:\/\/www.bjultrasonic.com\/de\/wp-json\/wp\/v2\/product_tag?post=66433"}],"curies":[{"name":"wp","href":"https:\/\/api.w.org\/{rel}","templated":true}]}}