{"id":66493,"date":"2018-12-11T02:39:00","date_gmt":"2018-12-11T07:39:00","guid":{"rendered":"https:\/\/www.bjultrasonic.com\/shop\/58l-120khz-ultrasonic-cleaner\/"},"modified":"2026-03-28T20:47:28","modified_gmt":"2026-03-29T01:47:28","slug":"58l-120khz-ultrasonic-cleaner","status":"publish","type":"product","link":"https:\/\/www.bjultrasonic.com\/de\/shop\/58l-120khz-ultrasonic-cleaner\/","title":{"rendered":"58L 120kHz Digitaler Ultraschallreiniger mit Zeit-, Temperatur- und Leistungssteuerung"},"content":{"rendered":"<table class=\"table table-striped table-bordered\">\n<tbody>\n<tr>\n<td width=\"284\">Typ<\/td>\n<td width=\"284\">BJUCDPTH258<\/td>\n<\/tr>\n<tr>\n<td width=\"284\">Tankkapazit\u00e4t<\/td>\n<td width=\"284\">58L<\/td>\n<\/tr>\n<tr>\n<td width=\"284\">Ultraschalleistung<\/td>\n<td width=\"284\">1080W<\/td>\n<\/tr>\n<tr>\n<td width=\"284\">Heizleistung<\/td>\n<td width=\"284\">1000W<\/td>\n<\/tr>\n<tr>\n<td width=\"284\">Frequenz<\/td>\n<td width=\"284\">120KHZ<\/td>\n<\/tr>\n<tr>\n<td width=\"284\">Timer<\/td>\n<td width=\"284\">0-30 Min.<\/td>\n<\/tr>\n<tr>\n<td width=\"284\">Temperatur<\/td>\n<td width=\"284\">&lt; 80 \u00b0C<\/td>\n<\/tr>\n<tr>\n<td width=\"284\">Tankgr\u00f6\u00dfe<\/td>\n<td width=\"284\">550*350*300 mm L*B*H<\/td>\n<\/tr>\n<tr>\n<td width=\"284\">Ger\u00e4tegr\u00f6\u00dfe<\/td>\n<td width=\"284\">650*400*580 mm L*B*H<\/td>\n<\/tr>\n<tr>\n<td width=\"284\">Abfluss<\/td>\n<td width=\"284\">Vorhanden<\/td>\n<\/tr>\n<tr>\n<td width=\"284\">Abdeckung<\/td>\n<td width=\"284\">Vorhanden<\/td>\n<\/tr>\n<tr>\n<td width=\"284\">St\u00fcckgewicht<\/td>\n<td width=\"284\">72kg<\/td>\n<\/tr>\n<\/tbody>\n<\/table>\n<h3>Hauptfunktionen<\/h3>\n<ul>\n<li>Timer: 1-30 Min. einstellbar.<\/li>\n<li>Temperatur: 20-80\u2103 einstellbar.<\/li>\n<li>Zeit: Temperatur- und Leistungseinstellung.<\/li>\n<li>Anzeigefeld: Zeigt Arbeitszeit und Temperatur an.<\/li>\n<li>Material: Tank und Ger\u00e4t bestehen vollst\u00e4ndig aus Edelstahl.<\/li>\n<li>Produktvorteile: Reinigungstank durch Pr\u00e4gung, schwei\u00dfnahtfrei.<\/li>\n<li>Komponentenqualit\u00e4t: Verwendung hochwertiger Ultraschallwandler. Hohe Leistung.<\/li>\n<li>Hohe Qualit\u00e4t des Verbindungsprozesses. Der Ultraschallwandler wird mit Epoxidkleber befestigt.<\/li>\n<li>K\u00fchlsystem: 10L oder mehr sind mit dem hocheffizienten K\u00fchlgebl\u00e4se ausgestattet.<\/li>\n<\/ul>\n<p><img loading=\"lazy\" decoding=\"async\" src=\"https:\/\/www.bjultrasonic.com\/wp-content\/uploads\/2018\/12\/120kHz-Ultrasonic-Cleaner-Package.jpg\" alt=\"120kHz Ultraschallreiniger Verpackung\" width=\"600\" height=\"863\" \/><\/p>\n","protected":false},"excerpt":{"rendered":"<p><a href=\"https:\/\/www.bjultrasonic.com\/de\/category\/ultrasonic-cleaning-system-de\/120khz-ultrasonic-cleaner-de\/\">120kHz digitaler Ultraschallreiniger<\/a> mit Zeit-, Temperatur- und Leistungssteuerung.<\/p>\n","protected":false},"featured_media":19773,"comment_status":"open","ping_status":"closed","template":"","meta":[],"product_brand":[],"product_cat":[5896],"product_tag":[],"class_list":{"0":"post-66493","1":"product","2":"type-product","3":"status-publish","4":"has-post-thumbnail","6":"product_cat-120khz-ultrasonic-cleaner-de","8":"first","9":"instock","10":"shipping-taxable","11":"purchasable","12":"product-type-simple","13":"prodpage-classic"},"aioseo_notices":[],"_links":{"self":[{"href":"https:\/\/www.bjultrasonic.com\/de\/wp-json\/wp\/v2\/product\/66493","targetHints":{"allow":["GET"]}}],"collection":[{"href":"https:\/\/www.bjultrasonic.com\/de\/wp-json\/wp\/v2\/product"}],"about":[{"href":"https:\/\/www.bjultrasonic.com\/de\/wp-json\/wp\/v2\/types\/product"}],"replies":[{"embeddable":true,"href":"https:\/\/www.bjultrasonic.com\/de\/wp-json\/wp\/v2\/comments?post=66493"}],"wp:featuredmedia":[{"embeddable":true,"href":"https:\/\/www.bjultrasonic.com\/de\/wp-json\/wp\/v2\/media\/19773"}],"wp:attachment":[{"href":"https:\/\/www.bjultrasonic.com\/de\/wp-json\/wp\/v2\/media?parent=66493"}],"wp:term":[{"taxonomy":"product_brand","embeddable":true,"href":"https:\/\/www.bjultrasonic.com\/de\/wp-json\/wp\/v2\/product_brand?post=66493"},{"taxonomy":"product_cat","embeddable":true,"href":"https:\/\/www.bjultrasonic.com\/de\/wp-json\/wp\/v2\/product_cat?post=66493"},{"taxonomy":"product_tag","embeddable":true,"href":"https:\/\/www.bjultrasonic.com\/de\/wp-json\/wp\/v2\/product_tag?post=66493"}],"curies":[{"name":"wp","href":"https:\/\/api.w.org\/{rel}","templated":true}]}}