{"id":66513,"date":"2018-12-11T02:38:54","date_gmt":"2018-12-11T07:38:54","guid":{"rendered":"https:\/\/www.bjultrasonic.com\/shop\/38l-120khz-ultrasonic-cleaner\/"},"modified":"2026-03-28T20:47:27","modified_gmt":"2026-03-29T01:47:27","slug":"38l-120khz-ultrasonic-cleaner","status":"publish","type":"product","link":"https:\/\/www.bjultrasonic.com\/de\/shop\/38l-120khz-ultrasonic-cleaner\/","title":{"rendered":"38L 120kHz Digitaler Ultraschallreiniger mit Zeit-, Temperatur- und Leistungsregelung"},"content":{"rendered":"<table class=\"table table-striped table-bordered\">\n<tbody>\n<tr>\n<td width=\"284\">Typ<\/td>\n<td width=\"284\">BJUCDPTH238<\/td>\n<\/tr>\n<tr>\n<td width=\"284\">Tankkapazit\u00e4t<\/td>\n<td width=\"284\">38L<\/td>\n<\/tr>\n<tr>\n<td width=\"284\">Ultraschallleistung<\/td>\n<td width=\"284\">720W<\/td>\n<\/tr>\n<tr>\n<td width=\"284\">Heizleistung<\/td>\n<td width=\"284\">1000W<\/td>\n<\/tr>\n<tr>\n<td width=\"284\">Frequenz<\/td>\n<td width=\"284\">120KHZ<\/td>\n<\/tr>\n<tr>\n<td width=\"284\">Timer<\/td>\n<td width=\"284\">0-30 Min.<\/td>\n<\/tr>\n<tr>\n<td width=\"284\">Temperatur<\/td>\n<td width=\"284\">&lt; 80 \u00b0C<\/td>\n<\/tr>\n<tr>\n<td width=\"284\">Tankgr\u00f6\u00dfe<\/td>\n<td width=\"284\">500*300*250 mm L*B*H<\/td>\n<\/tr>\n<tr>\n<td width=\"284\">Maschinengr\u00f6\u00dfe<\/td>\n<td width=\"284\">600*350*480 mm L*B*H<\/td>\n<\/tr>\n<tr>\n<td width=\"284\">Abfluss<\/td>\n<td width=\"284\">Vorhanden<\/td>\n<\/tr>\n<tr>\n<td width=\"284\">Abdeckung<\/td>\n<td width=\"284\">Vorhanden<\/td>\n<\/tr>\n<tr>\n<td width=\"284\">Einzelgewicht<\/td>\n<td width=\"284\">45kg<\/td>\n<\/tr>\n<\/tbody>\n<\/table>\n<h3>Hauptfunktionen<\/h3>\n<ul>\n<li>Timer: 1-30 Min. einstellbar.<\/li>\n<li>Temperatur: 20-80\u2103 einstellbar.<\/li>\n<li>Zeit: Temperatur- und Leistungseinstellung.<\/li>\n<li>Anzeigetafel: Zeigt Arbeitszeit und Temperatur an.<\/li>\n<li>Material: Tank und Maschine bestehen komplett aus Edelstahl.<\/li>\n<li>Produktvorteile: Reinigungstank aus einem St\u00fcck gestanzt, schwei\u00dfnahtfrei.<\/li>\n<li>Komponentenqualit\u00e4t: Verwendung hochwertiger Ultraschallwandler. Hohe Leistung.<\/li>\n<li>Hohe Qualit\u00e4t des Verbindungsprozesses. Die Ultraschallwandler werden mit Epoxidharz verklebt.<\/li>\n<li>K\u00fchlsystem: Ab 10L oder mehr ist ein hocheffizienter K\u00fchll\u00fcfter installiert.<\/li>\n<\/ul>\n<p><img loading=\"lazy\" decoding=\"async\" src=\"https:\/\/www.bjultrasonic.com\/wp-content\/uploads\/2018\/12\/120kHz-Ultrasonic-Cleaner-Package.jpg\" alt=\"120kHz Ultraschallreiniger Verpackung\" width=\"600\" height=\"863\" \/><\/p>\n","protected":false},"excerpt":{"rendered":"<p><a href=\"https:\/\/www.bjultrasonic.com\/de\/category\/ultrasonic-cleaning-system-de\/120khz-ultrasonic-cleaner-de\/\">120kHz digitaler Ultraschallreiniger<\/a> mit Zeit-, Temperatur- und Leistungssteuerung.<\/p>\n","protected":false},"featured_media":19763,"comment_status":"open","ping_status":"closed","template":"","meta":[],"product_brand":[],"product_cat":[5896],"product_tag":[],"class_list":{"0":"post-66513","1":"product","2":"type-product","3":"status-publish","4":"has-post-thumbnail","6":"product_cat-120khz-ultrasonic-cleaner-de","8":"first","9":"instock","10":"shipping-taxable","11":"purchasable","12":"product-type-simple","13":"prodpage-classic"},"aioseo_notices":[],"_links":{"self":[{"href":"https:\/\/www.bjultrasonic.com\/de\/wp-json\/wp\/v2\/product\/66513","targetHints":{"allow":["GET"]}}],"collection":[{"href":"https:\/\/www.bjultrasonic.com\/de\/wp-json\/wp\/v2\/product"}],"about":[{"href":"https:\/\/www.bjultrasonic.com\/de\/wp-json\/wp\/v2\/types\/product"}],"replies":[{"embeddable":true,"href":"https:\/\/www.bjultrasonic.com\/de\/wp-json\/wp\/v2\/comments?post=66513"}],"wp:featuredmedia":[{"embeddable":true,"href":"https:\/\/www.bjultrasonic.com\/de\/wp-json\/wp\/v2\/media\/19763"}],"wp:attachment":[{"href":"https:\/\/www.bjultrasonic.com\/de\/wp-json\/wp\/v2\/media?parent=66513"}],"wp:term":[{"taxonomy":"product_brand","embeddable":true,"href":"https:\/\/www.bjultrasonic.com\/de\/wp-json\/wp\/v2\/product_brand?post=66513"},{"taxonomy":"product_cat","embeddable":true,"href":"https:\/\/www.bjultrasonic.com\/de\/wp-json\/wp\/v2\/product_cat?post=66513"},{"taxonomy":"product_tag","embeddable":true,"href":"https:\/\/www.bjultrasonic.com\/de\/wp-json\/wp\/v2\/product_tag?post=66513"}],"curies":[{"name":"wp","href":"https:\/\/api.w.org\/{rel}","templated":true}]}}