{"id":66693,"date":"2018-12-09T21:33:56","date_gmt":"2018-12-10T02:33:56","guid":{"rendered":"https:\/\/www.bjultrasonic.com\/shop\/30l-80khz-ultrasonic-cleaner\/"},"modified":"2026-03-28T20:45:39","modified_gmt":"2026-03-29T01:45:39","slug":"30l-80khz-ultrasonic-cleaner","status":"publish","type":"product","link":"https:\/\/www.bjultrasonic.com\/de\/shop\/30l-80khz-ultrasonic-cleaner\/","title":{"rendered":"30L 80kHz Digitaler Ultraschallreiniger mit Zeit-, Temperatur- und Leistungsregelung"},"content":{"rendered":"<table class=\"table table-striped table-bordered\">\n<tbody>\n<tr>\n<td width=\"284\">Typ<\/td>\n<td width=\"284\">BJUCDPTH830<\/td>\n<\/tr>\n<tr>\n<td width=\"284\">Tankkapazit\u00e4t<\/td>\n<td width=\"284\">30L<\/td>\n<\/tr>\n<tr>\n<td width=\"284\">Ultraschallleistung<\/td>\n<td width=\"284\">600W<\/td>\n<\/tr>\n<tr>\n<td width=\"284\">Heizleistung<\/td>\n<td width=\"284\">800W<\/td>\n<\/tr>\n<tr>\n<td width=\"284\">Frequenz<\/td>\n<td width=\"284\">80KHZ<\/td>\n<\/tr>\n<tr>\n<td width=\"284\">Timer<\/td>\n<td width=\"284\">0-30 Min.<\/td>\n<\/tr>\n<tr>\n<td width=\"284\">Temperatur<\/td>\n<td width=\"284\">&lt; 80 \u00b0C<\/td>\n<\/tr>\n<tr>\n<td width=\"284\">Tankma\u00dfe<\/td>\n<td width=\"284\">500*300*200 mm L*B*H<\/td>\n<\/tr>\n<tr>\n<td width=\"284\">Ger\u00e4teabmessungen<\/td>\n<td width=\"284\">600*350*380 mm L*B*H<\/td>\n<\/tr>\n<tr>\n<td width=\"284\">Abfluss<\/td>\n<td width=\"284\">Vorhanden<\/td>\n<\/tr>\n<tr>\n<td width=\"284\">Abdeckung<\/td>\n<td width=\"284\">Vorhanden<\/td>\n<\/tr>\n<tr>\n<td width=\"284\">Einzelgewicht<\/td>\n<td width=\"284\">32kg<\/td>\n<\/tr>\n<\/tbody>\n<\/table>\n<h3>Hauptfunktionen des 80kHz Ultraschallreinigers<\/h3>\n<ul>\n<li>Timer: 1-30 Min. einstellbar.<\/li>\n<li>Temperatur: 20-80\u2103 einstellbar;<\/li>\n<li>Zeit-, Temperatur- und Leistungsregelung<\/li>\n<li>Anzeigefeld: Zeigt Arbeitszeit und Temperatur an.<\/li>\n<li>Material: Tank und Geh\u00e4use aus Edelstahl.<\/li>\n<li>Produktvorteile: Reinigungstank durch Tiefziehen, schwei\u00dfnahtfrei.<\/li>\n<li>Komponentenqualit\u00e4t: Verwendung hochwertiger Ultraschallwandler. Hohe Leistung.<\/li>\n<li>Hohe Qualit\u00e4t des Verbindungsprozesses. Ultraschallwandler werden mit Epoxidkleber befestigt.<\/li>\n<li>Entw\u00e4sserungssystem: Modelle ab 6 l sind mit einem Entw\u00e4sserungskugelhahn ausgestattet.<\/li>\n<li>K\u00fchlsystem: Ab 10L ist ein hocheffizienter K\u00fchll\u00fcfter installiert.<\/li>\n<\/ul>\n<p><img loading=\"lazy\" decoding=\"async\" src=\"https:\/\/www.bjultrasonic.com\/wp-content\/uploads\/2018\/12\/80kHz-Ultrasonic-Cleaner-Package.jpg\" alt=\"80kHz Ultraschallreiniger\" width=\"600\" height=\"868\" \/><\/p>\n","protected":false},"excerpt":{"rendered":"<p><a href=\"https:\/\/www.bjultrasonic.com\/de\/category\/ultrasonic-cleaning-system-de\/80khz-ultrasonic-cleaner-de\/\">80kHz digitaler Ultraschallreiniger<\/a> mit Zeit-, Temperatur- und Leistungssteuerung, weit verbreitet f\u00fcr die Reinigung von Schmuck, Uhren, Halsketten, Ohrringen, Ringen, Armb\u00e4ndern, M\u00fcnzen, Uhrarmb\u00e4ndern, Brillen, Sonnenbrillen, Kontaktlinsenzubeh\u00f6r, Zahnprothesen, K\u00e4mmen, Zahnb\u00fcrsten, Geschirr und so weiter.<\/p>\n","protected":false},"featured_media":19697,"comment_status":"open","ping_status":"closed","template":"","meta":[],"product_brand":[],"product_cat":[5857],"product_tag":[],"class_list":{"0":"post-66693","1":"product","2":"type-product","3":"status-publish","4":"has-post-thumbnail","6":"product_cat-80khz-ultrasonic-cleaner-de","8":"first","9":"instock","10":"shipping-taxable","11":"purchasable","12":"product-type-simple","13":"prodpage-classic"},"aioseo_notices":[],"_links":{"self":[{"href":"https:\/\/www.bjultrasonic.com\/de\/wp-json\/wp\/v2\/product\/66693","targetHints":{"allow":["GET"]}}],"collection":[{"href":"https:\/\/www.bjultrasonic.com\/de\/wp-json\/wp\/v2\/product"}],"about":[{"href":"https:\/\/www.bjultrasonic.com\/de\/wp-json\/wp\/v2\/types\/product"}],"replies":[{"embeddable":true,"href":"https:\/\/www.bjultrasonic.com\/de\/wp-json\/wp\/v2\/comments?post=66693"}],"wp:featuredmedia":[{"embeddable":true,"href":"https:\/\/www.bjultrasonic.com\/de\/wp-json\/wp\/v2\/media\/19697"}],"wp:attachment":[{"href":"https:\/\/www.bjultrasonic.com\/de\/wp-json\/wp\/v2\/media?parent=66693"}],"wp:term":[{"taxonomy":"product_brand","embeddable":true,"href":"https:\/\/www.bjultrasonic.com\/de\/wp-json\/wp\/v2\/product_brand?post=66693"},{"taxonomy":"product_cat","embeddable":true,"href":"https:\/\/www.bjultrasonic.com\/de\/wp-json\/wp\/v2\/product_cat?post=66693"},{"taxonomy":"product_tag","embeddable":true,"href":"https:\/\/www.bjultrasonic.com\/de\/wp-json\/wp\/v2\/product_tag?post=66693"}],"curies":[{"name":"wp","href":"https:\/\/api.w.org\/{rel}","templated":true}]}}