{"id":66733,"date":"2018-12-09T21:33:43","date_gmt":"2018-12-10T02:33:43","guid":{"rendered":"https:\/\/www.bjultrasonic.com\/shop\/14l-80khz-ultrasonic-cleaner\/"},"modified":"2026-03-28T20:45:11","modified_gmt":"2026-03-29T01:45:11","slug":"14l-80khz-ultrasonic-cleaner","status":"publish","type":"product","link":"https:\/\/www.bjultrasonic.com\/de\/shop\/14l-80khz-ultrasonic-cleaner\/","title":{"rendered":"14L 80kHz digitaler Ultraschallreiniger mit Zeit-, Temperatur- und Leistungssteuerung"},"content":{"rendered":"<table class=\"table table-striped table-bordered\">\n<tbody>\n<tr>\n<td width=\"284\">Typ<\/td>\n<td width=\"284\">BJUCDPTH814<\/td>\n<\/tr>\n<tr>\n<td width=\"284\">Tankkapazit\u00e4t<\/td>\n<td width=\"284\">14L<\/td>\n<\/tr>\n<tr>\n<td width=\"284\">Ultraschallleistung<\/td>\n<td width=\"284\">360W<\/td>\n<\/tr>\n<tr>\n<td width=\"284\">Heizleistung<\/td>\n<td width=\"284\">500W<\/td>\n<\/tr>\n<tr>\n<td width=\"284\">Frequenz<\/td>\n<td width=\"284\">80KHZ<\/td>\n<\/tr>\n<tr>\n<td width=\"284\">Timer<\/td>\n<td width=\"284\">0-30 Min<\/td>\n<\/tr>\n<tr>\n<td width=\"284\">Temperatur<\/td>\n<td width=\"284\">&lt; 80 Grad C<\/td>\n<\/tr>\n<tr>\n<td width=\"284\">Tankgr\u00f6\u00dfe<\/td>\n<td width=\"284\">300*240*200 mm L*B*H<\/td>\n<\/tr>\n<tr>\n<td width=\"284\">Ger\u00e4tegr\u00f6\u00dfe<\/td>\n<td width=\"284\">400*300*380 mm L*B*H<\/td>\n<\/tr>\n<tr>\n<td width=\"284\">Abfluss<\/td>\n<td width=\"284\">Vorhanden<\/td>\n<\/tr>\n<tr>\n<td width=\"284\">Abdeckung<\/td>\n<td width=\"284\">Vorhanden<\/td>\n<\/tr>\n<tr>\n<td width=\"284\">Einheitsgewicht<\/td>\n<td width=\"284\">16kg<\/td>\n<\/tr>\n<\/tbody>\n<\/table>\n<h3>Hauptfunktionen des 80kHz Ultraschallreinigers<\/h3>\n<ul>\n<li>Timer: Einstellung von 1-30 Min.<\/li>\n<li>Temperatur: Einstellung von 20-80\u2103;<\/li>\n<li>Einstellung von Zeit, Temperatur und Leistung<\/li>\n<li>Anzeigetafel: Zeigt Arbeitszeit und Temperatur an.<\/li>\n<li>Material: Tank und Geh\u00e4use sind aus Edelstahl.<\/li>\n<li>Produktvorteile: Reinigungstank durch Stanzung, schwei\u00dfnahtfrei.<\/li>\n<li>Komponentenqualit\u00e4t: Verwendung von hochwertigen Ultraschallwandlern. Starke Leistung.<\/li>\n<li>Hohe Qualit\u00e4t des Verbindungsprozesses. Der Ultraschallwandler wird mit Epoxidkleber befestigt.<\/li>\n<li>Entw\u00e4sserungssystem: Modelle mit 6 l und mehr sind mit einem Entw\u00e4sserungskugelhahn ausgestattet.<\/li>\n<li>K\u00fchlsystem: 10L oder mehr sind mit einem hocheffizienten K\u00fchlventilator ausgestattet.<\/li>\n<\/ul>\n<p><img loading=\"lazy\" decoding=\"async\" src=\"https:\/\/www.bjultrasonic.com\/wp-content\/uploads\/2018\/12\/80kHz-Ultrasonic-Cleaner-Package.jpg\" alt=\"80kHz Ultraschallreiniger\" width=\"600\" height=\"868\" \/><\/p>\n","protected":false},"excerpt":{"rendered":"<p><a href=\"https:\/\/www.bjultrasonic.com\/de\/category\/ultrasonic-cleaning-system-de\/80khz-ultrasonic-cleaner-de\/\">80kHz digitaler Ultraschallreiniger<\/a> mit Zeit-, Temperatur- und Leistungsregelung, weit verbreitet f\u00fcr die Reinigung von Schmuck, Uhren, Halsketten, Ohrringen, Ringen, Armb\u00e4ndern, M\u00fcnzen, Uhrarmb\u00e4ndern, Brillen, Sonnenbrillen, Kontaktlinsenzubeh\u00f6r, Zahnprothesen, K\u00e4mmen, Zahnb\u00fcrsten, Essgeschirr und so weiter.<\/p>\n","protected":false},"featured_media":19686,"comment_status":"open","ping_status":"closed","template":"","meta":[],"product_brand":[],"product_cat":[5857],"product_tag":[],"class_list":{"0":"post-66733","1":"product","2":"type-product","3":"status-publish","4":"has-post-thumbnail","6":"product_cat-80khz-ultrasonic-cleaner-de","8":"first","9":"instock","10":"featured","11":"shipping-taxable","12":"purchasable","13":"product-type-simple","14":"prodpage-classic"},"aioseo_notices":[],"_links":{"self":[{"href":"https:\/\/www.bjultrasonic.com\/de\/wp-json\/wp\/v2\/product\/66733","targetHints":{"allow":["GET"]}}],"collection":[{"href":"https:\/\/www.bjultrasonic.com\/de\/wp-json\/wp\/v2\/product"}],"about":[{"href":"https:\/\/www.bjultrasonic.com\/de\/wp-json\/wp\/v2\/types\/product"}],"replies":[{"embeddable":true,"href":"https:\/\/www.bjultrasonic.com\/de\/wp-json\/wp\/v2\/comments?post=66733"}],"wp:featuredmedia":[{"embeddable":true,"href":"https:\/\/www.bjultrasonic.com\/de\/wp-json\/wp\/v2\/media\/19686"}],"wp:attachment":[{"href":"https:\/\/www.bjultrasonic.com\/de\/wp-json\/wp\/v2\/media?parent=66733"}],"wp:term":[{"taxonomy":"product_brand","embeddable":true,"href":"https:\/\/www.bjultrasonic.com\/de\/wp-json\/wp\/v2\/product_brand?post=66733"},{"taxonomy":"product_cat","embeddable":true,"href":"https:\/\/www.bjultrasonic.com\/de\/wp-json\/wp\/v2\/product_cat?post=66733"},{"taxonomy":"product_tag","embeddable":true,"href":"https:\/\/www.bjultrasonic.com\/de\/wp-json\/wp\/v2\/product_tag?post=66733"}],"curies":[{"name":"wp","href":"https:\/\/api.w.org\/{rel}","templated":true}]}}