{"id":66813,"date":"2018-08-16T05:43:28","date_gmt":"2018-08-16T10:43:28","guid":{"rendered":"https:\/\/www.bjultrasonic.com\/shop\/ultrasonic-atomizing-transducer-bja-900\/"},"modified":"2026-03-28T20:44:42","modified_gmt":"2026-03-29T01:44:42","slug":"ultrasonic-atomizing-transducer-bja-900","status":"publish","type":"product","link":"https:\/\/www.bjultrasonic.com\/de\/shop\/ultrasonic-atomizing-transducer-bja-900\/","title":{"rendered":"900ML 3-Kopf Ultraschall-Nebelgenerator Nebler Wasserspringbrunnen"},"content":{"rendered":"<table class=\"table table-striped table-bordered\">\n<tbody>\n<tr>\n<td width=\"284\">Typ<\/td>\n<td width=\"284\">BJA900<\/td>\n<\/tr>\n<tr>\n<td width=\"284\">Zerst\u00e4ubungsmenge<\/td>\n<td width=\"284\">&gt;900ML<\/td>\n<\/tr>\n<tr>\n<td width=\"284\">Abmessungen<\/td>\n<td width=\"284\">68mm Durchmesser \u00a0 27mm H\u00f6he<\/td>\n<\/tr>\n<tr>\n<td width=\"284\">Arbeitsfrequenz<\/td>\n<td width=\"284\">1700\u00b150(KHZ)<\/td>\n<\/tr>\n<tr>\n<td width=\"284\">Durchmesser des Piezokeramik-Elements<\/td>\n<td width=\"284\">20mm<\/td>\n<\/tr>\n<tr>\n<td width=\"284\">Betriebstemperatur<\/td>\n<td width=\"284\">1\uff5e45\u2103<\/td>\n<\/tr>\n<tr>\n<td width=\"284\">Wasserstand<\/td>\n<td width=\"284\">40mm-80mm<\/td>\n<\/tr>\n<tr>\n<td width=\"284\">Betriebsspannung<\/td>\n<td width=\"284\">36V AC<\/td>\n<\/tr>\n<tr>\n<td width=\"284\">Betriebsstrom<\/td>\n<td width=\"284\">2.2A<\/td>\n<\/tr>\n<tr>\n<td width=\"284\">Leistung:<\/td>\n<td width=\"284\">60W<\/td>\n<\/tr>\n<tr>\n<td width=\"284\">Material<\/td>\n<td width=\"284\">Kupfer und Edelstahl<\/td>\n<\/tr>\n<tr>\n<td width=\"284\">LED<\/td>\n<td width=\"284\">eine<\/td>\n<\/tr>\n<tr>\n<td width=\"284\">Wasserstandssensor<\/td>\n<td width=\"284\">H\u00f6he 12mm<\/td>\n<\/tr>\n<tr>\n<td width=\"284\">Kabel<\/td>\n<td width=\"284\">L\u00e4nge 5m<\/td>\n<\/tr>\n<tr>\n<td width=\"284\">Eingangsspannung<\/td>\n<td width=\"284\">AC 220V\/50HZ<\/p>\n<p>120V\/60HZ<\/td>\n<\/tr>\n<\/tbody>\n<\/table>\n<h3>Hauptfunktionen<\/h3>\n<ul>\n<li>Kupfergeh\u00e4use, vernickelt und kadmiert, gute W\u00e4rmeableitung.<\/li>\n<li>Wassermangelschutzfunktion und schwimmend auf dem Wasser, automatisch auf der Wasseroberfl\u00e4che treibend.<\/li>\n<li>Einsetzbar f\u00fcr industrielle, landwirtschaftliche, Landschaftsnebel-Erzeugung usw.<\/li>\n<li>Mit farbigen Lichtern und Einzellichtern.<\/li>\n<li>Gro\u00dfe Zerst\u00e4ubungsmenge; Stabile Leistung; Lange Lebensdauer;<\/li>\n<\/ul>\n<h3>Video<\/h3>\n<p><iframe loading=\"lazy\" title=\"900ml 3 Head Ultrasonic Mist Maker Fogger Water Fountain\" width=\"500\" height=\"281\" src=\"https:\/\/www.youtube.com\/embed\/Zc07JpAh8ic?feature=oembed\" frameborder=\"0\" allow=\"accelerometer; autoplay; clipboard-write; encrypted-media; gyroscope; picture-in-picture; web-share\" referrerpolicy=\"strict-origin-when-cross-origin\" allowfullscreen><\/iframe><\/p>\n<p><iframe loading=\"lazy\" title=\"Ultrasonic Humidifier\" width=\"500\" height=\"281\" src=\"https:\/\/www.youtube.com\/embed\/videoseries?list=PLLrjMYkO0_NEpofnqW3MnsGQ-KMwpBJul\" frameborder=\"0\" allow=\"accelerometer; autoplay; clipboard-write; encrypted-media; gyroscope; picture-in-picture; web-share\" referrerpolicy=\"strict-origin-when-cross-origin\" allowfullscreen><\/iframe><\/p>\n<h3>FAQs<\/h3>\n<p><strong>1. K\u00f6nnen wir die Zerst\u00e4ubungsmenge einstellen?<\/strong><\/p>\n<p>Nein, sie kann nur \u00fcber den Wasserstand ver\u00e4ndert werden.<\/p>\n<p><strong>2. K\u00f6nnen wir die LED ausschalten (falls vorhanden)?<\/strong><\/p>\n<p>Nein. F\u00fcr den Innenbereich ist es besser, einen Ultraschallzerst\u00e4uber ohne LED zu w\u00e4hlen.<\/p>\n<p><strong>3. Macht es Ger\u00e4usche?<\/strong><\/p>\n<p>Nein. Die meisten <a href=\"https:\/\/www.bjultrasonic.com\/de\/category\/ultrasonic-atomizer-de\/\">Ultraschall-Luftbefeuchter<\/a> arbeiten in der Regel leiser als andere Modelle. Das liegt daran, dass sie keinen Ventilator haben, wie es bei Verdunstungs-Luftbefeuchtern \u00fcblich ist. Das h\u00e4lt den Ger\u00e4uschpegel niedrig.<\/p>\n<p><strong>4. Gibt es Stromschlaggefahr?<\/strong><\/p>\n<p>Das Prinzip des Ultraschallzerst\u00e4ubers besteht darin, dass Ultraschallvibrationen Nebel erzeugen. Ber\u00fchren Sie den Zerst\u00e4uber w\u00e4hrend des Betriebs nicht mit der Hand, es k\u00f6nnte ein Kribbeln zu sp\u00fcren sein, aber das ist kein Stromschlag.<\/p>\n<h3>Allgemeine Hinweise<\/h3>\n<ol>\n<li>Bitte drehen Sie den Zerst\u00e4uber nach dem Einschalten der Stromversorgung nicht um, da dies den Zerst\u00e4uber besch\u00e4digen kann.<\/li>\n<li>Bitte verwenden Sie ihn nicht \u00fcber l\u00e4ngere Zeit oder mehr als 10 Stunden am St\u00fcck.<\/li>\n<li>Ber\u00fchren Sie nicht die Zerst\u00e4uberplatte, wenn der Zerst\u00e4uber in Betrieb ist.<\/li>\n<li>Achten Sie auf die Wasserqualit\u00e4t. Bitte verwenden Sie sauberes Leitungswasser. (Verschlechterung der Wasserqualit\u00e4t beeintr\u00e4chtigt die Lebensdauer)<\/li>\n<li>Bitte schalten Sie vor dem Bewegen oder Reparieren den Strom aus.<\/li>\n<li>Zerst\u00e4ubte <a href=\"https:\/\/www.bjultrasonic.com\/de\/category\/piezoelectric-ceramic-de\/\">Piezokeramik-Elemente<\/a> geh\u00f6ren zu den Verbrauchsmaterialien, deren Lebensdauer mehr als 3600 Stunden betr\u00e4gt. Wenn die Nebelkapazit\u00e4t des Zerst\u00e4ubers deutlich nachl\u00e4sst, reinigen Sie bitte die zerst\u00e4ubte Piezokeramik (ohne Reinigungsmittel) mit einem Wattest\u00e4bchen, um sie sauber zu halten. Wenn die Zerst\u00e4ubungsmenge nach der Reinigung immer noch gering ist, tauschen Sie bitte ein Zerst\u00e4ubungs-Piezoelement aus. (Es wird empfohlen, Ersatz-Piezokeramik gleich mitzubestellen)<\/li>\n<\/ol>\n<p><img loading=\"lazy\" decoding=\"async\" src=\"https:\/\/www.bjultrasonic.com\/wp-content\/uploads\/2018\/08\/Ultrasonic-Humidifier-with-LED.jpg\" alt=\"Ultraschall-Luftbefeuchter mit LED\" width=\"670\" height=\"925\" \/><\/p>\n","protected":false},"excerpt":{"rendered":"<p><a href=\"https:\/\/www.bjultrasonic.com\/de\/category\/ultrasonic-atomizer-de\/\">Ultraschall-Luftbefeuchter<\/a> nutzen Ultraschallenergie, um Fl\u00fcssigkeiten in wolken\u00e4hnliche Partikel umzuwandeln. Ultraschall-Luftbefeuchter werden auch als <a href=\"https:\/\/www.bjultrasonic.com\/de\/shop\/ultrasonic-atomizing-transducer\/\">Ultraschallzerst\u00e4uber<\/a>, Ultraschall-Nebelerzeuger oder Ultraschall-Nebelgeneratoren bezeichnet.<\/p>\n","protected":false},"featured_media":19512,"comment_status":"open","ping_status":"closed","template":"","meta":[],"product_brand":[],"product_cat":[6198],"product_tag":[],"class_list":{"0":"post-66813","1":"product","2":"type-product","3":"status-publish","4":"has-post-thumbnail","6":"product_cat-ultrasonic-atomizer-de","8":"first","9":"instock","10":"shipping-taxable","11":"purchasable","12":"product-type-simple","13":"prodpage-classic"},"aioseo_notices":[],"_links":{"self":[{"href":"https:\/\/www.bjultrasonic.com\/de\/wp-json\/wp\/v2\/product\/66813","targetHints":{"allow":["GET"]}}],"collection":[{"href":"https:\/\/www.bjultrasonic.com\/de\/wp-json\/wp\/v2\/product"}],"about":[{"href":"https:\/\/www.bjultrasonic.com\/de\/wp-json\/wp\/v2\/types\/product"}],"replies":[{"embeddable":true,"href":"https:\/\/www.bjultrasonic.com\/de\/wp-json\/wp\/v2\/comments?post=66813"}],"wp:featuredmedia":[{"embeddable":true,"href":"https:\/\/www.bjultrasonic.com\/de\/wp-json\/wp\/v2\/media\/19512"}],"wp:attachment":[{"href":"https:\/\/www.bjultrasonic.com\/de\/wp-json\/wp\/v2\/media?parent=66813"}],"wp:term":[{"taxonomy":"product_brand","embeddable":true,"href":"https:\/\/www.bjultrasonic.com\/de\/wp-json\/wp\/v2\/product_brand?post=66813"},{"taxonomy":"product_cat","embeddable":true,"href":"https:\/\/www.bjultrasonic.com\/de\/wp-json\/wp\/v2\/product_cat?post=66813"},{"taxonomy":"product_tag","embeddable":true,"href":"https:\/\/www.bjultrasonic.com\/de\/wp-json\/wp\/v2\/product_tag?post=66813"}],"curies":[{"name":"wp","href":"https:\/\/api.w.org\/{rel}","templated":true}]}}