{"id":66873,"date":"2018-08-16T05:29:09","date_gmt":"2018-08-16T10:29:09","guid":{"rendered":"https:\/\/www.bjultrasonic.com\/shop\/ultrasonic-atomizing-transducer-bja-350-1\/"},"modified":"2026-03-28T20:43:53","modified_gmt":"2026-03-29T01:43:53","slug":"ultrasonic-atomizing-transducer-bja-350-1","status":"publish","type":"product","link":"https:\/\/www.bjultrasonic.com\/de\/shop\/ultrasonic-atomizing-transducer-bja-350-1\/","title":{"rendered":"350ML Wasser-Nebel-Macher Nebelmaschine 1 St\u00fcck LED"},"content":{"rendered":"<p><iframe loading=\"lazy\" title=\"350ml Ultrasonic Water Mist Maker Fogger 1PCs LED\" width=\"500\" height=\"281\" src=\"https:\/\/www.youtube.com\/embed\/jOEv0dcR458?feature=oembed\" frameborder=\"0\" allow=\"accelerometer; autoplay; clipboard-write; encrypted-media; gyroscope; picture-in-picture; web-share\" referrerpolicy=\"strict-origin-when-cross-origin\" allowfullscreen><\/iframe><\/p>\n<table class=\"table table-striped table-bordered\">\n<tbody>\n<tr>\n<td width=\"273\">Typ<\/td>\n<td width=\"273\">BJA350-1<\/td>\n<\/tr>\n<tr>\n<td width=\"273\">Zerst\u00e4ubungsmenge<\/td>\n<td width=\"273\">&gt;350ML<\/td>\n<\/tr>\n<tr>\n<td width=\"273\">Gr\u00f6\u00dfe<\/td>\n<td width=\"273\">45mm Durchmesser\u00a0\u00a0 35mm H\u00f6he<\/td>\n<\/tr>\n<tr>\n<td width=\"273\">Arbeitsfrequenz<\/td>\n<td width=\"273\">1700\u00b150(KHZ)<\/td>\n<\/tr>\n<tr>\n<td width=\"273\">Arbeitstemperatur<\/td>\n<td width=\"273\">5\uff5e45\u2103<\/td>\n<\/tr>\n<tr>\n<td width=\"273\">Wasserstand<\/td>\n<td width=\"273\">40mm&#8211;90mm<\/td>\n<\/tr>\n<tr>\n<td width=\"273\">Leistung:<\/td>\n<td width=\"273\">20W<\/td>\n<\/tr>\n<tr>\n<td width=\"273\">LED<\/td>\n<td width=\"273\">1 LED<\/td>\n<\/tr>\n<tr>\n<td width=\"273\">Wasserstandssensor<\/td>\n<td width=\"273\">H\u00f6he 12mm<\/td>\n<\/tr>\n<tr>\n<td width=\"273\">Kabel<\/td>\n<td width=\"273\">Schwarz 3.8mm PVC\u00a0 L\u00e4nge 1400\u00b120mm<\/td>\n<\/tr>\n<tr>\n<td width=\"273\">Durchmesser der Piezokeramik<\/td>\n<td width=\"273\">20MM<\/td>\n<\/tr>\n<tr>\n<td width=\"273\">Arbeitsspannung<\/td>\n<td width=\"273\">24V AC\/DC 700MA<\/td>\n<\/tr>\n<tr>\n<td width=\"273\">Stecker<\/td>\n<td width=\"273\">5.5*2.5mm Buchse<\/td>\n<\/tr>\n<\/tbody>\n<\/table>\n<h3>Video<\/h3>\n<p><iframe loading=\"lazy\" title=\"350ml Water Mist Maker Fogger 1PCs LED\" width=\"500\" height=\"281\" src=\"https:\/\/www.youtube.com\/embed\/fShDVgGv04k?feature=oembed\" frameborder=\"0\" allow=\"accelerometer; autoplay; clipboard-write; encrypted-media; gyroscope; picture-in-picture; web-share\" referrerpolicy=\"strict-origin-when-cross-origin\" allowfullscreen><\/iframe><\/p>\n<p><iframe loading=\"lazy\" title=\"Ultrasonic Humidifier\" width=\"500\" height=\"281\" src=\"https:\/\/www.youtube.com\/embed\/videoseries?list=PLLrjMYkO0_NEpofnqW3MnsGQ-KMwpBJul\" frameborder=\"0\" allow=\"accelerometer; autoplay; clipboard-write; encrypted-media; gyroscope; picture-in-picture; web-share\" referrerpolicy=\"strict-origin-when-cross-origin\" allowfullscreen><\/iframe><\/p>\n<h3>FAQs<\/h3>\n<p><strong>1. K\u00f6nnen wir die Zerst\u00e4ubungsmenge einstellen?<\/strong><\/p>\n<p>Nein, sie kann nur durch den Wasserstand ge\u00e4ndert werden.<\/p>\n<p><strong>2. K\u00f6nnen wir die LED ausschalten (falls vorhanden)?<\/strong><\/p>\n<p>Nein. F\u00fcr den Innenbereich ist es besser, einen Ultraschallzerst\u00e4uber ohne LED zu w\u00e4hlen.<\/p>\n<p><strong>3. Macht es Ger\u00e4usche?<\/strong><\/p>\n<p>Nein. Die meisten <a href=\"https:\/\/www.bjultrasonic.com\/de\/category\/ultrasonic-atomizer-de\/\">Ultraschall-Luftbefeuchter<\/a> arbeiten leiser als andere Modelle. Das liegt daran, dass sie keinen L\u00fcfter haben, wie es bei Verdunstungsbefeuchtern \u00fcblich ist. Das h\u00e4lt den Ger\u00e4uschpegel niedrig.<\/p>\n<p><strong>4. Gibt es Stromschlaggefahr?<\/strong><\/p>\n<p>Das Prinzip des Ultraschallzerst\u00e4ubers ist, dass Ultraschallvibrationen Nebel erzeugen. Ber\u00fchren Sie den Zerst\u00e4uber w\u00e4hrend des Betriebs nicht mit der Hand, es k\u00f6nnte ein Kribbeln zu sp\u00fcren sein, aber das ist kein Stromschlag.<\/p>\n<h3>Allgemeine Hinweise<\/h3>\n<ol>\n<li>Bitte drehen Sie den Zerst\u00e4uber nach dem Einschalten der Stromversorgung nicht auf den Kopf, da dies den Zerst\u00e4uber besch\u00e4digen kann.<\/li>\n<li>Bitte verwenden Sie ihn nicht \u00fcber einen l\u00e4ngeren Zeitraum oder mehr als 10 Stunden.<\/li>\n<li>Ber\u00fchren Sie nicht die Zerst\u00e4uberplatte, w\u00e4hrend der Zerst\u00e4uber in Betrieb ist.<\/li>\n<li>Sorgen Sie f\u00fcr Wasserqualit\u00e4t. Bitte verwenden Sie sauberes Leitungswasser. (Verschlechterung der Wasserqualit\u00e4t beeintr\u00e4chtigt die Lebensdauer)<\/li>\n<li>Trennen Sie vor dem Bewegen oder Reparieren die Stromversorgung.<\/li>\n<li>Zerst\u00e4ubte <a href=\"https:\/\/www.bjultrasonic.com\/de\/category\/piezoelectric-ceramic-de\/\">Piezokeramiken<\/a> geh\u00f6ren zu den Verbrauchsmaterialien, deren Lebensdauer mehr als 3600 Stunden betr\u00e4gt. Wenn die Nebelkapazit\u00e4t des Zerst\u00e4ubers deutlich abnimmt, reinigen Sie bitte die zerst\u00e4ubte Piezokeramik (ohne Reinigungsmittel) mit einem Wattest\u00e4bchen, um sie sauber zu halten. Wenn die Zerst\u00e4ubungsmenge nach der Reinigung immer noch gering ist, ersetzen Sie bitte eine Zerst\u00e4uber-Piezokeramik. (Es wird empfohlen, zerst\u00e4ubte Piezokeramiken gleich mitzubestellen)<\/li>\n<\/ol>\n<p><img loading=\"lazy\" decoding=\"async\" src=\"https:\/\/www.bjultrasonic.com\/wp-content\/uploads\/2018\/08\/Ultrasonic-Humidifier-with-LED.jpg\" alt=\"Ultrasonic-Humidifier-with-LED\" width=\"670\" height=\"925\" \/><\/p>\n","protected":false},"excerpt":{"rendered":"<p><a href=\"https:\/\/www.bjultrasonic.com\/de\/category\/ultrasonic-atomizer-de\/\">Ultraschall-Luftbefeuchter<\/a> nutzen Ultraschallenergie, um Fl\u00fcssigkeiten in wolkenartige Partikel umzuwandeln. Ultraschall-Luftbefeuchter werden auch als <a href=\"https:\/\/www.bjultrasonic.com\/de\/shop\/ultrasonic-atomizing-transducer\/\">Ultraschall-Zerst\u00e4uber<\/a>, Ultraschall-Nebelerzeuger oder Ultraschall-Vernebler bezeichnet.<\/p>\n","protected":false},"featured_media":19498,"comment_status":"open","ping_status":"closed","template":"","meta":[],"product_brand":[],"product_cat":[6198],"product_tag":[],"class_list":{"0":"post-66873","1":"product","2":"type-product","3":"status-publish","4":"has-post-thumbnail","6":"product_cat-ultrasonic-atomizer-de","8":"first","9":"instock","10":"shipping-taxable","11":"purchasable","12":"product-type-simple","13":"prodpage-classic"},"aioseo_notices":[],"_links":{"self":[{"href":"https:\/\/www.bjultrasonic.com\/de\/wp-json\/wp\/v2\/product\/66873","targetHints":{"allow":["GET"]}}],"collection":[{"href":"https:\/\/www.bjultrasonic.com\/de\/wp-json\/wp\/v2\/product"}],"about":[{"href":"https:\/\/www.bjultrasonic.com\/de\/wp-json\/wp\/v2\/types\/product"}],"replies":[{"embeddable":true,"href":"https:\/\/www.bjultrasonic.com\/de\/wp-json\/wp\/v2\/comments?post=66873"}],"wp:featuredmedia":[{"embeddable":true,"href":"https:\/\/www.bjultrasonic.com\/de\/wp-json\/wp\/v2\/media\/19498"}],"wp:attachment":[{"href":"https:\/\/www.bjultrasonic.com\/de\/wp-json\/wp\/v2\/media?parent=66873"}],"wp:term":[{"taxonomy":"product_brand","embeddable":true,"href":"https:\/\/www.bjultrasonic.com\/de\/wp-json\/wp\/v2\/product_brand?post=66873"},{"taxonomy":"product_cat","embeddable":true,"href":"https:\/\/www.bjultrasonic.com\/de\/wp-json\/wp\/v2\/product_cat?post=66873"},{"taxonomy":"product_tag","embeddable":true,"href":"https:\/\/www.bjultrasonic.com\/de\/wp-json\/wp\/v2\/product_tag?post=66873"}],"curies":[{"name":"wp","href":"https:\/\/api.w.org\/{rel}","templated":true}]}}