{"id":66913,"date":"2018-08-16T01:57:27","date_gmt":"2018-08-16T06:57:27","guid":{"rendered":"https:\/\/www.bjultrasonic.com\/shop\/custom-ultrasonic-immersion-array\/"},"modified":"2026-03-28T20:43:51","modified_gmt":"2026-03-29T01:43:51","slug":"custom-ultrasonic-immersion-array","status":"publish","type":"product","link":"https:\/\/www.bjultrasonic.com\/de\/shop\/custom-ultrasonic-immersion-array\/","title":{"rendered":"Benutzerdefinierter Ultraschall-Immersion-Array-Wandler"},"content":{"rendered":"<ul>\n<li><strong>Leistung<\/strong>: entsprechend der Gr\u00f6\u00dfe des Reinigungsbeh\u00e4lters<\/li>\n<li><strong>Frequenz<\/strong>: basierend auf den Reinigungsobjekten.<\/li>\n<li><strong>Material<\/strong>: 304 Edelstahl.<\/li>\n<li>Hartverchromt auf der Schwingungsfl\u00e4che.<\/li>\n<\/ul>\n<p><img loading=\"lazy\" decoding=\"async\" src=\"https:\/\/www.bjultrasonic.com\/wp-content\/uploads\/2018\/08\/Waterproof-ultrasonic-immersible-transducers.jpg\" alt=\"\" width=\"600\" height=\"600\" \/><\/p>\n<h3>Bemerkungen<\/h3>\n<ul>\n<li>Ultraschall-Eintauchwandler sind kundenspezifische Produkte. Bitte kontaktieren Sie f\u00fcr den Preis unseren Vertriebsmitarbeiter (<a href=\"https:\/\/www.bjultrasonic.com\/contact\/\" target=\"_blank\" rel=\"noopener\">Kontaktformular<\/a>). Wir werden Ihnen bald antworten.<\/li>\n<li>Wir k\u00f6nnen verschiedene Ultraschall-Eintauchwandler nach Anforderungen entwerfen und anpassen.<\/li>\n<\/ul>\n<h3>Video zu Ultraschall-Eintauchwandlern<\/h3>\n<p><iframe loading=\"lazy\" title=\"Immersible Ultrasonic Transducers - Beijing Ultrasonic\" width=\"500\" height=\"281\" src=\"https:\/\/www.youtube.com\/embed\/KFyC5dbLC7Y?feature=oembed\" frameborder=\"0\" allow=\"accelerometer; autoplay; clipboard-write; encrypted-media; gyroscope; picture-in-picture; web-share\" referrerpolicy=\"strict-origin-when-cross-origin\" allowfullscreen><\/iframe><\/p>\n<h3>Merkmale des Ultraschall-Eintauchwandlers<\/h3>\n<ul>\n<li>Vollst\u00e4ndige Edelstahlkonstruktion: s\u00e4urebest\u00e4ndig und alkalibest\u00e4ndig, kunstvoll und langlebig.<\/li>\n<li>Verwendung einer Spaltbauweise: Hochfrequenzverbindung mit Buchse zwischen Ultraschall-Eintauchwandler und Ultraschallgenerator, n\u00fctzlich und wartungsfreundlich.<\/li>\n<li>Es gibt viele M\u00f6glichkeiten, den Ultraschall-Eintauchwandler zu installieren: je nach Bedarf am <strong>Boden<\/strong>, an der <strong>Oberfl\u00e4che<\/strong>, der <strong>Seite<\/strong> oder der <strong>Oberseite<\/strong> des Reinigungsbeh\u00e4lters.\n<div id=\"attachment_853\" style=\"width: 252px\" class=\"wp-caption alignnone\"><img loading=\"lazy\" decoding=\"async\" aria-describedby=\"caption-attachment-853\" class=\"size-full wp-image-853\" title=\"the Type of Ultrasonic Immersible Transducer Installation\" src=\"\/\/www.bjultrasonic.com\/wp-content\/uploads\/2012\/04\/20124274.jpg\" alt=\"the type of ultrasonic immersible transducer installation\" width=\"242\" height=\"155\" \/><p id=\"caption-attachment-853\" class=\"wp-caption-text\">Art der Installation von Ultraschall-Eintauchwandlern<\/p><\/div><\/li>\n<\/ul>\n<h3>Anwendung des Ultraschall-Eintauchwandlers<\/h3>\n<ul>\n<li>Vorbehandlung vor dem Galvanisieren f\u00fcr zu beschichtende Teile, Entfernen von \u00d6l und Schmutz von metallischen mechanischen Teilen, Reinigen von Halbleiter-Siliziumchips, Brillengestellen und Glasgef\u00e4\u00dfen.<\/li>\n<li>Linsen, Sonnenbrillen, Kurzsichtbrillen und Prismen, Mikroskope, Kameras, Glasger\u00e4te usw.<\/li>\n<\/ul>\n<h3>Weitere Bilder des Ultraschall-Eintauchwandlers<\/h3>\n<div id=\"attachment_856\" style=\"width: 460px\" class=\"wp-caption alignnone\"><a href=\"https:\/\/www.bjultrasonic.com\/wp-content\/uploads\/2012\/04\/20124272.jpg\" data-lightbox=\"image\"><img loading=\"lazy\" decoding=\"async\" aria-describedby=\"caption-attachment-856\" class=\"size-full wp-image-856 \" title=\"vibration effects of ultrasonic immersible transducer\" src=\"\/\/www.bjultrasonic.com\/wp-content\/uploads\/2012\/04\/20124272.jpg\" alt=\"vibration effects of ultrasonic immersible transducer\" width=\"450\" height=\"337\" srcset=\"https:\/\/www.bjultrasonic.com\/wp-content\/uploads\/2012\/04\/20124272.jpg 1500w, https:\/\/www.bjultrasonic.com\/wp-content\/uploads\/2012\/04\/20124272-1170x878.jpg 1170w\" sizes=\"auto, (max-width: 450px) 100vw, 450px\" \/><\/a><p id=\"caption-attachment-856\" class=\"wp-caption-text\">Schwingungseffekte des Ultraschall-Eintauchwandlers<\/p><\/div>\n<hr \/>\n<div id=\"attachment_857\" style=\"width: 460px\" class=\"wp-caption alignnone\"><a href=\"https:\/\/www.bjultrasonic.com\/wp-content\/uploads\/2012\/04\/20124273.jpg\" data-lightbox=\"image\"><img loading=\"lazy\" decoding=\"async\" aria-describedby=\"caption-attachment-857\" class=\"size-full wp-image-857 \" title=\"Inside of Ultrasonic Immersible Transducer\" src=\"\/\/www.bjultrasonic.com\/wp-content\/uploads\/2012\/04\/20124273.jpg\" alt=\"Inside of Ultrasonic Immersible Transducer\" width=\"450\" height=\"350\" \/><\/a><p id=\"caption-attachment-857\" class=\"wp-caption-text\">Innenansicht des Ultraschall-Eintauchwandlers<\/p><\/div>\n<h3>Zahlung<\/h3>\n<p>Wir akzeptieren PayPal, T\/T &amp; Western Union.<\/p>\n<h3 class=\"shipping-methods\">Versand<\/h3>\n<p>Die Ware wird innerhalb von 48 Stunden nach Erhalt der vollst\u00e4ndigen Zahlung versendet.<\/p>\n<ul>\n<li>Wir versenden die Ware an die in der PayPal-Zahlung angegebene Adresse. Bitte stellen Sie sicher, dass die Adresse in PayPal korrekt ist.<\/li>\n<li>Wir geben Ihnen die Sendungsverfolgungsnummer, nachdem wir die Ware verschickt haben. In der Regel erhalten Sie die Ware innerhalb von f\u00fcnf Tagen.<\/li>\n<li>Wenn Sie Fragen haben, kontaktieren Sie uns bitte per E-Mail (unsere E-Mail-Adresse ist <a href=\"mailto:support@bjultrasonic.com\">support@bjultrasonic.com<\/a>)<\/li>\n<\/ul>\n<h3 align=\"left\">Produktgarantie<\/h3>\n<p>Die Produktgarantiezeit betr\u00e4gt ein Jahr. Innerhalb der Garantiezeit k\u00f6nnen gekaufte Produkte kostenlose Wartung oder Austausch in Anspruch nehmen.<\/p>\n","protected":false},"excerpt":{"rendered":"<ul>\n<li>Ma\u00dfgeschneiderter Eintauch-Ultraschallreiniger<\/li>\n<li>Ma\u00dfgeschneiderter Eintauch-Array-Wandler<\/li>\n<li>Ma\u00dfgeschneiderte eintauchbare Ultraschallreinigungs-Wandler<\/li>\n<li>Ma\u00dfgeschneidertes eintauchbares Ultraschallwandlersystem<\/li>\n<li>Ma\u00dfgeschneiderter Phased-Array-Ultraschallwandler<\/li>\n<li>Ma\u00dfgeschneiderter tauchf\u00e4higer Ultraschallreiniger<\/li>\n<li>Ma\u00dfgeschneiderter eintauchbarer Ultraschallwandler<\/li>\n<li>Ma\u00dfgeschneiderter Unterwasser-Ultraschall-Piezowandler<\/li>\n<li>Ma\u00dfgeschneiderte eintauchbare Ultraschallwandlerplatte<\/li>\n<li>Ma\u00dfgeschneiderter wasserdichter eintauchbarer Ultraschallwandler<\/li>\n<li>Ma\u00dfgeschneiderter wasserdichter Piezo-Ultraschallwandler<\/li>\n<\/ul>\n","protected":false},"featured_media":19482,"comment_status":"open","ping_status":"closed","template":"","meta":[],"product_brand":[],"product_cat":[5932],"product_tag":[],"class_list":{"0":"post-66913","1":"product","2":"type-product","3":"status-publish","4":"has-post-thumbnail","6":"product_cat-ultrasonic-immersible-transducer-de","8":"first","9":"instock","10":"featured","11":"shipping-taxable","12":"product-type-external","13":"prodpage-classic"},"aioseo_notices":[],"_links":{"self":[{"href":"https:\/\/www.bjultrasonic.com\/de\/wp-json\/wp\/v2\/product\/66913","targetHints":{"allow":["GET"]}}],"collection":[{"href":"https:\/\/www.bjultrasonic.com\/de\/wp-json\/wp\/v2\/product"}],"about":[{"href":"https:\/\/www.bjultrasonic.com\/de\/wp-json\/wp\/v2\/types\/product"}],"replies":[{"embeddable":true,"href":"https:\/\/www.bjultrasonic.com\/de\/wp-json\/wp\/v2\/comments?post=66913"}],"wp:featuredmedia":[{"embeddable":true,"href":"https:\/\/www.bjultrasonic.com\/de\/wp-json\/wp\/v2\/media\/19482"}],"wp:attachment":[{"href":"https:\/\/www.bjultrasonic.com\/de\/wp-json\/wp\/v2\/media?parent=66913"}],"wp:term":[{"taxonomy":"product_brand","embeddable":true,"href":"https:\/\/www.bjultrasonic.com\/de\/wp-json\/wp\/v2\/product_brand?post=66913"},{"taxonomy":"product_cat","embeddable":true,"href":"https:\/\/www.bjultrasonic.com\/de\/wp-json\/wp\/v2\/product_cat?post=66913"},{"taxonomy":"product_tag","embeddable":true,"href":"https:\/\/www.bjultrasonic.com\/de\/wp-json\/wp\/v2\/product_tag?post=66913"}],"curies":[{"name":"wp","href":"https:\/\/api.w.org\/{rel}","templated":true}]}}