{"id":66973,"date":"2018-08-16T01:49:48","date_gmt":"2018-08-16T06:49:48","guid":{"rendered":"https:\/\/www.bjultrasonic.com\/shop\/500w-ultrasonic-immersible-transducer\/"},"modified":"2026-03-28T20:42:55","modified_gmt":"2026-03-29T01:42:55","slug":"500w-ultrasonic-immersible-transducer","status":"publish","type":"product","link":"https:\/\/www.bjultrasonic.com\/de\/shop\/500w-ultrasonic-immersible-transducer\/","title":{"rendered":"500W Tauch-Ultraschallreiniger Edelstahl-Material"},"content":{"rendered":"<ul>\n<li><strong>Leistung<\/strong>: 500 W (inklusive 9 St\u00fcck 60 W <a href=\"https:\/\/www.bjultrasonic.com\/de\/category\/ultrasonic-transducer-de\/\">Ultraschall-Reinigungswandler<\/a>)<\/li>\n<li><strong>Abmessungen<\/strong>: 250*250*100 mm (L*B*H)<\/li>\n<li><strong>Material<\/strong>: 304 Edelstahl<\/li>\n<li>Vibrationsfl\u00e4che hartverchromt.<\/li>\n<li><strong>Frequenz<\/strong>: 25 kHz, 28 kHz oder 40 kHz. Bei Bedarf an anderen Frequenzen kontaktieren Sie uns bitte.<\/li>\n<\/ul>\n<p><img loading=\"lazy\" decoding=\"async\" src=\"https:\/\/www.bjultrasonic.com\/wp-content\/uploads\/2018\/08\/Waterproof-ultrasonic-immersible-transducers.jpg\" alt=\"\" width=\"600\" height=\"600\" \/><\/p>\n<h3>Hinweise<\/h3>\n<ul>\n<li>Ultraschall-Tauchwandler sind kundenspezifische Produkte. Bitte kontaktieren Sie f\u00fcr den Preis unseren Vertrieb (<a href=\"https:\/\/www.bjultrasonic.com\/contact\/\" target=\"_blank\" rel=\"noopener\">Kontaktformular<\/a>). Wir werden Ihnen umgehend antworten.<\/li>\n<li>Wir k\u00f6nnen verschiedene Ultraschall-Tauchwandler nach Anforderungen entwerfen und anfertigen.<\/li>\n<\/ul>\n<h3>Video zum Ultraschall-Tauchwandler<\/h3>\n<p><iframe loading=\"lazy\" title=\"Submersible Ultrasonic Transducer - Beijing Ultrasonic\" width=\"500\" height=\"281\" src=\"https:\/\/www.youtube.com\/embed\/7zQnWPu-HG4?feature=oembed\" frameborder=\"0\" allow=\"accelerometer; autoplay; clipboard-write; encrypted-media; gyroscope; picture-in-picture; web-share\" referrerpolicy=\"strict-origin-when-cross-origin\" allowfullscreen><\/iframe><\/p>\n<h3>Merkmale des Ultraschall-Tauchwandlers<\/h3>\n<ul>\n<li>Vollst\u00e4ndige Edelstahlkonstruktion: s\u00e4urebest\u00e4ndig und alkalibest\u00e4ndig, kunstvoll und langlebig.<\/li>\n<li>Verwendung einer Spaltbauweise: Hochfrequenzverbindung mit Stecker zwischen Ultraschall-Tauchwandler und Ultraschallgenerator, praktisch und wartungsfreundlich.<\/li>\n<li>Es gibt viele M\u00f6glichkeiten, den Ultraschall-Tauchwandler zu installieren: je nach Bedarf am <strong>Boden<\/strong>, an der <strong>Oberfl\u00e4che<\/strong>, an der <strong>Seite<\/strong> oder an der <strong>Oberseite<\/strong> des Reinigungstanks.\n<div id=\"attachment_853\" style=\"width: 252px\" class=\"wp-caption alignnone\"><img loading=\"lazy\" decoding=\"async\" aria-describedby=\"caption-attachment-853\" class=\"size-full wp-image-853\" title=\"the Type of Ultrasonic Immersible Transducer Installation\" src=\"\/\/www.bjultrasonic.com\/wp-content\/uploads\/2012\/04\/20124274.jpg\" alt=\"the type of ultrasonic immersible transducer installation\" width=\"242\" height=\"155\" \/><p id=\"caption-attachment-853\" class=\"wp-caption-text\">Art der Installation des Ultraschall-Tauchwandlers<\/p><\/div><\/li>\n<\/ul>\n<h3>Anwendung des Ultraschall-Tauchwandlers<\/h3>\n<ul>\n<li>Vorbehandlungsreinigung f\u00fcr zu beschichtende Teile, \u00d6l- und Schmutzentfernung bei metallischen mechanischen Teilen, Reinigung von Halbleiter-Siliziumchips, Brillengestellen und Glasbeh\u00e4ltern.<\/li>\n<li>Linsen, Sonnenbrillen, Kurzsichtigkeitsspiegel und Prismen, Mikroskope, Kameras, Glasger\u00e4te usw.<\/li>\n<\/ul>\n<h3>Weitere Bilder des Ultraschall-Tauchwandlers<\/h3>\n<div id=\"attachment_856\" style=\"width: 460px\" class=\"wp-caption alignnone\"><a href=\"https:\/\/www.bjultrasonic.com\/wp-content\/uploads\/2012\/04\/20124272.jpg\" data-lightbox=\"image\"><img loading=\"lazy\" decoding=\"async\" aria-describedby=\"caption-attachment-856\" class=\"size-full wp-image-856 \" title=\"vibration effects of ultrasonic immersible transducer\" src=\"\/\/www.bjultrasonic.com\/wp-content\/uploads\/2012\/04\/20124272.jpg\" alt=\"vibration effects of ultrasonic immersible transducer\" width=\"450\" height=\"337\" srcset=\"https:\/\/www.bjultrasonic.com\/wp-content\/uploads\/2012\/04\/20124272.jpg 1500w, https:\/\/www.bjultrasonic.com\/wp-content\/uploads\/2012\/04\/20124272-1170x878.jpg 1170w\" sizes=\"auto, (max-width: 450px) 100vw, 450px\" \/><\/a><p id=\"caption-attachment-856\" class=\"wp-caption-text\">Vibrationseffekte des Ultraschall-Tauchwandlers<\/p><\/div>\n<hr \/>\n<div id=\"attachment_857\" style=\"width: 460px\" class=\"wp-caption alignnone\"><a href=\"https:\/\/www.bjultrasonic.com\/wp-content\/uploads\/2012\/04\/20124273.jpg\" data-lightbox=\"image\"><img loading=\"lazy\" decoding=\"async\" aria-describedby=\"caption-attachment-857\" class=\"size-full wp-image-857 \" title=\"Inside of Ultrasonic Immersible Transducer\" src=\"\/\/www.bjultrasonic.com\/wp-content\/uploads\/2012\/04\/20124273.jpg\" alt=\"Inside of Ultrasonic Immersible Transducer\" width=\"450\" height=\"350\" \/><\/a><p id=\"caption-attachment-857\" class=\"wp-caption-text\">Innenansicht des Ultraschall-Tauchwandlers<\/p><\/div>\n<h3>Zahlung<\/h3>\n<p>Wir akzeptieren PayPal, T\/T &amp; Western Union.<\/p>\n<h3 class=\"shipping-methods\">Versand<\/h3>\n<p>Die Ware wird innerhalb von 48 Stunden nach Erhalt der vollst\u00e4ndigen Zahlung versendet.<\/p>\n<ul>\n<li>Wir versenden die Ware an die in der PayPal-Zahlung angegebene Adresse. Bitte stellen Sie sicher, dass die Adresse in PayPal korrekt ist.<\/li>\n<li>Wir geben Ihnen die Sendungsverfolgungsnummer, nachdem wir die Ware versendet haben. In der Regel erhalten Sie die Ware innerhalb von f\u00fcnf Tagen.<\/li>\n<li>Wenn Sie Fragen haben, kontaktieren Sie uns bitte per E-Mail (unsere E-Mail-Adresse ist <a href=\"mailto:support@bjultrasonic.com\">support@bjultrasonic.com<\/a>)<\/li>\n<\/ul>\n<h3 align=\"left\">Produktgarantie<\/h3>\n<p>Die Produktgarantie betr\u00e4gt ein Jahr. Innerhalb der Garantiezeit k\u00f6nnen gekaufte Produkte kostenlos gewartet oder ausgetauscht werden.<\/p>\n","protected":false},"excerpt":{"rendered":"<ul>\n<li>500W Tauch-Ultraschallreiniger<\/li>\n<li>500W Tauch-Array-Schallwandler<\/li>\n<li>500W Eintauchbare Ultraschallreinigungsschallwandler<\/li>\n<li>500W Eintauchbares Ultraschallwandlersystem<\/li>\n<li>500W Phased-Array-Ultraschallwandler<\/li>\n<li>500W Unterwasser-Ultraschallreiniger<\/li>\n<li>500W Eintauchbarer Ultraschallwandler<\/li>\n<li>500W Unterwasser-Ultraschall-Piezowandler<\/li>\n<li>500W Eintauch-Ultraschallwandlerplatte<\/li>\n<li>500W Wasserdichter eintauchbarer Ultraschallwandler<\/li>\n<li>500W Wasserdichter Piezo-Ultraschallwandler<\/li>\n<\/ul>\n","protected":false},"featured_media":19472,"comment_status":"open","ping_status":"closed","template":"","meta":[],"product_brand":[],"product_cat":[5932],"product_tag":[],"class_list":{"0":"post-66973","1":"product","2":"type-product","3":"status-publish","4":"has-post-thumbnail","6":"product_cat-ultrasonic-immersible-transducer-de","8":"first","9":"instock","10":"shipping-taxable","11":"purchasable","12":"product-type-simple","13":"prodpage-classic"},"aioseo_notices":[],"_links":{"self":[{"href":"https:\/\/www.bjultrasonic.com\/de\/wp-json\/wp\/v2\/product\/66973","targetHints":{"allow":["GET"]}}],"collection":[{"href":"https:\/\/www.bjultrasonic.com\/de\/wp-json\/wp\/v2\/product"}],"about":[{"href":"https:\/\/www.bjultrasonic.com\/de\/wp-json\/wp\/v2\/types\/product"}],"replies":[{"embeddable":true,"href":"https:\/\/www.bjultrasonic.com\/de\/wp-json\/wp\/v2\/comments?post=66973"}],"wp:featuredmedia":[{"embeddable":true,"href":"https:\/\/www.bjultrasonic.com\/de\/wp-json\/wp\/v2\/media\/19472"}],"wp:attachment":[{"href":"https:\/\/www.bjultrasonic.com\/de\/wp-json\/wp\/v2\/media?parent=66973"}],"wp:term":[{"taxonomy":"product_brand","embeddable":true,"href":"https:\/\/www.bjultrasonic.com\/de\/wp-json\/wp\/v2\/product_brand?post=66973"},{"taxonomy":"product_cat","embeddable":true,"href":"https:\/\/www.bjultrasonic.com\/de\/wp-json\/wp\/v2\/product_cat?post=66973"},{"taxonomy":"product_tag","embeddable":true,"href":"https:\/\/www.bjultrasonic.com\/de\/wp-json\/wp\/v2\/product_tag?post=66973"}],"curies":[{"name":"wp","href":"https:\/\/api.w.org\/{rel}","templated":true}]}}