{"id":67033,"date":"2018-08-04T01:32:40","date_gmt":"2018-08-04T06:32:40","guid":{"rendered":"https:\/\/www.bjultrasonic.com\/shop\/1200w-ultrasonic-generator-pcb-below-45-khz\/"},"modified":"2026-03-28T20:42:27","modified_gmt":"2026-03-29T01:42:27","slug":"1200w-ultrasonic-generator-pcb-below-45-khz","status":"publish","type":"product","link":"https:\/\/www.bjultrasonic.com\/de\/shop\/1200w-ultrasonic-generator-pcb-below-45-khz\/","title":{"rendered":"1200W Ultraschallwandlertreiber unter 45 kHz"},"content":{"rendered":"<ul>\n<li>Arbeitsspannung: AC 220V\/110V 50\/60Hz \u00b110%<\/li>\n<li>Arbeitsstrom: Bitte beachten Sie, dass das Ger\u00e4t nicht lange im Betriebszustand arbeiten kann, wenn sein Strom gr\u00f6\u00dfer als der Nennstrom ist.<\/li>\n<li>Arbeitsumgebung: Temperatur 0\u2103- 40 \u2103<\/li>\n<li>Arbeitsfeuchtigkeit: 40%- 90%<\/li>\n<li>Arbeitsfrequenz: von 17 kHz bis 135 kHz<\/li>\n<li>Zeit: 0-59 Minuten und 59 Sekunden<\/li>\n<\/ul>\n<p><strong>Hinweise:<\/strong><\/p>\n<ul>\n<li>Der <a href=\"https:\/\/www.bjultrasonic.com\/de\/category\/ultrasonic-generator-de\/\">Ultraschallgenerator<\/a> darf nicht im Leerlauf eingeschaltet werden<\/li>\n<li>Nach der Installation darf erst eingeschaltet werden, wenn Reinigungsfl\u00fcssigkeit eingef\u00fcllt ist<\/li>\n<li>Der <a href=\"https:\/\/www.bjultrasonic.com\/de\/category\/ultrasonic-transducer-de\/\">Ultraschallwandler<\/a> hat zwei Anschlussfahnen. Die positive liegt in der Mitte zwischen zwei Keramikscheiben. Die negative befindet sich nahe der unteren Metallst\u00fctze. Bitte nicht falsch verkabeln.<\/li>\n<li>Die gr\u00f6\u00dfere Seite mit Schraubloch am Keramikwandler, die die Schwingungsfunktion hat, kann am Boden der Reinigungsmaschine befestigt werden. Bitte stellen Sie sicher, dass die Reinigungsmaschine sicher geerdet ist.<\/li>\n<li>Der Keramikwandler sollte mit speziellem Wandlerkleber oder AB-Klebstoff (etwas schlechtere Wirkung) am Boden der Reinigungsmaschine befestigt werden, oder mit Epoxidharz im Verh\u00e4ltnis 10:4.<\/li>\n<li>Die Betriebsspannung der Leiterplatte betr\u00e4gt 600V. Die Ausgangsspannung zum Wandler betr\u00e4gt 1100V. Bitte stellen Sie sicher, dass die Reinigungsmaschine sicher geerdet ist. Bitte sorgen Sie f\u00fcr einen FI-Schutzschalter an der Stromversorgung, um die Sicherheit zu gew\u00e4hrleisten.<\/li>\n<\/ul>\n<h3>Video-Playlist: Ultraschallwandler-Treiber<\/h3>\n<p><iframe loading=\"lazy\" width=\"560\" height=\"315\" src=\"https:\/\/www.youtube.com\/embed\/videoseries?list=PLLrjMYkO0_NG56zqmQN9W9F1Xf9eev6dc\" frameborder=\"0\" allow=\"autoplay; encrypted-media\" allowfullscreen><\/iframe><\/p>\n","protected":false},"excerpt":{"rendered":"<p>Ultraschallgeneratorschaltung, auch genannt <a href=\"https:\/\/www.bjultrasonic.com\/de\/category\/ultrasonic-transducer-de\/\">Ultraschallwandler<\/a>-Treiberschaltung oder <a href=\"https:\/\/www.bjultrasonic.com\/de\/category\/ultrasonic-generator-de\/ultrasonic-generator-circuits-de\/\">Ultraschallreinigungsger\u00e4t-Leistungstreiberplatine<\/a>. Sie liefert eine <a href=\"https:\/\/www.bjultrasonic.com\/de\/category\/ultrasonic-generator-de\/\">Ultraschallfrequenz<\/a>, um die Ultraschallwandler in <a href=\"https:\/\/www.bjultrasonic.com\/de\/category\/ultrasonic-cleaning-system-de\/\">Ultraschallreinigungsger\u00e4ten<\/a> anzutreiben.<\/p>\n","protected":false},"featured_media":19340,"comment_status":"open","ping_status":"closed","template":"","meta":[],"product_brand":[],"product_cat":[6109],"product_tag":[],"class_list":{"0":"post-67033","1":"product","2":"type-product","3":"status-publish","4":"has-post-thumbnail","6":"product_cat-ultrasonic-generator-circuits-de","8":"first","9":"instock","10":"shipping-taxable","11":"purchasable","12":"product-type-simple","13":"prodpage-classic"},"aioseo_notices":[],"_links":{"self":[{"href":"https:\/\/www.bjultrasonic.com\/de\/wp-json\/wp\/v2\/product\/67033","targetHints":{"allow":["GET"]}}],"collection":[{"href":"https:\/\/www.bjultrasonic.com\/de\/wp-json\/wp\/v2\/product"}],"about":[{"href":"https:\/\/www.bjultrasonic.com\/de\/wp-json\/wp\/v2\/types\/product"}],"replies":[{"embeddable":true,"href":"https:\/\/www.bjultrasonic.com\/de\/wp-json\/wp\/v2\/comments?post=67033"}],"wp:featuredmedia":[{"embeddable":true,"href":"https:\/\/www.bjultrasonic.com\/de\/wp-json\/wp\/v2\/media\/19340"}],"wp:attachment":[{"href":"https:\/\/www.bjultrasonic.com\/de\/wp-json\/wp\/v2\/media?parent=67033"}],"wp:term":[{"taxonomy":"product_brand","embeddable":true,"href":"https:\/\/www.bjultrasonic.com\/de\/wp-json\/wp\/v2\/product_brand?post=67033"},{"taxonomy":"product_cat","embeddable":true,"href":"https:\/\/www.bjultrasonic.com\/de\/wp-json\/wp\/v2\/product_cat?post=67033"},{"taxonomy":"product_tag","embeddable":true,"href":"https:\/\/www.bjultrasonic.com\/de\/wp-json\/wp\/v2\/product_tag?post=67033"}],"curies":[{"name":"wp","href":"https:\/\/api.w.org\/{rel}","templated":true}]}}