{"id":67053,"date":"2018-08-04T01:32:40","date_gmt":"2018-08-04T06:32:40","guid":{"rendered":"https:\/\/www.bjultrasonic.com\/shop\/900w-ultrasonic-generator-pcb-below-45-khz\/"},"modified":"2026-03-28T20:42:26","modified_gmt":"2026-03-29T01:42:26","slug":"900w-ultrasonic-generator-pcb-below-45-khz","status":"publish","type":"product","link":"https:\/\/www.bjultrasonic.com\/de\/shop\/900w-ultrasonic-generator-pcb-below-45-khz\/","title":{"rendered":"900W Ultraschallwandlertreiber unter 45 kHz"},"content":{"rendered":"<ul>\n<li>Arbeitsspannung: AC 220V\/110V 50\/60Hz \u00b110%<\/li>\n<li>Arbeitsstrom: Bitte beachten Sie, dass das Ger\u00e4t nicht langfristig im Betriebszustand arbeiten kann, wenn sein Strom den Nennstrom \u00fcberschreitet.<\/li>\n<li>Arbeitsumgebung: Temperatur 0\u2103- 40 \u2103<\/li>\n<li>Arbeitsfeuchtigkeit: 40%- 90%<\/li>\n<li>Arbeitsfrequenz: 17 kHz bis 135 kHz<\/li>\n<li>Zeit: 0-59 Minuten und 59 Sekunden<\/li>\n<\/ul>\n<p><strong>Hinweise:<\/strong><\/p>\n<ul>\n<li>Der <a href=\"https:\/\/www.bjultrasonic.com\/de\/category\/ultrasonic-generator-de\/\">Ultraschallgenerator<\/a> darf nicht im Leerlauf eingeschaltet werden.<\/li>\n<li>Nach der Installation darf erst eingeschaltet werden, nachdem Reinigungsfl\u00fcssigkeit eingef\u00fcllt wurde.<\/li>\n<li>Der <a href=\"https:\/\/www.bjultrasonic.com\/de\/category\/ultrasonic-transducer-de\/\">Ultraschallwandler<\/a> hat zwei Anschl\u00fcsse. Der positive Anschluss befindet sich in der Mitte zwischen zwei Keramikscheiben. Der negative Anschluss liegt nahe der unteren Metallst\u00fctze. Bitte bei der Verkabelung nicht vertauschen.<\/li>\n<li>Die gr\u00f6\u00dfere Seite des Keramikwandlers mit der Schraub\u00f6ffnung, die der Schwingung dient, kann am Boden der Reinigungsmaschine befestigt werden. Bitte stellen Sie sicher, dass die Reinigungsmaschine sicher geerdet ist.<\/li>\n<li>Der Keramikwandler sollte mit speziellem Wandlerkleber oder AB-Klebstoff am Boden der Reinigungsmaschine befestigt werden, wobei die Wirkung etwas schlechter ist, oder mit Epoxidharz im Verh\u00e4ltnis 10:4.<\/li>\n<li>Die Betriebsspannung der Schaltungsplatine betr\u00e4gt 600V. Die Ausgangsspannung zum Wandler betr\u00e4gt 1100V. Bitte stellen Sie sicher, dass die Reinigungsmaschine sicher geerdet ist. Bitte sorgen Sie daf\u00fcr, dass an der Stromversorgung ein Fehlerstromschutzschalter installiert ist, um die Sicherheit zu gew\u00e4hrleisten.<\/li>\n<\/ul>\n<h3>Video-Playlist: Ultraschallwandler-Treiber<\/h3>\n<p><iframe loading=\"lazy\" width=\"560\" height=\"315\" src=\"https:\/\/www.youtube.com\/embed\/videoseries?list=PLLrjMYkO0_NG56zqmQN9W9F1Xf9eev6dc\" frameborder=\"0\" allow=\"autoplay; encrypted-media\" allowfullscreen><\/iframe><\/p>\n","protected":false},"excerpt":{"rendered":"<p>Ultraschallgenerator-Schaltung, auch genannt <a href=\"https:\/\/www.bjultrasonic.com\/de\/category\/ultrasonic-transducer-de\/\">Ultraschallwandler<\/a>-Treiber-Schaltung oder <a href=\"https:\/\/www.bjultrasonic.com\/de\/category\/ultrasonic-generator-de\/ultrasonic-generator-circuits-de\/\">Ultraschallreiniger-Leistungstreiberplatine<\/a>. Sie liefert eine <a href=\"https:\/\/www.bjultrasonic.com\/de\/category\/ultrasonic-generator-de\/\">Ultraschallfrequenz<\/a> zum Antrieb der Ultraschallwandler in <a href=\"https:\/\/www.bjultrasonic.com\/de\/category\/ultrasonic-cleaning-system-de\/\">Ultraschallreinigern<\/a>.<\/p>\n","protected":false},"featured_media":19335,"comment_status":"open","ping_status":"closed","template":"","meta":[],"product_brand":[],"product_cat":[6109],"product_tag":[],"class_list":{"0":"post-67053","1":"product","2":"type-product","3":"status-publish","4":"has-post-thumbnail","6":"product_cat-ultrasonic-generator-circuits-de","8":"first","9":"instock","10":"shipping-taxable","11":"purchasable","12":"product-type-simple","13":"prodpage-classic"},"aioseo_notices":[],"_links":{"self":[{"href":"https:\/\/www.bjultrasonic.com\/de\/wp-json\/wp\/v2\/product\/67053","targetHints":{"allow":["GET"]}}],"collection":[{"href":"https:\/\/www.bjultrasonic.com\/de\/wp-json\/wp\/v2\/product"}],"about":[{"href":"https:\/\/www.bjultrasonic.com\/de\/wp-json\/wp\/v2\/types\/product"}],"replies":[{"embeddable":true,"href":"https:\/\/www.bjultrasonic.com\/de\/wp-json\/wp\/v2\/comments?post=67053"}],"wp:featuredmedia":[{"embeddable":true,"href":"https:\/\/www.bjultrasonic.com\/de\/wp-json\/wp\/v2\/media\/19335"}],"wp:attachment":[{"href":"https:\/\/www.bjultrasonic.com\/de\/wp-json\/wp\/v2\/media?parent=67053"}],"wp:term":[{"taxonomy":"product_brand","embeddable":true,"href":"https:\/\/www.bjultrasonic.com\/de\/wp-json\/wp\/v2\/product_brand?post=67053"},{"taxonomy":"product_cat","embeddable":true,"href":"https:\/\/www.bjultrasonic.com\/de\/wp-json\/wp\/v2\/product_cat?post=67053"},{"taxonomy":"product_tag","embeddable":true,"href":"https:\/\/www.bjultrasonic.com\/de\/wp-json\/wp\/v2\/product_tag?post=67053"}],"curies":[{"name":"wp","href":"https:\/\/api.w.org\/{rel}","templated":true}]}}