{"id":67253,"date":"2018-07-27T05:08:00","date_gmt":"2018-07-27T10:08:00","guid":{"rendered":"https:\/\/www.bjultrasonic.com\/shop\/120w-220v-ultrasonic-pcb-generator\/"},"modified":"2026-03-28T20:40:33","modified_gmt":"2026-03-29T01:40:33","slug":"120w-220v-ultrasonic-pcb-generator","status":"publish","type":"product","link":"https:\/\/www.bjultrasonic.com\/de\/shop\/120w-220v-ultrasonic-pcb-generator\/","title":{"rendered":"220V 120W Ultraschall-Piezowandler-Treiberkreis"},"content":{"rendered":"<p><strong>Ultraschall-Leiterplatte f\u00fcr Ultraschallwandler<\/strong><\/p>\n<p><strong>Hinweis: Bitte teilen Sie mir mit, welche Frequenz Sie ben\u00f6tigen.<\/strong><\/p>\n<ul>\n<li>Der <a href=\"https:\/\/www.bjultrasonic.com\/de\/category\/ultrasonic-generator-de\/\">Ultraschallgenerator<\/a> kann unter Leerlaufbedingungen nicht eingeschaltet werden<\/li>\n<li>Nach der Installation d\u00fcrfen wir das Ger\u00e4t erst einschalten, nachdem Reinigungsfl\u00fcssigkeit eingef\u00fcllt wurde<\/li>\n<li>Der <a href=\"https:\/\/www.bjultrasonic.com\/de\/category\/ultrasonic-transducer-de\/\">Ultraschallwandler<\/a> hat zwei Anschluss\u00f6sen. Der positive Pol befindet sich in der Mitte zwischen zwei Keramikscheiben. Der negative Pol liegt nahe der unteren Metallst\u00fctze. Bitte verwechseln Sie diese nicht bei der Verkabelung.<\/li>\n<li>Die gr\u00f6\u00dfere Seite mit der Schraubbohrung im Keramikwandler, die f\u00fcr die Vibration zust\u00e4ndig ist, kann am Boden der Reinigungsmaschine befestigt werden. Bitte stellen Sie sicher, dass die Reinigungsmaschine sicher geerdet ist.<\/li>\n<li>Der Keramikwandler sollte mit speziellem Wandlerkleber oder mit AB-Klebestift am Boden der Reinigungsmaschine befestigt werden. Die Wirkung ist jedoch etwas schlechter. Alternativ kann Epoxidharz im Verh\u00e4ltnis 10:4 verwendet werden.<\/li>\n<li>Die Betriebsspannung der Leiterplatte betr\u00e4gt 600V. Die Ausgangsspannung zum Wandler betr\u00e4gt 1100V. Bitte stellen Sie sicher, dass die Reinigungsmaschine sicher geerdet ist. Bitte sorgen Sie daf\u00fcr, dass ein Fehlerstromschutzschalter in der Stromversorgung installiert ist, um die Sicherheit zu gew\u00e4hrleisten.<\/li>\n<\/ul>\n<h3>Zahlung<\/h3>\n<p>Wir akzeptieren derzeit PayPal, T\/T &amp; Western Union.<\/p>\n<h3 class=\"shipping-methods\">Versand<\/h3>\n<p>Die Ware wird innerhalb von 48 Stunden nach Eingang der vollst\u00e4ndigen Zahlung versendet.<\/p>\n<ul>\n<li>Wir versenden die Ware an die Adresse, die bei der PayPal-Zahlung angegeben ist. Bitte stellen Sie sicher, dass die Adresse in PayPal korrekt ist.<\/li>\n<li>Wir geben Ihnen die Sendungsverfolgungsnummer, nachdem wir die Ware versendet haben. In der Regel erhalten Sie die Ware innerhalb von f\u00fcnf Tagen.<\/li>\n<li>Wenn Sie Fragen haben, kontaktieren Sie uns bitte per E-Mail (unsere E-Mail-Adresse ist <a href=\"mailto:support@bjultrasonic.com\">support@bjultrasonic.com<\/a>)<\/li>\n<\/ul>\n<h3 align=\"left\">Produktgarantie<\/h3>\n<p>Die Produktgarantiezeit betr\u00e4gt ein Jahr. Innerhalb der Garantiezeit k\u00f6nnen gekaufte Produkte kostenlos gewartet oder ausgetauscht werden.<\/p>\n<h3>Video-Playlist: Ultraschallwandler-Treiber<\/h3>\n<p><iframe loading=\"lazy\" width=\"560\" height=\"315\" src=\"https:\/\/www.youtube.com\/embed\/videoseries?list=PLLrjMYkO0_NG56zqmQN9W9F1Xf9eev6dc\" frameborder=\"0\" allow=\"autoplay; encrypted-media\" allowfullscreen><\/iframe><\/p>\n","protected":false},"excerpt":{"rendered":"<p>Ultraschallgeneratorschaltung, auch genannt <a href=\"https:\/\/www.bjultrasonic.com\/de\/category\/ultrasonic-transducer-de\/\">Ultraschallwandler<\/a>-Treiberschaltung oder <a href=\"https:\/\/www.bjultrasonic.com\/de\/category\/ultrasonic-generator-de\/ultrasonic-generator-circuits-de\/\">Ultraschallreinigungsger\u00e4t-Leistungstreiberplatine<\/a>. Sie liefert eine <a href=\"https:\/\/www.bjultrasonic.com\/de\/category\/ultrasonic-generator-de\/\">Ultraschallfrequenz<\/a>, um die Ultraschallwandler in <a href=\"https:\/\/www.bjultrasonic.com\/de\/category\/ultrasonic-cleaning-system-de\/\">Ultraschallreinigern<\/a> anzutreiben.<\/p>\n","protected":false},"featured_media":19280,"comment_status":"open","ping_status":"closed","template":"","meta":[],"product_brand":[],"product_cat":[6109],"product_tag":[],"class_list":{"0":"post-67253","1":"product","2":"type-product","3":"status-publish","4":"has-post-thumbnail","6":"product_cat-ultrasonic-generator-circuits-de","8":"first","9":"instock","10":"shipping-taxable","11":"purchasable","12":"product-type-simple","13":"prodpage-classic"},"aioseo_notices":[],"_links":{"self":[{"href":"https:\/\/www.bjultrasonic.com\/de\/wp-json\/wp\/v2\/product\/67253","targetHints":{"allow":["GET"]}}],"collection":[{"href":"https:\/\/www.bjultrasonic.com\/de\/wp-json\/wp\/v2\/product"}],"about":[{"href":"https:\/\/www.bjultrasonic.com\/de\/wp-json\/wp\/v2\/types\/product"}],"replies":[{"embeddable":true,"href":"https:\/\/www.bjultrasonic.com\/de\/wp-json\/wp\/v2\/comments?post=67253"}],"wp:featuredmedia":[{"embeddable":true,"href":"https:\/\/www.bjultrasonic.com\/de\/wp-json\/wp\/v2\/media\/19280"}],"wp:attachment":[{"href":"https:\/\/www.bjultrasonic.com\/de\/wp-json\/wp\/v2\/media?parent=67253"}],"wp:term":[{"taxonomy":"product_brand","embeddable":true,"href":"https:\/\/www.bjultrasonic.com\/de\/wp-json\/wp\/v2\/product_brand?post=67253"},{"taxonomy":"product_cat","embeddable":true,"href":"https:\/\/www.bjultrasonic.com\/de\/wp-json\/wp\/v2\/product_cat?post=67253"},{"taxonomy":"product_tag","embeddable":true,"href":"https:\/\/www.bjultrasonic.com\/de\/wp-json\/wp\/v2\/product_tag?post=67253"}],"curies":[{"name":"wp","href":"https:\/\/api.w.org\/{rel}","templated":true}]}}