{"id":67491,"date":"2018-07-27T02:52:18","date_gmt":"2018-07-27T07:52:18","guid":{"rendered":"https:\/\/www.bjultrasonic.com\/shop\/three-frequency-ultrasonic-generator\/"},"modified":"2026-03-28T20:38:13","modified_gmt":"2026-03-29T01:38:13","slug":"three-frequency-ultrasonic-generator","status":"publish","type":"product","link":"https:\/\/www.bjultrasonic.com\/de\/shop\/three-frequency-ultrasonic-generator\/","title":{"rendered":"Dreifrequenz-Digital-Ultraschallgenerator"},"content":{"rendered":"<p><strong>Bei dieser Art von Generator gibt es drei Frequenzen. Bitte teilen Sie uns Ihre Anforderungen mit. Unser Ingenieur wird sie f\u00fcr Sie anpassen.<\/strong><\/p>\n<h3>Um die Ware rechtzeitig zu liefern:<\/h3>\n<ul>\n<li>Bei der Bestellung informieren Sie uns bitte \u00fcber die ben\u00f6tigte Spannung (220V oder 120V) und Frequenz.<\/li>\n<li>Bitte geben Sie uns die Lieferadresse im Detail an. Inklusive Adresse, Postleitzahl, Telefonnummer.<\/li>\n<li>Wenn Ihr Auftrag schwerer als 21 kg ist, kontaktieren Sie uns bitte f\u00fcr den wirtschaftlichen Frachtpreis.<\/li>\n<\/ul>\n<h3>Bemerkungen<\/h3>\n<ul>\n<li><a href=\"https:\/\/www.bjultrasonic.com\/de\/category\/ultrasonic-generator-de\/\">Ultraschallgeneratoren<\/a> sind kundenspezifische Produkte. Bitte <a href=\"https:\/\/www.bjultrasonic.com\/contact\/\">kontaktieren Sie unseren Vertrieb<\/a> f\u00fcr den Preis. Wir antworten Ihnen schnell.<\/li>\n<li>Wir k\u00f6nnen verschiedene Ultraschallgeneratoren basierend auf <strong>Frequenz<\/strong> und <strong>Spannung<\/strong> entwerfen und anpassen.<\/li>\n<\/ul>\n<p>Der Ultraschallgenerator ist ein unverzichtbarer Teil der <a href=\"https:\/\/www.bjultrasonic.com\/de\/category\/ultrasonic-cleaning-system-de\/\">Ultraschallreinigungsmaschine<\/a>. Die Qualit\u00e4t des Ultraschallgenerators bestimmt direkt die Reinigungswirkung des Ultraschallreinigungssystems. Digitale Ultraschallgeneratoren werden eigenst\u00e4ndig von Beijing Ultrasonic erforscht und entwickelt.<br \/>\n<img loading=\"lazy\" decoding=\"async\" class=\"alignnone wp-image-5021\" title=\"Ultraschall-Signalgenerator\" src=\"https:\/\/www.bjultrasonic.com\/wp-content\/uploads\/2012\/05\/Ultrasonic-Signal-Generator.jpg\" alt=\"Ultraschall-Signalgenerator\" width=\"600\" height=\"450\" \/><\/p>\n<h3>Interne Struktur des digitalen Ultraschallgenerators<\/h3>\n<p><img loading=\"lazy\" decoding=\"async\" src=\"https:\/\/www.bjultrasonic.com\/wp-content\/uploads\/2018\/07\/Internal-Structure-Of-Digital-Ultrasonic-Generator.png\" alt=\"Interne Struktur des digitalen Ultraschallgenerators\" width=\"650\" height=\"578\" \/><\/p>\n<h3>Typische Eigenschaften des Ultraschallgenerators<\/h3>\n<ul>\n<li>Programmiersteuerung per Tastendruck mit digitaler Anzeige der Einstellungen, wir k\u00f6nnen den Arbeitszustand auf dem Display sehen (wie Arbeitsfrequenz, Arbeitsstrom).<\/li>\n<li>Verwendung digitaler Steuerungstechnik, perfekter Schaltungsentwurf, Stabilit\u00e4t der Leistungsausgabe.<\/li>\n<li>\u00dcberstromschutz, \u00dcberhitzungsschutz, \u00dcberspannungsschutz.<\/li>\n<li>Hoch- und Niederspannungsschaltung vollst\u00e4ndig getrennt, Betriebssicherheit.<\/li>\n<li>Die Ultraschalleistung, Timer und Frequenz k\u00f6nnen nach Bedarf eingestellt werden, um verschiedenen Produkten gerecht zu werden.<br \/>\n(Zeitsteuerung: 0-59&#8217;59&#8220;)<br \/>\n(Leistungssteuerungsbereich: 0-100%)<\/li>\n<li>Das effiziente K\u00fchlsystem.<\/li>\n<li>Frequenzwischfunktion.<\/li>\n<\/ul>\n<h3>Ultraschallfrequenzgenerator Video<\/h3>\n<p><iframe loading=\"lazy\" title=\"Ultrasonic Signal Generator Circuit - Beijing Ultrasonic\" width=\"500\" height=\"281\" src=\"https:\/\/www.youtube.com\/embed\/A9JdQN5e5G8?feature=oembed\" frameborder=\"0\" allow=\"accelerometer; autoplay; clipboard-write; encrypted-media; gyroscope; picture-in-picture; web-share\" referrerpolicy=\"strict-origin-when-cross-origin\" allowfullscreen><\/iframe><\/p>\n","protected":false},"excerpt":{"rendered":"<p>Digital <a href=\"https:\/\/www.bjultrasonic.com\/de\/category\/ultrasonic-generator-de\/\">Ultraschallgenerator<\/a>, auch Ultraschallgenerator-Kit genannt, verwendet fortschrittliche Mikrocomputer-Steuerungstechnologie und neue Schaltungsgeometrie. Sie k\u00f6nnen die Ultraschallfrequenz, den Timer und die Leistung nach Ihren W\u00fcnschen einstellen.<\/p>\n","protected":false},"featured_media":19239,"comment_status":"open","ping_status":"closed","template":"","meta":[],"product_brand":[],"product_cat":[6053],"product_tag":[],"class_list":{"0":"post-67491","1":"product","2":"type-product","3":"status-publish","4":"has-post-thumbnail","6":"product_cat-ultrasonic-digital-generator-de","8":"first","9":"instock","10":"shipping-taxable","11":"product-type-external","12":"prodpage-classic"},"aioseo_notices":[],"_links":{"self":[{"href":"https:\/\/www.bjultrasonic.com\/de\/wp-json\/wp\/v2\/product\/67491","targetHints":{"allow":["GET"]}}],"collection":[{"href":"https:\/\/www.bjultrasonic.com\/de\/wp-json\/wp\/v2\/product"}],"about":[{"href":"https:\/\/www.bjultrasonic.com\/de\/wp-json\/wp\/v2\/types\/product"}],"replies":[{"embeddable":true,"href":"https:\/\/www.bjultrasonic.com\/de\/wp-json\/wp\/v2\/comments?post=67491"}],"wp:featuredmedia":[{"embeddable":true,"href":"https:\/\/www.bjultrasonic.com\/de\/wp-json\/wp\/v2\/media\/19239"}],"wp:attachment":[{"href":"https:\/\/www.bjultrasonic.com\/de\/wp-json\/wp\/v2\/media?parent=67491"}],"wp:term":[{"taxonomy":"product_brand","embeddable":true,"href":"https:\/\/www.bjultrasonic.com\/de\/wp-json\/wp\/v2\/product_brand?post=67491"},{"taxonomy":"product_cat","embeddable":true,"href":"https:\/\/www.bjultrasonic.com\/de\/wp-json\/wp\/v2\/product_cat?post=67491"},{"taxonomy":"product_tag","embeddable":true,"href":"https:\/\/www.bjultrasonic.com\/de\/wp-json\/wp\/v2\/product_tag?post=67491"}],"curies":[{"name":"wp","href":"https:\/\/api.w.org\/{rel}","templated":true}]}}