{"id":67511,"date":"2018-07-27T02:52:18","date_gmt":"2018-07-27T07:52:18","guid":{"rendered":"https:\/\/www.bjultrasonic.com\/shop\/double-frequency-ultrasonic-generator\/"},"modified":"2026-03-28T20:38:11","modified_gmt":"2026-03-29T01:38:11","slug":"double-frequency-ultrasonic-generator","status":"publish","type":"product","link":"https:\/\/www.bjultrasonic.com\/de\/shop\/double-frequency-ultrasonic-generator\/","title":{"rendered":"Doppelfrequenz-Digital-Ultraschallgenerator"},"content":{"rendered":"<p><strong>F\u00fcr diese Art von Generator gibt es zwei Frequenzen. Bitte teilen Sie uns Ihre Anforderungen mit. Unser Ingenieur wird sie f\u00fcr Sie anpassen.<\/strong><\/p>\n<h3>Um die Ware rechtzeitig zu liefern:<\/h3>\n<ul>\n<li>Bei der Bestellung informieren Sie uns bitte, welche Spannung (220V oder 120V) und welche Frequenz Sie ben\u00f6tigen.<\/li>\n<li>Bitte geben Sie uns die Lieferadresse im Detail an. Enthalten Sie Adresse, Postleitzahl und Telefonnummer.<\/li>\n<li>Wenn Ihr Auftragsgewicht mehr als 21 kg betr\u00e4gt, kontaktieren Sie uns bitte, um den wirtschaftlichen Frachtpreis zu erhalten.<\/li>\n<\/ul>\n<h3>Bemerkungen<\/h3>\n<ul>\n<li><a href=\"https:\/\/www.bjultrasonic.com\/de\/category\/ultrasonic-generator-de\/\">Ultraschallgeneratoren<\/a> sind kundenspezifische Produkte. F\u00fcr den Preis kontaktieren Sie bitte <a href=\"https:\/\/www.bjultrasonic.com\/contact\/\">unseren Vertriebsmitarbeiter<\/a>. Wir werden Ihnen bald antworten.<\/li>\n<li>Wir k\u00f6nnen verschiedene Ultraschallgeneratoren basierend auf <strong>Frequenz<\/strong> und <strong>Spannung<\/strong> entwerfen und anpassen.<\/li>\n<\/ul>\n<p>Der Ultraschallgenerator ist ein unverzichtbarer Teil der <a href=\"https:\/\/www.bjultrasonic.com\/de\/category\/ultrasonic-cleaning-system-de\/\">Ultraschallreinigungsmaschine<\/a>. Die Qualit\u00e4t des Ultraschallgenerators entscheidet direkt \u00fcber den Reinigungseffekt des Ultraschallreinigungssystems. Digitale Ultraschallgeneratoren werden eigenst\u00e4ndig von Beijing Ultrasonic erforscht und entwickelt.<br \/>\n<img loading=\"lazy\" decoding=\"async\" class=\"alignnone wp-image-5021\" title=\"Ultraschallsignalgenerator\" src=\"https:\/\/www.bjultrasonic.com\/wp-content\/uploads\/2012\/05\/Ultrasonic-Signal-Generator.jpg\" alt=\"Ultraschallsignalgenerator\" width=\"600\" height=\"450\" \/><\/p>\n<h3>Innenstruktur des digitalen Ultraschallgenerators<\/h3>\n<p><img loading=\"lazy\" decoding=\"async\" src=\"https:\/\/www.bjultrasonic.com\/wp-content\/uploads\/2018\/07\/Internal-Structure-Of-Digital-Ultrasonic-Generator.png\" alt=\"Innenstruktur des digitalen Ultraschallgenerators\" width=\"650\" height=\"578\" \/><\/p>\n<h3>Typische Merkmale des Ultraschallgenerators<\/h3>\n<ul>\n<li>Programmiersteuerung per Tastendruck mit digitaler Anzeige der Einstellungen; wir k\u00f6nnen den Arbeitszustand auf dem Display sehen (wie Arbeitsfrequenz, Arbeitsstrom).<\/li>\n<li>Einsatz digitaler Steuerungstechnik, perfekter Schaltungsentwurf, Stabilit\u00e4t der Leistungsausgabe.<\/li>\n<li>\u00dcberstromschutz, \u00dcberhitzungsschutz, \u00dcberspannungsschutz.<\/li>\n<li>Hoch- und Niederspannungsschaltung sind vollst\u00e4ndig getrennt, Betriebssicherheit.<\/li>\n<li>Die Ultraschalleistung, Timer und Frequenz k\u00f6nnen nach Bedarf angepasst werden, um verschiedenen Produktreinigungen gerecht zu werden.<br \/>\n(Zeitsteuerung: 0-59&#8217;59&#8220;)<br \/>\n(Leistungssteuerungsbereich: 0-100%)<\/li>\n<li>Das effiziente K\u00fchlsystem.<\/li>\n<li>Frequenzwischfunktion.<\/li>\n<\/ul>\n<h3>Ultraschallfrequenzgenerator Video<\/h3>\n<p><iframe loading=\"lazy\" title=\"Ultrasonic Signal Generator Circuit - Beijing Ultrasonic\" width=\"500\" height=\"281\" src=\"https:\/\/www.youtube.com\/embed\/A9JdQN5e5G8?feature=oembed\" frameborder=\"0\" allow=\"accelerometer; autoplay; clipboard-write; encrypted-media; gyroscope; picture-in-picture; web-share\" referrerpolicy=\"strict-origin-when-cross-origin\" allowfullscreen><\/iframe><\/p>\n","protected":false},"excerpt":{"rendered":"<p>Digitaler <a href=\"https:\/\/www.bjultrasonic.com\/de\/category\/ultrasonic-generator-de\/\">Ultraschallgenerator<\/a>, auch Ultraschallgenerator-Kit genannt, verwendet fortschrittliche Mikrocomputer-Steuerungstechnologie und neue Schaltungsgeometrie, Sie k\u00f6nnen die Ultraschallfrequenz, Timer und Leistung nach Ihren W\u00fcnschen einstellen.<\/p>\n","protected":false},"featured_media":19238,"comment_status":"open","ping_status":"closed","template":"","meta":[],"product_brand":[],"product_cat":[6053],"product_tag":[],"class_list":{"0":"post-67511","1":"product","2":"type-product","3":"status-publish","4":"has-post-thumbnail","6":"product_cat-ultrasonic-digital-generator-de","8":"first","9":"instock","10":"shipping-taxable","11":"product-type-external","12":"prodpage-classic"},"aioseo_notices":[],"_links":{"self":[{"href":"https:\/\/www.bjultrasonic.com\/de\/wp-json\/wp\/v2\/product\/67511","targetHints":{"allow":["GET"]}}],"collection":[{"href":"https:\/\/www.bjultrasonic.com\/de\/wp-json\/wp\/v2\/product"}],"about":[{"href":"https:\/\/www.bjultrasonic.com\/de\/wp-json\/wp\/v2\/types\/product"}],"replies":[{"embeddable":true,"href":"https:\/\/www.bjultrasonic.com\/de\/wp-json\/wp\/v2\/comments?post=67511"}],"wp:featuredmedia":[{"embeddable":true,"href":"https:\/\/www.bjultrasonic.com\/de\/wp-json\/wp\/v2\/media\/19238"}],"wp:attachment":[{"href":"https:\/\/www.bjultrasonic.com\/de\/wp-json\/wp\/v2\/media?parent=67511"}],"wp:term":[{"taxonomy":"product_brand","embeddable":true,"href":"https:\/\/www.bjultrasonic.com\/de\/wp-json\/wp\/v2\/product_brand?post=67511"},{"taxonomy":"product_cat","embeddable":true,"href":"https:\/\/www.bjultrasonic.com\/de\/wp-json\/wp\/v2\/product_cat?post=67511"},{"taxonomy":"product_tag","embeddable":true,"href":"https:\/\/www.bjultrasonic.com\/de\/wp-json\/wp\/v2\/product_tag?post=67511"}],"curies":[{"name":"wp","href":"https:\/\/api.w.org\/{rel}","templated":true}]}}