{"id":68331,"date":"2013-05-14T17:09:47","date_gmt":"2013-05-14T22:09:47","guid":{"rendered":"https:\/\/www.bjultrasonic.com\/shop\/ultrasonic-horn\/"},"modified":"2026-03-28T20:30:24","modified_gmt":"2026-03-29T01:30:24","slug":"ultrasonic-horn","status":"publish","type":"product","link":"https:\/\/www.bjultrasonic.com\/de\/shop\/ultrasonic-horn\/","title":{"rendered":"Ultraschall-Schwei\u00dfhorn"},"content":{"rendered":"<p>Ultrasonic Welding Horn \/ Ultrasonic Sonotrode \/ Ultrasonic Welding Mold wird h\u00e4ufig in <a href=\"https:\/\/www.bjultrasonic.com\/de\/shop\/ultrasonic-welding-machine\/\">Ultraschall-Schwei\u00dfmaschinen<\/a> eingesetzt. Es ist der Schl\u00fcssel zum Schwei\u00dfen verschiedener Kunststoffprodukte, Metallprodukte oder Textilprodukte. Gleichzeitig ist die Ultraschall-Schwei\u00dfmaschine ein Ultraschallschwei\u00dfger\u00e4t, das f\u00fcr das Schwei\u00dfen verschiedener Kunststoffe (ABS, PVC, PP, PE, PC, PS, HDPE, LDPE, PET, PMMA, Acetal usw.) und Textilien (Polyester, Vlies, Nylon usw.) konzipiert ist. Wir k\u00f6nnen Schwei\u00dfk\u00f6pfe und -spitzen aus Stahl und Titan in jeder Frequenz herstellen, die auch mit Produkten anderer Unternehmen kompatibel sind. Wir k\u00f6nnen ma\u00dfgeschneiderte Formen nach Ihren Anforderungen anfertigen.<\/p>\n<p><img loading=\"lazy\" decoding=\"async\" class=\"alignnone size-full wp-image-24647\" src=\"https:\/\/www.bjultrasonic.com\/wp-content\/uploads\/2013\/05\/Ultrasonic-Welding-Horn-4.jpg\" alt=\"Ultrasonic Welding Horn (4)\" width=\"559\" height=\"578\" \/><\/p>\n<h3>Unsere Vorteile<\/h3>\n<ul>\n<li>Verschiedene Spezifikationen f\u00fcr unterschiedliche Arten von Ultraschall-Schwei\u00dfger\u00e4ten.<\/li>\n<li>H\u00f6here Schwei\u00dfpr\u00e4zision<\/li>\n<li>Besseres Benutzererlebnis<\/li>\n<li>Stabile Leistung<\/li>\n<li>H\u00f6here Produktionskapazit\u00e4t<\/li>\n<li>Effizient und stabil, lange Garantie und schnelle Lieferung<\/li>\n<\/ul>\n<p>&nbsp;<\/p>\n<p><iframe loading=\"lazy\" title=\"Ultrasonic Welding Machine for Face Mask Manufacturing\" width=\"500\" height=\"375\" src=\"https:\/\/www.youtube.com\/embed\/6luA2gpAZdU?feature=oembed\" frameborder=\"0\" allow=\"accelerometer; autoplay; clipboard-write; encrypted-media; gyroscope; picture-in-picture; web-share\" referrerpolicy=\"strict-origin-when-cross-origin\" allowfullscreen><\/iframe><\/p>\n<p><iframe loading=\"lazy\" title=\"Ultrasonic Plastic Welder | Ultrasonic Plastic Welding\" width=\"500\" height=\"281\" src=\"https:\/\/www.youtube.com\/embed\/3H2GRdGeOGM?feature=oembed\" frameborder=\"0\" allow=\"accelerometer; autoplay; clipboard-write; encrypted-media; gyroscope; picture-in-picture; web-share\" referrerpolicy=\"strict-origin-when-cross-origin\" allowfullscreen><\/iframe><\/p>\n<h3>Prinzipien der Ultraschallbearbeitung<\/h3>\n<p>Die Ultraschallbearbeitung ist eine Bearbeitungstechnik, bei der eine Schleifmittelsuspension in den Spalt zwischen Werkst\u00fcck und einem Werkzeug eingebracht wird, das mit Ultraschallfrequenz vibriert. Ultraschallbearbeitungsger\u00e4te bestehen aus <a href=\"https:\/\/www.bjultrasonic.com\/de\/shop\/ultrasonic-welding-generator\/\" target=\"_blank\" rel=\"noopener noreferrer\">Ultraschall-Schwei\u00dfgeneratoren<\/a>, <a href=\"https:\/\/www.bjultrasonic.com\/de\/category\/ultrasonic-transducer-de\/\" target=\"_blank\" rel=\"noopener noreferrer\">Ultraschallwandlern<\/a> &amp; <strong>Ultraschallhorn<\/strong>.<\/p>\n<p><img loading=\"lazy\" decoding=\"async\" class=\"size-full wp-image-1577 alignnone\" title=\"Principles of Ultrasonic Machining\" src=\"\/\/www.bjultrasonic.com\/wp-content\/uploads\/2013\/05\/Principles-of-Ultrasonic-Machining.jpg\" alt=\"Principles of Ultrasonic Machining\" width=\"650\" height=\"371\" \/><\/p>\n<h3>Zahlung<\/h3>\n<p>Wir akzeptieren derzeit Paypal, T\/T &amp; Western Union.<\/p>\n<h3 class=\"shipping-methods\">Versand<\/h3>\n<p>Die Ware wird innerhalb von 48 Stunden nach Erhalt der vollst\u00e4ndigen Zahlung versendet.<\/p>\n<ul>\n<li>Wir versenden die Ware an die Adresse, die bei der PayPal-Zahlung angegeben ist. Bitte stellen Sie sicher, dass die Adresse in PayPal korrekt ist.<\/li>\n<li>Wir geben Ihnen die Sendungsverfolgungsnummer, nachdem wir die Ware versendet haben; in der Regel erhalten Sie die Ware innerhalb von f\u00fcnf Tagen.<\/li>\n<li>Wenn Sie Fragen haben, kontaktieren Sie uns bitte per E-Mail (unsere E-Mail-Adresse ist <a href=\"mailto:support@bjultrasonic.com\">support@bjultrasonic.com<\/a>).<\/li>\n<\/ul>\n<h3 align=\"left\">Produktgarantie<\/h3>\n<p>Die Produktgarantiezeit betr\u00e4gt ein Jahr. Innerhalb der Garantiezeit k\u00f6nnen gekaufte Produkte kostenlose Wartung oder Austausch in Anspruch nehmen.<\/p>\n","protected":false},"excerpt":{"rendered":"<p>Ein Ultraschall-Schwei\u00dfhorn (auch bekannt als akustisches Horn, Sonotrode, akustischer Wellenleiter, Ultraschallsonde) ist ein sich verj\u00fcngender Metallstab, der normalerweise zur <strong>Verst\u00e4rkung der Schwingungsauslenkungsamplitude<\/strong> beim <strong>Ultraschallschwei\u00dfen<\/strong> und bei der <strong>Ultraschallbearbeitung<\/strong> verwendet wird.<\/p>\n<p>Wir k\u00f6nnen verschiedene Gr\u00f6\u00dfen und Frequenzen von Ultraschallh\u00f6rnern nach Anforderungen anpassen.<\/p>\n","protected":false},"featured_media":42269,"comment_status":"open","ping_status":"closed","template":"","meta":[],"product_brand":[],"product_cat":[5627],"product_tag":[],"class_list":{"0":"post-68331","1":"product","2":"type-product","3":"status-publish","4":"has-post-thumbnail","6":"product_cat-ultrasonic-welding-equipment-de","8":"first","9":"instock","10":"shipping-taxable","11":"product-type-external","12":"prodpage-classic"},"aioseo_notices":[],"_links":{"self":[{"href":"https:\/\/www.bjultrasonic.com\/de\/wp-json\/wp\/v2\/product\/68331","targetHints":{"allow":["GET"]}}],"collection":[{"href":"https:\/\/www.bjultrasonic.com\/de\/wp-json\/wp\/v2\/product"}],"about":[{"href":"https:\/\/www.bjultrasonic.com\/de\/wp-json\/wp\/v2\/types\/product"}],"replies":[{"embeddable":true,"href":"https:\/\/www.bjultrasonic.com\/de\/wp-json\/wp\/v2\/comments?post=68331"}],"wp:featuredmedia":[{"embeddable":true,"href":"https:\/\/www.bjultrasonic.com\/de\/wp-json\/wp\/v2\/media\/42269"}],"wp:attachment":[{"href":"https:\/\/www.bjultrasonic.com\/de\/wp-json\/wp\/v2\/media?parent=68331"}],"wp:term":[{"taxonomy":"product_brand","embeddable":true,"href":"https:\/\/www.bjultrasonic.com\/de\/wp-json\/wp\/v2\/product_brand?post=68331"},{"taxonomy":"product_cat","embeddable":true,"href":"https:\/\/www.bjultrasonic.com\/de\/wp-json\/wp\/v2\/product_cat?post=68331"},{"taxonomy":"product_tag","embeddable":true,"href":"https:\/\/www.bjultrasonic.com\/de\/wp-json\/wp\/v2\/product_tag?post=68331"}],"curies":[{"name":"wp","href":"https:\/\/api.w.org\/{rel}","templated":true}]}}