{"id":68351,"date":"2013-05-14T02:32:29","date_gmt":"2013-05-14T07:32:29","guid":{"rendered":"https:\/\/www.bjultrasonic.com\/shop\/ultrasonic-welding-generator\/"},"modified":"2026-03-28T20:30:23","modified_gmt":"2026-03-29T01:30:23","slug":"ultrasonic-welding-generator","status":"publish","type":"product","link":"https:\/\/www.bjultrasonic.com\/de\/shop\/ultrasonic-welding-generator\/","title":{"rendered":"Ultraschall-Schwei\u00dfgenerator"},"content":{"rendered":"<p><iframe loading=\"lazy\" title=\"Ultrasonic Welding Generator\" width=\"500\" height=\"281\" src=\"https:\/\/www.youtube.com\/embed\/AieAouAI6i4?feature=oembed\" frameborder=\"0\" allow=\"accelerometer; autoplay; clipboard-write; encrypted-media; gyroscope; picture-in-picture; web-share\" referrerpolicy=\"strict-origin-when-cross-origin\" allowfullscreen><\/iframe><\/p>\n<p><iframe loading=\"lazy\" title=\"Ultrasonic Welding Machine for Face Mask Manufacturing\" width=\"500\" height=\"375\" src=\"https:\/\/www.youtube.com\/embed\/6luA2gpAZdU?feature=oembed\" frameborder=\"0\" allow=\"accelerometer; autoplay; clipboard-write; encrypted-media; gyroscope; picture-in-picture; web-share\" referrerpolicy=\"strict-origin-when-cross-origin\" allowfullscreen><\/iframe><\/p>\n<p><strong>Ultraschall-Schwei\u00dfgeneratoren<\/strong> werden in einer Vielzahl qualitativ hochwertiger Produkte eingesetzt, zum Beispiel in <strong>Thermoplast-Schwei\u00dfmaschinen, Punktschwei\u00dfger\u00e4ten, Maschinen zum Einlegen von Teilen zwischen Metall und Kunststoff, Ultraschallmaschinen, Ultraschallschleifern und Ultraschall-Kunststoffverarbeitungsmaschinen.<\/strong><\/p>\n<h3>Spezifikation des Ultraschall-Schwei\u00dfgenerators<\/h3>\n<table class=\"table table-striped table-bordered\">\n<tbody>\n<tr>\n<td valign=\"top\" width=\"194\">Standard-Ausgangsleistung<\/td>\n<td valign=\"top\" width=\"420\">500W, 1000W, 1400W, 1800W, 2200W, 2600W<\/td>\n<\/tr>\n<tr>\n<td valign=\"top\" width=\"194\">Eingangsspannung<\/td>\n<td valign=\"top\" width=\"420\">220V ~ 230Vac \u00b110% \/ 110V ~ 130Vac \u00b110%<\/td>\n<\/tr>\n<tr>\n<td valign=\"top\" width=\"194\">Arbeitsfrequenz<\/td>\n<td valign=\"top\" width=\"420\">15 kHz, 20 kHz, 30 kHz, 35 kHz, 38 kHz<\/td>\n<\/tr>\n<tr>\n<td valign=\"top\" width=\"194\">Anzeigen<\/td>\n<td valign=\"top\" width=\"420\">\n<ul>\n<li>Anzeige f\u00fcr Leistungsamplitudenverlust. Anzeige f\u00fcr Amplituden\u00fcberlastung.<\/li>\n<li>Ein-\/Ausschaltanzeige.<\/li>\n<\/ul>\n<\/td>\n<\/tr>\n<tr>\n<td valign=\"top\" width=\"194\">\u00dcberlastschutz<\/td>\n<td valign=\"top\" width=\"420\">\n<ul>\n<li>Thermische \u00dcberlastung<\/li>\n<li>Strom\u00fcberlastung<\/li>\n<li>\u00dcberspannung<\/li>\n<\/ul>\n<\/td>\n<\/tr>\n<tr>\n<td valign=\"top\" width=\"194\">Steuerungseinstellungen<\/td>\n<td valign=\"top\" width=\"420\">\n<ul>\n<li>Digitaler Timer zur Steuerung der Schwei\u00dfzeit. Digitaler Timer zur Steuerung der Haltezeit.<\/li>\n<li>Digitaler Timer zur Steuerung der Verz\u00f6gerungszeit. Frequenzpr\u00fcftaste.<\/li>\n<li>Einstellknopf f\u00fcr die Frequenzabstimmung.<\/li>\n<\/ul>\n<\/td>\n<\/tr>\n<tr>\n<td valign=\"top\" width=\"194\">Betriebstemperatur<\/td>\n<td valign=\"top\" width=\"420\">0 ~ 50 \u00b0C<\/td>\n<\/tr>\n<tr>\n<td valign=\"top\" width=\"194\">Betriebsluftfeuchtigkeit<\/td>\n<td valign=\"top\" width=\"420\">0 ~ 80 %<\/td>\n<\/tr>\n<tr>\n<td valign=\"top\" width=\"194\">Gewicht<\/td>\n<td valign=\"top\" width=\"420\">32 kg<\/td>\n<\/tr>\n<\/tbody>\n<\/table>\n<p><img loading=\"lazy\" decoding=\"async\" class=\"alignnone size-full wp-image-5271\" src=\"\/\/www.bjultrasonic.com\/wp-content\/uploads\/2013\/05\/Ultrasonic-Welding-Generator1.jpg\" alt=\"Ultrasonic Welding Generator\" width=\"558\" height=\"334\" \/><\/p>\n<p>Eine der bekannten Techniken auf industrieller Ebene ist das Ultraschallschwei\u00dfen, bei dem hochfrequente Schwingungen unter hohem Druck auf die Materialteile ausge\u00fcbt werden, die miteinander verbunden oder eng zusammengef\u00fcgt werden sollen. Auf diese Weise wird eine neue Schwei\u00dfnaht erzeugt. Diese Methode wird f\u00fcr Kunststoffe und Materialien unterschiedlicher Art verwendet. Bei dieser modernen Technik ben\u00f6tigt man keine Muttern, Bolzen oder L\u00f6tmaterialien, um die Teile zu verschwei\u00dfen.<\/p>\n<p><iframe loading=\"lazy\" title=\"Ultrasonic Metal Welding - Beijing Ultrasonic\" width=\"500\" height=\"281\" src=\"https:\/\/www.youtube.com\/embed\/vjeLMI_nqdA?feature=oembed\" frameborder=\"0\" allow=\"accelerometer; autoplay; clipboard-write; encrypted-media; gyroscope; picture-in-picture; web-share\" referrerpolicy=\"strict-origin-when-cross-origin\" allowfullscreen><\/iframe><\/p>\n<p>Die Technik des Ultraschallschwei\u00dfens wird in verschiedenen Bereichen h\u00e4ufig eingesetzt. Eine der Hauptanwendungen ist das Schwei\u00dfen von Thermoplasten in der Lebensmittel-, Textil-, Chemie-, \u00d6l- und Wasserindustrie. Sie findet auch breite Anwendung bei der Materialverwertung sowie beim Schwei\u00dfen und Bohren von Metallen. Ultraschall-Leistungsger\u00e4te werden auch in Wechselrichtern eingesetzt. Heutzutage wurden Schaltungsdesigns verbessert, neue Topologien entwickelt und Ultraschall-Leistungsger\u00e4te zuverl\u00e4ssiger gemacht. Die Lastanpassungsf\u00e4higkeit wurde verbessert und die Produktkonsistenz ist ebenfalls besser. Die Leistungseffizienz ist ebenfalls ein bemerkenswerter Meilenstein, ebenso wie die Verringerung des Ger\u00e4tevolumens. Die automatische Frequenzabtastung, -erkennung und -verfolgung wurde ebenfalls erreicht. Fehlerschutz und -erkennung sind ebenfalls automatisiert. Die Einstellung von Leistung und Impedanz ist ebenfalls m\u00f6glich. Mensch-Maschine-Dialog, Software-Upgrades und andere Funktionen wurden ebenfalls entwickelt.<\/p>\n<h3>Prinzipien des Ultraschallschwei\u00dfens<\/h3>\n<p><img loading=\"lazy\" decoding=\"async\" class=\"size-full wp-image-1578 alignnone\" title=\"Principles of Ultrasonic Welding\" src=\"\/\/www.bjultrasonic.com\/wp-content\/uploads\/2012\/08\/Principles-of-Ultrasonic-Welding.jpg\" alt=\"Principles of Ultrasonic Welding\" width=\"573\" height=\"266\" \/><\/p>\n<p><strong>Ultraschall-Schwei\u00dfausr\u00fcstung<\/strong> besteht aus einer Maschinenpresse, einem <strong>Ultraschall-Schwei\u00dfgenerator<\/strong>, einem <a href=\"https:\/\/www.bjultrasonic.com\/de\/shop\/ultrasonic-welding-transducer\/\" target=\"_blank\" rel=\"noopener\">Ultraschall-Schwei\u00dfwandler<\/a>, einem <a href=\"https:\/\/www.bjultrasonic.com\/de\/shop\/ultrasonic-horn\/\" target=\"_blank\" rel=\"noopener\">Ultraschallhorn<\/a> sowie Komponentenhalterungen und einem Booster.<\/p>\n<h3>Merkmale des Ultraschall-Schwei\u00dfgenerators:<\/h3>\n<ul>\n<li>Automatische Frequenzverfolgung (manuelle Einstellung ebenfalls m\u00f6glich)<\/li>\n<li>Doppelte Schutzfunktion bei \u00dcberlastung und Wandlerfehler.<\/li>\n<li>Die Ausgangsleistung wird entsprechend der Last angepasst<\/li>\n<li>Es sind auch Wandler mit verschiedenen Parametern implementiert<\/li>\n<li>Doppelte Schmierung und vertikale Organisation<\/li>\n<\/ul>\n<h3>Zahlung<\/h3>\n<p>Wir akzeptieren jetzt Paypal, T\/T &amp; Western Union.<\/p>\n<h3 class=\"shipping-methods\">Versand<\/h3>\n<p>Die Ware wird innerhalb von 48 Stunden nach Erhalt der vollen Zahlung versandt.<\/p>\n<ul>\n<li>Wir versenden die Ware an die in der PayPal-Zahlung angegebene Adresse. Bitte stellen Sie sicher, dass die Adresse in PayPal korrekt ist.<\/li>\n<li>Wir geben Ihnen die Sendungsverfolgungsnummer, nachdem wir die Ware versendet haben. In der Regel erhalten Sie die Ware innerhalb von f\u00fcnf Tagen.<\/li>\n<li>Wenn Sie Fragen haben, kontaktieren Sie uns bitte per E-Mail (unsere E-Mail-Adresse ist <a href=\"mailto:support@bjultrasonic.com\">support@bjultrasonic.com<\/a>)<\/li>\n<\/ul>\n<h3 align=\"left\">Produktgarantie<\/h3>\n<p>Die Produktgarantiezeit betr\u00e4gt ein Jahr. Innerhalb der Garantiezeit k\u00f6nnen gekaufte Produkte kostenlos gewartet oder ausgetauscht werden.<\/p>\n","protected":false},"excerpt":{"rendered":"<p>Ultraschall-Schwei\u00dfgeneratoren werden in einer Vielzahl qualitativ hochwertiger Produkte eingesetzt, zum Beispiel in Thermoplast-Schwei\u00dfmaschinen, Punktschwei\u00dfger\u00e4ten, Maschinen zum Einlegen von Teilen zwischen Metall und Kunststoff, Ultraschallmaschinen, Ultraschallschleifern und Ultraschall-Kunststoffverarbeitungsmaschinen. Spezifikation des Ultraschall-Schwei\u00dfgenerators Standard-Ausgangsleistung 500W, 1000W, 1400W, 1800W, 2200W, 2600W Eingangsspannung 220V ~ 230Vac \u00b110% \/ 110V ~ 130Vac \u00b110% Arbeitsfrequenz 15 kHz, 20 kHz, 30 kHz, 35<\/p>\n","protected":false},"featured_media":42271,"comment_status":"open","ping_status":"closed","template":"","meta":[],"product_brand":[],"product_cat":[5627],"product_tag":[],"class_list":{"0":"post-68351","1":"product","2":"type-product","3":"status-publish","4":"has-post-thumbnail","6":"product_cat-ultrasonic-welding-equipment-de","8":"first","9":"instock","10":"shipping-taxable","11":"product-type-external","12":"prodpage-classic"},"aioseo_notices":[],"_links":{"self":[{"href":"https:\/\/www.bjultrasonic.com\/de\/wp-json\/wp\/v2\/product\/68351","targetHints":{"allow":["GET"]}}],"collection":[{"href":"https:\/\/www.bjultrasonic.com\/de\/wp-json\/wp\/v2\/product"}],"about":[{"href":"https:\/\/www.bjultrasonic.com\/de\/wp-json\/wp\/v2\/types\/product"}],"replies":[{"embeddable":true,"href":"https:\/\/www.bjultrasonic.com\/de\/wp-json\/wp\/v2\/comments?post=68351"}],"wp:featuredmedia":[{"embeddable":true,"href":"https:\/\/www.bjultrasonic.com\/de\/wp-json\/wp\/v2\/media\/42271"}],"wp:attachment":[{"href":"https:\/\/www.bjultrasonic.com\/de\/wp-json\/wp\/v2\/media?parent=68351"}],"wp:term":[{"taxonomy":"product_brand","embeddable":true,"href":"https:\/\/www.bjultrasonic.com\/de\/wp-json\/wp\/v2\/product_brand?post=68351"},{"taxonomy":"product_cat","embeddable":true,"href":"https:\/\/www.bjultrasonic.com\/de\/wp-json\/wp\/v2\/product_cat?post=68351"},{"taxonomy":"product_tag","embeddable":true,"href":"https:\/\/www.bjultrasonic.com\/de\/wp-json\/wp\/v2\/product_tag?post=68351"}],"curies":[{"name":"wp","href":"https:\/\/api.w.org\/{rel}","templated":true}]}}