{"id":68831,"date":"2013-02-18T00:25:16","date_gmt":"2013-02-18T05:25:16","guid":{"rendered":"https:\/\/www.bjultrasonic.com\/shop\/ultrasonic-atomizing-transducer-bja-5000\/"},"modified":"2026-03-28T20:25:51","modified_gmt":"2026-03-29T01:25:51","slug":"ultrasonic-atomizing-transducer-bja-5000","status":"publish","type":"product","link":"https:\/\/www.bjultrasonic.com\/de\/shop\/ultrasonic-atomizing-transducer-bja-5000\/","title":{"rendered":"5000ML Nebelwasserbrunnen Ultraschall-Kaltnebel-Luftbefeuchter"},"content":{"rendered":"<h3>Video<\/h3>\n<p><iframe loading=\"lazy\" title=\"Ultrasonic Humidifier Atomizer Mist Maker Fogger - Beijing Ultrasonic\" width=\"500\" height=\"281\" src=\"https:\/\/www.youtube.com\/embed\/TJi9qvlk9cs?start=12&#038;feature=oembed\" frameborder=\"0\" allow=\"accelerometer; autoplay; clipboard-write; encrypted-media; gyroscope; picture-in-picture; web-share\" referrerpolicy=\"strict-origin-when-cross-origin\" allowfullscreen><\/iframe><\/p>\n<p><iframe loading=\"lazy\" title=\"5000ML Fog Water Fountain Ultrasonic Cool Mist Humidifier\" width=\"500\" height=\"281\" src=\"https:\/\/www.youtube.com\/embed\/qY8wP05nnpc?feature=oembed\" frameborder=\"0\" allow=\"accelerometer; autoplay; clipboard-write; encrypted-media; gyroscope; picture-in-picture; web-share\" referrerpolicy=\"strict-origin-when-cross-origin\" allowfullscreen><\/iframe><\/p>\n<table class=\"table table-striped table-bordered\">\n<tbody>\n<tr>\n<td width=\"284\">Typ<\/td>\n<td width=\"284\">BJA5000<\/td>\n<\/tr>\n<tr>\n<td width=\"284\">Verdampfungsmenge<\/td>\n<td width=\"284\">&gt;5000ML<\/td>\n<\/tr>\n<tr>\n<td width=\"284\">Abmessungen<\/td>\n<td width=\"284\">252*92*67mm (L\u00e4nge*Breite*H\u00f6he)<\/td>\n<\/tr>\n<tr>\n<td width=\"284\">Arbeitsfrequenz<\/td>\n<td width=\"284\">1700\u00b150(KHZ)<\/td>\n<\/tr>\n<tr>\n<td width=\"284\">Durchmesser des Piezokeramikelements<\/td>\n<td width=\"284\">20mm<\/td>\n<\/tr>\n<tr>\n<td width=\"284\">Betriebstemperatur<\/td>\n<td width=\"284\">5\uff5e45\u2103<\/td>\n<\/tr>\n<tr>\n<td width=\"284\">\u00dcberhitzungsschutz<\/td>\n<td width=\"284\">50\u2103<\/td>\n<\/tr>\n<tr>\n<td width=\"284\">Wasserstand<\/td>\n<td width=\"284\">40mm-80mm<\/p>\n<p>Optimaler Stand: 65mm<\/td>\n<\/tr>\n<tr>\n<td width=\"284\">Betriebsspannung<\/td>\n<td width=\"284\">48V DC<\/td>\n<\/tr>\n<tr>\n<td width=\"284\">Leistung:<\/td>\n<td width=\"284\">350W<\/td>\n<\/tr>\n<tr>\n<td width=\"284\">Strom<\/td>\n<td width=\"284\">4.6-5A<\/td>\n<\/tr>\n<tr>\n<td width=\"284\">Material<\/td>\n<td width=\"284\">Edelstahl<\/td>\n<\/tr>\n<tr>\n<td width=\"284\">Kabel<\/td>\n<td width=\"284\">L\u00e4nge 1.4m<\/td>\n<\/tr>\n<tr>\n<td width=\"284\">Spannung<\/td>\n<td width=\"284\">220v\/50hz  230v\/50hz<\/p>\n<p>120v\/60hz   110v\/60hz<\/td>\n<\/tr>\n<\/tbody>\n<\/table>\n<h3>Die Hauptfunktionen<\/h3>\n<ul>\n<li>Der Spr\u00fchkopf des Zerst\u00e4ubers ist luftdicht und hat eine gute W\u00e4rmeableitungsleistung.<\/li>\n<li>Die Schaltung hat stabilen Strom und Druck, \u00dcbertemperatur-, Wassermangelschutz, Ger\u00e4uschreduzierungsbehandlung.<\/li>\n<li>Ger\u00e4uscharme Produktgestaltung, hohe Luftfeuchtigkeit durch Nebel, hohe Leistung.<\/li>\n<li>Vollst\u00e4ndig geschlossenes Design mit hoher Wasser- und Staubschutzfunktion, sehr bequem vor der Befeuchterproduktion zu pr\u00fcfen.<\/li>\n<li>Der eingebaute Temperaturschutz-Induktionsschalter ist f\u00fcr einen sicheren und zuverl\u00e4ssigen Betrieb ausgelegt. Starke Struktur und einfache Installation.<\/li>\n<li>Kalkabweisendes Design, Benutzer k\u00f6nnen das zerst\u00e4ubende Piezokeramikelement leicht austauschen.<\/li>\n<li>Geh\u00e4use komplett aus Edelstahl, vernickelt und verchromt, gute W\u00e4rmeableitung.<\/li>\n<li>Eingebaute Wassermangelschutzfunktion.<\/li>\n<li>Geeignet f\u00fcr industrielle Befeuchtung, Landwirtschaft, Landschaftsnebel usw.<\/li>\n<\/ul>\n<h3>H\u00e4ufig gestellte Fragen<\/h3>\n<p><strong>1. K\u00f6nnen wir die Zerst\u00e4ubungsmenge einstellen?<\/strong><\/p>\n<p>Nein, sie kann nur \u00fcber den Wasserstand ver\u00e4ndert werden.<\/p>\n<p><strong>2. K\u00f6nnen wir die LED ausschalten (falls vorhanden)?<\/strong><\/p>\n<p>Nein. F\u00fcr Innenr\u00e4ume ist es besser, einen Ultraschallzerst\u00e4uber ohne LED zu w\u00e4hlen.<\/p>\n<p><strong>3. Macht es Ger\u00e4usche?<\/strong><\/p>\n<p>Nein. Die meisten <a href=\"https:\/\/www.bjultrasonic.com\/de\/category\/ultrasonic-atomizer-de\/\">Ultraschall-Luftbefeuchter<\/a> arbeiten tendenziell leiser als andere Modelle. Das liegt daran, dass sie keinen L\u00fcfter haben, wie es Verdunstungsbefeuchter normalerweise tun. Das h\u00e4lt den Ger\u00e4uschpegel niedrig.<\/p>\n<p><strong>4. Gibt es Stromschlaggefahr?<\/strong><\/p>\n<p>Das Prinzip des Ultraschallzerst\u00e4ubers ist, dass Ultraschallvibrationen Nebel erzeugen. Ber\u00fchren Sie den Zerst\u00e4uber w\u00e4hrend des Betriebs nicht mit der Hand, es k\u00f6nnte ein Kribbeln zu sp\u00fcren sein, aber das ist kein Stromschlag.<\/p>\n<h3>Allgemeine Hinweise<\/h3>\n<ol>\n<li>Bitte drehen Sie den Zerst\u00e4uber nach dem Einschalten der Stromversorgung nicht um, da dies den Zerst\u00e4uber besch\u00e4digen kann.<\/li>\n<li>Bitte verwenden Sie ihn nicht \u00fcber l\u00e4ngere Zeit oder l\u00e4nger als 10 Stunden.<\/li>\n<li>Ber\u00fchren Sie nicht die Zerst\u00e4uberplatte, w\u00e4hrend der Zerst\u00e4uber l\u00e4uft.<\/li>\n<li>Achten Sie auf die Wasserqualit\u00e4t. Bitte verwenden Sie sauberes Leitungswasser. (Verschlechterung der Wasserqualit\u00e4t beeinflusst die Lebensdauer)<\/li>\n<li>Bitte schalten Sie den Strom aus, bevor Sie das Ger\u00e4t bewegen oder reparieren.<\/li>\n<li>Zerst\u00e4ubte <a href=\"https:\/\/www.bjultrasonic.com\/de\/category\/piezoelectric-ceramic-de\/\">Piezokeramikelemente<\/a> geh\u00f6ren zu den Verbrauchsmaterialien, deren Lebensdauer mehr als 3600 Stunden betr\u00e4gt. Wenn die Nebelkapazit\u00e4t des Zerst\u00e4ubers deutlich abnimmt, reinigen Sie bitte die zerst\u00e4ubte Piezokeramik (ohne Reinigungsmittel) mit einem Wattest\u00e4bchen, um sie sauber zu halten. Wenn die Zerst\u00e4ubungsmenge nach der Reinigung immer noch gering ist, ersetzen Sie bitte ein Zerst\u00e4uber-Piezokeramikelement. (Empfehlung: Zerst\u00e4uber-Piezokeramik gleich mitbestellen)<\/li>\n<\/ol>\n<p><img loading=\"lazy\" decoding=\"async\" src=\"https:\/\/www.bjultrasonic.com\/wp-content\/uploads\/2018\/08\/Ultrasonic-Humidifier-with-LED.jpg\" alt=\"Ultraschall-Luftbefeuchter mit LED\" width=\"670\" height=\"925\" \/><\/p>\n","protected":false},"excerpt":{"rendered":"<p><a href=\"https:\/\/www.bjultrasonic.com\/de\/category\/ultrasonic-atomizer-de\/\">Ultraschallbefeuchter<\/a> nutzen Ultraschallenergie, um Fl\u00fcssigkeiten in wolken\u00e4hnliche Partikel umzuwandeln. Ultraschallbefeuchter werden auch als <a href=\"https:\/\/www.bjultrasonic.com\/de\/shop\/ultrasonic-atomizing-transducer\/\">Ultraschallzerst\u00e4uber<\/a>, Ultraschallnebelmacher oder Ultraschallnebler bezeichnet.<\/p>\n","protected":false},"featured_media":19530,"comment_status":"open","ping_status":"closed","template":"","meta":[],"product_brand":[],"product_cat":[6198],"product_tag":[],"class_list":{"0":"post-68831","1":"product","2":"type-product","3":"status-publish","4":"has-post-thumbnail","6":"product_cat-ultrasonic-atomizer-de","8":"first","9":"instock","10":"shipping-taxable","11":"purchasable","12":"product-type-simple","13":"prodpage-classic"},"aioseo_notices":[],"_links":{"self":[{"href":"https:\/\/www.bjultrasonic.com\/de\/wp-json\/wp\/v2\/product\/68831","targetHints":{"allow":["GET"]}}],"collection":[{"href":"https:\/\/www.bjultrasonic.com\/de\/wp-json\/wp\/v2\/product"}],"about":[{"href":"https:\/\/www.bjultrasonic.com\/de\/wp-json\/wp\/v2\/types\/product"}],"replies":[{"embeddable":true,"href":"https:\/\/www.bjultrasonic.com\/de\/wp-json\/wp\/v2\/comments?post=68831"}],"wp:featuredmedia":[{"embeddable":true,"href":"https:\/\/www.bjultrasonic.com\/de\/wp-json\/wp\/v2\/media\/19530"}],"wp:attachment":[{"href":"https:\/\/www.bjultrasonic.com\/de\/wp-json\/wp\/v2\/media?parent=68831"}],"wp:term":[{"taxonomy":"product_brand","embeddable":true,"href":"https:\/\/www.bjultrasonic.com\/de\/wp-json\/wp\/v2\/product_brand?post=68831"},{"taxonomy":"product_cat","embeddable":true,"href":"https:\/\/www.bjultrasonic.com\/de\/wp-json\/wp\/v2\/product_cat?post=68831"},{"taxonomy":"product_tag","embeddable":true,"href":"https:\/\/www.bjultrasonic.com\/de\/wp-json\/wp\/v2\/product_tag?post=68831"}],"curies":[{"name":"wp","href":"https:\/\/api.w.org\/{rel}","templated":true}]}}