{"id":68891,"date":"2013-02-18T00:25:07","date_gmt":"2013-02-18T05:25:07","guid":{"rendered":"https:\/\/www.bjultrasonic.com\/shop\/ultrasonic-atomizing-transducer-bja-350\/"},"modified":"2026-03-28T20:25:20","modified_gmt":"2026-03-29T01:25:20","slug":"ultrasonic-atomizing-transducer-bja-350","status":"publish","type":"product","link":"https:\/\/www.bjultrasonic.com\/de\/shop\/ultrasonic-atomizing-transducer-bja-350\/","title":{"rendered":"350ML Ultraschall-Nebelmaschine Nebler Luftbefeuchter ohne LED"},"content":{"rendered":"<table class=\"table table-striped table-bordered\">\n<tbody>\n<tr>\n<td width=\"273\">Typ<\/td>\n<td width=\"273\">BJA350-0<\/td>\n<\/tr>\n<tr>\n<td width=\"273\">Zerst\u00e4ubungsmenge<\/td>\n<td width=\"273\">&gt;350 ml<\/td>\n<\/tr>\n<tr>\n<td width=\"273\">Abmessungen<\/td>\n<td width=\"273\">45 mm Durchmesser, 35 mm H\u00f6he<\/td>\n<\/tr>\n<tr>\n<td width=\"273\">Arbeitsfrequenz<\/td>\n<td width=\"273\">1700\u00b150 (kHz)<\/td>\n<\/tr>\n<tr>\n<td width=\"273\">Arbeitstemperatur<\/td>\n<td width=\"273\">5\uff5e45\u2103<\/td>\n<\/tr>\n<tr>\n<td width=\"273\">Wasserstand<\/td>\n<td width=\"273\">40 mm\u201390 mm<\/td>\n<\/tr>\n<tr>\n<td width=\"273\">Leistung:<\/td>\n<td width=\"273\">20 W<\/td>\n<\/tr>\n<tr>\n<td width=\"273\">LED<\/td>\n<td width=\"273\">0<\/td>\n<\/tr>\n<tr>\n<td width=\"273\">Wasserstandssensor<\/td>\n<td width=\"273\">H\u00f6he 12 mm<\/td>\n<\/tr>\n<tr>\n<td width=\"273\">Kabel<\/td>\n<td width=\"273\">Schwarz, 3,8 mm PVC, L\u00e4nge 1400\u00b120 mm<\/td>\n<\/tr>\n<tr>\n<td width=\"273\">Durchmesser Piezokeramik<\/td>\n<td width=\"273\">20 mm<\/td>\n<\/tr>\n<tr>\n<td width=\"273\">Arbeitsspannung<\/td>\n<td width=\"273\">24 V AC\/DC, 700 mA<\/td>\n<\/tr>\n<tr>\n<td width=\"273\">Stecker<\/td>\n<td width=\"273\">5,5*2,5 mm Buchse<\/td>\n<\/tr>\n<\/tbody>\n<\/table>\n<h3>Video<\/h3>\n<p><iframe loading=\"lazy\" title=\"350ML Ultrasonic Mist Maker Fogger Humidifier Working Video\" width=\"500\" height=\"281\" src=\"https:\/\/www.youtube.com\/embed\/0lOOppw7CfI?feature=oembed\" frameborder=\"0\" allow=\"accelerometer; autoplay; clipboard-write; encrypted-media; gyroscope; picture-in-picture; web-share\" referrerpolicy=\"strict-origin-when-cross-origin\" allowfullscreen><\/iframe><\/p>\n<p><iframe loading=\"lazy\" title=\"350ML Ultrasonic Mist Maker Fogger Humidifier Without LED\" width=\"500\" height=\"281\" src=\"https:\/\/www.youtube.com\/embed\/iuCKwd_tImI?feature=oembed\" frameborder=\"0\" allow=\"accelerometer; autoplay; clipboard-write; encrypted-media; gyroscope; picture-in-picture; web-share\" referrerpolicy=\"strict-origin-when-cross-origin\" allowfullscreen><\/iframe><\/p>\n<p><iframe loading=\"lazy\" title=\"Ultrasonic Humidifier\" width=\"500\" height=\"281\" src=\"https:\/\/www.youtube.com\/embed\/videoseries?list=PLLrjMYkO0_NEpofnqW3MnsGQ-KMwpBJul\" frameborder=\"0\" allow=\"accelerometer; autoplay; clipboard-write; encrypted-media; gyroscope; picture-in-picture; web-share\" referrerpolicy=\"strict-origin-when-cross-origin\" allowfullscreen><\/iframe><\/p>\n<h3>H\u00e4ufig gestellte Fragen<\/h3>\n<p><strong>1. Kann die Zerst\u00e4ubungsmenge eingestellt werden?<\/strong><\/p>\n<p>Nein, sie kann nur \u00fcber den Wasserstand ver\u00e4ndert werden.<\/p>\n<p><strong>2. Kann die LED (falls vorhanden) ausgeschaltet werden?<\/strong><\/p>\n<p>Nein. F\u00fcr den Innenbereich ist es besser, einen Ultraschallzerst\u00e4uber ohne LED zu w\u00e4hlen.<\/p>\n<p><strong>3. Verursacht er Ger\u00e4usche?<\/strong><\/p>\n<p>Nein. Die meisten <a href=\"https:\/\/www.bjultrasonic.com\/de\/category\/ultrasonic-atomizer-de\/\">Ultraschall-Luftbefeuchter<\/a> arbeiten in der Regel leiser als andere Modelle. Das liegt daran, dass sie keinen Ventilator haben, wie es bei Verdunstungsbefeuchtern \u00fcblich ist. Dies h\u00e4lt den Ger\u00e4uschpegel niedrig.<\/p>\n<p><strong>4. Besteht Stromschlaggefahr?<\/strong><\/p>\n<p>Das Funktionsprinzip des Ultraschallzerst\u00e4ubers basiert darauf, dass Ultraschallvibrationen Nebel erzeugen. Ber\u00fchren Sie den Zerst\u00e4uber w\u00e4hrend des Betriebs nicht mit der Hand, es k\u00f6nnte ein Kribbeln zu sp\u00fcren sein, aber das ist kein Stromschlag.<\/p>\n<h3>Allgemeine Hinweise<\/h3>\n<ol>\n<li>Bitte drehen Sie den Zerst\u00e4uber nach dem Einschalten der Stromversorgung nicht auf den Kopf, da dies den Zerst\u00e4uber besch\u00e4digen kann.<\/li>\n<li>Bitte verwenden Sie ihn nicht \u00fcber l\u00e4ngere Zeit oder l\u00e4nger als 10 Stunden am St\u00fcck.<\/li>\n<li>Ber\u00fchren Sie nicht die Zerst\u00e4uberplatte, w\u00e4hrend der Zerst\u00e4uber in Betrieb ist.<\/li>\n<li>Achten Sie auf die Wasserqualit\u00e4t. Bitte verwenden Sie sauberes Leitungswasser. (Verschlechterung der Wasserqualit\u00e4t beeintr\u00e4chtigt die Lebensdauer)<\/li>\n<li>Bitte trennen Sie vor dem Bewegen oder Reparieren die Stromversorgung.<\/li>\n<li>Die zerst\u00e4ubenden <a href=\"https:\/\/www.bjultrasonic.com\/de\/category\/piezoelectric-ceramic-de\/\">Piezokeramiken<\/a> geh\u00f6ren zu den Verbrauchsmaterialien, deren Lebensdauer mehr als 3600 Stunden betr\u00e4gt. Wenn die Nebelkapazit\u00e4t des Zerst\u00e4ubers deutlich nachl\u00e4sst, reinigen Sie bitte die zerst\u00e4ubte Piezokeramik (ohne Reinigungsmittel) mit einem Wattest\u00e4bchen, um sie sauber zu halten. Wenn die Zerst\u00e4ubungsmenge nach der Reinigung immer noch gering ist, tauschen Sie bitte eine Zerst\u00e4uber-Piezokeramik aus. (Es wird empfohlen, die Piezokeramik zusammen mit dem Zerst\u00e4uber zu kaufen.)<\/li>\n<\/ol>\n<p><img loading=\"lazy\" decoding=\"async\" src=\"https:\/\/www.bjultrasonic.com\/wp-content\/uploads\/2018\/08\/Ultrasonic-Humidifier-without-LED.jpg\" alt=\"Ultraschall-Luftbefeuchter ohne LED\" width=\"670\" height=\"925\" \/><\/p>\n","protected":false},"excerpt":{"rendered":"<p><a href=\"https:\/\/www.bjultrasonic.com\/de\/category\/ultrasonic-atomizer-de\/\">Ultraschallbefeuchter<\/a> nutzt Ultraschallenergie, um Fl\u00fcssigkeiten in wolkenartige Partikel zu verwandeln. Ultraschallbefeuchter wird auch als <a href=\"https:\/\/www.bjultrasonic.com\/de\/shop\/ultrasonic-atomizing-transducer\/\">Ultraschallzerst\u00e4uber<\/a>, Ultraschallnebelmacher oder Ultraschallnebler bezeichnet.<\/p>\n","protected":false},"featured_media":19490,"comment_status":"open","ping_status":"closed","template":"","meta":[],"product_brand":[],"product_cat":[6198],"product_tag":[],"class_list":{"0":"post-68891","1":"product","2":"type-product","3":"status-publish","4":"has-post-thumbnail","6":"product_cat-ultrasonic-atomizer-de","8":"first","9":"instock","10":"shipping-taxable","11":"purchasable","12":"product-type-simple","13":"prodpage-classic"},"aioseo_notices":[],"_links":{"self":[{"href":"https:\/\/www.bjultrasonic.com\/de\/wp-json\/wp\/v2\/product\/68891","targetHints":{"allow":["GET"]}}],"collection":[{"href":"https:\/\/www.bjultrasonic.com\/de\/wp-json\/wp\/v2\/product"}],"about":[{"href":"https:\/\/www.bjultrasonic.com\/de\/wp-json\/wp\/v2\/types\/product"}],"replies":[{"embeddable":true,"href":"https:\/\/www.bjultrasonic.com\/de\/wp-json\/wp\/v2\/comments?post=68891"}],"wp:featuredmedia":[{"embeddable":true,"href":"https:\/\/www.bjultrasonic.com\/de\/wp-json\/wp\/v2\/media\/19490"}],"wp:attachment":[{"href":"https:\/\/www.bjultrasonic.com\/de\/wp-json\/wp\/v2\/media?parent=68891"}],"wp:term":[{"taxonomy":"product_brand","embeddable":true,"href":"https:\/\/www.bjultrasonic.com\/de\/wp-json\/wp\/v2\/product_brand?post=68891"},{"taxonomy":"product_cat","embeddable":true,"href":"https:\/\/www.bjultrasonic.com\/de\/wp-json\/wp\/v2\/product_cat?post=68891"},{"taxonomy":"product_tag","embeddable":true,"href":"https:\/\/www.bjultrasonic.com\/de\/wp-json\/wp\/v2\/product_tag?post=68891"}],"curies":[{"name":"wp","href":"https:\/\/api.w.org\/{rel}","templated":true}]}}