{"id":69131,"date":"2013-02-16T03:03:47","date_gmt":"2013-02-16T08:03:47","guid":{"rendered":"https:\/\/www.bjultrasonic.com\/shop\/ultrasonic-biodiesel-reactor-bjr-1100\/"},"modified":"2026-03-28T20:23:06","modified_gmt":"2026-03-29T01:23:06","slug":"ultrasonic-biodiesel-reactor-bjr-1100","status":"publish","type":"product","link":"https:\/\/www.bjultrasonic.com\/de\/shop\/ultrasonic-biodiesel-reactor-bjr-1100\/","title":{"rendered":"Ultraschall-Biodieselreaktor BJR-1100"},"content":{"rendered":"<p>F\u00fcr die Anpassung von Ultraschallreaktoren und OEM-Produktion besuchen Sie<\/p>\n<blockquote class=\"wp-embedded-content\" data-secret=\"eWbAYaniMV\"><p><a href=\"https:\/\/www.bjultrasonic.com\/shop\/ultrasonic-biodiesel-reactor\/\">Ultrasonic Biodiesel Reactor<\/a><\/p><\/blockquote>\n<p><iframe loading=\"lazy\" class=\"wp-embedded-content\" sandbox=\"allow-scripts\" security=\"restricted\" style=\"position: absolute; visibility: hidden;\" title=\"&#8220;Ultrasonic Biodiesel Reactor&#8221; &#8212; Beijing Ultrasonic\" src=\"https:\/\/www.bjultrasonic.com\/shop\/ultrasonic-biodiesel-reactor\/embed\/#?secret=LNsBpshVnP#?secret=eWbAYaniMV\" data-secret=\"eWbAYaniMV\" width=\"500\" height=\"282\" frameborder=\"0\" marginwidth=\"0\" marginheight=\"0\" scrolling=\"no\"><\/iframe><\/p>\n<p>Der Einzelhandelspreis f\u00fcr den <strong>Ultraschall-Biodieselreaktor BJR-1100<\/strong> beinhaltet <strong>Ultraschallreaktor<\/strong> und <strong>digitalen Ultraschallgenerator.<\/strong><\/p>\n<table class=\"table table-striped table-bordered\" border=\"0\" cellspacing=\"0\" cellpadding=\"0\">\n<tbody>\n<tr>\n<td valign=\"top\" width=\"82\">Typ<\/td>\n<td valign=\"top\" width=\"81\">Frequenz<br \/>\n(KHz)<\/td>\n<td valign=\"top\" width=\"60\">Leistung<\/td>\n<td valign=\"top\" width=\"60\">Durchmesser<br \/>\n(mm)<\/td>\n<td valign=\"top\" width=\"63\">L\u00e4nge<br \/>\n(mm)<\/td>\n<td valign=\"top\" width=\"90\">Statische Kapazit\u00e4t (pF\u00b110%)<\/td>\n<\/tr>\n<tr>\n<td valign=\"top\" width=\"82\">BJR-1100<\/td>\n<td valign=\"top\" width=\"81\">27<\/td>\n<td valign=\"top\" width=\"68\">1100<\/td>\n<td valign=\"top\" width=\"90\">\u03a673<\/td>\n<td valign=\"top\" width=\"63\">624<\/td>\n<td valign=\"top\" width=\"80\">68000<\/td>\n<\/tr>\n<\/tbody>\n<\/table>\n<p><img loading=\"lazy\" decoding=\"async\" class=\"alignnone size-full wp-image-5340\" alt=\"Ultraschallreaktor und digitaler Ultraschallgenerator\" src=\"\/\/www.bjultrasonic.com\/wp-content\/uploads\/2013\/02\/Ultrasonic-Reactor-and-Digital-Ultrasonic-Generator.jpg\" width=\"600\" height=\"400\" \/><\/p>\n<p>Der Ultraschall-Biodieselreaktor produziert Biodiesel in k\u00fcrzester Zeit und auf effizienteste Weise. Ultraschallwellen wirken auf die gemischten Bestandteile ein und verursachen die Bildung und Implosion vieler winziger Bl\u00e4schen. Dies wird Kavitation genannt. Kavitation mischt und erhitzt das Gemisch gleichzeitig. Diese beiden Prozesse f\u00fchren zur Umesterung. Da ein Ultraschall-Biodieselreaktor das Gemisch gleichzeitig mischt und erhitzt, wird die ben\u00f6tigte Zeit zur Biodieselproduktion erheblich reduziert. Daher werden Gemische nicht chargenweise verarbeitet, was viel Zeit in Anspruch nimmt, sondern durch Inline-Umesterung.<\/p>\n<p><iframe loading=\"lazy\" title=\"Biodiesel Processor Kits - Beijing Ultrasonic\" width=\"500\" height=\"281\" src=\"https:\/\/www.youtube.com\/embed\/OpgcM3CcI90?feature=oembed\" frameborder=\"0\" allow=\"accelerometer; autoplay; clipboard-write; encrypted-media; gyroscope; picture-in-picture; web-share\" referrerpolicy=\"strict-origin-when-cross-origin\" allowfullscreen><\/iframe><\/p>\n<p>&nbsp;<\/p>\n","protected":false},"excerpt":{"rendered":"<p><a href=\"https:\/\/www.bjultrasonic.com\/de\/category\/ultrasonic-processors-de\/\">Ultraschallprozessoren<\/a> f\u00fcr die Biodieselherstellung. <a href=\"https:\/\/www.bjultrasonic.com\/de\/category\/ultrasonic-processors-de\/biodiesel-de\/\">Ultraschall-Biodieselreaktor<\/a> produziert Biodiesel in k\u00fcrzester Zeit und auf die effizienteste Weise.<\/p>\n","protected":false},"featured_media":5341,"comment_status":"open","ping_status":"closed","template":"","meta":[],"product_brand":[],"product_cat":[6276,6242],"product_tag":[],"class_list":{"0":"post-69131","1":"product","2":"type-product","3":"status-publish","4":"has-post-thumbnail","6":"product_cat-biodiesel-de","7":"product_cat-ultrasonic-processors-de","9":"first","10":"instock","11":"shipping-taxable","12":"purchasable","13":"product-type-simple","14":"prodpage-classic"},"aioseo_notices":[],"_links":{"self":[{"href":"https:\/\/www.bjultrasonic.com\/de\/wp-json\/wp\/v2\/product\/69131","targetHints":{"allow":["GET"]}}],"collection":[{"href":"https:\/\/www.bjultrasonic.com\/de\/wp-json\/wp\/v2\/product"}],"about":[{"href":"https:\/\/www.bjultrasonic.com\/de\/wp-json\/wp\/v2\/types\/product"}],"replies":[{"embeddable":true,"href":"https:\/\/www.bjultrasonic.com\/de\/wp-json\/wp\/v2\/comments?post=69131"}],"wp:featuredmedia":[{"embeddable":true,"href":"https:\/\/www.bjultrasonic.com\/de\/wp-json\/wp\/v2\/media\/5341"}],"wp:attachment":[{"href":"https:\/\/www.bjultrasonic.com\/de\/wp-json\/wp\/v2\/media?parent=69131"}],"wp:term":[{"taxonomy":"product_brand","embeddable":true,"href":"https:\/\/www.bjultrasonic.com\/de\/wp-json\/wp\/v2\/product_brand?post=69131"},{"taxonomy":"product_cat","embeddable":true,"href":"https:\/\/www.bjultrasonic.com\/de\/wp-json\/wp\/v2\/product_cat?post=69131"},{"taxonomy":"product_tag","embeddable":true,"href":"https:\/\/www.bjultrasonic.com\/de\/wp-json\/wp\/v2\/product_tag?post=69131"}],"curies":[{"name":"wp","href":"https:\/\/api.w.org\/{rel}","templated":true}]}}