{"id":69211,"date":"2013-01-24T23:12:58","date_gmt":"2013-01-25T04:12:58","guid":{"rendered":"https:\/\/www.bjultrasonic.com\/shop\/adjustable-power-ultrasonic-cleaner-58l\/"},"modified":"2026-03-28T20:22:35","modified_gmt":"2026-03-29T01:22:35","slug":"adjustable-power-ultrasonic-cleaner-58l","status":"publish","type":"product","link":"https:\/\/www.bjultrasonic.com\/de\/shop\/adjustable-power-ultrasonic-cleaner-58l\/","title":{"rendered":"58L Leistungsregulierbarer digitaler Ultraschallreiniger"},"content":{"rendered":"<table class=\"table table-striped table-bordered\">\n<tbody>\n<tr>\n<td width=\"284\">\n<p>Typ<\/p>\n<\/td>\n<td width=\"284\">\n<p>BJUCDPTH58<\/p>\n<\/td>\n<\/tr>\n<tr>\n<td width=\"284\">\n<p>Tankkapazit\u00e4t<\/p>\n<\/td>\n<td width=\"284\">\n<p>58L<\/p>\n<\/td>\n<\/tr>\n<tr>\n<td width=\"284\">\n<p>Ultraschallleistung<\/p>\n<\/td>\n<td width=\"284\">\n<p>1080W<\/p>\n<\/td>\n<\/tr>\n<tr>\n<td width=\"284\">\n<p>Heizleistung<\/p>\n<\/td>\n<td width=\"284\">\n<p>1000W<\/p>\n<\/td>\n<\/tr>\n<tr>\n<td width=\"284\">\n<p>Frequenz<\/p>\n<\/td>\n<td width=\"284\">\n<p>40KHZ\/28KHZ<\/p>\n<\/td>\n<\/tr>\n<tr>\n<td width=\"284\">\n<p>Timer<\/p>\n<\/td>\n<td width=\"284\">\n<p>0-30 Min.<\/p>\n<\/td>\n<\/tr>\n<tr>\n<td width=\"284\">\n<p>Temperatur<\/p>\n<\/td>\n<td width=\"284\">\n<p>&lt; 80 \u00b0C<\/p>\n<\/td>\n<\/tr>\n<tr>\n<td width=\"284\">\n<p>Tankgr\u00f6\u00dfe<\/p>\n<\/td>\n<td width=\"284\">\n<p>550*350*300 mm L*B*H<\/p>\n<\/td>\n<\/tr>\n<tr>\n<td width=\"284\">\n<p>Maschinengr\u00f6\u00dfe<\/p>\n<\/td>\n<td width=\"284\">\n<p>650*400*580 mm L*B*H<\/p>\n<\/td>\n<\/tr>\n<tr>\n<td width=\"284\">\n<p>Abfluss<\/p>\n<\/td>\n<td width=\"284\">\n<p>Vorhanden<\/p>\n<\/td>\n<\/tr>\n<tr>\n<td width=\"284\">\n<p>Abdeckung<\/p>\n<\/td>\n<td width=\"284\">\n<p>Vorhanden<\/p>\n<\/td>\n<\/tr>\n<tr>\n<td width=\"284\">\n<p>Einzelgewicht<\/p>\n<\/td>\n<td width=\"284\">\n<p>41kg<\/p>\n<\/td>\n<\/tr>\n<\/tbody>\n<\/table>\n<h3>Funktionen<\/h3>\n<ul>\n<li>Timer: Einstellung von 1-30 Min.<\/li>\n<li>Temperatur: 20-80\u2103 einstellbar;<\/li>\n<li>Zeit: Temperatur und Leistung einstellbar<\/li>\n<li>Anzeigetafel: Zeigt Arbeitszeit und Temperatur an.<\/li>\n<li>Material: Tank und Maschine sind komplett aus Edelstahl.<\/li>\n<li>Produktvorteile: Reinigungstank durch Stanzen, schwei\u00dfnahtfrei.<\/li>\n<li>Komponentenqualit\u00e4t: Verwendung hochwertiger <a href=\"https:\/\/www.bjultrasonic.com\/de\/category\/ultrasonic-transducer-de\/\">Ultraschallwandler<\/a>. Hohe Leistung.<\/li>\n<li>Hohe Qualit\u00e4t des Verbindungsprozesses. Der Ultraschallwandler wird mit Epoxidkleber befestigt.<\/li>\n<li>Entw\u00e4sserungssystem: Modelle ab 6 l sind mit einem Entw\u00e4sserungskugelhahn ausgestattet.<\/li>\n<li>K\u00fchlsystem: Ab 10L ist ein hocheffizienter K\u00fchll\u00fcfter installiert.<\/li>\n<\/ul>\n<p><img loading=\"lazy\" decoding=\"async\" class=\"alignnone size-full wp-image-19933\" src=\"https:\/\/www.bjultrasonic.com\/wp-content\/uploads\/2013\/01\/Power-Adjustable-Ultrasonic-Cleaner-Package-1.jpg\" alt=\"Leistungsregelbarer Ultraschallreiniger Paket\" width=\"742\" height=\"318\" \/><\/p>\n","protected":false},"excerpt":{"rendered":"<p><a href=\"https:\/\/www.bjultrasonic.com\/de\/category\/ultrasonic-cleaning-system-de\/power-adjustable-ultrasonic-cleaner-de\/\">Ultraschallreiniger mit einstellbarer Leistung<\/a> mit regelbarer Leistung, Timer und Temperatur vom Hersteller und Lieferanten f\u00fcr <a href=\"https:\/\/www.bjultrasonic.com\/de\/category\/ultrasonic-cleaning-system-de\/\">Ultraschallreinigungsmaschinen<\/a> aus Beijing Ultrasonic.<\/p>\n","protected":false},"featured_media":19913,"comment_status":"open","ping_status":"closed","template":"","meta":[],"product_brand":[],"product_cat":[5999],"product_tag":[],"class_list":{"0":"post-69211","1":"product","2":"type-product","3":"status-publish","4":"has-post-thumbnail","6":"product_cat-power-adjustable-ultrasonic-cleaner-de","8":"first","9":"instock","10":"shipping-taxable","11":"purchasable","12":"product-type-simple","13":"prodpage-classic"},"aioseo_notices":[],"_links":{"self":[{"href":"https:\/\/www.bjultrasonic.com\/de\/wp-json\/wp\/v2\/product\/69211","targetHints":{"allow":["GET"]}}],"collection":[{"href":"https:\/\/www.bjultrasonic.com\/de\/wp-json\/wp\/v2\/product"}],"about":[{"href":"https:\/\/www.bjultrasonic.com\/de\/wp-json\/wp\/v2\/types\/product"}],"replies":[{"embeddable":true,"href":"https:\/\/www.bjultrasonic.com\/de\/wp-json\/wp\/v2\/comments?post=69211"}],"wp:featuredmedia":[{"embeddable":true,"href":"https:\/\/www.bjultrasonic.com\/de\/wp-json\/wp\/v2\/media\/19913"}],"wp:attachment":[{"href":"https:\/\/www.bjultrasonic.com\/de\/wp-json\/wp\/v2\/media?parent=69211"}],"wp:term":[{"taxonomy":"product_brand","embeddable":true,"href":"https:\/\/www.bjultrasonic.com\/de\/wp-json\/wp\/v2\/product_brand?post=69211"},{"taxonomy":"product_cat","embeddable":true,"href":"https:\/\/www.bjultrasonic.com\/de\/wp-json\/wp\/v2\/product_cat?post=69211"},{"taxonomy":"product_tag","embeddable":true,"href":"https:\/\/www.bjultrasonic.com\/de\/wp-json\/wp\/v2\/product_tag?post=69211"}],"curies":[{"name":"wp","href":"https:\/\/api.w.org\/{rel}","templated":true}]}}