{"id":69431,"date":"2012-12-06T06:13:05","date_gmt":"2012-12-06T11:13:05","guid":{"rendered":"https:\/\/www.bjultrasonic.com\/shop\/20khz-100w-110v220v-ultrasonic-generator-pcb-circuit\/"},"modified":"2026-03-28T20:20:19","modified_gmt":"2026-03-29T01:20:19","slug":"20khz-100w-110v220v-ultrasonic-generator-pcb-circuit","status":"publish","type":"product","link":"https:\/\/www.bjultrasonic.com\/de\/shop\/20khz-100w-110v220v-ultrasonic-generator-pcb-circuit\/","title":{"rendered":"20KHz 100W Ultraschall-Wandler-Treiber"},"content":{"rendered":"<h2>Spezifikation des 20KHz 100W 110V\/220V Ultraschallgenerator-Schaltkreises<\/h2>\n<table id=\"wp-table-reloaded-id-131-no-1\" class=\"table table-striped table-bordered\">\n<tbody>\n<tr>\n<td>Frequenz<\/td>\n<td>20kHz<\/td>\n<\/tr>\n<tr>\n<td>Leistung<\/td>\n<td>100W<\/td>\n<\/tr>\n<tr>\n<td>Antriebswandler<\/td>\n<td>20kHz Ultraschallwandler<\/td>\n<\/tr>\n<tr>\n<td>Stromversorgung<\/td>\n<td>Eingang: 110V AC oder 220V AC<\/td>\n<\/tr>\n<tr>\n<td>Gewicht<\/td>\n<td>300g\/St\u00fcck<\/td>\n<\/tr>\n<\/tbody>\n<\/table>\n<h3>Hinweis<\/h3>\n<ul>\n<li>Der <a href=\"https:\/\/www.bjultrasonic.com\/de\/category\/ultrasonic-generator-de\/\">Ultraschallgenerator<\/a> kann im Leerlauf nicht eingeschaltet werden.<\/li>\n<li>Nach der Installation darf erst eingeschaltet werden, nachdem Reinigungsfl\u00fcssigkeit eingef\u00fcllt wurde.<\/li>\n<li>Der <a href=\"https:\/\/www.bjultrasonic.com\/de\/category\/ultrasonic-transducer-de\/\">Ultraschallwandler<\/a> hat zwei Anschlussfahnen. Der positive Anschluss liegt in der Mitte zwischen zwei Keramikscheiben. Der negative Anschluss befindet sich nahe der unteren Metalls\u00e4ule. Bitte keine Verwechslung bei der Verkabelung vornehmen.<\/li>\n<li>Die gr\u00f6\u00dfere Seite mit der Schraubbohrung am Keramikwandler, die der Schwingungserzeugung dient, kann am Boden der Reinigungsmaschine befestigt werden. Bitte stellen Sie sicher, dass die Reinigungsmaschine sicher geerdet ist.<\/li>\n<li>Der Keramikwandler sollte mit speziellem Wandlerkleber oder AB-Klebstoff am Boden der Reinigungsmaschine befestigt werden. Die Wirkung von AB-Kleber ist jedoch etwas schlechter. Alternativ kann Epoxidharz im Verh\u00e4ltnis 10:4 verwendet werden.<\/li>\n<li>Die Betriebsspannung der Leiterplatte betr\u00e4gt 600V. Die Ausgangsspannung zum Wandler betr\u00e4gt 1100V. Bitte stellen Sie sicher, dass die Reinigungsmaschine sicher geerdet ist. Bitte sorgen Sie f\u00fcr einen FI-Schutzschalter (Fehlerstromschutzschalter) im Stromkreis, um die Sicherheit zu gew\u00e4hrleisten.<\/li>\n<\/ul>\n<h3>Wie man den Ultraschallwandler mit dem Ultraschallgenerator-Schaltkreis verbindet<\/h3>\n<p><img loading=\"lazy\" decoding=\"async\" class=\"alignnone size-full wp-image-19292\" src=\"https:\/\/www.bjultrasonic.com\/wp-content\/uploads\/2012\/12\/Connect-Ultrasonic-Transducer-with-Ultrasonic-Generator-Circuit.jpg\" alt=\"\" width=\"748\" height=\"1500\" \/><\/p>\n<h3>Zahlung<\/h3>\n<p>Wir akzeptieren derzeit Paypal, T\/T &amp; Western Union.<\/p>\n<p><iframe loading=\"lazy\" title=\"Ultrasonic Signal Generator Circuit - Beijing Ultrasonic\" width=\"500\" height=\"281\" src=\"https:\/\/www.youtube.com\/embed\/A9JdQN5e5G8?feature=oembed\" frameborder=\"0\" allow=\"accelerometer; autoplay; clipboard-write; encrypted-media; gyroscope; picture-in-picture; web-share\" referrerpolicy=\"strict-origin-when-cross-origin\" allowfullscreen><\/iframe><\/p>\n<h3 class=\"shipping-methods\">Versand<\/h3>\n<p>Die Ware wird innerhalb von 48 Stunden nach Eingang der vollst\u00e4ndigen Zahlung versendet.<\/p>\n<ul>\n<li>Wir versenden die Ware an die im PayPal-Zahlungsvorgang angegebene Adresse. Bitte stellen Sie sicher, dass diese Adresse in PayPal korrekt ist.<\/li>\n<li>Wir geben Ihnen die Sendungsverfolgungsnummer, nachdem wir die Ware versendet haben. In der Regel erhalten Sie die Ware innerhalb von f\u00fcnf Tagen.<\/li>\n<li>Wenn Sie Fragen haben, kontaktieren Sie uns bitte per E-Mail (unsere E-Mail-Adresse ist <a href=\"mailto:support@bjultrasonic.com\">support@bjultrasonic.com<\/a>).<\/li>\n<\/ul>\n<h3 align=\"left\">Produktgarantie<\/h3>\n<p>Die Produktgarantie betr\u00e4gt ein Jahr. Innerhalb der Garantiezeit genie\u00dfen gekaufte Produkte kostenlose Reparatur oder Austausch.<\/p>\n<h3>Video-Playlist: Ultraschallwandler-Treiber<\/h3>\n<p><iframe loading=\"lazy\" width=\"560\" height=\"315\" src=\"https:\/\/www.youtube.com\/embed\/videoseries?list=PLLrjMYkO0_NG56zqmQN9W9F1Xf9eev6dc\" frameborder=\"0\" allow=\"autoplay; encrypted-media\" allowfullscreen><\/iframe><\/p>\n","protected":false},"excerpt":{"rendered":"<p>Ultraschallgeneratorschaltung, auch bekannt als <a href=\"https:\/\/www.bjultrasonic.com\/de\/category\/ultrasonic-transducer-de\/\">Ultraschallwandler<\/a>-Treiberkreis oder <a href=\"https:\/\/www.bjultrasonic.com\/de\/category\/ultrasonic-generator-de\/ultrasonic-generator-circuits-de\/\">Ultraschallreiniger-Stromversorgungsplatine<\/a>. Sie liefert eine <a href=\"https:\/\/www.bjultrasonic.com\/de\/category\/ultrasonic-generator-de\/\">Ultraschallfrequenz<\/a>, um die Ultraschallwandler in <a href=\"https:\/\/www.bjultrasonic.com\/de\/category\/ultrasonic-cleaning-system-de\/\">Ultraschallreinigern<\/a> anzutreiben.<\/p>\n","protected":false},"featured_media":19293,"comment_status":"open","ping_status":"closed","template":"","meta":[],"product_brand":[],"product_cat":[6109],"product_tag":[],"class_list":{"0":"post-69431","1":"product","2":"type-product","3":"status-publish","4":"has-post-thumbnail","6":"product_cat-ultrasonic-generator-circuits-de","8":"first","9":"instock","10":"shipping-taxable","11":"purchasable","12":"product-type-simple","13":"prodpage-classic"},"aioseo_notices":[],"_links":{"self":[{"href":"https:\/\/www.bjultrasonic.com\/de\/wp-json\/wp\/v2\/product\/69431","targetHints":{"allow":["GET"]}}],"collection":[{"href":"https:\/\/www.bjultrasonic.com\/de\/wp-json\/wp\/v2\/product"}],"about":[{"href":"https:\/\/www.bjultrasonic.com\/de\/wp-json\/wp\/v2\/types\/product"}],"replies":[{"embeddable":true,"href":"https:\/\/www.bjultrasonic.com\/de\/wp-json\/wp\/v2\/comments?post=69431"}],"wp:featuredmedia":[{"embeddable":true,"href":"https:\/\/www.bjultrasonic.com\/de\/wp-json\/wp\/v2\/media\/19293"}],"wp:attachment":[{"href":"https:\/\/www.bjultrasonic.com\/de\/wp-json\/wp\/v2\/media?parent=69431"}],"wp:term":[{"taxonomy":"product_brand","embeddable":true,"href":"https:\/\/www.bjultrasonic.com\/de\/wp-json\/wp\/v2\/product_brand?post=69431"},{"taxonomy":"product_cat","embeddable":true,"href":"https:\/\/www.bjultrasonic.com\/de\/wp-json\/wp\/v2\/product_cat?post=69431"},{"taxonomy":"product_tag","embeddable":true,"href":"https:\/\/www.bjultrasonic.com\/de\/wp-json\/wp\/v2\/product_tag?post=69431"}],"curies":[{"name":"wp","href":"https:\/\/api.w.org\/{rel}","templated":true}]}}