{"id":69711,"date":"2012-08-08T03:46:30","date_gmt":"2012-08-08T08:46:30","guid":{"rendered":"https:\/\/www.bjultrasonic.com\/shop\/ultrasonic-welding-transducer\/"},"modified":"2026-03-28T20:17:57","modified_gmt":"2026-03-29T01:17:57","slug":"ultrasonic-welding-transducer","status":"publish","type":"product","link":"https:\/\/www.bjultrasonic.com\/de\/shop\/ultrasonic-welding-transducer\/","title":{"rendered":"Ultraschall-Schwei\u00dfwandler"},"content":{"rendered":"<p><strong>Ultraschall-Schwei\u00dfwandler<\/strong> sind f\u00fcr den Betrieb bei einer spezifischen Frequenz von 15 bis 300 kHz f\u00fcr verschiedene Systeme und Anwendungen ausgelegt. Die meisten Metallschwei\u00dfsysteme arbeiten im Bereich von 20 bis 70 kHz, wobei 20 kHz die h\u00e4ufigste Frequenz ist.<br \/>\n<img loading=\"lazy\" decoding=\"async\" class=\"alignnone size-full wp-image-5273\" src=\"\/\/www.bjultrasonic.com\/wp-content\/uploads\/2012\/08\/Ultrasonic-Welding-Transducer.jpg\" alt=\"Ultrasonic Welding Transducer\" width=\"700\" height=\"419\" \/><\/p>\n<h3>Was ist Ultraschallschwei\u00dfen?<\/h3>\n<p>Ultraschallschwei\u00dfen ist eine industrielle Technik, bei der hochfrequente Ultraschall-Schwingungen lokal auf unter Druck zusammengehaltene Werkst\u00fccke angewendet werden, um eine Festk\u00f6rperschwei\u00dfung zu erzeugen. Es wird h\u00e4ufig f\u00fcr Kunststoffe und insbesondere zum Verbinden unterschiedlicher Materialien eingesetzt. Beim Ultraschallschwei\u00dfen sind keine Verbindungsbolzen, N\u00e4gel, L\u00f6tmaterialien oder Klebstoffe erforderlich, um die Materialien zusammenzuf\u00fcgen.<\/p>\n<p><img loading=\"lazy\" decoding=\"async\" class=\"size-full wp-image-1578 alignnone\" title=\"Ultrasonic welding equipment\" src=\"\/\/www.bjultrasonic.com\/wp-content\/uploads\/2012\/08\/Principles-of-Ultrasonic-Welding.jpg\" alt=\"Ultrasonic welding equipment\" width=\"573\" height=\"266\" \/><\/p>\n<p><strong>Ultraschall-Schwei\u00dfausr\u00fcstung<\/strong> besteht aus einer Maschinenpresse, einem <a href=\"https:\/\/www.bjultrasonic.com\/de\/shop\/ultrasonic-welding-generator\/\" target=\"_blank\" rel=\"noopener\">Ultraschall-Schwei\u00dfgenerator<\/a>, einem <strong>Ultraschall-Schwei\u00dfwandler<\/strong>, einem <a href=\"https:\/\/www.bjultrasonic.com\/de\/shop\/ultrasonic-horn\/\" target=\"_blank\" rel=\"noopener\">Ultraschallhorn<\/a> sowie Komponenten-Haltewerkzeugen und einem Booster.<\/p>\n<h2>Spezifikation des Ultraschall-Schwei\u00dfwandlers<\/h2>\n<table id=\"wp-table-reloaded-id-126-no-1\" class=\"table table-striped table-bordered\">\n<tbody>\n<tr>\n<td>Typ<\/td>\n<td>Kapazit\u00e4t<br \/>\n\uff08pF\uff09<\/td>\n<td>Resonanz-<br \/>\nImpedanz<br \/>\n\uff08\u03a9\uff09<\/td>\n<td>Gesamtl\u00e4nge<br \/>\n\uff08mm\uff09<\/td>\n<td>Verbindungsbolzen<br \/>\n\uff08mm\uff09<\/td>\n<td>Frequenz<br \/>\n\uff08KHz\uff09<\/td>\n<td>Eingangsleistung\uff08W\uff09<\/td>\n<\/tr>\n<tr>\n<td>BJW-152500F-70S PZT8<\/td>\n<td>13000<\/td>\n<td>15<\/td>\n<td>153<\/td>\n<td>M20\u00d71.5<\/td>\n<td>15<\/td>\n<td>2500<\/td>\n<\/tr>\n<tr>\n<td>BJW-152000F-60S PZT8<\/td>\n<td>9500<\/td>\n<td>10<\/td>\n<td>167<\/td>\n<td>M20\u00d71.5<\/td>\n<td>15<\/td>\n<td>2000<\/td>\n<\/tr>\n<tr>\n<td>BJW-151500F-50S PZT8<\/td>\n<td>12500<\/td>\n<td>12<\/td>\n<td>171<\/td>\n<td>M18\u00d71.5<\/td>\n<td>15<\/td>\n<td>1500<\/td>\n<\/tr>\n<tr>\n<td>BJW-201800F-60S PZT4<\/td>\n<td>15000<\/td>\n<td>15<\/td>\n<td>118<\/td>\n<td>M20\u00d71.5<\/td>\n<td>20<\/td>\n<td>1800<\/td>\n<\/tr>\n<tr>\n<td>BJW-202000F-55SPZT8<\/td>\n<td>11000<\/td>\n<td>10<\/td>\n<td>128<\/td>\n<td>M18\u00d71<\/td>\n<td>20<\/td>\n<td>2000<\/td>\n<\/tr>\n<tr>\n<td>BJW-201500F-50SPZT8<\/td>\n<td>10000<\/td>\n<td>12<\/td>\n<td>124<\/td>\n<td>M18\u00d71.5<\/td>\n<td>20<\/td>\n<td>1500<\/td>\n<\/tr>\n<tr>\n<td>BJW-20700F-40SHPZT8<\/td>\n<td>9000<\/td>\n<td>15<\/td>\n<td>112<\/td>\n<td>1\/2-20 UNF<\/td>\n<td>20<\/td>\n<td>700<\/td>\n<\/tr>\n<tr>\n<td>BJW-20900F-40SH PZT8<\/td>\n<td>10000<\/td>\n<td>15<\/td>\n<td>133<\/td>\n<td>1\/2-20 UNF<\/td>\n<td>20<\/td>\n<td>900<\/td>\n<\/tr>\n<tr>\n<td>BJW-20600D-50D PZT8<\/td>\n<td>6000<\/td>\n<td>15<\/td>\n<td>121<\/td>\n<td>M18\u00d71.5<\/td>\n<td>20<\/td>\n<td>600<\/td>\n<\/tr>\n<tr>\n<td>BJW-30500F-30S PZT8<\/td>\n<td>5500<\/td>\n<td>5<\/td>\n<td>77<\/td>\n<td>M10\u00d71.5<\/td>\n<td>30<\/td>\n<td>500<\/td>\n<\/tr>\n<tr>\n<td>BJW-28200D-30S PZT4<\/td>\n<td>3000<\/td>\n<td>20<\/td>\n<td>92.1<\/td>\n<td>M10\u00d71<\/td>\n<td>28<\/td>\n<td>200<\/td>\n<\/tr>\n<tr>\n<td>BJW-28100D-25S PZT8<\/td>\n<td>2200<\/td>\n<td>25<\/td>\n<td>91<\/td>\n<td>M8\u00d71<\/td>\n<td>28<\/td>\n<td>100<\/td>\n<\/tr>\n<tr>\n<td>BJW-28250D-38SPZT8<\/td>\n<td>4000<\/td>\n<td>20<\/td>\n<td>94<\/td>\n<td>1\/2-20 UNF<\/td>\n<td>28<\/td>\n<td>250<\/td>\n<\/tr>\n<tr>\n<td>BJW-202000L-50HPZT8<\/td>\n<td>20000<\/td>\n<td>10<\/td>\n<td>128<\/td>\n<td>1\/2-20 UNF<\/td>\n<td>20<\/td>\n<td>2000<\/td>\n<\/tr>\n<tr>\n<td>BJW-201500L-40HPZT8<\/td>\n<td>16000<\/td>\n<td>10<\/td>\n<td>124<\/td>\n<td>1\/2-20 UNF<\/td>\n<td>20<\/td>\n<td>1500<\/td>\n<\/tr>\n<tr>\n<td>BJW-201300F-50HPZT8<\/td>\n<td>12500<\/td>\n<td>10<\/td>\n<td>128<\/td>\n<td>1\/2-20 UNF<\/td>\n<td>20<\/td>\n<td>1300<\/td>\n<\/tr>\n<tr>\n<td>BJW-201500F-50HPZT8<\/td>\n<td>11000<\/td>\n<td>10<\/td>\n<td>132<\/td>\n<td>1\/2-20 UNF<\/td>\n<td>20<\/td>\n<td>1500<\/td>\n<\/tr>\n<tr>\n<td>BJW-209000F2040HPZT8<\/td>\n<td>9500<\/td>\n<td>10<\/td>\n<td>123<\/td>\n<td>1\/2-20 UNF<\/td>\n<td>20<\/td>\n<td>900<\/td>\n<\/tr>\n<tr>\n<td>BJW-152000F-60HPZT4<\/td>\n<td>10000<\/td>\n<td>12<\/td>\n<td>171<\/td>\n<td>M18\u00d71.5<\/td>\n<td>15<\/td>\n<td>2000<\/td>\n<\/tr>\n<tr>\n<td>BJW-35100D-25SHPZT8<\/td>\n<td>2200<\/td>\n<td>25<\/td>\n<td>71<\/td>\n<td>M8\u00d71<\/td>\n<td>35<\/td>\n<td>100<\/td>\n<\/tr>\n<tr>\n<td>BJW-38100D-20SHPZT8<\/td>\n<td>1200<\/td>\n<td>40<\/td>\n<td>66<\/td>\n<td>M8\u00d71.25<\/td>\n<td>38<\/td>\n<td>100<\/td>\n<\/tr>\n<tr>\n<td>BJW-38200D-30H PZT4<\/td>\n<td>3300<\/td>\n<td>14<\/td>\n<td>65<\/td>\n<td>M8\u00d71<\/td>\n<td>38<\/td>\n<td><\/td>\n<\/tr>\n<\/tbody>\n<\/table>\n<h3>Videos zu Ultraschall-Schwei\u00dfmaschinen<\/h3>\n<p><iframe loading=\"lazy\" title=\"Ultrasonic Welding Machine Wholesale - Beijing Ultrasonic\" width=\"500\" height=\"281\" src=\"https:\/\/www.youtube.com\/embed\/v8iNkjdDut4?feature=oembed\" frameborder=\"0\" allow=\"accelerometer; autoplay; clipboard-write; encrypted-media; gyroscope; picture-in-picture; web-share\" referrerpolicy=\"strict-origin-when-cross-origin\" allowfullscreen><\/iframe><\/p>\n<h3>Zahlung<\/h3>\n<p>Wir akzeptieren derzeit PayPal, T\/T &#038; Western Union.<\/p>\n<h3 class=\"shipping-methods\">Versand<\/h3>\n<p>Die Ware wird innerhalb von 48 Stunden nach Eingang der vollst\u00e4ndigen Zahlung versandt.<\/p>\n<ul>\n<li>Wir versenden die Ware an die bei der PayPal-Zahlung angegebene Adresse. Bitte stellen Sie sicher, dass die Adresse in PayPal korrekt ist.<\/li>\n<li>Wir geben Ihnen die Sendungsverfolgungsnummer, nachdem wir die Ware versendet haben. In der Regel erhalten Sie die Ware innerhalb von f\u00fcnf Tagen.<\/li>\n<li>Wenn Sie Fragen haben, kontaktieren Sie uns bitte per E-Mail (unsere E-Mail-Adresse ist <a href=\"mailto:support@bjultrasonic.com\">support@bjultrasonic.com<\/a>).<\/li>\n<\/ul>\n<h3>Produktgarantie<\/h3>\n<p>Die Produktgarantiezeit betr\u00e4gt ein Jahr. Innerhalb der Garantiezeit k\u00f6nnen gekaufte Produkte kostenlos gewartet oder ausgetauscht werden.<\/p>\n","protected":false},"excerpt":{"rendered":"<p>Ultraschall-Schwei\u00dfwandler sind f\u00fcr den Betrieb bei einer spezifischen Frequenz von 15 bis 300 kHz f\u00fcr verschiedene Systeme und Anwendungen ausgelegt. Die meisten Metallschwei\u00dfsysteme arbeiten im Bereich von 20 bis 70 kHz, wobei 20 kHz die h\u00e4ufigste Frequenz ist. Was ist Ultraschallschwei\u00dfen? Ultraschallschwei\u00dfen ist eine industrielle Technik, bei der hochfrequente Ultraschall-Schwingungen lokal auf unter Druck zusammengehaltene<\/p>\n","protected":false},"featured_media":42268,"comment_status":"open","ping_status":"closed","template":"","meta":[],"product_brand":[],"product_cat":[5627],"product_tag":[],"class_list":{"0":"post-69711","1":"product","2":"type-product","3":"status-publish","4":"has-post-thumbnail","6":"product_cat-ultrasonic-welding-equipment-de","8":"first","9":"instock","10":"shipping-taxable","11":"product-type-external","12":"prodpage-classic"},"aioseo_notices":[],"_links":{"self":[{"href":"https:\/\/www.bjultrasonic.com\/de\/wp-json\/wp\/v2\/product\/69711","targetHints":{"allow":["GET"]}}],"collection":[{"href":"https:\/\/www.bjultrasonic.com\/de\/wp-json\/wp\/v2\/product"}],"about":[{"href":"https:\/\/www.bjultrasonic.com\/de\/wp-json\/wp\/v2\/types\/product"}],"replies":[{"embeddable":true,"href":"https:\/\/www.bjultrasonic.com\/de\/wp-json\/wp\/v2\/comments?post=69711"}],"wp:featuredmedia":[{"embeddable":true,"href":"https:\/\/www.bjultrasonic.com\/de\/wp-json\/wp\/v2\/media\/42268"}],"wp:attachment":[{"href":"https:\/\/www.bjultrasonic.com\/de\/wp-json\/wp\/v2\/media?parent=69711"}],"wp:term":[{"taxonomy":"product_brand","embeddable":true,"href":"https:\/\/www.bjultrasonic.com\/de\/wp-json\/wp\/v2\/product_brand?post=69711"},{"taxonomy":"product_cat","embeddable":true,"href":"https:\/\/www.bjultrasonic.com\/de\/wp-json\/wp\/v2\/product_cat?post=69711"},{"taxonomy":"product_tag","embeddable":true,"href":"https:\/\/www.bjultrasonic.com\/de\/wp-json\/wp\/v2\/product_tag?post=69711"}],"curies":[{"name":"wp","href":"https:\/\/api.w.org\/{rel}","templated":true}]}}