{"id":69731,"date":"2012-08-07T22:44:18","date_gmt":"2012-08-08T03:44:18","guid":{"rendered":"https:\/\/www.bjultrasonic.com\/shop\/ultrasonic-beauty-transducer\/"},"modified":"2026-03-28T20:17:33","modified_gmt":"2026-03-29T01:17:33","slug":"ultrasonic-beauty-transducer","status":"publish","type":"product","link":"https:\/\/www.bjultrasonic.com\/de\/shop\/ultrasonic-beauty-transducer\/","title":{"rendered":"Ultraschall-Beauty-Wandler"},"content":{"rendered":"<h2>Spezifikation des Ultraschall-Sch\u00f6nheitswandlers<\/h2>\n<table class=\"table table-striped table-bordered\" border=\"0\" cellspacing=\"0\" cellpadding=\"0\">\n<tbody>\n<tr>\n<td valign=\"top\" width=\"85\"><strong>Typ<\/strong><\/td>\n<td valign=\"top\" width=\"112\"><strong>Kapazit\u00e4t (pF)<\/strong><\/td>\n<td valign=\"top\" width=\"113\"><strong>Frequenz (MHz)<\/strong><\/td>\n<td valign=\"top\" width=\"96\"><strong>Widerstand (Q)<\/strong><\/td>\n<\/tr>\n<tr>\n<td valign=\"top\" width=\"85\">BJB-1 P4<\/td>\n<td valign=\"top\" width=\"112\">3300<\/td>\n<td valign=\"top\" width=\"113\">1MHZ<\/td>\n<td valign=\"top\" width=\"96\">10<\/td>\n<\/tr>\n<tr>\n<td valign=\"top\" width=\"85\">BJB-3 P4<\/td>\n<td valign=\"top\" width=\"112\">8000<\/td>\n<td valign=\"top\" width=\"113\">3MHZ<\/td>\n<td valign=\"top\" width=\"96\">4<\/td>\n<\/tr>\n<tr>\n<td valign=\"top\" width=\"85\">BJB-5 P4<\/td>\n<td valign=\"top\" width=\"112\">2100<\/td>\n<td valign=\"top\" width=\"113\">5MHZ<\/td>\n<td valign=\"top\" width=\"96\">4<\/td>\n<\/tr>\n<tr>\n<td valign=\"top\" width=\"85\">BJB-33 P4<\/td>\n<td valign=\"top\" width=\"112\">3200<\/td>\n<td valign=\"top\" width=\"113\">33KHZ<\/td>\n<td valign=\"top\" width=\"96\">15<\/td>\n<\/tr>\n<tr>\n<td valign=\"top\" width=\"85\">BJB-40 P4<\/td>\n<td valign=\"top\" width=\"112\">5400<\/td>\n<td valign=\"top\" width=\"113\">40KHZ<\/td>\n<td valign=\"top\" width=\"96\">16<\/td>\n<\/tr>\n<tr>\n<td valign=\"top\" width=\"85\">BJB-80 P4<\/td>\n<td valign=\"top\" width=\"112\">3800<\/td>\n<td valign=\"top\" width=\"113\">80KHZ<\/td>\n<td valign=\"top\" width=\"96\">15<\/td>\n<\/tr>\n<tr>\n<td valign=\"top\" width=\"85\">BJB-28 P4<\/td>\n<td valign=\"top\" width=\"112\">3800<\/td>\n<td valign=\"top\" width=\"113\">28KHZ<\/td>\n<td valign=\"top\" width=\"96\">15<\/td>\n<\/tr>\n<\/tbody>\n<\/table>\n<p><strong>Der Ultraschall-Sch\u00f6nheitswandler<\/strong> wird f\u00fcr Sch\u00f6nheit und Fitness sowie zur Gewichtsreduktion eingesetzt. Er kann in Form und Gr\u00f6\u00dfe \u00e4hnlich wie konventionelle Reinigungsserien zur Befestigung einer Edelstahlkappe gesteuert werden.<\/p>\n<p><img loading=\"lazy\" decoding=\"async\" class=\" alignnone\" title=\"Ultrasonic Beauty Transducer\" src=\"\/\/www.bjultrasonic.com\/wp-content\/uploads\/2012\/08\/Ultrasonic-Beauty-Transducer.jpg\" alt=\"Ultrasonic Beauty Transducer\" width=\"600\" height=\"359\" \/><\/p>\n<h3>1MHZ <a href=\"https:\/\/www.bjultrasonic.com\/de\/category\/ultrasonic-generator-de\/\">Ultraschallgenerator<\/a> angeschlossen an den Ultraschall-Sch\u00f6nheitswandler<\/h3>\n<p><img loading=\"lazy\" decoding=\"async\" class=\"size-full wp-image-1274 alignnone\" title=\"1MHZ ultrasonic generator\" src=\"\/\/www.bjultrasonic.com\/wp-content\/uploads\/2012\/08\/1MHz-ultrasonic-generator.jpg\" alt=\"1MHZ ultrasonic generator\" width=\"360\" height=\"270\" \/><\/p>\n<ul>\n<li>Arbeitsspannung: 15V<\/li>\n<li>Arbeitsstrom: 80MA<\/li>\n<li>Arbeitsfrequenz: 1MHZ<\/li>\n<li>Starker Ultraschalleffekt und geringe W\u00e4rmeentwicklung.<\/li>\n<\/ul>\n<h3>3Mhz Ultraschallgenerator angeschlossen an den Ultraschall-Sch\u00f6nheitswandler<\/h3>\n<p><img loading=\"lazy\" decoding=\"async\" class=\"alignnone size-full wp-image-1275\" title=\"3Mhz ultrasonic generator\" src=\"\/\/www.bjultrasonic.com\/wp-content\/uploads\/2012\/08\/3Mhz-ultrasonic-generator.jpg\" alt=\"3Mhz ultrasonic generator\" width=\"360\" height=\"270\" \/><\/p>\n<ul>\n<li>Arbeitsspannung: 12V<\/li>\n<li>Arbeitsstrom: 80MA<\/li>\n<li>Arbeitsfrequenz: 3MHZ<\/li>\n<li>Starker Ultraschalleffekt und geringe W\u00e4rmeentwicklung<\/li>\n<\/ul>\n<h3>5MHZ Ultraschallgenerator angeschlossen an den Ultraschall-Sch\u00f6nheitswandler<\/h3>\n<p><img loading=\"lazy\" decoding=\"async\" class=\"alignnone size-full wp-image-1276\" title=\"5MHZ ultrasonic generator\" src=\"\/\/www.bjultrasonic.com\/wp-content\/uploads\/2012\/08\/5MHZ-ultrasonic-generator.jpg\" alt=\"5MHZ ultrasonic generator\" width=\"360\" height=\"270\" \/><\/p>\n<ul>\n<li>Arbeitsspannung: 220V<\/li>\n<li>Arbeitsstrom: 200MA<\/li>\n<li>Arbeitsfrequenz: 5MHZ<\/li>\n<li>Starker Ultraschalleffekt und geringe W\u00e4rmeentwicklung.<\/li>\n<\/ul>\n<p><iframe loading=\"lazy\" title=\"Ultrasonic Beauty Transducer Manufacturer &amp; Supplier\" width=\"500\" height=\"375\" src=\"https:\/\/www.youtube.com\/embed\/SC3o3baxfvU?feature=oembed\" frameborder=\"0\" allow=\"accelerometer; autoplay; clipboard-write; encrypted-media; gyroscope; picture-in-picture; web-share\" referrerpolicy=\"strict-origin-when-cross-origin\" allowfullscreen><\/iframe><\/p>\n<h3>Zahlung<\/h3>\n<p>Wir akzeptieren derzeit PayPal, T\/T &amp; Western Union.<\/p>\n<h3 class=\"shipping-methods\">Versand<\/h3>\n<p>Die Ware wird innerhalb von 48 Stunden nach Eingang der vollen Zahlung versandt.<\/p>\n<ul>\n<li>Wir versenden die Ware an die in der PayPal-Zahlung angegebene Adresse. Bitte stellen Sie sicher, dass die Adresse in PayPal korrekt ist.<\/li>\n<li>Wir geben Ihnen die Sendungsverfolgungsnummer, nachdem wir die Ware versendet haben. In der Regel erhalten Sie die Ware innerhalb von f\u00fcnf Tagen.<\/li>\n<li>Wenn Sie Fragen haben, kontaktieren Sie uns bitte per E-Mail (unsere E-Mail-Adresse ist <a href=\"mailto:support@bjultrasonic.com\">support@bjultrasonic.com<\/a>)<\/li>\n<\/ul>\n<h3>Produktgarantie<\/h3>\n<p>Die Produktgarantiezeit betr\u00e4gt ein Jahr. Innerhalb der Garantiezeit k\u00f6nnen gekaufte Produkte kostenlose Wartung oder einen Austausch erhalten.<\/p>\n","protected":false},"excerpt":{"rendered":"<p>Ultraschall-Sch\u00f6nheitswandler wird f\u00fcr Sch\u00f6nheit und Fitness, Gewichtsverlust verwendet. Er kann Form und Gr\u00f6\u00dfe \u00e4hnlich wie konventionelle Reinigungsserien zum Verkleben von Edelstahlkappen steuern.<\/p>\n","protected":false},"featured_media":42434,"comment_status":"open","ping_status":"closed","template":"","meta":[],"product_brand":[],"product_cat":[6313],"product_tag":[],"class_list":{"0":"post-69731","1":"product","2":"type-product","3":"status-publish","4":"has-post-thumbnail","6":"product_cat-ultrasonic-transducer-de","8":"first","9":"instock","10":"shipping-taxable","11":"product-type-external","12":"prodpage-classic"},"aioseo_notices":[],"_links":{"self":[{"href":"https:\/\/www.bjultrasonic.com\/de\/wp-json\/wp\/v2\/product\/69731","targetHints":{"allow":["GET"]}}],"collection":[{"href":"https:\/\/www.bjultrasonic.com\/de\/wp-json\/wp\/v2\/product"}],"about":[{"href":"https:\/\/www.bjultrasonic.com\/de\/wp-json\/wp\/v2\/types\/product"}],"replies":[{"embeddable":true,"href":"https:\/\/www.bjultrasonic.com\/de\/wp-json\/wp\/v2\/comments?post=69731"}],"wp:featuredmedia":[{"embeddable":true,"href":"https:\/\/www.bjultrasonic.com\/de\/wp-json\/wp\/v2\/media\/42434"}],"wp:attachment":[{"href":"https:\/\/www.bjultrasonic.com\/de\/wp-json\/wp\/v2\/media?parent=69731"}],"wp:term":[{"taxonomy":"product_brand","embeddable":true,"href":"https:\/\/www.bjultrasonic.com\/de\/wp-json\/wp\/v2\/product_brand?post=69731"},{"taxonomy":"product_cat","embeddable":true,"href":"https:\/\/www.bjultrasonic.com\/de\/wp-json\/wp\/v2\/product_cat?post=69731"},{"taxonomy":"product_tag","embeddable":true,"href":"https:\/\/www.bjultrasonic.com\/de\/wp-json\/wp\/v2\/product_tag?post=69731"}],"curies":[{"name":"wp","href":"https:\/\/api.w.org\/{rel}","templated":true}]}}