{"id":69751,"date":"2012-08-06T10:57:33","date_gmt":"2012-08-06T15:57:33","guid":{"rendered":"https:\/\/www.bjultrasonic.com\/shop\/ultrasonic-cell-disruptor-transducer\/"},"modified":"2026-03-28T20:17:31","modified_gmt":"2026-03-29T01:17:31","slug":"ultrasonic-cell-disruptor-transducer","status":"publish","type":"product","link":"https:\/\/www.bjultrasonic.com\/de\/shop\/ultrasonic-cell-disruptor-transducer\/","title":{"rendered":"Ultraschall-Zellzerst\u00f6rer Homogenisierer Wandler"},"content":{"rendered":"<p>Ultrasonic Cell Disruptor Transducer ist der Hauptbestandteil des <a href=\"https:\/\/www.bjultrasonic.com\/de\/shop\/ultrasonic-cell-disruptor\/\" target=\"_blank\" rel=\"noopener\">Ultraschall-Zell-Disruptors<\/a>. Er kann biochemische und physikalische Reaktionen beschleunigen sowie Fl\u00fcssigkeiten von Gasen trennen. Er findet breite Anwendung in der Biochemie, Mikrobiologie, pharmazeutischen Chemie, Physik, Chemie und mehr.<\/p>\n<p><img loading=\"lazy\" decoding=\"async\" class=\"alignnone size-full wp-image-42278\" src=\"https:\/\/www.bjultrasonic.com\/wp-content\/uploads\/2012\/08\/Ultrasonic-Cell-Disruptor-Homogenizer-Transducer-1.png\" alt=\"\" width=\"750\" height=\"455\" \/><\/p>\n<h3>Ultrasonic Cell Disruptor Video<\/h3>\n<p><iframe loading=\"lazy\" title=\"Lab Ultrasonic Homogenizer Ultrasonic Herbal Extraction\" width=\"500\" height=\"281\" src=\"https:\/\/www.youtube.com\/embed\/dOtgf6eTl9w?feature=oembed\" frameborder=\"0\" allow=\"accelerometer; autoplay; clipboard-write; encrypted-media; gyroscope; picture-in-picture; web-share\" referrerpolicy=\"strict-origin-when-cross-origin\" allowfullscreen><\/iframe><\/p>\n<p><iframe loading=\"lazy\" title=\"Ultrasonic Processor | Biologics Ultrasonic Homogenizer\" width=\"500\" height=\"375\" src=\"https:\/\/www.youtube.com\/embed\/T0snVNfFYIs?feature=oembed\" frameborder=\"0\" allow=\"accelerometer; autoplay; clipboard-write; encrypted-media; gyroscope; picture-in-picture; web-share\" referrerpolicy=\"strict-origin-when-cross-origin\" allowfullscreen><\/iframe><\/p>\n<h2>Spezifikation des Ultraschall-Zell-Disruptor-Transducers<\/h2>\n<table id=\"wp-table-reloaded-id-123-no-1\" class=\"table table-striped table-bordered\">\n<tbody>\n<tr>\n<td>TYP<\/td>\n<td>L\u00e4nge(mm)<\/td>\n<td>Frequenz<\/td>\n<td>Leistung<\/td>\n<\/tr>\n<tr>\n<td>Modell<\/td>\n<td>L\u00e4nge(mm)<\/td>\n<td>Frequenz(KHZ)<\/td>\n<td>Leistung(W)<\/td>\n<\/tr>\n<tr>\n<td>BJ-20100<\/td>\n<td>310<\/td>\n<td>20<\/td>\n<td>100<\/td>\n<\/tr>\n<tr>\n<td>BJ-20150<\/td>\n<td>310<\/td>\n<td>20<\/td>\n<td>150<\/td>\n<\/tr>\n<tr>\n<td>BJ-20250<\/td>\n<td>310<\/td>\n<td>20<\/td>\n<td>250<\/td>\n<\/tr>\n<tr>\n<td>BJ-20500<\/td>\n<td>310<\/td>\n<td>20<\/td>\n<td>500<\/td>\n<\/tr>\n<tr>\n<td>BJ-20800<\/td>\n<td>310<\/td>\n<td>20<\/td>\n<td>800<\/td>\n<\/tr>\n<\/tbody>\n<\/table>\n<h3>Zahlung<\/h3>\n<p>Wir akzeptieren derzeit PayPal, T\/T &amp; Western Union.<\/p>\n<h3 class=\"shipping-methods\">Versand<\/h3>\n<p>Die Ware wird innerhalb von 48 Stunden nach Erhalt der vollst\u00e4ndigen Zahlung versendet.<\/p>\n<ul>\n<li>Wir versenden die Ware an die im PayPal-Zahlungsvorgang angegebene Adresse. Bitte stellen Sie sicher, dass die Adresse in PayPal korrekt ist.<\/li>\n<li>Wir geben Ihnen die Sendungsverfolgungsnummer, nachdem wir die Ware versendet haben. In der Regel erhalten Sie die Ware innerhalb von f\u00fcnf Tagen.<\/li>\n<li>Wenn Sie Fragen haben, kontaktieren Sie uns bitte per E-Mail (unsere E-Mail-Adresse lautet <a href=\"mailto:support@bjultrasonic.com\">support@bjultrasonic.com<\/a>).<\/li>\n<\/ul>\n<h3>Produktgarantie<\/h3>\n<p>Die Produktgarantiezeit betr\u00e4gt ein Jahr. Innerhalb der Garantiezeit k\u00f6nnen gekaufte Produkte kostenlose Wartung oder einen Austausch erhalten.<\/p>\n","protected":false},"excerpt":{"rendered":"<p>Die <a href=\"https:\/\/www.bjultrasonic.com\/de\/category\/ultrasonic-processors-de\/cell-de\/\">Ultraschall-Zellaufschlussger\u00e4te<\/a> verbessern die Gesamtgleichm\u00e4\u00dfigkeit und Stabilit\u00e4t von Gemischen durch die Reduzierung von Partikelgr\u00f6\u00dfen in Fl\u00fcssigkeiten. Die Ultraschall-Zellaufschlussger\u00e4te sind effektiv f\u00fcr DNA\/RNA-Scherung, Homogenisierung, Zelllyse, Nanopartikel-Dispersion, Proteinextraktion und allgemeine Probenvorbereitung.<\/p>\n","protected":false},"featured_media":1224,"comment_status":"open","ping_status":"closed","template":"","meta":[],"product_brand":[],"product_cat":[6297,6242],"product_tag":[],"class_list":{"0":"post-69751","1":"product","2":"type-product","3":"status-publish","4":"has-post-thumbnail","6":"product_cat-cell-de","7":"product_cat-ultrasonic-processors-de","9":"first","10":"instock","11":"shipping-taxable","12":"product-type-external","13":"prodpage-classic"},"aioseo_notices":[],"_links":{"self":[{"href":"https:\/\/www.bjultrasonic.com\/de\/wp-json\/wp\/v2\/product\/69751","targetHints":{"allow":["GET"]}}],"collection":[{"href":"https:\/\/www.bjultrasonic.com\/de\/wp-json\/wp\/v2\/product"}],"about":[{"href":"https:\/\/www.bjultrasonic.com\/de\/wp-json\/wp\/v2\/types\/product"}],"replies":[{"embeddable":true,"href":"https:\/\/www.bjultrasonic.com\/de\/wp-json\/wp\/v2\/comments?post=69751"}],"wp:featuredmedia":[{"embeddable":true,"href":"https:\/\/www.bjultrasonic.com\/de\/wp-json\/wp\/v2\/media\/1224"}],"wp:attachment":[{"href":"https:\/\/www.bjultrasonic.com\/de\/wp-json\/wp\/v2\/media?parent=69751"}],"wp:term":[{"taxonomy":"product_brand","embeddable":true,"href":"https:\/\/www.bjultrasonic.com\/de\/wp-json\/wp\/v2\/product_brand?post=69751"},{"taxonomy":"product_cat","embeddable":true,"href":"https:\/\/www.bjultrasonic.com\/de\/wp-json\/wp\/v2\/product_cat?post=69751"},{"taxonomy":"product_tag","embeddable":true,"href":"https:\/\/www.bjultrasonic.com\/de\/wp-json\/wp\/v2\/product_tag?post=69751"}],"curies":[{"name":"wp","href":"https:\/\/api.w.org\/{rel}","templated":true}]}}